{"id":23525,"date":"2025-11-10T14:54:19","date_gmt":"2025-11-10T06:54:19","guid":{"rendered":"https:\/\/yebodaglass.com\/?post_type=product&#038;p=23525"},"modified":"2026-04-13T10:07:15","modified_gmt":"2026-04-13T02:07:15","slug":"seasoning-container-with-grinder-for-packaging-wholesale","status":"publish","type":"product","link":"https:\/\/yebodaglass.com\/fr\/seasoning-container-with-grinder-for-packaging-wholesale\/","title":{"rendered":"R\u00e9cipient \u00e0 assaisonnement de 200 ml avec broyeur pour emballage en gros"},"content":{"rendered":"<p>Cet accessoire indispensable pour la cuisine offre un r\u00e9cipient \u00e0 \u00e9pices moderne alliant un corps en verre et un broyeur en acier inoxydable. Ce broyeur \u00e0 \u00e9pices \u00e0 sec est simple d&#039;utilisation et permet d&#039;ajuster la finesse de mouture pour le poivre, le sel et les \u00e9pices, afin de cr\u00e9er des saveurs in\u00e9dites \u00e0 chaque rotation. Gr\u00e2ce \u00e0 sa transparence, le produit permet de visualiser son contenu et apporte une touche contemporaine et professionnelle \u00e0 tout plan de travail ou salle \u00e0 manger.<\/p>\n<h2>Caract\u00e9ristiques du produit<\/h2>\n<p><strong>Meuleuse de pr\u00e9cision<\/strong><\/p>\n<p>Ajustez imm\u00e9diatement la mouture du poivre \u2013 id\u00e9al pour la farine, le sel ou les herbes \u00e0 tout moment de la pr\u00e9paration culinaire.<\/p>\n<p><strong>Mouture r\u00e9glable<\/strong><\/p>\n<p>En tournant simplement le bouton, vous pouvez r\u00e9gler la distance entre les pi\u00e8ces de broyage pour moudre finement ou grossi\u00e8rement les \u00e9pices, r\u00e9pondant ainsi aux exigences exactes des diff\u00e9rentes m\u00e9thodes de cuisson.<\/p>\n<p><strong>Facile \u00e0 nettoyer<\/strong><\/p>\n<p>La partie en verre lisse et sans joint est tr\u00e8s facile \u00e0 laver. Les pi\u00e8ces de broyage amovibles facilitent un nettoyage complet et garantissent une hygi\u00e8ne optimale.<\/p>\n<h2>Sp\u00e9cifications cl\u00e9s<\/h2>\n<table style=\"border-collapse: collapse; width: 80%; margin-left: auto; margin-right: auto;\" border=\"0\" width=\"144\" cellspacing=\"0\" cellpadding=\"0\">\n<tbody>\n<tr style=\"height: 13.50pt;\">\n<td style=\"height: 13.5pt; width: 54pt; text-align: center;\" width=\"72\" height=\"18\">Fonctionnalit\u00e9<\/td>\n<td style=\"width: 54pt; text-align: center;\" width=\"72\">Sp\u00e9cification<\/td>\n<\/tr>\n<tr style=\"height: 13.50pt;\">\n<td style=\"height: 13.5pt; text-align: center;\" height=\"18\">Capacit\u00e9<\/td>\n<td style=\"text-align: center;\">200 ml<\/td>\n<\/tr>\n<tr style=\"height: 13.50pt;\">\n<td style=\"height: 13.5pt; text-align: center;\" height=\"18\">Taille (cm)<\/td>\n<td style=\"text-align: center;\">6.6&#215;18.9<\/td>\n<\/tr>\n<tr style=\"height: 13.50pt;\">\n<td style=\"height: 13.5pt; text-align: center;\" height=\"18\">Accessoire<\/td>\n<td style=\"text-align: center;\">Grinder<\/td>\n<\/tr>\n<tr style=\"height: 13.50pt;\">\n<td style=\"height: 13.5pt; text-align: center;\" height=\"18\">Couleur<\/td>\n<td style=\"text-align: center;\">Clair, personnalis\u00e9<\/td>\n<\/tr>\n<\/tbody>\n<\/table>\n<h2>Cas de r\u00e9ussite<\/h2>\n<p>Une cha\u00eene de restaurants multifonctionnels allemande souhaitait que l&#039;un de ses \u00e9tablissements nous fournisse un ensemble de bocaux \u00e0 condiments personnalis\u00e9s, assortis \u00e0 leur \u00e9l\u00e9gante vaisselle. Ils ont opt\u00e9 pour nos bocaux r\u00e9frig\u00e9rants avec couvercles broyeurs en acier inoxydable, pour un style chic et contemporain, et ont \u00e9galement demand\u00e9 un m\u00e9canisme de broyage sur mesure permettant un broyage fin ou grossier.<\/p>\n<p>En cons\u00e9quence, les invit\u00e9s ont fait l&#039;\u00e9loge du design \u00e9pur\u00e9 des pots \u00e0 condiments et de la fluidit\u00e9 de leur utilisation, ce qui a rehauss\u00e9 leur exp\u00e9rience culinaire.<\/p>\n<h2>Votre guide de personnalisation<\/h2>\n<ol>\n<li><strong>Formes et motifs :<\/strong> En modifiant la forme et le design du moulin \u00e0 \u00e9pices, vous pouvez exprimer votre personnalit\u00e9 ou le style de d\u00e9coration de votre cuisine, par exemple en optant pour une forme ronde, carr\u00e9e ou conique.<\/li>\n<li><strong>Motifs et couleurs :<\/strong> Utilisez une marque, un motif, un texte ou la couleur de votre choix et appliquez-le sur un broyeur pour en faire un produit unique et plus identifiable.<\/li>\n<\/ol>","protected":false},"excerpt":{"rendered":"<p>R\u00e9cipients d'assaisonnement en verre de premi\u00e8re qualit\u00e9 avec couvercles de moulin \u00e0 \u00e9pices en acier inoxydable. Les pots d'assaisonnement vides sont parfaits pour stocker le sel, le poivre ou les \u00e9pices dans une cuisine moderne.<\/p>","protected":false},"featured_media":23538,"template":"","meta":[],"product_brand":[],"product_cat":[122,124,128],"product_tag":[],"class_list":{"0":"post-23525","1":"product","2":"type-product","3":"status-publish","4":"has-post-thumbnail","6":"product_cat-custom-glass-packaging","7":"product_cat-custom-glass-jars","8":"product_cat-spice-jars","10":"first","11":"instock","12":"shipping-taxable","13":"product-type-simple"},"jetpack_sharing_enabled":true,"_links":{"self":[{"href":"https:\/\/yebodaglass.com\/fr\/wp-json\/wp\/v2\/product\/23525","targetHints":{"allow":["GET"]}}],"collection":[{"href":"https:\/\/yebodaglass.com\/fr\/wp-json\/wp\/v2\/product"}],"about":[{"href":"https:\/\/yebodaglass.com\/fr\/wp-json\/wp\/v2\/types\/product"}],"version-history":[{"count":5,"href":"https:\/\/yebodaglass.com\/fr\/wp-json\/wp\/v2\/product\/23525\/revisions"}],"predecessor-version":[{"id":25757,"href":"https:\/\/yebodaglass.com\/fr\/wp-json\/wp\/v2\/product\/23525\/revisions\/25757"}],"wp:featuredmedia":[{"embeddable":true,"href":"https:\/\/yebodaglass.com\/fr\/wp-json\/wp\/v2\/media\/23538"}],"wp:attachment":[{"href":"https:\/\/yebodaglass.com\/fr\/wp-json\/wp\/v2\/media?parent=23525"}],"wp:term":[{"taxonomy":"product_brand","embeddable":true,"href":"https:\/\/yebodaglass.com\/fr\/wp-json\/wp\/v2\/product_brand?post=23525"},{"taxonomy":"product_cat","embeddable":true,"href":"https:\/\/yebodaglass.com\/fr\/wp-json\/wp\/v2\/product_cat?post=23525"},{"taxonomy":"product_tag","embeddable":true,"href":"https:\/\/yebodaglass.com\/fr\/wp-json\/wp\/v2\/product_tag?post=23525"}],"curies":[{"name":"wp","href":"https:\/\/api.w.org\/{rel}","templated":true}]}}