{"id":23513,"date":"2025-11-10T14:28:42","date_gmt":"2025-11-10T06:28:42","guid":{"rendered":"https:\/\/yebodaglass.com\/?post_type=product&#038;p=23513"},"modified":"2026-04-10T10:59:00","modified_gmt":"2026-04-10T02:59:00","slug":"6oz-empty-jars-for-spices-with-grinder-lid-wholesale","status":"publish","type":"product","link":"https:\/\/yebodaglass.com\/fr\/6oz-empty-jars-for-spices-with-grinder-lid-wholesale\/","title":{"rendered":"Pots vides de 170 g pour \u00e9pices avec couvercle broyeur (vente en gros)"},"content":{"rendered":"<p>Ces bocaux \u00e0 \u00e9pices vides, de forme conique en verre, sont munis de broyeurs aux couleurs vives, facilitant ainsi leur utilisation. Ils sont dot\u00e9s d&#039;anneaux d\u00e9coratifs en acier inoxydable r\u00e9glables pour obtenir la finesse de mouture souhait\u00e9e.<\/p>\n<h2>Caract\u00e9ristiques du produit<\/h2>\n<ul>\n<li><strong>Conception fra\u00eechement \u00e9labor\u00e9e :<\/strong> Il est dot\u00e9 d&#039;un noyau de broyage int\u00e9gr\u00e9 \u00e0 haute duret\u00e9 avec une granulom\u00e9trie r\u00e9glable manuellement pour une utilisation imm\u00e9diate.<\/li>\n<li><strong>Plusieurs couleurs disponibles pour le couvercle\u00a0:<\/strong> Le couvercle est disponible en plusieurs coloris : rouge, vert, noir et autres. Il offre une prise en main antid\u00e9rapante et permet de distinguer diff\u00e9rentes fragrances.<\/li>\n<li><strong>Bague d\u00e9corative en acier inoxydable\u00a0:<\/strong> La bouteille est orn\u00e9e d&#039;un anneau d\u00e9coratif en acier inoxydable qui am\u00e9liore son attrait visuel et sa valeur globale tout en lui apportant un soutien structurel suppl\u00e9mentaire.<\/li>\n<\/ul>\n<h2>Sp\u00e9cifications cl\u00e9s<\/h2>\n<table style=\"border-collapse: collapse; width: 80%; margin-left: auto; margin-right: auto;\" border=\"0\" width=\"144\" cellspacing=\"0\" cellpadding=\"0\">\n<tbody>\n<tr style=\"height: 13.50pt;\">\n<td style=\"height: 13.5pt; width: 54pt; text-align: center;\" width=\"72\" height=\"18\">Fonctionnalit\u00e9<\/td>\n<td style=\"width: 54pt; text-align: center;\" width=\"72\">Sp\u00e9cification<\/td>\n<\/tr>\n<tr style=\"height: 13.50pt;\">\n<td style=\"height: 13.5pt; text-align: center;\" height=\"18\">Capacit\u00e9<\/td>\n<td style=\"text-align: center;\">180ml\/6oz<\/td>\n<\/tr>\n<tr style=\"height: 13.50pt;\">\n<td style=\"height: 13.5pt; text-align: center;\" height=\"18\">Taille (cm)<\/td>\n<td style=\"text-align: center;\">6.4 x 13<\/td>\n<\/tr>\n<tr style=\"height: 13.50pt;\">\n<td style=\"height: 13.5pt; text-align: center;\" height=\"18\">Accessoire<\/td>\n<td style=\"text-align: center;\">Grinder<\/td>\n<\/tr>\n<tr style=\"height: 13.50pt;\">\n<td style=\"height: 13.5pt; text-align: center;\" height=\"18\">Couleur<\/td>\n<td style=\"text-align: center;\">Clair, Accepter la personnalisation<\/td>\n<\/tr>\n<tr style=\"height: 13.50pt;\">\n<td style=\"height: 13.5pt; text-align: center;\" height=\"18\">Usage<\/td>\n<td style=\"text-align: center;\">Pepper,Coarse salt,Cumin<\/td>\n<\/tr>\n<\/tbody>\n<\/table>\n<h2>Succ\u00e8s\u00a0: Marques de distributeur d\u2019un distributeur alimentaire europ\u00e9en<\/h2>\n<p>L&#039;une des enseignes europ\u00e9ennes de produits alimentaires de luxe a choisi d&#039;utiliser notre moulin \u00e0 \u00e9pices pour conserver ses \u00e9pices. Ce dernier est orn\u00e9 d&#039;un anneau d\u00e9coratif couleur cuivre et le couvercle est grav\u00e9 de son logo. Les bocaux en verre transparent ont permis d&#039;augmenter les ventes des \u00e9pices les plus ch\u00e8res de 40 %, car les clients pouvaient constater visuellement la qualit\u00e9 du produit. Le r\u00e9glage de la mouture \u00e9tait toujours pr\u00e9cis et constant, et le taux de satisfaction client a atteint 95 %. Le distributeur, tr\u00e8s satisfait du produit, a pass\u00e9 une nouvelle commande de 500\u00a0000 unit\u00e9s pour approvisionner sa propre marque d&#039;\u00e9pices dans 15 pays.<\/p>\n<h2>Suggestions de personnalisation pour les bocaux \u00e0 \u00e9pices vides<\/h2>\n<ol>\n<li><strong>Mat\u00e9riaux des composants de broyage\u00a0:<\/strong> Choisissez des pi\u00e8ces de broyage en c\u00e9ramique d'alumine ou en acier inoxydable en fonction de la nature des \u00e9pices que vous allez broyer.<\/li>\n<li><strong>Motifs et couleurs :<\/strong> Utilisez des logos, des motifs ou des couleurs pour cr\u00e9er une apparence unique pour votre produit.<\/li>\n<li><strong>Modification de la taille\u00a0:<\/strong> Modifiez la taille du moulin \u00e0 \u00e9pices pour qu'il s'adapte \u00e0 votre cuisine ou soit proportionnel \u00e0 la quantit\u00e9 utilis\u00e9e.<\/li>\n<\/ol>","protected":false},"excerpt":{"rendered":"<p>Bocaux \u00e0 \u00e9pices vides haut de gamme avec col en acier inoxydable et couvercle broyeur manuel. Id\u00e9aux pour conserver vos \u00e9pices en cuisine. Livraison rapide.<\/p>","protected":false},"featured_media":23514,"template":"","meta":[],"product_brand":[],"product_cat":[128,124,122],"product_tag":[],"class_list":{"0":"post-23513","1":"product","2":"type-product","3":"status-publish","4":"has-post-thumbnail","6":"product_cat-spice-jars","7":"product_cat-custom-glass-jars","8":"product_cat-custom-glass-packaging","10":"first","11":"instock","12":"shipping-taxable","13":"product-type-simple"},"jetpack_sharing_enabled":true,"_links":{"self":[{"href":"https:\/\/yebodaglass.com\/fr\/wp-json\/wp\/v2\/product\/23513","targetHints":{"allow":["GET"]}}],"collection":[{"href":"https:\/\/yebodaglass.com\/fr\/wp-json\/wp\/v2\/product"}],"about":[{"href":"https:\/\/yebodaglass.com\/fr\/wp-json\/wp\/v2\/types\/product"}],"version-history":[{"count":5,"href":"https:\/\/yebodaglass.com\/fr\/wp-json\/wp\/v2\/product\/23513\/revisions"}],"predecessor-version":[{"id":25721,"href":"https:\/\/yebodaglass.com\/fr\/wp-json\/wp\/v2\/product\/23513\/revisions\/25721"}],"wp:featuredmedia":[{"embeddable":true,"href":"https:\/\/yebodaglass.com\/fr\/wp-json\/wp\/v2\/media\/23514"}],"wp:attachment":[{"href":"https:\/\/yebodaglass.com\/fr\/wp-json\/wp\/v2\/media?parent=23513"}],"wp:term":[{"taxonomy":"product_brand","embeddable":true,"href":"https:\/\/yebodaglass.com\/fr\/wp-json\/wp\/v2\/product_brand?post=23513"},{"taxonomy":"product_cat","embeddable":true,"href":"https:\/\/yebodaglass.com\/fr\/wp-json\/wp\/v2\/product_cat?post=23513"},{"taxonomy":"product_tag","embeddable":true,"href":"https:\/\/yebodaglass.com\/fr\/wp-json\/wp\/v2\/product_tag?post=23513"}],"curies":[{"name":"wp","href":"https:\/\/api.w.org\/{rel}","templated":true}]}}