{"id":23480,"date":"2025-11-10T11:44:01","date_gmt":"2025-11-10T03:44:01","guid":{"rendered":"https:\/\/yebodaglass.com\/?post_type=product&#038;p=23480"},"modified":"2026-03-24T15:23:54","modified_gmt":"2026-03-24T07:23:54","slug":"custom-empty-measured-tomato-sauce-bottles-with-pump-bulk","status":"publish","type":"product","link":"https:\/\/yebodaglass.com\/fr\/custom-empty-measured-tomato-sauce-bottles-with-pump-bulk\/","title":{"rendered":"Bouteilles doseuses vides de sauce tomate de 300 ml et 500 ml avec pompe (vente en gros)"},"content":{"rendered":"<p>Il s&#039;agit d&#039;une bouteille \u00e0 sauce tomate compos\u00e9e d&#039;une pompe lisse, argent\u00e9e et noire, gradu\u00e9e en verre transparent, et d&#039;un corps cylindrique en verre lisse. Elle existe en deux tailles selon les besoins.<\/p>\n<h2>Caract\u00e9ristiques du produit<\/h2>\n<ul>\n<li><strong>Distributeur \u00e0 pompe monobloc :<\/strong> Ce mod\u00e8le se caract\u00e9rise par une grande facilit\u00e9 de distribution des sauces \u00e9paisses, ce qui \u00e9vite les d\u00e9versements et les contaminations gr\u00e2ce \u00e0 sa pompe \u00e0 commande tactile.<\/li>\n<li><strong>Graduations claires\u00a0:<\/strong> La bouteille en verre comporte des graduations imprim\u00e9es dessus, ce qui facilite le contr\u00f4le du niveau restant des sauces et permet une meilleure gestion des stocks.<\/li>\n<li><strong>Bouteille en verre transparent :<\/strong> La bouteille est en verre transparent de haute qualit\u00e9, ce qui la rend r\u00e9sistante aux sauces acides et aux taches, afin de mettre en valeur le produit.<\/li>\n<\/ul>\n<h2 style=\"text-align: left;\">Sp\u00e9cifications cl\u00e9s<\/h2>\n<table class=\"aligncenter\" style=\"border-collapse: collapse; width: 480.77pt;\" border=\"0\" width=\"641\" cellspacing=\"0\" cellpadding=\"0\">\n<tbody>\n<tr style=\"height: 13.50pt;\">\n<td style=\"height: 13.50pt; width: 126.75pt;\" width=\"169\" height=\"18\">Fonctionnalit\u00e9<\/td>\n<td style=\"width: 354.00pt;\" width=\"472\">Sp\u00e9cification<\/td>\n<\/tr>\n<tr style=\"height: 13.50pt;\">\n<td style=\"height: 13.50pt;\" height=\"18\">Capacit\u00e9s<\/td>\n<td>300 ml (10 oz) \/ 500 ml (16 oz)<\/td>\n<\/tr>\n<tr style=\"height: 13.50pt;\">\n<td style=\"height: 13.50pt;\" height=\"18\">Dimensions (D\u00d7H)<\/td>\n<td>6\u00d721 cm \/ 6,5\u00d725 cm<\/td>\n<\/tr>\n<tr style=\"height: 13.50pt;\">\n<td style=\"height: 13.50pt;\" height=\"18\">Forme<\/td>\n<td>Bouteille de stout \u00e0 paroi droite avec graduations de volume moul\u00e9es<\/td>\n<\/tr>\n<tr style=\"height: 13.50pt;\">\n<td style=\"height: 13.50pt;\" height=\"18\">Mat\u00e9riel<\/td>\n<td>Verre borosilicat\u00e9 \u00e0 haute teneur en borosilicate<\/td>\n<\/tr>\n<tr style=\"height: 13.50pt;\">\n<td style=\"height: 13.50pt;\" height=\"18\">Fermeture incluse<\/td>\n<td>Pompe \u00e0 pression argent\u00e9e (personnalisable)<\/td>\n<\/tr>\n<tr style=\"height: 13.50pt;\">\n<td style=\"height: 13.50pt;\" height=\"18\">Id\u00e9al pour<\/td>\n<td>Tomato sauce, hot sauce, chili sauce<\/td>\n<\/tr>\n<tr style=\"height: 13.50pt;\">\n<td style=\"height: 13.50pt;\" height=\"18\">Utilisation id\u00e9ale<\/td>\n<td>Bouteille de sauce tomate, bouteilles de sauce vides<\/td>\n<\/tr>\n<\/tbody>\n<\/table>\n<h2>Succ\u00e8s\u00a0: Gamme de produits pour la restauration \u2013 Une marque de sauce barbecue texane<\/h2>\n<p>Une marque de sauce barbecue a choisi nos bouteilles en verre de 473 ml (16 oz) avec logo s\u00e9rigraphi\u00e9, rev\u00eatement UV et pompe doseuse permettant de distribuer 14 ml (0,5 oz) par portion. On estime que la pompe a permis de r\u00e9duire le gaspillage alimentaire de 20 %, tandis que le rev\u00eatement UV a pr\u00e9serv\u00e9 la couleur de la sauce en rayon et diminu\u00e9 les retours de 45 %. Fort de ce succ\u00e8s, la marque a par la suite pass\u00e9 une nouvelle commande de 520\u00a0000 bouteilles de sa moutarde et de sa sauce pour steak haut de gamme pour sa gamme de produits.<\/p>\n<h2>Suggestions pour personnaliser les bouteilles de sauce<\/h2>\n<ul>\n<li><strong>Marquage s\u00e9rigraphi\u00e9\u00a0:<\/strong> Placez le nom ou le logo de votre restaurant bien en \u00e9vidence sous l&#039;\u00e9chelle de mesure.<\/li>\n<li><strong>Option vitrail :<\/strong> Conservez les huiles sensibles \u00e0 la lumi\u00e8re ou les produits \u00e0 base de vinaigre infus\u00e9 dans un r\u00e9cipient en verre ambr\u00e9.<\/li>\n<li><strong>Conception de base textur\u00e9e\u00a0:<\/strong> Veillez \u00e0 ce que le fond de la bouteille soit muni d&#039;une surface antid\u00e9rapante, afin qu&#039;elle ne soit pas instable sur les tables encombr\u00e9es.<\/li>\n<li><strong>Joint de bouchon personnalis\u00e9\u00a0:<\/strong> Initialement, le syst\u00e8me d&#039;embouteillage destin\u00e9 aux \u00e9tablissements de restauration est \u00e9quip\u00e9 d&#039;un sceau inviolable.<\/li>\n<\/ul>","protected":false},"excerpt":{"rendered":"<p>Bouteille en verre transparent pour sauce tomate, avec graduations et pompe pratique. Id\u00e9ale pour un dosage pr\u00e9cis \u2013 vente en gros avec exp\u00e9dition rapide.<\/p>","protected":false},"featured_media":23512,"template":"","meta":[],"product_brand":[],"product_cat":[129,123,122],"product_tag":[],"class_list":{"0":"post-23480","1":"product","2":"type-product","3":"status-publish","4":"has-post-thumbnail","6":"product_cat-hot-sauce-bottles","7":"product_cat-custom-glass-bottles","8":"product_cat-custom-glass-packaging","10":"first","11":"instock","12":"shipping-taxable","13":"product-type-simple"},"jetpack_sharing_enabled":true,"_links":{"self":[{"href":"https:\/\/yebodaglass.com\/fr\/wp-json\/wp\/v2\/product\/23480","targetHints":{"allow":["GET"]}}],"collection":[{"href":"https:\/\/yebodaglass.com\/fr\/wp-json\/wp\/v2\/product"}],"about":[{"href":"https:\/\/yebodaglass.com\/fr\/wp-json\/wp\/v2\/types\/product"}],"version-history":[{"count":5,"href":"https:\/\/yebodaglass.com\/fr\/wp-json\/wp\/v2\/product\/23480\/revisions"}],"predecessor-version":[{"id":25589,"href":"https:\/\/yebodaglass.com\/fr\/wp-json\/wp\/v2\/product\/23480\/revisions\/25589"}],"wp:featuredmedia":[{"embeddable":true,"href":"https:\/\/yebodaglass.com\/fr\/wp-json\/wp\/v2\/media\/23512"}],"wp:attachment":[{"href":"https:\/\/yebodaglass.com\/fr\/wp-json\/wp\/v2\/media?parent=23480"}],"wp:term":[{"taxonomy":"product_brand","embeddable":true,"href":"https:\/\/yebodaglass.com\/fr\/wp-json\/wp\/v2\/product_brand?post=23480"},{"taxonomy":"product_cat","embeddable":true,"href":"https:\/\/yebodaglass.com\/fr\/wp-json\/wp\/v2\/product_cat?post=23480"},{"taxonomy":"product_tag","embeddable":true,"href":"https:\/\/yebodaglass.com\/fr\/wp-json\/wp\/v2\/product_tag?post=23480"}],"curies":[{"name":"wp","href":"https:\/\/api.w.org\/{rel}","templated":true}]}}