{"id":23424,"date":"2025-11-10T08:59:20","date_gmt":"2025-11-10T00:59:20","guid":{"rendered":"https:\/\/yebodaglass.com\/?post_type=product&#038;p=23424"},"modified":"2026-04-10T15:22:20","modified_gmt":"2026-04-10T07:22:20","slug":"bulk-clear-empty-soy-sauce-bottles-with-press-pump","status":"publish","type":"product","link":"https:\/\/yebodaglass.com\/fr\/bulk-clear-empty-soy-sauce-bottles-with-press-pump\/","title":{"rendered":"Bouteilles de sauce soja vides et transparentes en vrac avec pompe \u00e0 pression 200 ml 300 ml 500 ml"},"content":{"rendered":"<p>Ces bouteilles de sauce soja ont une forme cylindrique droite et comportent des indicateurs de dosage transparents permettant une mesure pr\u00e9cise. Les bouchons sont \u00e9quip\u00e9s d&#039;embouts de pompe en acier inoxydable et en plastique.<\/p>\n<h2>Caract\u00e9ristiques du produit<\/h2>\n<ul>\n<li><strong>Conception du distributeur \u00e0 pompe :<\/strong> Gr\u00e2ce au distributeur \u00e0 pompe noir, l&#039;utilisateur peut contr\u00f4ler tr\u00e8s pr\u00e9cis\u00e9ment et facilement la quantit\u00e9 de sauce chili sans la gaspiller.<\/li>\n<li><strong>Bouteille gradu\u00e9e transparente :<\/strong> La partie transparente et gradu\u00e9e du flacon permet de voir tr\u00e8s facilement la quantit\u00e9 utilis\u00e9e ou restante, et permet un dosage tr\u00e8s pr\u00e9cis.<\/li>\n<li><strong>Plusieurs tailles disponibles :<\/strong> Il existe trois tailles de bouteilles diff\u00e9rentes, \u00e0 utiliser dans diff\u00e9rents lieux tels que les maisons et les restaurants, en fonction de la quantit\u00e9 de sauce chili stock\u00e9e et utilis\u00e9e.<\/li>\n<\/ul>\n<h2 style=\"text-align: left;\">Sp\u00e9cifications cl\u00e9s<\/h2>\n<table class=\"aligncenter\" style=\"border-collapse: collapse; width: 432.02pt;\" border=\"0\" width=\"576\" cellspacing=\"0\" cellpadding=\"0\">\n<tbody>\n<tr style=\"height: 13.50pt;\">\n<td style=\"height: 13.50pt; width: 105.00pt;\" width=\"140\" height=\"18\">Fonctionnalit\u00e9<\/td>\n<td style=\"width: 327.00pt;\" width=\"436\">Sp\u00e9cification<\/td>\n<\/tr>\n<tr style=\"height: 13.50pt;\">\n<td style=\"height: 13.50pt;\" height=\"18\">Capacit\u00e9s<\/td>\n<td>200 ml (7 oz) \/ 300 ml (10 oz) \/ 500 ml (16 oz)<\/td>\n<\/tr>\n<tr style=\"height: 13.50pt;\">\n<td style=\"height: 13.50pt;\" height=\"18\">Dimensions (D\u00d7H)<\/td>\n<td>5,5 \u00d7 19,5 cm \/ 6 \u00d7 23,5 cm \/ 6,5 \u00d7 27,5 cm<\/td>\n<\/tr>\n<tr style=\"height: 13.50pt;\">\n<td style=\"height: 13.50pt;\" height=\"18\">Forme<\/td>\n<td>Bouteille de stout \u00e0 paroi droite avec graduations de volume moul\u00e9es<\/td>\n<\/tr>\n<tr style=\"height: 13.50pt;\">\n<td style=\"height: 13.50pt;\" height=\"18\">Mat\u00e9riel<\/td>\n<td>Verre borosilicat\u00e9 \u00e0 haute teneur en borosilicate<\/td>\n<\/tr>\n<tr style=\"height: 13.50pt;\">\n<td style=\"height: 13.50pt;\" height=\"18\">Fermeture incluse<\/td>\n<td>Pompe \u00e0 pression noire (avec accents m\u00e9talliques, \u00e9tanche)<\/td>\n<\/tr>\n<tr style=\"height: 13.50pt;\">\n<td style=\"height: 13.50pt;\" height=\"18\">Id\u00e9al pour<\/td>\n<td>Sauce piquante, sauce soja, vinaigrette, condiments<\/td>\n<\/tr>\n<tr style=\"height: 13.50pt;\">\n<td style=\"height: 13.50pt;\" height=\"18\">Utilisation id\u00e9ale<\/td>\n<td>Bouteilles de sauce vides, bouteille de sauce soja<\/td>\n<\/tr>\n<\/tbody>\n<\/table>\n<h2>T\u00e9moignage de r\u00e9ussite\u00a0: Commande personnalis\u00e9e aupr\u00e8s d\u2019une marque de sauce piquante de Louisiane<\/h2>\n<p>Une marque artisanale de sauce piquante bas\u00e9e en Louisiane a choisi nos bouteilles vides de 500 ml, qu&#039;elle a personnalis\u00e9es avec des pompes \u00e9largies et des indicateurs de piquant. Ces bouteilles personnalis\u00e9es se sont r\u00e9v\u00e9l\u00e9es tr\u00e8s efficaces\u00a0: la pr\u00e9cision des pompes et des graduations a permis aux consommateurs de r\u00e9duire le gaspillage de 20\u00a0%, et leur robustesse a permis d&#039;obtenir un taux de casse inf\u00e9rieur \u00e0 0,7\u00a0% pendant le transport. Cette premi\u00e8re commande a permis \u00e0 l&#039;entreprise d&#039;\u00e9tablir une relation commerciale fructueuse, qui l&#039;a conduite \u00e0 commander 420\u00a0000 bouteilles pour sa nouvelle sauce pour ailes de poulet.<\/p>\n<h2>Suggestions de personnalisation pour les bouteilles de sauce vides<\/h2>\n<ul>\n<li><strong>Marqueurs de mesure personnalis\u00e9s\u00a0:<\/strong> Vous pouvez r\u00e9server les graduations de capacit\u00e9 \u00e0 certaines recettes ou tailles de portions.<\/li>\n<li><strong>Options de couleur pour la t\u00eate de pompe\u00a0:<\/strong> Fournissez des t\u00eates de pompe de diff\u00e9rentes couleurs assorties \u00e0 la palette de couleurs de votre restaurant.<\/li>\n<li><strong>Base antid\u00e9rapante :<\/strong> Appliquez une texture antid\u00e9rapante sur le fond de la bouteille pour une meilleure stabilit\u00e9, m\u00eame sur une table encombr\u00e9e.<\/li>\n<\/ul>","protected":false},"excerpt":{"rendered":"<p>Bouteilles pratiques pour sauce soja, avec graduations et bouchon \u00e0 pression, id\u00e9ales pour les sauces et condiments. Bouteilles vides en gros avec \u00e9chantillons gratuits.<\/p>","protected":false},"featured_media":23458,"template":"","meta":[],"product_brand":[],"product_cat":[129,123,122],"product_tag":[],"class_list":{"0":"post-23424","1":"product","2":"type-product","3":"status-publish","4":"has-post-thumbnail","6":"product_cat-hot-sauce-bottles","7":"product_cat-custom-glass-bottles","8":"product_cat-custom-glass-packaging","10":"first","11":"instock","12":"shipping-taxable","13":"product-type-simple"},"jetpack_sharing_enabled":true,"_links":{"self":[{"href":"https:\/\/yebodaglass.com\/fr\/wp-json\/wp\/v2\/product\/23424","targetHints":{"allow":["GET"]}}],"collection":[{"href":"https:\/\/yebodaglass.com\/fr\/wp-json\/wp\/v2\/product"}],"about":[{"href":"https:\/\/yebodaglass.com\/fr\/wp-json\/wp\/v2\/types\/product"}],"version-history":[{"count":5,"href":"https:\/\/yebodaglass.com\/fr\/wp-json\/wp\/v2\/product\/23424\/revisions"}],"predecessor-version":[{"id":25742,"href":"https:\/\/yebodaglass.com\/fr\/wp-json\/wp\/v2\/product\/23424\/revisions\/25742"}],"wp:featuredmedia":[{"embeddable":true,"href":"https:\/\/yebodaglass.com\/fr\/wp-json\/wp\/v2\/media\/23458"}],"wp:attachment":[{"href":"https:\/\/yebodaglass.com\/fr\/wp-json\/wp\/v2\/media?parent=23424"}],"wp:term":[{"taxonomy":"product_brand","embeddable":true,"href":"https:\/\/yebodaglass.com\/fr\/wp-json\/wp\/v2\/product_brand?post=23424"},{"taxonomy":"product_cat","embeddable":true,"href":"https:\/\/yebodaglass.com\/fr\/wp-json\/wp\/v2\/product_cat?post=23424"},{"taxonomy":"product_tag","embeddable":true,"href":"https:\/\/yebodaglass.com\/fr\/wp-json\/wp\/v2\/product_tag?post=23424"}],"curies":[{"name":"wp","href":"https:\/\/api.w.org\/{rel}","templated":true}]}}