{"id":23403,"date":"2025-11-07T16:21:21","date_gmt":"2025-11-07T08:21:21","guid":{"rendered":"https:\/\/yebodaglass.com\/?post_type=product&#038;p=23403"},"modified":"2025-11-07T17:21:01","modified_gmt":"2025-11-07T09:21:01","slug":"wholesale-clear-empty-bottles-for-hot-sauce-100ml-500ml","status":"publish","type":"product","link":"https:\/\/yebodaglass.com\/fr\/wholesale-clear-empty-bottles-for-hot-sauce-100ml-500ml\/","title":{"rendered":"Bouteilles vides transparentes en gros pour sauce piquante 100 ml \u2013 500 ml"},"content":{"rendered":"<p>Ces bouteilles vides de sauce piquante sont pr\u00e9sent\u00e9es dans un contenant en verre transparent, offrant une belle visibilit\u00e9 de la sauce. Elles arborent un design \u00e9l\u00e9gant et fusel\u00e9 et sont disponibles en diff\u00e9rentes tailles.<\/p>\n<h2>Caract\u00e9ristiques du produit<\/h2>\n<ul>\n<li><strong>Mat\u00e9riau en verre transparent :<\/strong> Le r\u00e9cipient est fabriqu\u00e9 en verre transparent, ce qui permet de reconna\u00eetre tr\u00e8s facilement la couleur et la quantit\u00e9 de sauce chili restante dans le bocal, ce qui est tr\u00e8s pratique pour l&#039;identifier et la v\u00e9rifier.<\/li>\n<li><strong>Conception de bouteille \u00e0 taille r\u00e9duite\u00a0:<\/strong> Le flacon est con\u00e7u avec une forme cintr\u00e9e et pr\u00e9sente des lignes douces et uniques qui non seulement embellissent le produit, mais le rendent \u00e9galement facilement reconnaissable.<\/li>\n<li><strong>Diff\u00e9rentes tailles disponibles :<\/strong> Il est disponible en diff\u00e9rentes tailles pour r\u00e9pondre \u00e0 diff\u00e9rents besoins en volume et convient parfaitement \u00e0 un usage familial r\u00e9gulier, \u00e0 la restauration et \u00e0 d&#039;autres situations similaires.<\/li>\n<\/ul>\n<h2 style=\"text-align: left;\">Sp\u00e9cifications cl\u00e9s<\/h2>\n<table class=\"aligncenter\" style=\"border-collapse: collapse; width: 647.27pt;\" border=\"0\" width=\"863\" cellspacing=\"0\" cellpadding=\"0\">\n<tbody>\n<tr style=\"height: 13.50pt;\">\n<td style=\"height: 13.50pt; width: 127.50pt;\" width=\"170\" height=\"18\">Fonctionnalit\u00e9<\/td>\n<td style=\"width: 519.75pt;\" width=\"693\">Sp\u00e9cification<\/td>\n<\/tr>\n<tr style=\"height: 13.50pt;\">\n<td style=\"height: 13.50pt;\" height=\"18\">Capacit\u00e9s<\/td>\n<td>100 ml \/ 180 ml \/ 220 ml \/ 350 ml \/ 400 ml \/ 500 ml<\/td>\n<\/tr>\n<tr style=\"height: 13.50pt;\">\n<td style=\"height: 13.50pt;\" height=\"18\">Dimensions (D\u00d7H)<\/td>\n<td>4,2 \u00d7 16,8 cm \/ 5,2 \u00d7 19,3 cm \/ 5 \u00d7 21,3 cm \/ 6,5 \u00d7 23,5 cm \/ 7,2 \u00d7 24 cm \/ 7,3 \u00d7 25 cm<\/td>\n<\/tr>\n<tr style=\"height: 13.50pt;\">\n<td style=\"height: 13.50pt;\" height=\"18\">Mat\u00e9riel<\/td>\n<td>Stout en verre transparent, de qualit\u00e9 alimentaire, sans plomb<\/td>\n<\/tr>\n<tr style=\"height: 13.50pt;\">\n<td style=\"height: 13.50pt;\" height=\"18\">Fermeture incluse<\/td>\n<td>Bouteille de sauce avec bouchon \u00e0 vis noir (\u00e9galement disponible en dor\u00e9, rouge et jaune)<\/td>\n<\/tr>\n<tr style=\"height: 13.50pt;\">\n<td style=\"height: 13.50pt;\" height=\"18\">Utilisation id\u00e9ale<\/td>\n<td>Bouteilles vides pour sauce piquante, bouteilles de sauce piquante en vrac<\/td>\n<\/tr>\n<\/tbody>\n<\/table>\n<h2>T\u00e9moignage de r\u00e9ussite : Surmonter les probl\u00e8mes de la cha\u00eene de production<\/h2>\n<p>La capacit\u00e9 de conditionnement \u00e9tait limit\u00e9e par le syst\u00e8me de conditionnement de la machine d&#039;une entreprise de condiments de taille moyenne. Leurs bouteilles droites existantes \u00e9taient difficiles \u00e0 manipuler sur la ligne de remplissage, ce qui ralentissait la production. Ils sont pass\u00e9s \u00e0 nos bouteilles vides incurv\u00e9es de 350 ml pour la sauce piquante, offrant une meilleure prise en main. Ainsi, la vitesse de la ligne de remplissage a augment\u00e9 de 15 % et le taux de chute des bouteilles a diminu\u00e9 de 30 %. L&#039;am\u00e9lioration des performances du produit a \u00e9t\u00e9 le principal moteur des ventes, ce qui a conduit le client \u00e0 passer trois commandes importantes cons\u00e9cutives. De plus, le client a diversifi\u00e9 son inventaire en ajoutant 500 ml suppl\u00e9mentaires de sa saveur la plus vendue.<\/p>\n<h2>Suggestions de personnalisation pour les bouteilles de sauce piquante<\/h2>\n<ul>\n<li><strong>Profondeur de courbe personnalis\u00e9e\u00a0:<\/strong> Modifiez la profondeur de la rainure \u00e0 la taille pour une prise en main plus ou moins marqu\u00e9e.<\/li>\n<li><strong>Marquages \u200b\u200bde volume en relief\u00a0:<\/strong> Tracez des graduations en relief et placez-les sur l&#039;\u00e9paule de la bouteille.<\/li>\n<li><strong>Marquage s\u00e9rigraphi\u00e9\u00a0:<\/strong> Apposez le logo directement sur la surface vitr\u00e9e incurv\u00e9e par impression.<\/li>\n<li><strong>Options de vitraux :<\/strong> On peut utiliser du verre ambr\u00e9 ou bleu cobalt si le produit est photosensible.<\/li>\n<\/ul>","protected":false},"excerpt":{"rendered":"<p>\u00c9l\u00e9gantes bouteilles vides pour sauce piquante, avec bouchons dor\u00e9s, rouges et jaunes. Des bouteilles de haute qualit\u00e9, id\u00e9ales pour le marketing\u00a0: prix d&#039;usine et livraison rapide\u00a0!<\/p>","protected":false},"featured_media":23412,"template":"","meta":[],"product_brand":[],"product_cat":[122,123,129],"product_tag":[],"class_list":{"0":"post-23403","1":"product","2":"type-product","3":"status-publish","4":"has-post-thumbnail","6":"product_cat-custom-glass-packaging","7":"product_cat-custom-glass-bottles","8":"product_cat-hot-sauce-bottles","10":"first","11":"instock","12":"shipping-taxable","13":"product-type-simple"},"jetpack_sharing_enabled":true,"_links":{"self":[{"href":"https:\/\/yebodaglass.com\/fr\/wp-json\/wp\/v2\/product\/23403","targetHints":{"allow":["GET"]}}],"collection":[{"href":"https:\/\/yebodaglass.com\/fr\/wp-json\/wp\/v2\/product"}],"about":[{"href":"https:\/\/yebodaglass.com\/fr\/wp-json\/wp\/v2\/types\/product"}],"version-history":[{"count":4,"href":"https:\/\/yebodaglass.com\/fr\/wp-json\/wp\/v2\/product\/23403\/revisions"}],"predecessor-version":[{"id":23420,"href":"https:\/\/yebodaglass.com\/fr\/wp-json\/wp\/v2\/product\/23403\/revisions\/23420"}],"wp:featuredmedia":[{"embeddable":true,"href":"https:\/\/yebodaglass.com\/fr\/wp-json\/wp\/v2\/media\/23412"}],"wp:attachment":[{"href":"https:\/\/yebodaglass.com\/fr\/wp-json\/wp\/v2\/media?parent=23403"}],"wp:term":[{"taxonomy":"product_brand","embeddable":true,"href":"https:\/\/yebodaglass.com\/fr\/wp-json\/wp\/v2\/product_brand?post=23403"},{"taxonomy":"product_cat","embeddable":true,"href":"https:\/\/yebodaglass.com\/fr\/wp-json\/wp\/v2\/product_cat?post=23403"},{"taxonomy":"product_tag","embeddable":true,"href":"https:\/\/yebodaglass.com\/fr\/wp-json\/wp\/v2\/product_tag?post=23403"}],"curies":[{"name":"wp","href":"https:\/\/api.w.org\/{rel}","templated":true}]}}