{"id":23399,"date":"2025-11-13T11:14:54","date_gmt":"2025-11-13T03:14:54","guid":{"rendered":"https:\/\/yebodaglass.com\/?post_type=product&#038;p=23399"},"modified":"2026-03-17T11:49:22","modified_gmt":"2026-03-17T03:49:22","slug":"clear-square-herb-jars-with-metal-lids-bulk","status":"publish","type":"product","link":"https:\/\/yebodaglass.com\/fr\/clear-square-herb-jars-with-metal-lids-bulk\/","title":{"rendered":"Bocaux carr\u00e9s transparents pour herbes de 113 ml (4 oz) avec couvercles m\u00e9talliques, en vrac"},"content":{"rendered":"<p>Ces bocaux \u00e0 herbes vides, de forme carr\u00e9e classique, sont fabriqu\u00e9s en verre ultra-transparent et mettent parfaitement en valeur vos herbes et \u00e9pices color\u00e9es. Leurs couvercles lisses en acier inoxydable permettent un dosage pr\u00e9cis.<\/p>\n<h2>Caract\u00e9ristiques du produit<\/h2>\n<ul>\n<li><strong>Design carr\u00e9 transparent :<\/strong> La base carr\u00e9e du cube est en verre simple, ce qui lui conf\u00e8re une base solide tout en permettant une visibilit\u00e9 ais\u00e9e de son contenu et en optimisant l&#039;espace.<\/li>\n<li><strong>Couvercle pivotant monobloc :<\/strong> Le couvercle en m\u00e9tal argent\u00e9 est con\u00e7u avec de nombreux petits trous qui permettent un contr\u00f4le total du dosage des \u00e9pices et des herbes et \u00e9vitent les d\u00e9versements.<\/li>\n<li><strong>Facile \u00e0 transporter :<\/strong> Gr\u00e2ce \u00e0 leurs c\u00f4t\u00e9s carr\u00e9s et \u00e0 leur forme plate, les bocaux peuvent \u00eatre empil\u00e9s de mani\u00e8re compacte dans les \u00e9tag\u00e8res et les tiroirs.<\/li>\n<\/ul>\n<h2>Sp\u00e9cifications cl\u00e9s<\/h2>\n<table style=\"border-collapse: collapse; width: 80%; margin-left: auto; margin-right: auto;\" border=\"0\" width=\"360\" cellspacing=\"0\" cellpadding=\"0\">\n<tbody>\n<tr style=\"height: 13.50pt;\">\n<td style=\"height: 13.5pt; width: 54pt; text-align: center;\" width=\"72\" height=\"18\">Capacit\u00e9<\/td>\n<td style=\"width: 54pt; text-align: center;\" width=\"72\">Taille (cm)<\/td>\n<td style=\"width: 54pt; text-align: center;\" width=\"72\">Forme<\/td>\n<td style=\"width: 54pt; text-align: center;\" width=\"72\">Options de couleur<\/td>\n<td style=\"width: 54pt; text-align: center;\" width=\"72\">Type de couvercle<\/td>\n<\/tr>\n<tr style=\"height: 13.50pt;\">\n<td style=\"height: 13.5pt; text-align: center;\" height=\"18\">120 ml \/ 4 oz<\/td>\n<td style=\"text-align: center;\">4 x 9<\/td>\n<td style=\"text-align: center;\">Carr\u00e9<\/td>\n<td style=\"text-align: center;\">Clair, personnalis\u00e9<\/td>\n<td style=\"text-align: center;\">Acier inoxydable<\/td>\n<\/tr>\n<\/tbody>\n<\/table>\n<h2>Cas de r\u00e9ussite : Une solution standardis\u00e9e pour une entreprise de fournitures de restauration du Midwest<\/h2>\n<p>Une entreprise de fournitures pour traiteurs du Midwest a choisi nos pots \u00e0 herbes carr\u00e9s transparents, gradu\u00e9s par s\u00e9rigraphie sur une face. Gr\u00e2ce \u00e0 leur transparence, le personnel de cuisine pouvait facilement constater les niveaux de stock, r\u00e9duisant ainsi de moiti\u00e9 les ruptures de stock. Ces pots \u00e0 \u00e9pices ont r\u00e9sist\u00e9 \u00e0 plus de 500 lavages au lave-vaisselle professionnel. Fort de ce succ\u00e8s, l&#039;entreprise a command\u00e9 750\u00a0000 pots suppl\u00e9mentaires pour approvisionner sa cha\u00eene de restaurants \u00e0 travers le pays.<\/p>\n<h2>Les flacons d&#039;\u00e9pices vides peuvent \u00eatre personnalis\u00e9s<\/h2>\n<ol>\n<li><strong>Personnalisation du logo :<\/strong>Impression ou gravure de logos sur le corps ou le bouchon de la bouteille pour renforcer la notori\u00e9t\u00e9 de la marque.<\/li>\n<li><strong>\u00c9tiquette et emballage\u00a0:<\/strong>Cr\u00e9ation d&#039;\u00e9tiquettes personnalis\u00e9es, de films r\u00e9tractables ou de coffrets cadeaux pour assurer une image de marque coh\u00e9rente.<\/li>\n<li><strong>Inserts pour shaker :<\/strong>Introduction de couvercles saupoudreurs ou tamiseurs optionnels pour diverses utilisations de poudres ou de granul\u00e9s.<\/li>\n<\/ol>","protected":false},"excerpt":{"rendered":"<p>Bocaux \u00e0 herbes haut de gamme, en verre carr\u00e9 avec couvercle saupoudreur perfor\u00e9. \u00c9l\u00e9gants flacons \u00e0 \u00e9pices vides, parfaits pour la cuisine. En stock pour une livraison rapide.<\/p>","protected":false},"featured_media":23400,"template":"","meta":[],"product_brand":[],"product_cat":[122,124,128],"product_tag":[],"class_list":{"0":"post-23399","1":"product","2":"type-product","3":"status-publish","4":"has-post-thumbnail","6":"product_cat-custom-glass-packaging","7":"product_cat-custom-glass-jars","8":"product_cat-spice-jars","10":"first","11":"instock","12":"shipping-taxable","13":"product-type-simple"},"jetpack_sharing_enabled":true,"_links":{"self":[{"href":"https:\/\/yebodaglass.com\/fr\/wp-json\/wp\/v2\/product\/23399","targetHints":{"allow":["GET"]}}],"collection":[{"href":"https:\/\/yebodaglass.com\/fr\/wp-json\/wp\/v2\/product"}],"about":[{"href":"https:\/\/yebodaglass.com\/fr\/wp-json\/wp\/v2\/types\/product"}],"version-history":[{"count":5,"href":"https:\/\/yebodaglass.com\/fr\/wp-json\/wp\/v2\/product\/23399\/revisions"}],"predecessor-version":[{"id":25466,"href":"https:\/\/yebodaglass.com\/fr\/wp-json\/wp\/v2\/product\/23399\/revisions\/25466"}],"wp:featuredmedia":[{"embeddable":true,"href":"https:\/\/yebodaglass.com\/fr\/wp-json\/wp\/v2\/media\/23400"}],"wp:attachment":[{"href":"https:\/\/yebodaglass.com\/fr\/wp-json\/wp\/v2\/media?parent=23399"}],"wp:term":[{"taxonomy":"product_brand","embeddable":true,"href":"https:\/\/yebodaglass.com\/fr\/wp-json\/wp\/v2\/product_brand?post=23399"},{"taxonomy":"product_cat","embeddable":true,"href":"https:\/\/yebodaglass.com\/fr\/wp-json\/wp\/v2\/product_cat?post=23399"},{"taxonomy":"product_tag","embeddable":true,"href":"https:\/\/yebodaglass.com\/fr\/wp-json\/wp\/v2\/product_tag?post=23399"}],"curies":[{"name":"wp","href":"https:\/\/api.w.org\/{rel}","templated":true}]}}