{"id":23384,"date":"2025-11-07T17:11:18","date_gmt":"2025-11-07T09:11:18","guid":{"rendered":"https:\/\/yebodaglass.com\/?post_type=product&#038;p=23384"},"modified":"2026-03-19T10:59:11","modified_gmt":"2026-03-19T02:59:11","slug":"empty-mini-spice-jars-with-shaker-lid-wholesale","status":"publish","type":"product","link":"https:\/\/yebodaglass.com\/fr\/produit\/empty-mini-spice-jars-with-shaker-lid-wholesale\/","title":{"rendered":"Pots \u00e0 \u00e9pices vides de 10 ml et 15 ml avec couvercle saupoudreur (vente en gros)"},"content":{"rendered":"<p>Ces mini pots \u00e0 \u00e9pices en verre transparent, de forme carr\u00e9e ou conique, sont dot\u00e9s d&#039;\u00e9l\u00e9gants couvercles \u00e0 charni\u00e8re en m\u00e9tal argent\u00e9. Leur petite taille est id\u00e9ale pour les plans de travail, les pique-niques ou les petites cuisines.<\/p>\n<h2>Caract\u00e9ristiques du produit<\/h2>\n<ul>\n<li><strong>Verre transparent cristal <\/strong>Nos mini pots \u00e0 \u00e9pices sont fabriqu\u00e9s en verre durable, sans plomb ni BPA, et passent au lave-vaisselle ; ils sont donc faciles \u00e0 nettoyer et peuvent \u00eatre utilis\u00e9s quotidiennement sans aucun probl\u00e8me de s\u00e9curit\u00e9.<\/li>\n<li><strong>Tailles rondes et carr\u00e9es exquises : <\/strong>Le design compact, carr\u00e9 et rond de nos mini pots \u00e0 \u00e9pices en fait non seulement les contenants parfaits pour le sucre, le sel et le poivre \u00e0 ranger sur n&#039;importe quelle \u00e9tag\u00e8re de cuisine, mais ils sont \u00e9galement esth\u00e9tiquement attrayants.<\/li>\n<li><strong>Couvercle \u00e0 vis en m\u00e9tal perfor\u00e9 :<\/strong> Il est dot\u00e9 d&#039;un bouchon \u00e0 vis en m\u00e9tal perfor\u00e9 dont les perforations sont uniform\u00e9ment r\u00e9parties afin d&#039;assurer un bon contr\u00f4le du dosage de l&#039;\u00e9pice.<\/li>\n<\/ul>\n<h2>Sp\u00e9cifications cl\u00e9s<\/h2>\n<table style=\"border-collapse: collapse; width: 80%; margin-left: auto; margin-right: auto;\" border=\"0\" width=\"603\" cellspacing=\"0\" cellpadding=\"0\">\n<tbody>\n<tr style=\"height: 13.50pt;\">\n<td style=\"height: 13.5pt; width: 54pt; text-align: center;\" width=\"72\" height=\"18\">Capacit\u00e9<\/td>\n<td style=\"width: 182.25pt; text-align: center;\" width=\"243\">Forme<\/td>\n<td style=\"width: 54pt; text-align: center;\" width=\"72\">Taille (cm)<\/td>\n<td style=\"width: 54pt; text-align: center;\" width=\"72\">Options de couleur<\/td>\n<td style=\"width: 54pt; text-align: center;\" width=\"72\">Type de couvercle<\/td>\n<td style=\"width: 54pt; text-align: center;\" width=\"72\">Usage<\/td>\n<\/tr>\n<tr style=\"height: 13.50pt;\">\n<td style=\"height: 13.5pt; text-align: center;\" height=\"18\">10 ml<\/td>\n<td class=\"et2\" style=\"text-align: center;\" rowspan=\"2\">Rond, Carr\u00e9<\/td>\n<td style=\"text-align: center;\">2,9 x 4,1<\/td>\n<td class=\"et2\" style=\"text-align: center;\" rowspan=\"2\">Clair, Accepter la personnalisation<\/td>\n<td class=\"et2\" style=\"text-align: center;\" rowspan=\"2\">Acier inoxydable<\/td>\n<td class=\"et2\" style=\"text-align: center;\" rowspan=\"2\">Emballez le poivre en poudre, le piment en poudre, le bouillon de poulet, le sel, etc.<\/td>\n<\/tr>\n<tr style=\"height: 13.50pt;\">\n<td style=\"height: 13.5pt; text-align: center;\" height=\"18\">15 ml<\/td>\n<td style=\"text-align: center;\">3,1 x 4,6<\/td>\n<\/tr>\n<\/tbody>\n<\/table>\n<h2>Succ\u00e8s commercial : Un best-seller d&#039;un d\u00e9taillant japonais<\/h2>\n<p>Un d\u00e9taillant japonais a choisi nos ensembles de mini pots \u00e0 \u00e9pices en deux formes et les a personnalis\u00e9s avec une finition mate l\u00e9g\u00e8re. L&#039;esth\u00e9tique de l&#039;ensemble a permis d&#039;atteindre un taux de vente de 60 % d\u00e8s le premier mois de commercialisation, et les r\u00e9clamations concernant les couvercles bouch\u00e9s ont diminu\u00e9 de 55 %. Le d\u00e9taillant, enchant\u00e9 par le produit, a pass\u00e9 une commande suppl\u00e9mentaire de 300\u00a0000 ensembles pour ses points de vente \u00e0 travers le pays et sa nouvelle plateforme de vente en ligne d&#039;articles pour la maison.<\/p>\n<h2>Votre guide de personnalisation<\/h2>\n<ol>\n<li><strong>Gravure et logo personnalis\u00e9s :<\/strong> La gravure laser de logos de marques ou de noms d&#039;\u00e9pices sur les bouchons de bouteilles en acier inoxydable conf\u00e8re \u00e0 chaque bouteille un aspect unique qui contribue \u00e0 renforcer la reconnaissance et l&#039;identit\u00e9 de la marque.<\/li>\n<li><strong>Diff\u00e9rents orifices pour le dosage\u00a0:<\/strong> En modifiant la taille et le nombre d&#039;orifices de dosage pour diff\u00e9rentes \u00e9pices (poudre, granul\u00e9s, herbes), on peut \u00eatre s\u00fbr que la distribution sera fluide et sans aucun blocage.<\/li>\n<li><strong>D\u00e9coration de contenants :<\/strong> Outre le marquage avec des logos de marque ou l&#039;impression des \u00e9tiquettes d&#039;\u00e9pices par s\u00e9rigraphie ou marquage \u00e0 chaud, les articles en verre sont plus attrayants pour les clients dans les ventes au d\u00e9tail.<\/li>\n<\/ol>","protected":false},"excerpt":{"rendered":"<p>Mini pots \u00e0 \u00e9pices polyvalents, compacts et munis de couvercles saupoudreurs. Ensemble pratique pour le sel, le poivre et les herbes. Remises pour les grossistes disponibles.<\/p>","protected":false},"featured_media":23388,"template":"","meta":[],"product_brand":[],"product_cat":[122,124,128],"product_tag":[],"class_list":{"0":"post-23384","1":"product","2":"type-product","3":"status-publish","4":"has-post-thumbnail","6":"product_cat-custom-glass-packaging","7":"product_cat-custom-glass-jars","8":"product_cat-spice-jars","10":"first","11":"instock","12":"shipping-taxable","13":"product-type-simple"},"jetpack_sharing_enabled":true,"_links":{"self":[{"href":"https:\/\/yebodaglass.com\/fr\/wp-json\/wp\/v2\/product\/23384","targetHints":{"allow":["GET"]}}],"collection":[{"href":"https:\/\/yebodaglass.com\/fr\/wp-json\/wp\/v2\/product"}],"about":[{"href":"https:\/\/yebodaglass.com\/fr\/wp-json\/wp\/v2\/types\/product"}],"version-history":[{"count":5,"href":"https:\/\/yebodaglass.com\/fr\/wp-json\/wp\/v2\/product\/23384\/revisions"}],"predecessor-version":[{"id":25512,"href":"https:\/\/yebodaglass.com\/fr\/wp-json\/wp\/v2\/product\/23384\/revisions\/25512"}],"wp:featuredmedia":[{"embeddable":true,"href":"https:\/\/yebodaglass.com\/fr\/wp-json\/wp\/v2\/media\/23388"}],"wp:attachment":[{"href":"https:\/\/yebodaglass.com\/fr\/wp-json\/wp\/v2\/media?parent=23384"}],"wp:term":[{"taxonomy":"product_brand","embeddable":true,"href":"https:\/\/yebodaglass.com\/fr\/wp-json\/wp\/v2\/product_brand?post=23384"},{"taxonomy":"product_cat","embeddable":true,"href":"https:\/\/yebodaglass.com\/fr\/wp-json\/wp\/v2\/product_cat?post=23384"},{"taxonomy":"product_tag","embeddable":true,"href":"https:\/\/yebodaglass.com\/fr\/wp-json\/wp\/v2\/product_tag?post=23384"}],"curies":[{"name":"wp","href":"https:\/\/api.w.org\/{rel}","templated":true}]}}