{"id":23381,"date":"2025-11-07T14:43:19","date_gmt":"2025-11-07T06:43:19","guid":{"rendered":"https:\/\/yebodaglass.com\/?post_type=product&#038;p=23381"},"modified":"2025-11-07T17:15:14","modified_gmt":"2025-11-07T09:15:14","slug":"wholesale-clear-glass-condiment-bottles-for-sauces-150ml-500ml","status":"publish","type":"product","link":"https:\/\/yebodaglass.com\/fr\/wholesale-clear-glass-condiment-bottles-for-sauces-150ml-500ml\/","title":{"rendered":"Bouteilles \u00e0 condiments en verre transparent en gros pour sauces, 150 ml \u2013 500 ml"},"content":{"rendered":"<p>Ces flacons \u00e0 condiments en verre sont d&#039;une transparence remarquable, fabriqu\u00e9s en verre clair, et leur aspect est tout simplement superbe. Leur attrait r\u00e9side notamment dans la vari\u00e9t\u00e9 des formes propos\u00e9es\u00a0: coniques ou textur\u00e9es, elles r\u00e9v\u00e8lent parfaitement la couleur de la sauce.<\/p>\n<h2>Caract\u00e9ristiques du produit<\/h2>\n<ul>\n<li><strong>Diversit\u00e9 des mod\u00e8les de bouteilles :<\/strong> Un m\u00e9lange de formes de bouteilles, comme des bouteilles coniques et textur\u00e9es, aux contours \u00e9l\u00e9gants, rehausse l&#039;attrait visuel du produit et la notori\u00e9t\u00e9 de la marque.<\/li>\n<li><strong>Plusieurs tailles prises en charge\u00a0:<\/strong> Disponible en plusieurs tailles, il permet de r\u00e9pondre \u00e0 diff\u00e9rents besoins en termes de capacit\u00e9, convenant ainsi \u00e0 un usage familial quotidien et au portionnement des repas.<\/li>\n<li><strong>Durable et robuste :<\/strong> Les parois en verre \u00e9pais ont \u00e9t\u00e9 con\u00e7ues avec une grande g\u00e9n\u00e9rosit\u00e9 pour maintenir fermement les bouteilles face \u00e0 la pression de la cha\u00eene de remplissage et aux al\u00e9as du transport.<\/li>\n<\/ul>\n<h2 style=\"text-align: left;\">Sp\u00e9cifications cl\u00e9s<\/h2>\n<table class=\"aligncenter\" style=\"border-collapse: collapse; width: 580.52pt;\" border=\"0\" width=\"774\" cellspacing=\"0\" cellpadding=\"0\">\n<tbody>\n<tr style=\"height: 13.50pt;\">\n<td style=\"height: 13.50pt; width: 127.50pt;\" width=\"170\" height=\"18\">Fonctionnalit\u00e9<\/td>\n<td style=\"width: 453.00pt;\" width=\"604\">Sp\u00e9cification<\/td>\n<\/tr>\n<tr style=\"height: 13.50pt;\">\n<td style=\"height: 13.50pt;\" height=\"18\">Capacit\u00e9s<\/td>\n<td>150 ml \/ 200 ml \/ 250 ml \/ 300 ml \/ 400 ml \/ 500 ml<\/td>\n<\/tr>\n<tr style=\"height: 13.50pt;\">\n<td style=\"height: 13.50pt;\" height=\"18\">Dimensions (D\u00d7H)<\/td>\n<td>5,5 \u00d7 17,5 cm \/ 6 \u00d7 18,5 cm \/ 6 \u00d7 22 cm \/ 7 \u00d7 22,5 cm \/ 7 \u00d7 24 cm \/ 7,5 \u00d7 26 cm<\/td>\n<\/tr>\n<tr style=\"height: 13.50pt;\">\n<td style=\"height: 13.50pt;\" height=\"18\">Mat\u00e9riel<\/td>\n<td>Stout en verre transparent, de qualit\u00e9 alimentaire, sans plomb<\/td>\n<\/tr>\n<tr style=\"height: 13.50pt;\">\n<td style=\"height: 13.50pt;\" height=\"18\">Fermeture incluse<\/td>\n<td>Bouteille de sauce avec bouchon \u00e0 vis noir (autres couleurs disponibles)<\/td>\n<\/tr>\n<tr style=\"height: 13.50pt;\">\n<td style=\"height: 13.50pt;\" height=\"18\">Id\u00e9al pour<\/td>\n<td>Sauce piquante, sauce tomate, vinaigrette, sauce aux hu\u00eetres<\/td>\n<\/tr>\n<\/tbody>\n<\/table>\n<h2>Simplifier une gamme de produits diversifi\u00e9e\u00a0: l\u2019histoire d\u2019un fabricant de produits alimentaires sp\u00e9cialis\u00e9s qui a r\u00e9ussi.<\/h2>\n<p>Une marque de produits alimentaires sp\u00e9cialis\u00e9s utilisait diff\u00e9rents types de bouteilles pour ses 12 saveurs, ce qui engendrait des probl\u00e8mes de gestion des stocks et des \u00e9tiquettes. Elle a regroup\u00e9 toutes ses gammes de produits dans les bouteilles en verre de 250 ml et 500 ml que nous lui avons fournies. Gr\u00e2ce \u00e0 cette standardisation, elle a pu r\u00e9duire son stock d&#039;emballages de 40 % et acc\u00e9l\u00e9rer la gestion des \u00e9tiquettes de 25 %. L&#039;harmonisation des emballages a non seulement renforc\u00e9 son image de marque, mais a \u00e9galement permis d&#039;augmenter ses ventes de 35 % d\u00e8s la premi\u00e8re ann\u00e9e. Tr\u00e8s satisfaite des r\u00e9sultats, elle passe d\u00e9sormais des commandes trimestrielles de plus de 300\u00a0000 unit\u00e9s.<\/p>\n<h2>Id\u00e9es de personnalisation pour les flacons \u00e0 condiments en verre<\/h2>\n<ul>\n<li><strong>Profil de bouteille personnalis\u00e9\u00a0:<\/strong> Modifiez la courbe de la taille ou des \u00e9paules de la bouteille pour lui donner un contour distinctif.<\/li>\n<li><strong>Motifs de verre textur\u00e9\u00a0:<\/strong> R\u00e9alisez un motif d\u00e9licat (par exemple des lignes verticales ou des formes g\u00e9om\u00e9triques) sur la facette en verre.<\/li>\n<li><strong>Marqueurs de volume imprim\u00e9s\u00a0:<\/strong> Pour noter facilement les recettes et les mesures d&#039;assaisonnement, apposez des graduations de volume sur le verre.<\/li>\n<li><strong>Alternatives au verre color\u00e9\u00a0:<\/strong> Outre la protection contre la lumi\u00e8re, utilisez du verre ambr\u00e9 ou vert pour un effet visuel unique.<\/li>\n<\/ul>","protected":false},"excerpt":{"rendered":"<p>Bouteilles \u00e0 condiments en verre transparent aux lignes \u00e9l\u00e9gantes et aux d\u00e9tails textur\u00e9s. Bouteilles en gros pour sauces, id\u00e9ales pour la mise en valeur de votre marque et la pr\u00e9sentation de vos plats. \u00c9chantillons gratuits.<\/p>","protected":false},"featured_media":23394,"template":"","meta":[],"product_brand":[],"product_cat":[122,123,129],"product_tag":[],"class_list":{"0":"post-23381","1":"product","2":"type-product","3":"status-publish","4":"has-post-thumbnail","6":"product_cat-custom-glass-packaging","7":"product_cat-custom-glass-bottles","8":"product_cat-hot-sauce-bottles","10":"first","11":"instock","12":"shipping-taxable","13":"product-type-simple"},"jetpack_sharing_enabled":true,"_links":{"self":[{"href":"https:\/\/yebodaglass.com\/fr\/wp-json\/wp\/v2\/product\/23381","targetHints":{"allow":["GET"]}}],"collection":[{"href":"https:\/\/yebodaglass.com\/fr\/wp-json\/wp\/v2\/product"}],"about":[{"href":"https:\/\/yebodaglass.com\/fr\/wp-json\/wp\/v2\/types\/product"}],"version-history":[{"count":5,"href":"https:\/\/yebodaglass.com\/fr\/wp-json\/wp\/v2\/product\/23381\/revisions"}],"predecessor-version":[{"id":23402,"href":"https:\/\/yebodaglass.com\/fr\/wp-json\/wp\/v2\/product\/23381\/revisions\/23402"}],"wp:featuredmedia":[{"embeddable":true,"href":"https:\/\/yebodaglass.com\/fr\/wp-json\/wp\/v2\/media\/23394"}],"wp:attachment":[{"href":"https:\/\/yebodaglass.com\/fr\/wp-json\/wp\/v2\/media?parent=23381"}],"wp:term":[{"taxonomy":"product_brand","embeddable":true,"href":"https:\/\/yebodaglass.com\/fr\/wp-json\/wp\/v2\/product_brand?post=23381"},{"taxonomy":"product_cat","embeddable":true,"href":"https:\/\/yebodaglass.com\/fr\/wp-json\/wp\/v2\/product_cat?post=23381"},{"taxonomy":"product_tag","embeddable":true,"href":"https:\/\/yebodaglass.com\/fr\/wp-json\/wp\/v2\/product_tag?post=23381"}],"curies":[{"name":"wp","href":"https:\/\/api.w.org\/{rel}","templated":true}]}}