{"id":23372,"date":"2025-11-07T14:30:40","date_gmt":"2025-11-07T06:30:40","guid":{"rendered":"https:\/\/yebodaglass.com\/?post_type=product&#038;p=23372"},"modified":"2026-03-18T09:57:57","modified_gmt":"2026-03-18T01:57:57","slug":"pumpkin-shape-cute-spice-jars-with-wooden-lid-bulk","status":"publish","type":"product","link":"https:\/\/yebodaglass.com\/fr\/pumpkin-shape-cute-spice-jars-with-wooden-lid-bulk\/","title":{"rendered":"Pots \u00e0 \u00e9pices mignons en forme de citrouille de 250 ml avec couvercle en bois (vente en gros)"},"content":{"rendered":"<p>Ces adorables pots \u00e0 \u00e9pices, en verre transparent, arborent une jolie forme de citrouille orn\u00e9e de rayures verticales et mettent parfaitement en valeur vos \u00e9pices. Leurs couvercles en bois naturel sont dot\u00e9s d&#039;un porte-cuill\u00e8re int\u00e9gr\u00e9 et d&#039;un bouton assorti.<\/p>\n<h2>Caract\u00e9ristiques du produit<\/h2>\n<ul>\n<li><strong>Corps en forme de citrouille :<\/strong> Le mod\u00e8le de bouteille le plus mignon et original est celui en forme de citrouille, ray\u00e9, qui am\u00e9liore \u00e0 la fois l&#039;apparence et la prise en main.<\/li>\n<li><strong>Cuill\u00e8re doseuse int\u00e9gr\u00e9e :<\/strong> Les bocaux sont munis de leur propre cuill\u00e8re doseuse blanche int\u00e9gr\u00e9e au couvercle en bois et sont donc hygi\u00e9niques et pratiques \u00e0 utiliser.<\/li>\n<li><strong>Dimensions polyvalentes pour la cuisine et la salle \u00e0 manger\u00a0: <\/strong>Ce bocal de 250 ml est id\u00e9al pour les \u00e9pices ou les petits produits secs. Son design \u00e9l\u00e9gant s&#039;int\u00e8gre parfaitement dans toutes les cuisines et salles \u00e0 manger.<\/li>\n<\/ul>\n<h2>Sp\u00e9cifications cl\u00e9s<\/h2>\n<table style=\"border-collapse: collapse; width: 80%; margin-left: auto; margin-right: auto;\" border=\"0\" width=\"144\" cellspacing=\"0\" cellpadding=\"0\">\n<tbody>\n<tr style=\"height: 13.50pt;\">\n<td style=\"height: 13.5pt; width: 54pt; text-align: center;\" width=\"72\" height=\"18\">Fonctionnalit\u00e9<\/td>\n<td style=\"width: 54pt; text-align: center;\" width=\"72\">Sp\u00e9cification<\/td>\n<\/tr>\n<tr style=\"height: 13.50pt;\">\n<td style=\"height: 13.5pt; text-align: center;\" height=\"18\">Capacit\u00e9<\/td>\n<td style=\"text-align: center;\">250 ml<\/td>\n<\/tr>\n<tr style=\"height: 13.50pt;\">\n<td style=\"height: 13.5pt; text-align: center;\" height=\"18\">Mat\u00e9riel<\/td>\n<td style=\"text-align: center;\">Verre blanc de haute qualit\u00e9, verre r\u00e9sistant \u00e0 la chaleur<\/td>\n<\/tr>\n<tr style=\"height: 13.50pt;\">\n<td style=\"height: 13.5pt; text-align: center;\" height=\"18\">Couleur<\/td>\n<td style=\"text-align: center;\">Clair, Accepter la personnalisation<\/td>\n<\/tr>\n<tr style=\"height: 13.50pt;\">\n<td style=\"height: 13.5pt; text-align: center;\" height=\"18\">Types de couvercles<\/td>\n<td style=\"text-align: center;\">Couvercle en bambou \/ Couvercle en verre \/ Couvercle en li\u00e8ge \/ Couvercle en plastique PE<\/td>\n<\/tr>\n<tr style=\"height: 13.50pt;\">\n<td style=\"height: 13.5pt; text-align: center;\" height=\"18\">Traitement de surface<\/td>\n<td style=\"text-align: center;\">Impression s\u00e9rigraphique\/D\u00e9poli\/Autocollant\/Peinture par pulv\u00e9risation\/\u00c9tiquette, etc.<\/td>\n<\/tr>\n<\/tbody>\n<\/table>\n<h2>T\u00e9moignage de r\u00e9ussite\u00a0: Commande personnalis\u00e9e aupr\u00e8s d\u2019une \u00e9picerie du Midwest<\/h2>\n<p>Nos adorables pots \u00e0 \u00e9pices ont \u00e9t\u00e9 s\u00e9lectionn\u00e9s par une cha\u00eene d&#039;\u00e9piceries du Midwest, qui les a personnalis\u00e9s avec du verre ambr\u00e9 l\u00e9g\u00e8rement d\u00e9poli et un couvercle en \u00e9rable orn\u00e9 d&#039;un motif de feuilles d\u00e9coup\u00e9 au laser. Le succ\u00e8s a \u00e9t\u00e9 imm\u00e9diat\u00a0: le design original et raffin\u00e9 de l&#039;emballage cadeau a permis \u00e0 la cha\u00eene de les partager sur les r\u00e9seaux sociaux avec ses clients, avec une augmentation de 300\u00a0%. Ce succ\u00e8s s&#039;explique notamment par la cuill\u00e8re int\u00e9gr\u00e9e, un argument de vente majeur\u00a0: les enqu\u00eates aupr\u00e8s des clients ont r\u00e9v\u00e9l\u00e9 que 90\u00a0% d&#039;entre eux la trouvaient tr\u00e8s pratique. Forts de ce succ\u00e8s, ils ont command\u00e9 400\u00a0000 pots \u00e0 \u00e9pices suppl\u00e9mentaires pour leur coffret cadeau \u00ab\u00a0Cuisine de Ferme\u00a0\u00bb et leur propre gamme d&#039;ingr\u00e9dients pour la p\u00e2tisserie.<\/p>\n<h2>Guide de personnalisation des contenants de rangement pour \u00e9pices<\/h2>\n<ol>\n<li><strong>Meilleure conception du verre\u00a0:<\/strong> Choisissez une texture ondul\u00e9e, une ligne droite ou une finition givr\u00e9e pour une profondeur visuelle originale et une prise en main s\u00fbre.<\/li>\n<li><strong>Cuill\u00e8res et accessoires am\u00e9lior\u00e9s\u00a0:<\/strong> Vous pouvez choisir des cuill\u00e8res en bambou, en verre ou en acier inoxydable, et, en plus, vous pouvez ajouter les supports de rangement assortis pour sublimer l&#039;ensemble.<\/li>\n<li><strong>Couleur et capacit\u00e9 au choix\u00a0:<\/strong> Des verres de couleurs transparentes, ambr\u00e9es ou roses sont disponibles, ainsi que des capacit\u00e9s allant de 100 ml \u00e0 300 ml, offrant ainsi la possibilit\u00e9 de stocker des pots \u00e0 condiments de diff\u00e9rentes tailles.<\/li>\n<\/ol>","protected":false},"excerpt":{"rendered":"<p>Adorables pots \u00e0 \u00e9pices en forme de citrouille avec couvercles en bois. Pratiques, ils contiennent une cuill\u00e8re doseuse pour le sel, le sucre et les \u00e9pices. \u00c9chantillons gratuits.<\/p>","protected":false},"featured_media":23373,"template":"","meta":[],"product_brand":[],"product_cat":[122,124,128],"product_tag":[],"class_list":{"0":"post-23372","1":"product","2":"type-product","3":"status-publish","4":"has-post-thumbnail","6":"product_cat-custom-glass-packaging","7":"product_cat-custom-glass-jars","8":"product_cat-spice-jars","10":"first","11":"instock","12":"shipping-taxable","13":"product-type-simple"},"jetpack_sharing_enabled":true,"_links":{"self":[{"href":"https:\/\/yebodaglass.com\/fr\/wp-json\/wp\/v2\/product\/23372","targetHints":{"allow":["GET"]}}],"collection":[{"href":"https:\/\/yebodaglass.com\/fr\/wp-json\/wp\/v2\/product"}],"about":[{"href":"https:\/\/yebodaglass.com\/fr\/wp-json\/wp\/v2\/types\/product"}],"version-history":[{"count":5,"href":"https:\/\/yebodaglass.com\/fr\/wp-json\/wp\/v2\/product\/23372\/revisions"}],"predecessor-version":[{"id":25493,"href":"https:\/\/yebodaglass.com\/fr\/wp-json\/wp\/v2\/product\/23372\/revisions\/25493"}],"wp:featuredmedia":[{"embeddable":true,"href":"https:\/\/yebodaglass.com\/fr\/wp-json\/wp\/v2\/media\/23373"}],"wp:attachment":[{"href":"https:\/\/yebodaglass.com\/fr\/wp-json\/wp\/v2\/media?parent=23372"}],"wp:term":[{"taxonomy":"product_brand","embeddable":true,"href":"https:\/\/yebodaglass.com\/fr\/wp-json\/wp\/v2\/product_brand?post=23372"},{"taxonomy":"product_cat","embeddable":true,"href":"https:\/\/yebodaglass.com\/fr\/wp-json\/wp\/v2\/product_cat?post=23372"},{"taxonomy":"product_tag","embeddable":true,"href":"https:\/\/yebodaglass.com\/fr\/wp-json\/wp\/v2\/product_tag?post=23372"}],"curies":[{"name":"wp","href":"https:\/\/api.w.org\/{rel}","templated":true}]}}