{"id":23360,"date":"2025-11-07T13:39:54","date_gmt":"2025-11-07T05:39:54","guid":{"rendered":"https:\/\/yebodaglass.com\/?post_type=product&#038;p=23360"},"modified":"2026-03-16T15:54:12","modified_gmt":"2026-03-16T07:54:12","slug":"clear-glass-spice-shaker-jars-with-hourglass-bulk","status":"publish","type":"product","link":"https:\/\/yebodaglass.com\/fr\/produit\/clear-glass-spice-shaker-jars-with-hourglass-bulk\/","title":{"rendered":"Pots \u00e0 \u00e9pices en verre transparent de 85 ml avec sablier (en gros)"},"content":{"rendered":"<p>Ces pots \u00e0 \u00e9pices sont uniques en leur genre\u00a0: leur forme de sablier et leur design conique facilitent la prise en main, le m\u00e9lange et m\u00eame l\u2019inclinaison. Ils sont munis de couvercles \u00e0 clapet color\u00e9s ou de couvercles m\u00e9talliques pour une utilisation optimale.<\/p>\n<h2>Caract\u00e9ristiques du produit<\/h2>\n<ul>\n<li><strong>Conception ergonomique en forme de sablier\u00a0:<\/strong> Le sablier conique offre une prise en main confortable et stable, permettant de le secouer et de contr\u00f4ler facilement le versement.<\/li>\n<li><strong>Verre haute visibilit\u00e9\u00a0:<\/strong> Gr\u00e2ce \u00e0 la transparence du verre, on peut voir d&#039;un coup d&#039;\u0153il le contenu, la couleur et la quantit\u00e9 du liquide contenu dans la bouteille.<\/li>\n<li><strong>Choix vari\u00e9s de casquettes\u00a0:<\/strong> Choisissez des bouchons en plastique de couleur vive, faciles \u00e0 ouvrir et facilement accessibles, ou des bouchons m\u00e9talliques \u00e0 vis qui garantissent une conservation herm\u00e9tique.<\/li>\n<\/ul>\n<h2>Sp\u00e9cifications cl\u00e9s<\/h2>\n<table style=\"border-collapse: collapse; width: 80%; margin-left: auto; margin-right: auto;\" border=\"0\" width=\"144\" cellspacing=\"0\" cellpadding=\"0\">\n<tbody>\n<tr style=\"height: 13.50pt;\">\n<td style=\"height: 13.5pt; width: 54pt; text-align: center;\" width=\"72\" height=\"18\">Fonctionnalit\u00e9<\/td>\n<td style=\"width: 54pt; text-align: center;\" width=\"72\">Sp\u00e9cification<\/td>\n<\/tr>\n<tr style=\"height: 13.50pt;\">\n<td style=\"height: 13.5pt; text-align: center;\" height=\"18\">Capacit\u00e9<\/td>\n<td style=\"text-align: center;\">85 ml<\/td>\n<\/tr>\n<tr style=\"height: 13.50pt;\">\n<td style=\"height: 13.5pt; text-align: center;\" height=\"18\">Taille<\/td>\n<td style=\"text-align: center;\">5 x 10 cm<\/td>\n<\/tr>\n<tr style=\"height: 13.50pt;\">\n<td style=\"height: 13.5pt; text-align: center;\" height=\"18\">Couleur<\/td>\n<td style=\"text-align: center;\">Clair, personnalis\u00e9<\/td>\n<\/tr>\n<tr style=\"height: 13.50pt;\">\n<td style=\"height: 13.5pt; text-align: center;\" height=\"18\">Couvercles<\/td>\n<td style=\"text-align: center;\">Bouchon \u00e0 vis papillon<\/td>\n<\/tr>\n<tr style=\"height: 13.50pt;\">\n<td style=\"height: 13.5pt; text-align: center;\" height=\"18\">Usage<\/td>\n<td style=\"text-align: center;\">Herbes s\u00e9ch\u00e9es, \u00e9pices, poivre, m\u00e9langes \u00e0 frotter et bien plus encore.<\/td>\n<\/tr>\n<\/tbody>\n<\/table>\n<h2>T\u00e9moignage de r\u00e9ussite\u00a0: Une commande personnalis\u00e9e aupr\u00e8s d\u2019une entreprise europ\u00e9enne de livraison de repas<\/h2>\n<p>Notre bocal \u00e0 herbes a \u00e9t\u00e9 choisi par un g\u00e9ant europ\u00e9en de la livraison de repas, qui a personnalis\u00e9 les graduations sur le flacon. La transparence du flacon et les graduations ont am\u00e9lior\u00e9 la pr\u00e9cision des recettes suivies par les clients, qui, d&#039;apr\u00e8s leurs retours, ont particuli\u00e8rement appr\u00e9ci\u00e9 l&#039;\u00e9l\u00e9gance du flacon en verre et les graduations, garantissant un taux de r\u00e9ussite des recettes sup\u00e9rieur de 15 %. Le couvercle \u00e0 clapet s\u00e9curis\u00e9 a permis de r\u00e9duire de 25 % les r\u00e9clamations concernant le d\u00e9versement d&#039;\u00e9pices. Fort de ces excellentes performances, le g\u00e9ant a command\u00e9 un nouveau lot de 500\u00a0000 bocaux afin de r\u00e9pondre \u00e0 la demande croissante sur le march\u00e9 nord-am\u00e9ricain.<\/p>\n<h2>Recommandations de personnalisation pour les pots \u00e0 \u00e9pices<\/h2>\n<ul>\n<li>Graduations imprim\u00e9es personnalis\u00e9es\u00a0: Ajoutez de fa\u00e7on permanente des graduations imprim\u00e9es ou roul\u00e9es (cuill\u00e8re \u00e0 caf\u00e9, cuill\u00e8re \u00e0 soupe, gramme) sur le c\u00f4t\u00e9 du pot afin qu\u2019elles puissent \u00eatre utilis\u00e9es avec pr\u00e9cision dans les recettes.<\/li>\n<li>Couvercle distributeur \u00e0 double trou\u00a0: Pr\u00e9chauffer un couvercle \u00e0 deux trous, un couvercle saupoudreur \u00e0 petits trous (plusieurs petits trous)\u00a0; l\u2019autre avec des graines ou des \u00e9pices en flocons.<\/li>\n<li>Design carr\u00e9 ou rectangulaire\u00a0: Concevez des pots \u00e0 \u00e9pices carr\u00e9s ou rectangulaires peu encombrants afin d\u2019utiliser au mieux l\u2019espace disponible dans les tiroirs et sur les \u00e9tag\u00e8res.<\/li>\n<\/ul>","protected":false},"excerpt":{"rendered":"<p>Pots \u00e0 \u00e9pices transparents, \u00e0 la forme ergonomique pour une prise en main facile. Pots \u00e0 herbes transparents, parfaits pour conserver \u00e9pices et assaisonnements en cuisine. En stock, livraison rapide.<\/p>","protected":false},"featured_media":23362,"template":"","meta":[],"product_brand":[],"product_cat":[122,124,128],"product_tag":[],"class_list":{"0":"post-23360","1":"product","2":"type-product","3":"status-publish","4":"has-post-thumbnail","6":"product_cat-custom-glass-packaging","7":"product_cat-custom-glass-jars","8":"product_cat-spice-jars","10":"first","11":"instock","12":"shipping-taxable","13":"product-type-simple"},"jetpack_sharing_enabled":true,"_links":{"self":[{"href":"https:\/\/yebodaglass.com\/fr\/wp-json\/wp\/v2\/product\/23360","targetHints":{"allow":["GET"]}}],"collection":[{"href":"https:\/\/yebodaglass.com\/fr\/wp-json\/wp\/v2\/product"}],"about":[{"href":"https:\/\/yebodaglass.com\/fr\/wp-json\/wp\/v2\/types\/product"}],"version-history":[{"count":5,"href":"https:\/\/yebodaglass.com\/fr\/wp-json\/wp\/v2\/product\/23360\/revisions"}],"predecessor-version":[{"id":25459,"href":"https:\/\/yebodaglass.com\/fr\/wp-json\/wp\/v2\/product\/23360\/revisions\/25459"}],"wp:featuredmedia":[{"embeddable":true,"href":"https:\/\/yebodaglass.com\/fr\/wp-json\/wp\/v2\/media\/23362"}],"wp:attachment":[{"href":"https:\/\/yebodaglass.com\/fr\/wp-json\/wp\/v2\/media?parent=23360"}],"wp:term":[{"taxonomy":"product_brand","embeddable":true,"href":"https:\/\/yebodaglass.com\/fr\/wp-json\/wp\/v2\/product_brand?post=23360"},{"taxonomy":"product_cat","embeddable":true,"href":"https:\/\/yebodaglass.com\/fr\/wp-json\/wp\/v2\/product_cat?post=23360"},{"taxonomy":"product_tag","embeddable":true,"href":"https:\/\/yebodaglass.com\/fr\/wp-json\/wp\/v2\/product_tag?post=23360"}],"curies":[{"name":"wp","href":"https:\/\/api.w.org\/{rel}","templated":true}]}}