{"id":23351,"date":"2025-11-07T11:52:40","date_gmt":"2025-11-07T03:52:40","guid":{"rendered":"https:\/\/yebodaglass.com\/?post_type=product&#038;p=23351"},"modified":"2026-04-09T15:28:15","modified_gmt":"2026-04-09T07:28:15","slug":"square-glass-herb-jars-with-bamboo-lids-wholesale","status":"publish","type":"product","link":"https:\/\/yebodaglass.com\/fr\/square-glass-herb-jars-with-bamboo-lids-wholesale\/","title":{"rendered":"Bocaux \u00e0 herbes carr\u00e9s en verre color\u00e9 de 120 ml avec couvercles en bambou (vente en gros)"},"content":{"rendered":"<p>Ces bocaux \u00e0 herbes en verre sont hauts, carr\u00e9s, avec des angles arrondis et des bords droits. Fabriqu\u00e9s en verre \u00e9pais et transparent, ils sont munis de couvercles \u00e0 vis en bambou naturel et se d\u00e9clinent en plusieurs coloris.<\/p>\n<h2>Caract\u00e9ristiques du produit<\/h2>\n<ul>\n<li><strong>Forme rectangulaire :<\/strong> Son design rectangulaire est \u00e9pur\u00e9, il occupe moins d&#039;espace de rangement et peut \u00eatre empil\u00e9, permettant ainsi un rangement ordonn\u00e9 \u00e0 l&#039;aide d&#039;armoires ou d&#039;\u00e9tag\u00e8res.<\/li>\n<li><strong>Verre opaque multicolore\u00a0:<\/strong> Ces verres sont disponibles en quatre couleurs efficaces : bordeaux, vert fonc\u00e9, ambre et bleu roi, qui ont la capacit\u00e9 de bloquer la lumi\u00e8re, laquelle alt\u00e8re et oxyde les \u00e9pices et les produits secs, entre autres articles similaires.<\/li>\n<li><strong>Couvercles en bois naturel :<\/strong> Associ\u00e9s \u00e0 des capuchons de vis en bois naturel, le toucher naturel et l&#039;excellente \u00e9tanch\u00e9it\u00e9 conf\u00e8rent au produit une allure \u00e9cologique et lui conf\u00e8rent une qualit\u00e9 sup\u00e9rieure.<\/li>\n<\/ul>\n<h2>Sp\u00e9cifications cl\u00e9s<\/h2>\n<table style=\"border-collapse: collapse; width: 80%; margin-left: auto; margin-right: auto;\" border=\"0\" width=\"144\" cellspacing=\"0\" cellpadding=\"0\">\n<tbody>\n<tr style=\"height: 13.50pt;\">\n<td style=\"height: 13.5pt; width: 54pt; text-align: center;\" width=\"72\" height=\"18\">Fonctionnalit\u00e9<\/td>\n<td style=\"width: 54pt; text-align: center;\" width=\"72\">Sp\u00e9cification<\/td>\n<\/tr>\n<tr style=\"height: 13.50pt;\">\n<td style=\"height: 13.5pt; text-align: center;\" height=\"18\">Capacit\u00e9<\/td>\n<td style=\"text-align: center;\">120 ml (4 oz)<\/td>\n<\/tr>\n<tr style=\"height: 13.50pt;\">\n<td style=\"height: 13.5pt; text-align: center;\" height=\"18\">Mat\u00e9riel<\/td>\n<td style=\"text-align: center;\">Verre r\u00e9sistant \u2022 Forme carr\u00e9e<\/td>\n<\/tr>\n<tr style=\"height: 13.50pt;\">\n<td style=\"height: 13.5pt; text-align: center;\" height=\"18\">Couleur<\/td>\n<td style=\"text-align: center;\">Ambre, Rouge, Bleu, Vert, Personnalis\u00e9<\/td>\n<\/tr>\n<tr style=\"height: 13.50pt;\">\n<td style=\"height: 13.5pt; text-align: center;\" height=\"18\">Couvercles<\/td>\n<td style=\"text-align: center;\">Bambou, m\u00e9tal, plastique \u2022 Couvercles saupoudreurs disponibles<\/td>\n<\/tr>\n<tr style=\"height: 13.50pt;\">\n<td style=\"height: 13.5pt; text-align: center;\" height=\"18\">Personnalisation<\/td>\n<td style=\"text-align: center;\">Gravure de logo, s\u00e9rigraphie, \u00e9tiquettes\/emballages personnalis\u00e9s<\/td>\n<\/tr>\n<\/tbody>\n<\/table>\n<h2>T\u00e9moignage de r\u00e9ussite\u00a0: Commande personnalis\u00e9e aupr\u00e8s d\u2019une marque gastronomique europ\u00e9enne haut de gamme<\/h2>\n<p>La marque italienne haut de gamme a choisi nos pots \u00e0 \u00e9pices carr\u00e9s en verre ambr\u00e9 de 250 ml et a demand\u00e9, lors de sa commande officielle, des couvercles sur mesure en noyer. Ces pots personnalis\u00e9s ont donn\u00e9 d&#039;excellents r\u00e9sultats\u00a0: leur syst\u00e8me d&#039;\u00e9tanch\u00e9it\u00e9 performant a permis d&#039;augmenter la dur\u00e9e de conservation des \u00e9pices de qualit\u00e9 sup\u00e9rieure de 40\u00a0%, tandis que le verre teint\u00e9, en bloquant la lumi\u00e8re, pr\u00e9serve 25\u00a0% de leur intensit\u00e9 aromatique. Forte de ce succ\u00e8s, l&#039;entreprise a pass\u00e9 une nouvelle commande de 280\u00a0000 pots afin de soutenir sa nouvelle gamme de sels de mer aromatis\u00e9s.<\/p>\n<h2>Personnalisation de pots \u00e0 \u00e9pices carr\u00e9s en verre<\/h2>\n<ol>\n<li><strong>Options du couvercle\u00a0:<\/strong>Les diff\u00e9rentes marques peuvent proposer des couvercles en bambou, en acier inoxydable ou en aluminium avec des joints en silicone, pour s&#039;harmoniser avec leur esth\u00e9tique et pr\u00e9server la fra\u00eecheur de mani\u00e8re herm\u00e9tique.<\/li>\n<li><strong>Couleurs du verre :<\/strong>Vous pouvez opter pour diff\u00e9rentes couleurs comme le verre ambr\u00e9, bleu cobalt, vert ou transparent pour conserver diverses herbes ou \u00e9pices.<\/li>\n<li><strong>Personnalisation des \u00e9tiquettes\u00a0:<\/strong>Une identification de marque \u00e9cologique mais luxueuse peut \u00eatre obtenue par la combinaison d&#039;\u00e9tiquettes grav\u00e9es au laser ou imprim\u00e9es avec le couvercle ou le corps de la bouteille.<\/li>\n<\/ol>","protected":false},"excerpt":{"rendered":"<p>\u00c9l\u00e9gants bocaux \u00e0 \u00e9pices carr\u00e9s en verre avec couvercles en bambou, parfaits pour conserver la fra\u00eecheur de vos \u00e9pices et organiser votre cuisine. \u00c9chantillons gratuits.<\/p>","protected":false},"featured_media":23355,"template":"","meta":[],"product_brand":[],"product_cat":[128,124,122],"product_tag":[],"class_list":{"0":"post-23351","1":"product","2":"type-product","3":"status-publish","4":"has-post-thumbnail","6":"product_cat-spice-jars","7":"product_cat-custom-glass-jars","8":"product_cat-custom-glass-packaging","10":"first","11":"instock","12":"shipping-taxable","13":"product-type-simple"},"jetpack_sharing_enabled":true,"_links":{"self":[{"href":"https:\/\/yebodaglass.com\/fr\/wp-json\/wp\/v2\/product\/23351","targetHints":{"allow":["GET"]}}],"collection":[{"href":"https:\/\/yebodaglass.com\/fr\/wp-json\/wp\/v2\/product"}],"about":[{"href":"https:\/\/yebodaglass.com\/fr\/wp-json\/wp\/v2\/types\/product"}],"version-history":[{"count":5,"href":"https:\/\/yebodaglass.com\/fr\/wp-json\/wp\/v2\/product\/23351\/revisions"}],"predecessor-version":[{"id":25696,"href":"https:\/\/yebodaglass.com\/fr\/wp-json\/wp\/v2\/product\/23351\/revisions\/25696"}],"wp:featuredmedia":[{"embeddable":true,"href":"https:\/\/yebodaglass.com\/fr\/wp-json\/wp\/v2\/media\/23355"}],"wp:attachment":[{"href":"https:\/\/yebodaglass.com\/fr\/wp-json\/wp\/v2\/media?parent=23351"}],"wp:term":[{"taxonomy":"product_brand","embeddable":true,"href":"https:\/\/yebodaglass.com\/fr\/wp-json\/wp\/v2\/product_brand?post=23351"},{"taxonomy":"product_cat","embeddable":true,"href":"https:\/\/yebodaglass.com\/fr\/wp-json\/wp\/v2\/product_cat?post=23351"},{"taxonomy":"product_tag","embeddable":true,"href":"https:\/\/yebodaglass.com\/fr\/wp-json\/wp\/v2\/product_tag?post=23351"}],"curies":[{"name":"wp","href":"https:\/\/api.w.org\/{rel}","templated":true}]}}