{"id":23307,"date":"2025-11-06T14:24:09","date_gmt":"2025-11-06T06:24:09","guid":{"rendered":"https:\/\/yebodaglass.com\/?post_type=product&#038;p=23307"},"modified":"2025-11-06T16:53:42","modified_gmt":"2025-11-06T08:53:42","slug":"custom-textured-bbq-sauce-bottles-for-canning","status":"publish","type":"product","link":"https:\/\/yebodaglass.com\/fr\/custom-textured-bbq-sauce-bottles-for-canning\/","title":{"rendered":"Bouteilles de sauce barbecue textur\u00e9es personnalis\u00e9es pour la mise en conserve 375 ml 500 ml"},"content":{"rendered":"<p>Ces bouteilles de sauce barbecue sont dot\u00e9es d&#039;un corps en verre robuste, lourd, transparent et textur\u00e9 horizontalement, qui offre non seulement une bonne prise en main et une sensation haut de gamme, mais allie \u00e9galement style et fonctionnalit\u00e9.<\/p>\n<h2>Caract\u00e9ristiques du produit<\/h2>\n<ul>\n<li><strong>Meilleure prise en main :<\/strong> Gr\u00e2ce \u00e0 sa texture horizontale, l&#039;utilisateur b\u00e9n\u00e9ficie d&#039;une prise en main ferme et antid\u00e9rapante, ce qui rend la manipulation et le versement plus s\u00fbrs et plus pratiques.<\/li>\n<li><strong>Verre transparent :<\/strong> Le r\u00e9cipient en verre transparent permet aux utilisateurs de v\u00e9rifier visuellement la couleur ainsi que la quantit\u00e9 de sauce restante.<\/li>\n<li><strong>Deux tailles au choix\u00a0:<\/strong> Ce produit est propos\u00e9 en deux tailles diff\u00e9rentes pour r\u00e9pondre \u00e0 diff\u00e9rents besoins, ce qui le rend parfaitement adapt\u00e9 \u00e0 un usage familial quotidien, au portionnement des repas, etc.<\/li>\n<\/ul>\n<h2 style=\"text-align: left;\">Sp\u00e9cifications cl\u00e9s<\/h2>\n<table class=\"aligncenter\" style=\"border-collapse: collapse; width: 462.77pt;\" border=\"0\" width=\"617\" cellspacing=\"0\" cellpadding=\"0\">\n<tbody>\n<tr style=\"height: 13.50pt;\">\n<td style=\"height: 13.50pt; width: 116.25pt;\" width=\"155\" height=\"18\">Fonctionnalit\u00e9<\/td>\n<td style=\"width: 346.50pt;\" width=\"462\">Sp\u00e9cification<\/td>\n<\/tr>\n<tr style=\"height: 13.50pt;\">\n<td style=\"height: 13.50pt;\" height=\"18\">Capacit\u00e9s<\/td>\n<td>375 ml, 500 ml<\/td>\n<\/tr>\n<tr style=\"height: 13.50pt;\">\n<td style=\"height: 13.50pt;\" height=\"18\">Taille de l&#039;emballage<\/td>\n<td>20 \u00d7 15 \u00d7 15 cm (identique pour les deux tailles)<\/td>\n<\/tr>\n<tr style=\"height: 13.50pt;\">\n<td style=\"height: 13.50pt;\" height=\"18\">Forme<\/td>\n<td>Bouteille robuste \u00e0 texture verticale<\/td>\n<\/tr>\n<tr style=\"height: 13.50pt;\">\n<td style=\"height: 13.50pt;\" height=\"18\">Mat\u00e9riel<\/td>\n<td>Stout en verre transparent, de qualit\u00e9 alimentaire, sans plomb<\/td>\n<\/tr>\n<tr style=\"height: 13.50pt;\">\n<td style=\"height: 13.50pt;\" height=\"18\">Options de fermeture<\/td>\n<td>Fermeture \u00e0 vis noire, dor\u00e9e ou personnalis\u00e9e<\/td>\n<\/tr>\n<tr style=\"height: 13.50pt;\">\n<td style=\"height: 13.50pt;\" height=\"18\">Id\u00e9al pour<\/td>\n<td>Sauce piquante, vinaigrette, sauce tomate<\/td>\n<\/tr>\n<tr style=\"height: 13.50pt;\">\n<td style=\"height: 13.50pt;\" height=\"18\">Utilisation id\u00e9ale<\/td>\n<td>Bouteilles de sauce barbecue, bouteilles de sauce piquante en vrac pour la mise en conserve<\/td>\n<\/tr>\n<\/tbody>\n<\/table>\n<h2>\u00c9tude de cas : Comment la texture a jou\u00e9 un r\u00f4le majeur dans le positionnement du produit<\/h2>\n<p>Une entreprise de condiments, sp\u00e9cialis\u00e9e dans la fabrication artisanale de sauces barbecue destin\u00e9es exclusivement au march\u00e9 am\u00e9ricain, a opt\u00e9 pour ce design de bouteille textur\u00e9e pour sa gamme phare. Gr\u00e2ce \u00e0 l&#039;aspect haut de gamme et \u00e0 une meilleure prise en main, le prix a augment\u00e9 de 25 %, tandis que les cas de casse pendant le transport ont diminu\u00e9 de 40 %. Ainsi, au premier semestre, l&#039;exp\u00e9rience tactile offerte par le produit a entra\u00een\u00e9 une hausse des ventes de 35 %, confirm\u00e9e par ses partenaires distributeurs. Tous les deux mois, l&#039;entreprise commande 200\u00a0000 bouteilles, tous formats confondus.<\/p>\n<h2>Conseils de personnalisation de bouteilles<\/h2>\n<ul>\n<li><strong>Couleur de casquette personnalis\u00e9e\u00a0:<\/strong> Outre le dor\u00e9 et le noir, vous pouvez choisir la couleur du bouchon qui correspond \u00e0 la couleur de votre marque.<\/li>\n<li><strong>Choix de couleurs pour le verre\u00a0:<\/strong> Outre les motifs textur\u00e9s, la soci\u00e9t\u00e9 propose en option une bouteille en verre ambr\u00e9 ou vert pour prot\u00e9ger de la lumi\u00e8re.<\/li>\n<li><strong>Gaufrage du logo de la marque\u00a0:<\/strong> Pour une image de marque plus subtile, apposez votre logo en l&#039;incorporant en relief dans le motif textur\u00e9.<\/li>\n<li><strong>Variation de la finition de la texture\u00a0:<\/strong> Vous pouvez choisir une finition textur\u00e9e plus ou moins profonde selon que vous souhaitiez une meilleure adh\u00e9rence ou un effet de texture douce.<\/li>\n<\/ul>","protected":false},"excerpt":{"rendered":"<p>Bouteilles de sauce piquante haut de gamme, id\u00e9ales pour la mise en conserve, avec une \u00e9l\u00e9gante texture en verre. Bouteilles parfaites pour les sauces barbecue, pour les petites marques ou les restaurants. \u00c9chantillons gratuits.<\/p>","protected":false},"featured_media":23310,"template":"","meta":[],"product_brand":[],"product_cat":[123,122,129],"product_tag":[],"class_list":{"0":"post-23307","1":"product","2":"type-product","3":"status-publish","4":"has-post-thumbnail","6":"product_cat-custom-glass-bottles","7":"product_cat-custom-glass-packaging","8":"product_cat-hot-sauce-bottles","10":"first","11":"instock","12":"shipping-taxable","13":"product-type-simple"},"jetpack_sharing_enabled":true,"_links":{"self":[{"href":"https:\/\/yebodaglass.com\/fr\/wp-json\/wp\/v2\/product\/23307","targetHints":{"allow":["GET"]}}],"collection":[{"href":"https:\/\/yebodaglass.com\/fr\/wp-json\/wp\/v2\/product"}],"about":[{"href":"https:\/\/yebodaglass.com\/fr\/wp-json\/wp\/v2\/types\/product"}],"version-history":[{"count":5,"href":"https:\/\/yebodaglass.com\/fr\/wp-json\/wp\/v2\/product\/23307\/revisions"}],"predecessor-version":[{"id":23326,"href":"https:\/\/yebodaglass.com\/fr\/wp-json\/wp\/v2\/product\/23307\/revisions\/23326"}],"wp:featuredmedia":[{"embeddable":true,"href":"https:\/\/yebodaglass.com\/fr\/wp-json\/wp\/v2\/media\/23310"}],"wp:attachment":[{"href":"https:\/\/yebodaglass.com\/fr\/wp-json\/wp\/v2\/media?parent=23307"}],"wp:term":[{"taxonomy":"product_brand","embeddable":true,"href":"https:\/\/yebodaglass.com\/fr\/wp-json\/wp\/v2\/product_brand?post=23307"},{"taxonomy":"product_cat","embeddable":true,"href":"https:\/\/yebodaglass.com\/fr\/wp-json\/wp\/v2\/product_cat?post=23307"},{"taxonomy":"product_tag","embeddable":true,"href":"https:\/\/yebodaglass.com\/fr\/wp-json\/wp\/v2\/product_tag?post=23307"}],"curies":[{"name":"wp","href":"https:\/\/api.w.org\/{rel}","templated":true}]}}