{"id":23286,"date":"2025-11-05T17:28:17","date_gmt":"2025-11-05T09:28:17","guid":{"rendered":"https:\/\/yebodaglass.com\/?post_type=product&#038;p=23286"},"modified":"2026-03-18T16:18:23","modified_gmt":"2026-03-18T08:18:23","slug":"200ml-spherical-glass-spices-jar-with-grinder-bulk","status":"publish","type":"product","link":"https:\/\/yebodaglass.com\/fr\/200ml-spherical-glass-spices-jar-with-grinder-bulk\/","title":{"rendered":"Pot \u00e0 \u00e9pices sph\u00e9rique en verre de 200 ml avec broyeur int\u00e9gr\u00e9 (vente en gros)"},"content":{"rendered":"<p>Le pot \u00e0 \u00e9pices poss\u00e8de un corps exclusif en verre sph\u00e9rique et transparent, ainsi qu&#039;une \u00e9l\u00e9gante t\u00eate de broyage en acier inoxydable, permettant un broyage manuel.<\/p>\n<h2>Caract\u00e9ristiques du produit<\/h2>\n<ul>\n<li><strong>Bocal sph\u00e9rique en verre transparent :<\/strong> Le bocal en verre est un bocal sph\u00e9rique et transparent qui offre une superbe pr\u00e9sentation visuelle, mettant magnifiquement en valeur toutes les \u00e9pices qu&#039;il contient et refl\u00e9tant le go\u00fbt du pharmacien.<\/li>\n<li><strong>Broyeur int\u00e9gr\u00e9 en acier inoxydable\u00a0:<\/strong> Le c\u00f4ne m\u00e9tallique est dot\u00e9 d&#039;un broyeur int\u00e9gr\u00e9, et les \u00e9pices fra\u00eeches peuvent \u00eatre moulues d&#039;un simple tour de main.<\/li>\n<li><strong>Mat\u00e9riau : acier inoxydable<\/strong> Le c\u00f4ne et le capuchon en m\u00e9tal bross\u00e9 sont fabriqu\u00e9s \u00e0 partir de m\u00e9taux durables, faciles \u00e0 nettoyer et r\u00e9sistants \u00e0 la corrosion.<\/li>\n<\/ul>\n<h2>Sp\u00e9cifications cl\u00e9s<\/h2>\n<table style=\"border-collapse: collapse; width: 80%; margin-left: auto; margin-right: auto;\" border=\"0\" width=\"144\" cellspacing=\"0\" cellpadding=\"0\">\n<tbody>\n<tr style=\"height: 13.50pt;\">\n<td style=\"height: 13.5pt; width: 54pt; text-align: center;\" width=\"72\" height=\"18\">Capacit\u00e9<\/td>\n<td style=\"width: 54pt; text-align: center;\" width=\"72\">200 ml<\/td>\n<\/tr>\n<tr style=\"height: 13.50pt;\">\n<td style=\"height: 13.5pt; text-align: center;\" height=\"18\">Taille (cm)<\/td>\n<td style=\"text-align: center;\">8.0 * 12.5<\/td>\n<\/tr>\n<tr style=\"height: 13.50pt;\">\n<td style=\"height: 13.5pt; text-align: center;\" height=\"18\">Forme<\/td>\n<td style=\"text-align: center;\">Rond<\/td>\n<\/tr>\n<tr style=\"height: 13.50pt;\">\n<td style=\"height: 13.5pt; text-align: center;\" height=\"18\">Accessoire<\/td>\n<td style=\"text-align: center;\">Bouchon broyeur<\/td>\n<\/tr>\n<tr style=\"height: 13.50pt;\">\n<td style=\"height: 13.5pt; text-align: center;\" height=\"18\">Usage<\/td>\n<td style=\"text-align: center;\">Poivre noir ou sel marin, etc.<\/td>\n<\/tr>\n<\/tbody>\n<\/table>\n<h2>Histoire \u00e0 succ\u00e8s<\/h2>\n<p>L&#039;un de nos mod\u00e8les de pots \u00e0 \u00e9pices a \u00e9t\u00e9 s\u00e9lectionn\u00e9 par une \u00e9picerie fine du Nord-Ouest Pacifique, qui a appos\u00e9 un logo sabl\u00e9 sur le c\u00f4ne en acier. Ce programme a donn\u00e9 d&#039;excellents r\u00e9sultats\u00a0: les ventes de poivre en grains et de sel marin pr\u00e9emball\u00e9s ont augment\u00e9 de 40\u00a0% par rapport aux produits en sachets. Les retours dus aux dysfonctionnements des moulins ont \u00e9t\u00e9 quasiment \u00e9limin\u00e9s. Fort de ce succ\u00e8s, le magasin a command\u00e9 une nouvelle livraison de 600\u00a0000 pots afin d&#039;y introduire de nouveaux produits comme de l&#039;ail de qualit\u00e9 et du paprika fum\u00e9 en poudre.<\/p>\n<h2>Personnalisation de\u00a0<strong>bocaux \u00e0 \u00e9pices en verre<\/strong><\/h2>\n<ol>\n<li><strong>Mat\u00e9riaux des composants de broyage\u00a0:<\/strong> Choisissez entre la c\u00e9ramique d&#039;alumine et l&#039;acier inoxydable en fonction du type d&#039;\u00e9pices que vous utilisez.<\/li>\n<li><strong>Formes et motifs :<\/strong> Modifiez la forme du broyeur pour qu&#039;elle corresponde \u00e0 votre style ou \u00e0 celui de votre cuisine, par exemple, ronde, carr\u00e9e ou conique.<\/li>\n<li><strong>Motifs et couleurs :<\/strong> D\u00e9corez avec des logos, des motifs ou des couleurs pour une apparence unique.<\/li>\n<\/ol>","protected":false},"excerpt":{"rendered":"<p>\u00c9l\u00e9gants pots \u00e0 \u00e9pices en verre avec couvercle broyeur en acier inoxydable, parfaits pour conserver et moudre poivre, sel ou herbes. Un choix de pots \u00e0 \u00e9pices \u00e0 la fois durable et raffin\u00e9.<\/p>","protected":false},"featured_media":23287,"template":"","meta":[],"product_brand":[],"product_cat":[128,124,122],"product_tag":[],"class_list":{"0":"post-23286","1":"product","2":"type-product","3":"status-publish","4":"has-post-thumbnail","6":"product_cat-spice-jars","7":"product_cat-custom-glass-jars","8":"product_cat-custom-glass-packaging","10":"first","11":"instock","12":"shipping-taxable","13":"product-type-simple"},"jetpack_sharing_enabled":true,"_links":{"self":[{"href":"https:\/\/yebodaglass.com\/fr\/wp-json\/wp\/v2\/product\/23286","targetHints":{"allow":["GET"]}}],"collection":[{"href":"https:\/\/yebodaglass.com\/fr\/wp-json\/wp\/v2\/product"}],"about":[{"href":"https:\/\/yebodaglass.com\/fr\/wp-json\/wp\/v2\/types\/product"}],"version-history":[{"count":5,"href":"https:\/\/yebodaglass.com\/fr\/wp-json\/wp\/v2\/product\/23286\/revisions"}],"predecessor-version":[{"id":25501,"href":"https:\/\/yebodaglass.com\/fr\/wp-json\/wp\/v2\/product\/23286\/revisions\/25501"}],"wp:featuredmedia":[{"embeddable":true,"href":"https:\/\/yebodaglass.com\/fr\/wp-json\/wp\/v2\/media\/23287"}],"wp:attachment":[{"href":"https:\/\/yebodaglass.com\/fr\/wp-json\/wp\/v2\/media?parent=23286"}],"wp:term":[{"taxonomy":"product_brand","embeddable":true,"href":"https:\/\/yebodaglass.com\/fr\/wp-json\/wp\/v2\/product_brand?post=23286"},{"taxonomy":"product_cat","embeddable":true,"href":"https:\/\/yebodaglass.com\/fr\/wp-json\/wp\/v2\/product_cat?post=23286"},{"taxonomy":"product_tag","embeddable":true,"href":"https:\/\/yebodaglass.com\/fr\/wp-json\/wp\/v2\/product_tag?post=23286"}],"curies":[{"name":"wp","href":"https:\/\/api.w.org\/{rel}","templated":true}]}}