{"id":23277,"date":"2025-11-05T16:32:10","date_gmt":"2025-11-05T08:32:10","guid":{"rendered":"https:\/\/yebodaglass.com\/?post_type=product&#038;p=23277"},"modified":"2026-03-19T11:29:08","modified_gmt":"2026-03-19T03:29:08","slug":"cylindrical-airtight-spice-jars-with-stainless-lid-bulk","status":"publish","type":"product","link":"https:\/\/yebodaglass.com\/fr\/cylindrical-airtight-spice-jars-with-stainless-lid-bulk\/","title":{"rendered":"Bocaux \u00e0 \u00e9pices cylindriques herm\u00e9tiques de 100 ml avec couvercle en acier inoxydable (vente en gros)"},"content":{"rendered":"<p>Ces pots \u00e0 \u00e9pices herm\u00e9tiques, de forme cylindrique et lisse, sont fabriqu\u00e9s en verre transparent de haute qualit\u00e9 et poss\u00e8dent des couvercles en acier inoxydable. Ils conservent parfaitement les \u00e9pices et peuvent donc \u00eatre utilis\u00e9s pour ranger celles du garde-manger ou sur le plan de travail.<\/p>\n<h2>Caract\u00e9ristiques du produit<\/h2>\n<ul>\n<li><strong>Conception cylindrique transparente\u00a0:<\/strong> Les parois en verre sont droites, le fond est plat, ce qui assure une grande stabilit\u00e9 et permet une visibilit\u00e9 compl\u00e8te du contenu et du niveau de remplissage.<\/li>\n<li><strong>Couvercle herm\u00e9tique en acier inoxydable :<\/strong> Le couvercle \u00e0 vis est fabriqu\u00e9 en acier inoxydable bross\u00e9 afin de garantir une fermeture herm\u00e9tique et fiable, pr\u00e9servant ainsi la saveur et l&#039;ar\u00f4me.<\/li>\n<li><strong>Facile \u00e0 nettoyer et \u00e0 entretenir\u00a0:<\/strong> Le verre et l&#039;acier inoxydable sont tous deux r\u00e9sistants \u00e0 la chaleur, faciles \u00e0 nettoyer, rechargeables, \u00e9cologiques et peuvent \u00eatre utilis\u00e9s en cuisine pendant une longue p\u00e9riode.<\/li>\n<\/ul>\n<h2>Sp\u00e9cifications cl\u00e9s<\/h2>\n<table style=\"border-collapse: collapse; width: 80%; margin-left: auto; margin-right: auto;\" border=\"0\" width=\"144\" cellspacing=\"0\" cellpadding=\"0\">\n<tbody>\n<tr style=\"height: 13.50pt;\">\n<td style=\"height: 13.5pt; width: 54pt; text-align: center;\" width=\"72\" height=\"18\">Capacit\u00e9<\/td>\n<td style=\"width: 54pt; text-align: center;\" width=\"72\">100 ml<\/td>\n<\/tr>\n<tr style=\"height: 13.50pt;\">\n<td style=\"height: 13.5pt; text-align: center;\" height=\"18\">Taille (cm)<\/td>\n<td style=\"text-align: center;\">4,3 x 9,4<\/td>\n<\/tr>\n<tr style=\"height: 13.50pt;\">\n<td style=\"height: 13.5pt; text-align: center;\" height=\"18\">Forme<\/td>\n<td style=\"text-align: center;\">Cylindre<\/td>\n<\/tr>\n<tr style=\"height: 13.50pt;\">\n<td style=\"height: 13.5pt; text-align: center;\" height=\"18\">Couleur<\/td>\n<td style=\"text-align: center;\">Clair ou personnalis\u00e9<\/td>\n<\/tr>\n<tr style=\"height: 13.50pt;\">\n<td style=\"height: 13.5pt; text-align: center;\" height=\"18\">Usage<\/td>\n<td style=\"text-align: center;\">Pour les assaisonnements secs tels que le poivre, le sel, le sucre et le caf\u00e9 en poudre.<\/td>\n<\/tr>\n<\/tbody>\n<\/table>\n<h2>Histoire \u00e0 succ\u00e8s<\/h2>\n<p>Une cha\u00eene nationale de magasins de produits di\u00e9t\u00e9tiques a command\u00e9 nos bocaux \u00e0 \u00e9pices herm\u00e9tiques, nos \u00e9tiquettes doseuses personnalis\u00e9es et nos joints d&#039;\u00e9tanch\u00e9it\u00e9 en silicone. Les r\u00e9sultats ont \u00e9t\u00e9 impressionnants\u00a0: l&#039;\u00e9tanch\u00e9it\u00e9 optimale des joints a permis d&#039;augmenter de 30\u00a0% la dur\u00e9e de conservation des \u00e9pices hygroscopiques, comme la cannelle et la muscade, r\u00e9duisant ainsi le gaspillage. Les bocaux en verre transparent, gradu\u00e9s, ont facilit\u00e9 la gestion des stocks par les employ\u00e9s et leur ont permis de gagner 20\u00a0% de temps sur le r\u00e9approvisionnement. Forts de ce succ\u00e8s, ils ont pass\u00e9 une nouvelle commande de 220\u00a0000\u00a0bo\u00eetes, avec l&#039;intention d&#039;\u00e9tendre le syst\u00e8me \u00e0 leurs gammes de th\u00e9 en vrac et de poudres nutritionnelles.<\/p>\n<h2>Personnalisation de\u00a0<strong>Contenant \u00e0 \u00e9pices<\/strong><\/h2>\n<ol>\n<li><strong>Le mat\u00e9riau et la couleur de la couverture peuvent \u00eatre adapt\u00e9s\u00a0:<\/strong> Quatre styles de couvercles diff\u00e9rents (acier inoxydable bross\u00e9, noir mat, or rose ou cuivre) sont disponibles pour harmoniser l&#039;esth\u00e9tique des diff\u00e9rentes collections de cuisines de marques vari\u00e9es.<\/li>\n<li><strong>Surface du bocal en verre :<\/strong> Le pot transparent peut \u00eatre transform\u00e9 en pot d\u00e9poli ou sabl\u00e9 et peut \u00e9galement \u00eatre imprim\u00e9 avec des logos de marque ou des graduations, alliant ainsi beaut\u00e9 et fonctionnalit\u00e9.<\/li>\n<li><strong>Leurs tailles peuvent \u00eatre :<\/strong> fabriqu\u00e9 sur commande pour permettre le stockage d&#039;\u00e9pices, de th\u00e9s ou de produits secs de toute quantit\u00e9.<\/li>\n<\/ol>","protected":false},"excerpt":{"rendered":"<p>Bocaux \u00e0 \u00e9pices haut de gamme, herm\u00e9tiques, avec couvercles en acier inoxydable et corps transparent. \u00c9l\u00e9gants et parfaits pour ranger vos \u00e9pices dans votre cuisine. Vente directe d&#039;usine.<\/p>","protected":false},"featured_media":23278,"template":"","meta":[],"product_brand":[],"product_cat":[124,122,128],"product_tag":[],"class_list":{"0":"post-23277","1":"product","2":"type-product","3":"status-publish","4":"has-post-thumbnail","6":"product_cat-custom-glass-jars","7":"product_cat-custom-glass-packaging","8":"product_cat-spice-jars","10":"first","11":"instock","12":"shipping-taxable","13":"product-type-simple"},"jetpack_sharing_enabled":true,"_links":{"self":[{"href":"https:\/\/yebodaglass.com\/fr\/wp-json\/wp\/v2\/product\/23277","targetHints":{"allow":["GET"]}}],"collection":[{"href":"https:\/\/yebodaglass.com\/fr\/wp-json\/wp\/v2\/product"}],"about":[{"href":"https:\/\/yebodaglass.com\/fr\/wp-json\/wp\/v2\/types\/product"}],"version-history":[{"count":5,"href":"https:\/\/yebodaglass.com\/fr\/wp-json\/wp\/v2\/product\/23277\/revisions"}],"predecessor-version":[{"id":25515,"href":"https:\/\/yebodaglass.com\/fr\/wp-json\/wp\/v2\/product\/23277\/revisions\/25515"}],"wp:featuredmedia":[{"embeddable":true,"href":"https:\/\/yebodaglass.com\/fr\/wp-json\/wp\/v2\/media\/23278"}],"wp:attachment":[{"href":"https:\/\/yebodaglass.com\/fr\/wp-json\/wp\/v2\/media?parent=23277"}],"wp:term":[{"taxonomy":"product_brand","embeddable":true,"href":"https:\/\/yebodaglass.com\/fr\/wp-json\/wp\/v2\/product_brand?post=23277"},{"taxonomy":"product_cat","embeddable":true,"href":"https:\/\/yebodaglass.com\/fr\/wp-json\/wp\/v2\/product_cat?post=23277"},{"taxonomy":"product_tag","embeddable":true,"href":"https:\/\/yebodaglass.com\/fr\/wp-json\/wp\/v2\/product_tag?post=23277"}],"curies":[{"name":"wp","href":"https:\/\/api.w.org\/{rel}","templated":true}]}}