{"id":23258,"date":"2025-11-05T13:20:07","date_gmt":"2025-11-05T05:20:07","guid":{"rendered":"https:\/\/yebodaglass.com\/?post_type=product&#038;p=23258"},"modified":"2026-03-24T13:44:04","modified_gmt":"2026-03-24T05:44:04","slug":"wholesale-clear-empty-glass-bottles-for-hot-sauce","status":"publish","type":"product","link":"https:\/\/yebodaglass.com\/fr\/wholesale-clear-empty-glass-bottles-for-hot-sauce\/","title":{"rendered":"Bouteilles en verre vides transparentes de 237 ml (8 oz) en gros pour sauce piquante"},"content":{"rendered":"<p>Les bouteilles de sauce piquante ont une forme cylindrique \u00e9l\u00e9gante, \u00e0 taille haute, en verre lisse et cristallin, et un bouchon \u00e0 vis noir \u00e9l\u00e9gant pour assurer une fermeture herm\u00e9tique.<\/p>\n<h2>Caract\u00e9ristiques du produit<\/h2>\n<ul>\n<li><strong>Poign\u00e9e incurv\u00e9e :<\/strong> Sa forme conique permet une prise en main facile m\u00eame lorsque la main est glissante et assure un versement plus stable et confortable.<\/li>\n<li><strong>Verre transparent haute visibilit\u00e9\u00a0:<\/strong> La bouteille en verre met en valeur les couleurs vives et les textures des sauces, condiments ou huiles de cuisson.<\/li>\n<li><strong>Sceau noir s\u00e9curis\u00e9\u00a0:<\/strong> Le bouchon \u00e0 vis noir brillant sert \u00e0 pr\u00e9server la fra\u00eecheur du contenu et \u00e0 \u00e9viter les fuites.<\/li>\n<\/ul>\n<h2 style=\"text-align: left;\">Sp\u00e9cifications cl\u00e9s<\/h2>\n<table class=\"aligncenter\" style=\"border-collapse: collapse; width: 399.02pt;\" border=\"0\" width=\"532\" cellspacing=\"0\" cellpadding=\"0\">\n<tbody>\n<tr style=\"height: 13.50pt;\">\n<td style=\"height: 13.50pt; width: 94.50pt;\" width=\"126\" height=\"18\">Fonctionnalit\u00e9<\/td>\n<td style=\"width: 304.50pt;\" width=\"406\">Sp\u00e9cification<\/td>\n<\/tr>\n<tr style=\"height: 13.50pt;\">\n<td style=\"height: 13.50pt;\" height=\"18\">Capacit\u00e9<\/td>\n<td>250 ml (8 oz)<\/td>\n<\/tr>\n<tr style=\"height: 13.50pt;\">\n<td style=\"height: 13.50pt;\" height=\"18\">Dimensions<\/td>\n<td>5,2 cm (diam\u00e8tre) \u00d7 18,8 cm (hauteur)<\/td>\n<\/tr>\n<tr style=\"height: 13.50pt;\">\n<td style=\"height: 13.50pt;\" height=\"18\">Forme<\/td>\n<td>Forme cylindrique \u00e9lanc\u00e9e avec un long col<\/td>\n<\/tr>\n<tr style=\"height: 13.50pt;\">\n<td style=\"height: 13.50pt;\" height=\"18\">Mat\u00e9riel<\/td>\n<td>Stout en verre transparent, de qualit\u00e9 alimentaire, sans plomb<\/td>\n<\/tr>\n<tr style=\"height: 13.50pt;\">\n<td style=\"height: 13.50pt;\" height=\"18\">Fermeture<\/td>\n<td>Bouchon \u00e0 vis noir (personnalisable)<\/td>\n<\/tr>\n<tr style=\"height: 13.50pt;\">\n<td style=\"height: 13.50pt;\" height=\"18\">Id\u00e9al pour<\/td>\n<td>Sauce piquante, sauce barbecue, condiment, vinaigrette<\/td>\n<\/tr>\n<tr style=\"height: 13.50pt;\">\n<td style=\"height: 13.50pt;\" height=\"18\">Utilisation id\u00e9ale<\/td>\n<td>Bouteilles de sauce piquante, bouteilles en vrac pour sauce piquante<\/td>\n<\/tr>\n<\/tbody>\n<\/table>\n<h2>Histoire \u00e0 succ\u00e8s<\/h2>\n<p>Nos bouteilles pour sauces ont \u00e9t\u00e9 utilis\u00e9es par une marque artisanale de sauce piquante de Caroline du Nord. La bouteille arbore une \u00e9tiquette vintage personnalis\u00e9e et son bouchon est recouvert d&#039;une r\u00e9sine ph\u00e9nolique noire insensible \u00e0 la chaleur. L&#039;impact de cet emballage sur mesure a \u00e9t\u00e9 consid\u00e9rable\u00a0: la transparence de la bouteille en verre permet d&#039;admirer la texture et la couleur de la sauce, ce qui a permis d&#039;augmenter leurs ventes directes en ligne de 30\u00a0%. Gr\u00e2ce \u00e0 cette pr\u00e9sentation haut de gamme, ils ont pu int\u00e9grer avec succ\u00e8s 200\u00a0nouvelles \u00e9piceries fines et boutiques de cadeaux. Forts de ce succ\u00e8s, ils ont command\u00e9 une nouvelle s\u00e9rie de 750\u00a0000\u00a0bouteilles pour lancer une nouvelle gamme de sauces barbecue et de marinades \u00e9pic\u00e9es.<\/p>\n<h2>Id\u00e9es de modification de bouteilles<\/h2>\n<ul>\n<li><strong>Alternatives aux vitraux :<\/strong> Outre le verre transparent, vous pouvez opter pour des bouteilles en verre ambr\u00e9 ou vert afin de rehausser l&#039;image du produit et de le prot\u00e9ger de la lumi\u00e8re.<\/li>\n<li><strong>Couleurs de casquette personnalis\u00e9es\u00a0:<\/strong> Si vous d\u00e9cidez d&#039;utiliser une couleur de casquette diff\u00e9rente du noir, par exemple, il peut s&#039;agir de la couleur de votre marque qui s&#039;harmonise bien avec le reste\u00a0: blanc, or ou argent.<\/li>\n<li><strong>Gaufrage :<\/strong> L&#039;une des m\u00e9thodes pour ajouter un style \u00e9l\u00e9gant et luxueux, sans ostentation, \u00e0 votre bouteille en verre consiste \u00e0 faire embosser votre logo sur l&#039;\u00e9paule ou le fond de la bouteille.<\/li>\n<li><strong>Diff\u00e9rentes tailles de bec :<\/strong> Choisissez la bonne taille de buse pour pouvoir contr\u00f4ler parfaitement le d\u00e9bit de votre sauce, qu&#039;elle soit aussi liquide que du vinaigre ou aussi \u00e9paisse qu&#039;une sauce barbecue.<\/li>\n<\/ul>","protected":false},"excerpt":{"rendered":"<p>\u00c9l\u00e9gantes bouteilles cylindriques \u00e0 bouchon noir pour sauces. Id\u00e9ales pour les sauces piquantes, elles mettent en valeur leur texture et leur couleur. \u00c9chantillons gratuits et remises sur les commandes en gros\u00a0!<\/p>","protected":false},"featured_media":23261,"template":"","meta":[],"product_brand":[],"product_cat":[129,123,122],"product_tag":[],"class_list":{"0":"post-23258","1":"product","2":"type-product","3":"status-publish","4":"has-post-thumbnail","6":"product_cat-hot-sauce-bottles","7":"product_cat-custom-glass-bottles","8":"product_cat-custom-glass-packaging","10":"first","11":"instock","12":"shipping-taxable","13":"product-type-simple"},"jetpack_sharing_enabled":true,"_links":{"self":[{"href":"https:\/\/yebodaglass.com\/fr\/wp-json\/wp\/v2\/product\/23258","targetHints":{"allow":["GET"]}}],"collection":[{"href":"https:\/\/yebodaglass.com\/fr\/wp-json\/wp\/v2\/product"}],"about":[{"href":"https:\/\/yebodaglass.com\/fr\/wp-json\/wp\/v2\/types\/product"}],"version-history":[{"count":4,"href":"https:\/\/yebodaglass.com\/fr\/wp-json\/wp\/v2\/product\/23258\/revisions"}],"predecessor-version":[{"id":25585,"href":"https:\/\/yebodaglass.com\/fr\/wp-json\/wp\/v2\/product\/23258\/revisions\/25585"}],"wp:featuredmedia":[{"embeddable":true,"href":"https:\/\/yebodaglass.com\/fr\/wp-json\/wp\/v2\/media\/23261"}],"wp:attachment":[{"href":"https:\/\/yebodaglass.com\/fr\/wp-json\/wp\/v2\/media?parent=23258"}],"wp:term":[{"taxonomy":"product_brand","embeddable":true,"href":"https:\/\/yebodaglass.com\/fr\/wp-json\/wp\/v2\/product_brand?post=23258"},{"taxonomy":"product_cat","embeddable":true,"href":"https:\/\/yebodaglass.com\/fr\/wp-json\/wp\/v2\/product_cat?post=23258"},{"taxonomy":"product_tag","embeddable":true,"href":"https:\/\/yebodaglass.com\/fr\/wp-json\/wp\/v2\/product_tag?post=23258"}],"curies":[{"name":"wp","href":"https:\/\/api.w.org\/{rel}","templated":true}]}}