{"id":23250,"date":"2025-11-05T10:42:43","date_gmt":"2025-11-05T02:42:43","guid":{"rendered":"https:\/\/yebodaglass.com\/?post_type=product&#038;p=23250"},"modified":"2026-03-24T14:51:50","modified_gmt":"2026-03-24T06:51:50","slug":"bulk-unique-hot-sauce-bottles-with-textured-design","status":"publish","type":"product","link":"https:\/\/yebodaglass.com\/fr\/bulk-unique-hot-sauce-bottles-with-textured-design\/","title":{"rendered":"Lot de 500 ml de bouteilles de sauce piquante uniques au design textur\u00e9"},"content":{"rendered":"<p>Voici une bouteille de sauce piquante exclusive et unique, au look r\u00e9tro, avec un col et une base textur\u00e9s et nervur\u00e9s. Fabriqu\u00e9e en verre transparent, elle est munie d&#039;un bouchon \u00e0 vis noir lisse.<\/p>\n<h2>Caract\u00e9ristiques du produit<\/h2>\n<ul>\n<li><strong>D\u00e9tails ornementaux c\u00f4tel\u00e9s\u00a0:<\/strong> Les d\u00e9corations nervur\u00e9es sur le manche et la base offrent une meilleure prise en main, cr\u00e9ent une texture visuelle et renforcent l&#039;impression vintage.<\/li>\n<li><strong>Verre d&#039;affichage \u00e0 clart\u00e9 sup\u00e9rieure\u00a0:<\/strong> Le verre transparent est comme une fen\u00eatre transparente qui permet de voir sans d\u00e9faut la couleur, la consistance de la sauce et toutes les impuret\u00e9s qu&#039;elle contient.<\/li>\n<li><strong>Casquette noire simple :<\/strong> Le bouchon \u00e0 vis noir mat ou brillant assurerait une \u00e9tanch\u00e9it\u00e9 parfaite et cr\u00e9erait un effet de contraste net.<\/li>\n<\/ul>\n<h2 style=\"text-align: left;\">Sp\u00e9cifications cl\u00e9s<\/h2>\n<table class=\"aligncenter\" style=\"border-collapse: collapse; width: 498.77pt;\" border=\"0\" width=\"665\" cellspacing=\"0\" cellpadding=\"0\">\n<tbody>\n<tr style=\"height: 13.50pt;\">\n<td style=\"height: 13.50pt; width: 118.50pt;\" width=\"158\" height=\"18\">Fonctionnalit\u00e9<\/td>\n<td style=\"width: 380.25pt;\" width=\"507\">Sp\u00e9cification<\/td>\n<\/tr>\n<tr style=\"height: 13.50pt;\">\n<td style=\"height: 13.50pt;\" height=\"18\">Capacit\u00e9<\/td>\n<td>500 ml<\/td>\n<\/tr>\n<tr style=\"height: 13.50pt;\">\n<td style=\"height: 13.50pt;\" height=\"18\">Taille de l&#039;emballage<\/td>\n<td>23\u00d718\u00d720cm<\/td>\n<\/tr>\n<tr style=\"height: 13.50pt;\">\n<td style=\"height: 13.50pt;\" height=\"18\">Forme<\/td>\n<td>Silhouette cylindrique \u00e9lanc\u00e9e, cou long, \u00e9paules \u00e9vas\u00e9es<\/td>\n<\/tr>\n<tr style=\"height: 13.50pt;\">\n<td style=\"height: 13.50pt;\" height=\"18\">Mat\u00e9riel<\/td>\n<td>Stout en verre transparent, de qualit\u00e9 alimentaire, sans plomb<\/td>\n<\/tr>\n<tr style=\"height: 13.50pt;\">\n<td style=\"height: 13.50pt;\" height=\"18\">D\u00e9tail de surface<\/td>\n<td>Bande textur\u00e9e en relief \u00e0 la base et au col<\/td>\n<\/tr>\n<tr style=\"height: 13.50pt;\">\n<td style=\"height: 13.50pt;\" height=\"18\">Fermeture<\/td>\n<td>Bouchon \u00e0 vis noir mat (personnalisable)<\/td>\n<\/tr>\n<tr style=\"height: 13.50pt;\">\n<td style=\"height: 13.50pt;\" height=\"18\">Id\u00e9al pour<\/td>\n<td>Sauce piquante, sauce barbecue, vinaigrette, sirop, condiment<\/td>\n<\/tr>\n<tr style=\"height: 13.50pt;\">\n<td style=\"height: 13.50pt;\" height=\"18\">Utilisation id\u00e9ale<\/td>\n<td>Bouteilles de sauce piquante en gros, bouteilles de sauce piquante uniques<\/td>\n<\/tr>\n<\/tbody>\n<\/table>\n<h2>Histoire \u00e0 succ\u00e8s<\/h2>\n<p>L&#039;une des marques de sauce piquante les plus populaires de Louisiane a choisi nos bouteilles en verre et a cr\u00e9\u00e9 une \u00e9tiquette s\u00e9rigraphi\u00e9e au style vintage. Leur bouteille personnalis\u00e9e a connu un succ\u00e8s retentissant\u00a0: son aspect r\u00e9tro s&#039;accordait parfaitement avec l&#039;histoire de la marque, et les ventes dans les boutiques de cadeaux et les \u00e9piceries fines ont ainsi augment\u00e9 d&#039;un quart. Le design textur\u00e9 de la bouteille a mis en valeur l&#039;h\u00e9ritage de la marque, ce qui a entra\u00een\u00e9 une hausse de 35\u00a0% des ventes de produits d\u00e9riv\u00e9s. Forte de ce succ\u00e8s, la marque a pass\u00e9 une nouvelle commande de 400\u00a0000 bouteilles de sa nouvelle gamme de gel\u00e9e de piment et de l\u00e9gumes marin\u00e9s.<\/p>\n<h2>Suggestions de personnalisation des bouteilles en verre pour les sauces<\/h2>\n<ul>\n<li><strong>Couleurs du verre textur\u00e9\u00a0:<\/strong> Vous pouvez opter pour des motifs textur\u00e9s sur le verre color\u00e9, comme l&#039;ambre ou le vert, ce qui conf\u00e8re \u00e0 la bouteille de sauce piquante un aspect vraiment unique.<\/li>\n<li><strong>Correspondance des couleurs du bouchon :<\/strong> Personnalisez la couleur du bouchon. Des bouchons \u00e0 vis dor\u00e9s, argent\u00e9s ou noirs mats peuvent \u00eatre utilis\u00e9s pour donner un nouveau look \u00e0 l&#039;emballage.<\/li>\n<li><strong>Plusieurs motifs de texture :<\/strong> Les motifs peuvent \u00eatre de plusieurs types : textures verticales, motifs en losange ou un logo subtilement givr\u00e9 int\u00e9gr\u00e9 \u00e0 la texture.<\/li>\n<li><strong>Choix du r\u00e9gulateur de d\u00e9bit\u00a0:<\/strong> Le r\u00e9gulateur de d\u00e9bit d&#039;une taille particuli\u00e8re est votre choix pour un contr\u00f4le parfait du d\u00e9bit des sauces \u00e9paisses ou des vinaigres liquides.<\/li>\n<\/ul>","protected":false},"excerpt":{"rendered":"<p>Bouteilles \u00e9l\u00e9gantes et originales pour sauces piquantes, avec col et base textur\u00e9s. Bouteilles en verre de qualit\u00e9 sup\u00e9rieure pour sauces, vente en gros directe d&#039;usine avec livraison rapide.<\/p>","protected":false},"featured_media":23253,"template":"","meta":[],"product_brand":[],"product_cat":[129,123,122],"product_tag":[],"class_list":{"0":"post-23250","1":"product","2":"type-product","3":"status-publish","4":"has-post-thumbnail","6":"product_cat-hot-sauce-bottles","7":"product_cat-custom-glass-bottles","8":"product_cat-custom-glass-packaging","10":"first","11":"instock","12":"shipping-taxable","13":"product-type-simple"},"jetpack_sharing_enabled":true,"_links":{"self":[{"href":"https:\/\/yebodaglass.com\/fr\/wp-json\/wp\/v2\/product\/23250","targetHints":{"allow":["GET"]}}],"collection":[{"href":"https:\/\/yebodaglass.com\/fr\/wp-json\/wp\/v2\/product"}],"about":[{"href":"https:\/\/yebodaglass.com\/fr\/wp-json\/wp\/v2\/types\/product"}],"version-history":[{"count":5,"href":"https:\/\/yebodaglass.com\/fr\/wp-json\/wp\/v2\/product\/23250\/revisions"}],"predecessor-version":[{"id":25590,"href":"https:\/\/yebodaglass.com\/fr\/wp-json\/wp\/v2\/product\/23250\/revisions\/25590"}],"wp:featuredmedia":[{"embeddable":true,"href":"https:\/\/yebodaglass.com\/fr\/wp-json\/wp\/v2\/media\/23253"}],"wp:attachment":[{"href":"https:\/\/yebodaglass.com\/fr\/wp-json\/wp\/v2\/media?parent=23250"}],"wp:term":[{"taxonomy":"product_brand","embeddable":true,"href":"https:\/\/yebodaglass.com\/fr\/wp-json\/wp\/v2\/product_brand?post=23250"},{"taxonomy":"product_cat","embeddable":true,"href":"https:\/\/yebodaglass.com\/fr\/wp-json\/wp\/v2\/product_cat?post=23250"},{"taxonomy":"product_tag","embeddable":true,"href":"https:\/\/yebodaglass.com\/fr\/wp-json\/wp\/v2\/product_tag?post=23250"}],"curies":[{"name":"wp","href":"https:\/\/api.w.org\/{rel}","templated":true}]}}