{"id":23225,"date":"2025-11-05T10:06:40","date_gmt":"2025-11-05T02:06:40","guid":{"rendered":"https:\/\/yebodaglass.com\/?post_type=product&#038;p=23225"},"modified":"2026-04-10T09:35:05","modified_gmt":"2026-04-10T01:35:05","slug":"stainless-steel-seasoning-shakers-with-glass-window-bulk","status":"publish","type":"product","link":"https:\/\/yebodaglass.com\/fr\/stainless-steel-seasoning-shakers-with-glass-window-bulk\/","title":{"rendered":"Saupoudreuses \u00e0 \u00e9pices en acier inoxydable de 85 g avec fen\u00eatre en verre (en gros)"},"content":{"rendered":"<p>Ces sali\u00e8res et poivri\u00e8res ont une forme cylindrique \u00e9l\u00e9gante, l&#039;ext\u00e9rieur \u00e9tant en acier inoxydable bross\u00e9 et l&#039;int\u00e9rieur comportant une fen\u00eatre transparente ovale qui laisse clairement appara\u00eetre les condiments aux couleurs vives.<\/p>\n<h2>Caract\u00e9ristiques du produit<\/h2>\n<ul>\n<li><strong>Bouteilles en acier inoxydable de qualit\u00e9 :<\/strong> Le corps en acier inoxydable bross\u00e9 est r\u00e9sistant \u00e0 la rouille, facile \u00e0 nettoyer et suffisamment robuste pour r\u00e9pondre aux exigences quotidiennes d&#039;une cuisine.<\/li>\n<li><strong>Fen\u00eatre de visualisation int\u00e9gr\u00e9e\u00a0:<\/strong> La fen\u00eatre ovale transparente permet de d\u00e9terminer facilement le type et la quantit\u00e9 de condiments restants sans en gaspiller.<\/li>\n<li><strong>Bouchon \u00e0 secouer r\u00e9glable :<\/strong> Le bouchon \u00e0 vis est dot\u00e9 d&#039;une molette rotative qui se positionne sur trois positions : ferm\u00e9, saupoudrer et verser, permettant ainsi un contr\u00f4le pr\u00e9cis de son ouverture.<\/li>\n<\/ul>\n<h2>Sp\u00e9cifications cl\u00e9s<\/h2>\n<table style=\"border-collapse: collapse; width: 80%; height: auto; margin-left: auto; margin-right: auto;\" border=\"0\" width=\"360\" cellspacing=\"0\" cellpadding=\"0\">\n<tbody>\n<tr style=\"height: 13.50pt;\">\n<td style=\"height: 13.5pt; width: 54pt; text-align: center;\" width=\"72\" height=\"18\">Capacit\u00e9<\/td>\n<td style=\"width: 54pt; text-align: center;\" width=\"72\">Forme<\/td>\n<td style=\"width: 54pt; text-align: center;\" width=\"72\">Mat\u00e9riel<\/td>\n<td style=\"width: 54pt; text-align: center;\" width=\"72\">Options de couleur<\/td>\n<td style=\"width: 54pt; text-align: center;\" width=\"72\">Usage<\/td>\n<\/tr>\n<tr style=\"height: 13.50pt;\">\n<td style=\"height: 13.5pt; text-align: center;\" height=\"18\">80 ml, 90 ml, 100 ml<\/td>\n<td style=\"text-align: center;\">Cylindre<\/td>\n<td style=\"text-align: center;\">Acier inoxydable 304 + Verre<\/td>\n<td style=\"text-align: center;\">Rouge, noir, bleu, vert<\/td>\n<td style=\"text-align: center;\">Pour le sel, le poivre, les flocons de piment ou autres \u00e9pices moulues<\/td>\n<\/tr>\n<\/tbody>\n<\/table>\n<h2>Succ\u00e8s : R\u00e9ouverture d&#039;une cha\u00eene de restaurants de fruits de mer en Floride<\/h2>\n<p>Nos flacons \u00e0 \u00e9pices en acier inoxydable ont \u00e9t\u00e9 choisis par une cha\u00eene de restaurants de fruits de mer de Floride, qui a personnalis\u00e9 le logo et le design des flacons. La fen\u00eatre transparente permet aux serveurs de remplir les flacons rapidement, \u00e9vitant ainsi les flacons vides et am\u00e9liorant le service \u00e0 table de 15 %. Le bouchon ajustable r\u00e9duit le gaspillage\u00a0: les retours des restaurants indiquent une r\u00e9duction d&#039;environ 15 % du gaspillage de condiments. Tellement satisfaite du produit, la cha\u00eene a command\u00e9 100\u00a0000 flacons d&#039;\u00e9pices suppl\u00e9mentaires pour approvisionner ses 50 \u00e9tablissements et a \u00e9galement lanc\u00e9 sa propre marque d&#039;assaisonnements.<\/p>\n<h2>Votre guide de personnalisation<\/h2>\n<ul>\n<li><strong>Finitions et couleurs des bouteilles :<\/strong> Les bouteilles sont disponibles en acier inoxydable traditionnel, en acier inoxydable noir, en cuivre ou en bronze.<\/li>\n<li><strong>Conception de la fen\u00eatre :<\/strong> Formes de vitrines adaptables : rondes, carr\u00e9es et avec logo de marque.<\/li>\n<li><strong>Doublures de bouchon :<\/strong> Il existe diff\u00e9rents types de perforations, comme les perforations fines, les perforations moyennes et les perforations grossi\u00e8res.<\/li>\n<\/ul>","protected":false},"excerpt":{"rendered":"<p>Sachets \u00e0 \u00e9pices haut de gamme avec coque en acier inoxydable bross\u00e9 et couvercle ajustable. Flacons fiables, parfaits pour les \u00e9pices et les herbes aromatiques en cuisine. Livraison rapide.<\/p>","protected":false},"featured_media":23242,"template":"","meta":[],"product_brand":[],"product_cat":[128,124,122],"product_tag":[],"class_list":{"0":"post-23225","1":"product","2":"type-product","3":"status-publish","4":"has-post-thumbnail","6":"product_cat-spice-jars","7":"product_cat-custom-glass-jars","8":"product_cat-custom-glass-packaging","10":"first","11":"instock","12":"shipping-taxable","13":"product-type-simple"},"jetpack_sharing_enabled":true,"_links":{"self":[{"href":"https:\/\/yebodaglass.com\/fr\/wp-json\/wp\/v2\/product\/23225","targetHints":{"allow":["GET"]}}],"collection":[{"href":"https:\/\/yebodaglass.com\/fr\/wp-json\/wp\/v2\/product"}],"about":[{"href":"https:\/\/yebodaglass.com\/fr\/wp-json\/wp\/v2\/types\/product"}],"version-history":[{"count":5,"href":"https:\/\/yebodaglass.com\/fr\/wp-json\/wp\/v2\/product\/23225\/revisions"}],"predecessor-version":[{"id":25475,"href":"https:\/\/yebodaglass.com\/fr\/wp-json\/wp\/v2\/product\/23225\/revisions\/25475"}],"wp:featuredmedia":[{"embeddable":true,"href":"https:\/\/yebodaglass.com\/fr\/wp-json\/wp\/v2\/media\/23242"}],"wp:attachment":[{"href":"https:\/\/yebodaglass.com\/fr\/wp-json\/wp\/v2\/media?parent=23225"}],"wp:term":[{"taxonomy":"product_brand","embeddable":true,"href":"https:\/\/yebodaglass.com\/fr\/wp-json\/wp\/v2\/product_brand?post=23225"},{"taxonomy":"product_cat","embeddable":true,"href":"https:\/\/yebodaglass.com\/fr\/wp-json\/wp\/v2\/product_cat?post=23225"},{"taxonomy":"product_tag","embeddable":true,"href":"https:\/\/yebodaglass.com\/fr\/wp-json\/wp\/v2\/product_tag?post=23225"}],"curies":[{"name":"wp","href":"https:\/\/api.w.org\/{rel}","templated":true}]}}