{"id":23199,"date":"2025-11-04T16:03:47","date_gmt":"2025-11-04T08:03:47","guid":{"rendered":"https:\/\/yebodaglass.com\/?post_type=product&#038;p=23199"},"modified":"2026-03-24T13:23:16","modified_gmt":"2026-03-24T05:23:16","slug":"wholesale-square-glass-empty-hot-sauce-bottles","status":"publish","type":"product","link":"https:\/\/yebodaglass.com\/fr\/wholesale-square-glass-empty-hot-sauce-bottles\/","title":{"rendered":"Bouteilles en verre carr\u00e9es vides pour sauce piquante, en gros\u00a0: 100\u00a0ml, 150\u00a0ml et 250\u00a0ml"},"content":{"rendered":"<p>Ce sont des bouteilles vides de sauce piquante, de forme rectangulaire et \u00e0 parois lisses, en verre transparent, avec un goulot filet\u00e9 et un couvercle \u00e0 vis noir lisse.<\/p>\n<h2>Caract\u00e9ristiques du produit<\/h2>\n<ul>\n<li><strong>Verre transparent :<\/strong> Les parois vitr\u00e9es sont transparentes, ce qui permet de voir facilement \u00e0 l&#039;int\u00e9rieur et de v\u00e9rifier le niveau de remplissage, id\u00e9al pour les sauces et vinaigrettes color\u00e9es.<\/li>\n<li><strong>Bouchon \u00e0 vis noir s\u00e9curis\u00e9\u00a0:<\/strong> Le bouchon en plastique noir uni est herm\u00e9tique et permet ainsi de conserver la fra\u00eecheur des sauces sans risque de fuite.<\/li>\n<li><strong>Carr\u00e9 \u00e0 coins arrondis :<\/strong> Le design de cette bouteille est fusel\u00e9, arrondi et carr\u00e9, et offre une prise en main confortable et antid\u00e9rapante, permettant ainsi d&#039;empiler les bouteilles et de r\u00e9aliser des \u00e9conomies d&#039;espace lors du stockage et du transport.<\/li>\n<\/ul>\n<h2 style=\"text-align: left;\">Sp\u00e9cifications cl\u00e9s<\/h2>\n<table class=\"aligncenter\" style=\"border-collapse: collapse; width: 702.77pt;\" border=\"0\" width=\"937\" cellspacing=\"0\" cellpadding=\"0\">\n<tbody>\n<tr style=\"height: 13.50pt;\">\n<td style=\"height: 13.50pt; width: 112.50pt;\" width=\"150\" height=\"18\">Article<\/td>\n<td style=\"width: 590.25pt;\" width=\"787\">D\u00e9tails<\/td>\n<\/tr>\n<tr style=\"height: 13.50pt;\">\n<td style=\"height: 13.50pt;\" height=\"18\">Capacit\u00e9<\/td>\n<td>100 ml\/3 oz (4 \u00d7 13,2 cm), 150 ml\/5 oz (4,4 \u00d7 16,6 cm), 250 ml\/8 oz (5,1 \u00d7 19,7 cm)<\/td>\n<\/tr>\n<tr style=\"height: 13.50pt;\">\n<td style=\"height: 13.50pt;\" height=\"18\">Forme<\/td>\n<td>Section carr\u00e9e \u00e0 coins arrondis<\/td>\n<\/tr>\n<tr style=\"height: 13.50pt;\">\n<td style=\"height: 13.50pt;\" height=\"18\">Mat\u00e9riel<\/td>\n<td>Verre transparent, de qualit\u00e9 alimentaire, sans plomb<\/td>\n<\/tr>\n<tr style=\"height: 13.50pt;\">\n<td style=\"height: 13.50pt;\" height=\"18\">Capuchon<\/td>\n<td>Bouchon \u00e0 vis noir mat, blanc, rouge<\/td>\n<\/tr>\n<tr style=\"height: 13.50pt;\">\n<td style=\"height: 13.50pt;\" height=\"18\">Meilleures utilisations<\/td>\n<td>Sauce chili, sauce barbecue, vinaigrette, condiments<\/td>\n<\/tr>\n<tr style=\"height: 13.50pt;\">\n<td style=\"height: 13.50pt;\" height=\"18\">Utilisations id\u00e9ales<\/td>\n<td>Bouteilles de sauce piquante en gros, bouteilles de vinaigrette en verre<\/td>\n<\/tr>\n<\/tbody>\n<\/table>\n<h2>T\u00e9moignage de r\u00e9ussite : Comment les bouteilles carr\u00e9es ont aid\u00e9 les marques alimentaires \u00e0 se d\u00e9velopper<\/h2>\n<p>Une marque d&#039;huiles de cuisson aromatis\u00e9es et d&#039;un condiment \u00e0 base de vinaigre souhaitait un emballage refl\u00e9tant son image branch\u00e9e et haut de gamme. Son choix s&#039;est port\u00e9 sur nos flacons carr\u00e9s en verre \u00e9pais de 250 ml et elle a pass\u00e9 une premi\u00e8re commande de 1\u00a0000 unit\u00e9s. Le r\u00e9sultat fut un v\u00e9ritable succ\u00e8s. La forme carr\u00e9e originale du produit a s\u00e9duit de nombreux acheteurs, entra\u00eenant une hausse des ventes de 70 %. De plus, l&#039;\u00e9paisseur du verre a permis de r\u00e9duire de 45 % la casse pendant le transport. L&#039;entreprise n&#039;a pas tard\u00e9 \u00e0 passer une seconde commande de 30\u00a0000 flacons et \u00e0 lancer un format de 150 ml assorti. Ils ont d\u00e9sormais adopt\u00e9 ce design carr\u00e9 pour toutes leurs gammes de produits et commandent plus de 200 000 bouteilles chaque trimestre.<\/p>\n<h2>Options de personnalisation des flacons de vinaigrette en verre<\/h2>\n<ul>\n<li><strong>Panneaux d\u00e9polis :<\/strong> Ajoutez des panneaux verticaux d\u00e9polis contrastants sur les c\u00f4t\u00e9s de la bouteille carr\u00e9e pour un style chic et contemporain.<\/li>\n<li><strong>Logo en relief :<\/strong> Apposez votre logo en relief sur l&#039;une des surfaces planes pour une image de marque subtile et haut de gamme.<\/li>\n<li><strong>Options de vitraux :<\/strong> La tige carr\u00e9e peut \u00eatre en verre ambr\u00e9 ou vert pour prot\u00e9ger l&#039;huile et le vinaigre, sensibles \u00e0 la lumi\u00e8re, des taches.<\/li>\n<\/ul>\n<p>\u00cates-vous pr\u00eat \u00e0 faire passer votre emballage au niveau sup\u00e9rieur\u00a0? Contactez-nous d\u00e8s aujourd\u2019hui pour conna\u00eetre nos tarifs de gros sur les bouteilles carr\u00e9es vides de sauce chili et les bouteilles en verre de vinaigrette.<\/p>","protected":false},"excerpt":{"rendered":"<p>Bouteilles vides haut de gamme pour sauce piquante et vinaigrette, en verre carr\u00e9 robuste au design \u00e9l\u00e9gant et moderne. Logo personnalisable, \u00e9chantillons gratuits\u00a0!<\/p>","protected":false},"featured_media":23208,"template":"","meta":[],"product_brand":[],"product_cat":[129,123,122],"product_tag":[],"class_list":{"0":"post-23199","1":"product","2":"type-product","3":"status-publish","4":"has-post-thumbnail","6":"product_cat-hot-sauce-bottles","7":"product_cat-custom-glass-bottles","8":"product_cat-custom-glass-packaging","10":"first","11":"instock","12":"shipping-taxable","13":"product-type-simple"},"jetpack_sharing_enabled":true,"_links":{"self":[{"href":"https:\/\/yebodaglass.com\/fr\/wp-json\/wp\/v2\/product\/23199","targetHints":{"allow":["GET"]}}],"collection":[{"href":"https:\/\/yebodaglass.com\/fr\/wp-json\/wp\/v2\/product"}],"about":[{"href":"https:\/\/yebodaglass.com\/fr\/wp-json\/wp\/v2\/types\/product"}],"version-history":[{"count":5,"href":"https:\/\/yebodaglass.com\/fr\/wp-json\/wp\/v2\/product\/23199\/revisions"}],"predecessor-version":[{"id":25582,"href":"https:\/\/yebodaglass.com\/fr\/wp-json\/wp\/v2\/product\/23199\/revisions\/25582"}],"wp:featuredmedia":[{"embeddable":true,"href":"https:\/\/yebodaglass.com\/fr\/wp-json\/wp\/v2\/media\/23208"}],"wp:attachment":[{"href":"https:\/\/yebodaglass.com\/fr\/wp-json\/wp\/v2\/media?parent=23199"}],"wp:term":[{"taxonomy":"product_brand","embeddable":true,"href":"https:\/\/yebodaglass.com\/fr\/wp-json\/wp\/v2\/product_brand?post=23199"},{"taxonomy":"product_cat","embeddable":true,"href":"https:\/\/yebodaglass.com\/fr\/wp-json\/wp\/v2\/product_cat?post=23199"},{"taxonomy":"product_tag","embeddable":true,"href":"https:\/\/yebodaglass.com\/fr\/wp-json\/wp\/v2\/product_tag?post=23199"}],"curies":[{"name":"wp","href":"https:\/\/api.w.org\/{rel}","templated":true}]}}