{"id":23183,"date":"2025-11-04T17:02:49","date_gmt":"2025-11-04T09:02:49","guid":{"rendered":"https:\/\/yebodaglass.com\/?post_type=product&#038;p=23183"},"modified":"2026-03-17T15:44:22","modified_gmt":"2026-03-17T07:44:22","slug":"clear-glass-spice-containers-with-horizontal-ribbed-bulk","status":"publish","type":"product","link":"https:\/\/yebodaglass.com\/fr\/clear-glass-spice-containers-with-horizontal-ribbed-bulk\/","title":{"rendered":"Contenants \u00e0 \u00e9pices en verre transparent de 250 ml avec nervures horizontales en vrac"},"content":{"rendered":"<p>Ce pot \u00e0 \u00e9pices se pr\u00e9sente dans un flacon en verre textur\u00e9 et incurv\u00e9 unique. Sa texture est non seulement agr\u00e9able au toucher, mais elle offre \u00e9galement une excellente prise en main. Le flacon transparent permet ainsi de bien admirer les couleurs des \u00e9pices. Le bouchon en acier inoxydable poli est perc\u00e9 de nombreux petits trous pour un dosage pr\u00e9cis.<\/p>\n<h2>Caract\u00e9ristiques du produit<\/h2>\n<ul>\n<li><strong>Bouteille antid\u00e9rapante Ripple :<\/strong> Le design ondul\u00e9 est circulaire et multicouche, et offre une meilleure adh\u00e9rence gr\u00e2ce \u00e0 la structure renforc\u00e9e de la bouteille, ce qui \u00e9vite les risques de basculement.<\/li>\n<li><strong>Verre \u00e0 haute transparence :<\/strong> Il s&#039;agit d&#039;un excellent verre \u00e0 haute transparence, fabriqu\u00e9 \u00e0 partir d&#039;un mat\u00e9riau de qualit\u00e9 alimentaire. Le r\u00e9cipient est tr\u00e8s clair et la forme et la quantit\u00e9 d&#039;\u00e9pices granulaires \u00e0 l&#039;int\u00e9rieur peuvent \u00eatre facilement identifi\u00e9es en regardant le r\u00e9cipient.<\/li>\n<li><strong>Bouchon \u00e0 vis m\u00e9tallique multi-perfor\u00e9\u00a0:<\/strong> Le bouchon \u00e0 vis en m\u00e9tal argent\u00e9 \u00e0 perforations multiples est dot\u00e9 de perforations uniform\u00e9ment r\u00e9parties, ce qui assure un dosage pr\u00e9cis des \u00e9pices granulaires et \u00e9limine les d\u00e9versements et le gaspillage.<\/li>\n<\/ul>\n<h2>Sp\u00e9cifications cl\u00e9s<\/h2>\n<table style=\"border-collapse: collapse; width: 80%; margin-left: auto; margin-right: auto;\" border=\"0\" width=\"360\" cellspacing=\"0\" cellpadding=\"0\">\n<tbody>\n<tr style=\"height: 13.50pt;\">\n<td style=\"height: 13.5pt; width: 54pt; text-align: center;\" width=\"72\" height=\"18\">Capacit\u00e9<\/td>\n<td style=\"width: 54pt; text-align: center;\" width=\"72\">Taille (cm)<\/td>\n<td style=\"width: 54pt; text-align: center;\" width=\"72\">Type de couvercle<\/td>\n<td style=\"width: 54pt; text-align: center;\" width=\"72\">Forme<\/td>\n<td style=\"width: 54pt; text-align: center;\" width=\"72\">Usage<\/td>\n<\/tr>\n<tr style=\"height: 13.50pt;\">\n<td style=\"height: 13.5pt; text-align: center;\" height=\"18\">250 ml<\/td>\n<td style=\"text-align: center;\">7,0 x 12<\/td>\n<td style=\"text-align: center;\">Couvercle tamis m\u00e9tallique \u00e0 double couche<\/td>\n<td style=\"text-align: center;\">Cylindre<\/td>\n<td style=\"text-align: center;\">Pour le sel, le poivre et les herbes\u00a0; usage domestique et professionnel.<\/td>\n<\/tr>\n<\/tbody>\n<\/table>\n<h2>Cas de r\u00e9ussite<\/h2>\n<p>Notre flacon \u00e0 \u00e9pices en verre c\u00f4tel\u00e9 a \u00e9t\u00e9 choisi par une marque britannique de produits alimentaires fins. Une texture c\u00f4tel\u00e9e d\u00e9polie sur mesure et un bouchon \u00e0 vis couleur cuivre ont \u00e9t\u00e9 con\u00e7us. L&#039;un de ses atouts est une meilleure prise en main, mentionn\u00e9e dans 25 % des avis clients positifs. La transparence du verre met parfaitement en valeur les \u00e9pices gr\u00e2ce \u00e0 sa couleur et sa qualit\u00e9. Fort de ce succ\u00e8s, la marque a command\u00e9 200\u00a0000 flacons suppl\u00e9mentaires pour conditionner sa gamme compl\u00e8te d&#039;\u00e9pices, d\u00e9sormais disponible dans les grands magasins haut de gamme.<\/p>\n<h2>Personnalisation des contenants \u00e0 \u00e9pices<\/h2>\n<ul>\n<li>Profil nervur\u00e9\u00a0: La largeur, la profondeur et la distance entre les nervures horizontales peuvent \u00eatre personnalis\u00e9es pour cr\u00e9er une exp\u00e9rience tactile unique.<\/li>\n<li>Type de trou pour saupoudrer\u00a0: Peut \u00eatre de tailles diff\u00e9rentes (petits trous pour les \u00e9pices en poudre, grands trous pour les \u00e9pices en flocons) ou il peut y avoir deux trous.<\/li>\n<li>S\u00e9rigraphie : Impression de graduations, de noms d&#039;\u00e9pices ou de petits ornements sur les bords de la bouteille en verre.<\/li>\n<li>Tailles et capacit\u00e9s : Le design c\u00f4tel\u00e9 est du m\u00eame type, mais dans une gamme de tailles, c&#039;est-\u00e0-dire des bouteilles de 30 ml \u00e0 des bouteilles de 200 ml.<\/li>\n<\/ul>","protected":false},"excerpt":{"rendered":"<p>Pot \u00e0 \u00e9pices en verre r\u00e9sistant, avec corps textur\u00e9 et couvercle saupoudreur en m\u00e9tal. Flacon pratique, id\u00e9al pour conserver poivre, herbes et \u00e9pices. \u00c9chantillons gratuits.<\/p>","protected":false},"featured_media":23194,"template":"","meta":[],"product_brand":[],"product_cat":[20,128,83],"product_tag":[],"class_list":{"0":"post-23183","1":"product","2":"type-product","3":"status-publish","4":"has-post-thumbnail","6":"product_cat-glass-containers","7":"product_cat-spice-jars","8":"product_cat-glass-jars","10":"first","11":"instock","12":"shipping-taxable","13":"product-type-simple"},"jetpack_sharing_enabled":true,"_links":{"self":[{"href":"https:\/\/yebodaglass.com\/fr\/wp-json\/wp\/v2\/product\/23183","targetHints":{"allow":["GET"]}}],"collection":[{"href":"https:\/\/yebodaglass.com\/fr\/wp-json\/wp\/v2\/product"}],"about":[{"href":"https:\/\/yebodaglass.com\/fr\/wp-json\/wp\/v2\/types\/product"}],"version-history":[{"count":5,"href":"https:\/\/yebodaglass.com\/fr\/wp-json\/wp\/v2\/product\/23183\/revisions"}],"predecessor-version":[{"id":25477,"href":"https:\/\/yebodaglass.com\/fr\/wp-json\/wp\/v2\/product\/23183\/revisions\/25477"}],"wp:featuredmedia":[{"embeddable":true,"href":"https:\/\/yebodaglass.com\/fr\/wp-json\/wp\/v2\/media\/23194"}],"wp:attachment":[{"href":"https:\/\/yebodaglass.com\/fr\/wp-json\/wp\/v2\/media?parent=23183"}],"wp:term":[{"taxonomy":"product_brand","embeddable":true,"href":"https:\/\/yebodaglass.com\/fr\/wp-json\/wp\/v2\/product_brand?post=23183"},{"taxonomy":"product_cat","embeddable":true,"href":"https:\/\/yebodaglass.com\/fr\/wp-json\/wp\/v2\/product_cat?post=23183"},{"taxonomy":"product_tag","embeddable":true,"href":"https:\/\/yebodaglass.com\/fr\/wp-json\/wp\/v2\/product_tag?post=23183"}],"curies":[{"name":"wp","href":"https:\/\/api.w.org\/{rel}","templated":true}]}}