{"id":23180,"date":"2025-11-04T14:52:48","date_gmt":"2025-11-04T06:52:48","guid":{"rendered":"https:\/\/yebodaglass.com\/?post_type=product&#038;p=23180"},"modified":"2025-11-04T17:40:01","modified_gmt":"2025-11-04T09:40:01","slug":"bulk-sauce-containers-8oz-glass-bottle-for-hot-sauce","status":"publish","type":"product","link":"https:\/\/yebodaglass.com\/fr\/bulk-sauce-containers-8oz-glass-bottle-for-hot-sauce\/","title":{"rendered":"Contenants pour sauces en vrac \u2013 Bouteille en verre de 240 ml pour sauce piquante"},"content":{"rendered":"<p>Ces r\u00e9cipients \u00e0 sauce sont en verre transparent avec une forme conique \u00e9l\u00e9gante et un couvercle rouge, ce qui leur conf\u00e8re une apparence simple mais distinctive, parfaitement assortie \u00e0 la couleur de la sauce qu&#039;ils contiennent.<\/p>\n<h2>Caract\u00e9ristiques du produit<\/h2>\n<ul>\n<li><strong>Mat\u00e9riau en verre transparent :<\/strong> Le r\u00e9cipient est fabriqu\u00e9 en verre transparent, ce qui permet de voir d&#039;un seul coup la couleur et le volume de la sauce.<\/li>\n<li><strong>Coupe cintr\u00e9e :<\/strong> Le contenant est orn\u00e9 d&#039;un motif en forme de taille aux lignes douces et uniques, qui non seulement embellit le produit, mais facilite \u00e9galement la reconnaissance de la marque.<\/li>\n<li><strong>Capacit\u00e9 unique :<\/strong> La capacit\u00e9 unique de ce r\u00e9cipient \u00e0 sauce est la seule option disponible pour r\u00e9pondre aux besoins sp\u00e9cifiques des utilisateurs, tout en \u00e9tant adapt\u00e9e \u00e0 un usage domestique quotidien, aux services de traiteur et \u00e0 diverses autres occasions.<\/li>\n<\/ul>\n<h2 style=\"text-align: left;\">Sp\u00e9cifications cl\u00e9s<\/h2>\n<table class=\"aligncenter\" style=\"border-collapse: collapse; width: 409.52pt;\" border=\"0\" width=\"546\" cellspacing=\"0\" cellpadding=\"0\">\n<tbody>\n<tr style=\"height: 13.50pt;\">\n<td style=\"height: 13.50pt; width: 112.50pt;\" width=\"150\" height=\"18\">Fonctionnalit\u00e9<\/td>\n<td style=\"width: 297.00pt;\" width=\"396\">Sp\u00e9cification<\/td>\n<\/tr>\n<tr style=\"height: 13.50pt;\">\n<td style=\"height: 13.50pt;\" height=\"18\">Capacit\u00e9<\/td>\n<td>250 ml (8 oz)<\/td>\n<\/tr>\n<tr style=\"height: 13.50pt;\">\n<td style=\"height: 13.50pt;\" height=\"18\">Forme de bouteille<\/td>\n<td>Taille cylindrique (taille sculpt\u00e9e)<\/td>\n<\/tr>\n<tr style=\"height: 13.50pt;\">\n<td style=\"height: 13.50pt;\" height=\"18\">Mat\u00e9riel<\/td>\n<td>Stout en verre transparent<\/td>\n<\/tr>\n<tr style=\"height: 13.50pt;\">\n<td style=\"height: 13.50pt;\" height=\"18\">Fermeture<\/td>\n<td>Bouchon \u00e0 vis rouge<\/td>\n<\/tr>\n<tr style=\"height: 13.50pt;\">\n<td style=\"height: 13.50pt;\" height=\"18\">Taille de l&#039;emballage<\/td>\n<td>15 cm \u00d7 17 cm \u00d7 30 cm<\/td>\n<\/tr>\n<tr style=\"height: 13.50pt;\">\n<td style=\"height: 13.50pt;\" height=\"18\">Id\u00e9al pour<\/td>\n<td>Sauce piquante, sauce barbecue, vinaigrette, condiment<\/td>\n<\/tr>\n<tr style=\"height: 13.50pt;\">\n<td style=\"height: 13.50pt;\" height=\"18\">Utilisation id\u00e9ale<\/td>\n<td>Contenants pour sauce piquante, bouteilles de sauce en gros<\/td>\n<\/tr>\n<\/tbody>\n<\/table>\n<h2>R\u00e9ussite : Du march\u00e9 de proximit\u00e9 aux magasins de d\u00e9tail \u00e0 l&#039;\u00e9chelle nationale<\/h2>\n<p>Un petit producteur de sauce habanero artisanale, qui approvisionnait initialement les march\u00e9s de producteurs locaux, a rapidement d\u00e9velopp\u00e9 son activit\u00e9 et s&#039;est mis en qu\u00eate d&#039;une bouteille de sauce \u00e0 l&#039;allure professionnelle et adaptable \u00e0 une production \u00e0 grande \u00e9chelle. Il a finalement opt\u00e9 pour nos bouteilles de 250 ml \u00e0 la forme conique et les a personnalis\u00e9es avec son logo. Sa premi\u00e8re commande portait sur seulement 2\u00a0000 bouteilles. Les r\u00e9sultats ont \u00e9t\u00e9 impressionnants. D\u00e8s le d\u00e9part, le design conique a permis d&#039;accro\u00eetre consid\u00e9rablement la notori\u00e9t\u00e9 de la marque\u00a0: une marque de sauce piquante a ainsi enregistr\u00e9 une hausse de 47\u00a0% de ses ventes au d\u00e9tail et de 65\u00a0% des achats r\u00e9p\u00e9t\u00e9s. Fort de ce succ\u00e8s, l&#039;entreprise a pass\u00e9 une nouvelle commande de 500\u00a0000 bouteilles suppl\u00e9mentaires. Aujourd&#039;hui, elle utilise ces bouteilles pour toutes ses gammes de produits et sa commande annuelle d\u00e9passe les 300\u00a0000 unit\u00e9s.<\/p>\n<h2>Personnalisation des contenants de sauce piquante\u00a0:<\/h2>\n<ul>\n<li><strong>Finition usin\u00e9e :<\/strong> Le produit est d\u00e9poli \u00e0 l&#039;acide pour une finition mate plus esth\u00e9tique, un toucher luxueux et moins de traces de doigts.<\/li>\n<li><strong>Grilles sur\u00e9lev\u00e9es\u00a0:<\/strong> Le verre peut pr\u00e9senter des graduations en relief \u00e0 la fois pratiques et esth\u00e9tiques, qui sont utiles et conf\u00e8rent au produit un aspect plus luxueux.<\/li>\n<li><strong>Motifs de verre textur\u00e9\u00a0:<\/strong> Le verre peut \u00eatre fa\u00e7onn\u00e9 avec des losanges ou des rayures, non seulement pour une surface de pr\u00e9hension distinctive, mais aussi \u00e0 des fins d\u00e9coratives.<\/li>\n<li><strong>Mod\u00e8le \u00e0 col large\u00a0:<\/strong> Le r\u00e9glage du col est effectu\u00e9 pour faciliter le remplissage des sauces \u00e9paisses contenant des flocons et des graines de piment.<\/li>\n<\/ul>","protected":false},"excerpt":{"rendered":"<p>Contenants \u00e0 sauce en verre transparent sur mesure, avec couvercle en m\u00e9tal et design \u00e0 taille cintr\u00e9e. Id\u00e9aux pour le conditionnement professionnel de sauces. \u00c9chantillons gratuits pour toute commande en gros\u00a0!<\/p>","protected":false},"featured_media":23184,"template":"","meta":[],"product_brand":[],"product_cat":[122,123,129],"product_tag":[],"class_list":{"0":"post-23180","1":"product","2":"type-product","3":"status-publish","4":"has-post-thumbnail","6":"product_cat-custom-glass-packaging","7":"product_cat-custom-glass-bottles","8":"product_cat-hot-sauce-bottles","10":"first","11":"instock","12":"shipping-taxable","13":"product-type-simple"},"jetpack_sharing_enabled":true,"_links":{"self":[{"href":"https:\/\/yebodaglass.com\/fr\/wp-json\/wp\/v2\/product\/23180","targetHints":{"allow":["GET"]}}],"collection":[{"href":"https:\/\/yebodaglass.com\/fr\/wp-json\/wp\/v2\/product"}],"about":[{"href":"https:\/\/yebodaglass.com\/fr\/wp-json\/wp\/v2\/types\/product"}],"version-history":[{"count":6,"href":"https:\/\/yebodaglass.com\/fr\/wp-json\/wp\/v2\/product\/23180\/revisions"}],"predecessor-version":[{"id":23222,"href":"https:\/\/yebodaglass.com\/fr\/wp-json\/wp\/v2\/product\/23180\/revisions\/23222"}],"wp:featuredmedia":[{"embeddable":true,"href":"https:\/\/yebodaglass.com\/fr\/wp-json\/wp\/v2\/media\/23184"}],"wp:attachment":[{"href":"https:\/\/yebodaglass.com\/fr\/wp-json\/wp\/v2\/media?parent=23180"}],"wp:term":[{"taxonomy":"product_brand","embeddable":true,"href":"https:\/\/yebodaglass.com\/fr\/wp-json\/wp\/v2\/product_brand?post=23180"},{"taxonomy":"product_cat","embeddable":true,"href":"https:\/\/yebodaglass.com\/fr\/wp-json\/wp\/v2\/product_cat?post=23180"},{"taxonomy":"product_tag","embeddable":true,"href":"https:\/\/yebodaglass.com\/fr\/wp-json\/wp\/v2\/product_tag?post=23180"}],"curies":[{"name":"wp","href":"https:\/\/api.w.org\/{rel}","templated":true}]}}