{"id":23171,"date":"2025-11-04T13:56:22","date_gmt":"2025-11-04T05:56:22","guid":{"rendered":"https:\/\/yebodaglass.com\/?post_type=product&#038;p=23171"},"modified":"2026-04-13T14:04:07","modified_gmt":"2026-04-13T06:04:07","slug":"wholesale-empty-glass-bbq-sauce-bottles-packaging-supplier","status":"publish","type":"product","link":"https:\/\/yebodaglass.com\/fr\/wholesale-empty-glass-bbq-sauce-bottles-packaging-supplier\/","title":{"rendered":"Bouteilles en verre vides pour sauce barbecue, en gros\u00a0: 250\u00a0ml, 410\u00a0ml et 485\u00a0ml."},"content":{"rendered":"<p>Ces bouteilles de sauce barbecue arborent un design moderne, alliant une forme conique en verre transparent alimentaire et des bouchons en plastique de couleurs vari\u00e9es. Leur prise en main ergonomique permet de verser les liquides sans risque de d\u00e9bordement.<\/p>\n<h2>Caract\u00e9ristiques du produit<\/h2>\n<ul>\n<li><strong>Conception profil\u00e9e conique\u00a0:<\/strong> Sa forme conique, avec une partie sup\u00e9rieure plus \u00e9troite et une partie inf\u00e9rieure plus large, permet de verser les liquides en douceur tout en r\u00e9duisant le gaspillage de sauce et en optimisant l&#039;efficacit\u00e9 op\u00e9rationnelle.<\/li>\n<li><strong>Verre alimentaire haute transparence\u00a0:<\/strong> Ces bouteilles sont fabriqu\u00e9es en verre alimentaire sans plomb, offrant une transparence optimale et permettant de voir la couleur de la sauce tout en restant s\u00fbres et inodores. Elles sont faciles \u00e0 nettoyer et r\u00e9utilisables \u00e0 de multiples reprises.<\/li>\n<li><strong>Casquettes multicolores disponibles :<\/strong> Les bouchons, disponibles en rouge, jaune, or et autres couleurs, utilisent des joints \u00e0 vis pour pr\u00e9server la fra\u00eecheur de la sauce.<\/li>\n<\/ul>\n<h2 style=\"text-align: left;\">Sp\u00e9cifications cl\u00e9s<\/h2>\n<table class=\"aligncenter\" style=\"border-collapse: collapse; width: 506.27pt;\" border=\"0\" width=\"675\" cellspacing=\"0\" cellpadding=\"0\">\n<tbody>\n<tr style=\"height: 13.50pt;\">\n<td style=\"height: 13.50pt; width: 109.50pt;\" width=\"146\" height=\"18\">Fonctionnalit\u00e9<\/td>\n<td style=\"width: 396.75pt;\" width=\"529\">Sp\u00e9cification<\/td>\n<\/tr>\n<tr style=\"height: 13.50pt;\">\n<td style=\"height: 13.50pt;\" height=\"18\">Capacit\u00e9s<\/td>\n<td>250 ml, 410 ml, 485 ml<\/td>\n<\/tr>\n<tr style=\"height: 13.50pt;\">\n<td style=\"height: 13.50pt;\" height=\"18\">Dimensions (D\u00d7H)<\/td>\n<td>5,6 \u00d7 21,5 cm, 6,4 \u00d7 24,4 cm, 6,6 \u00d7 26 cm<\/td>\n<\/tr>\n<tr style=\"height: 13.50pt;\">\n<td style=\"height: 13.50pt;\" height=\"18\">Forme<\/td>\n<td>Cylindre conique<\/td>\n<\/tr>\n<tr style=\"height: 13.50pt;\">\n<td style=\"height: 13.50pt;\" height=\"18\">Mat\u00e9riel<\/td>\n<td>stout en verre transparent, apte au contact alimentaire, \u00e0 parois \u00e9paisses<\/td>\n<\/tr>\n<tr style=\"height: 13.50pt;\">\n<td style=\"height: 13.50pt;\" height=\"18\">Fermeture<\/td>\n<td>Bouchon \u00e0 vis rouge, jaune ou dor\u00e9<\/td>\n<\/tr>\n<tr style=\"height: 13.50pt;\">\n<td style=\"height: 13.50pt;\" height=\"18\">Id\u00e9al pour<\/td>\n<td>Sauce piquante, sauce barbecue, vinaigre, vinaigrette, huile<\/td>\n<\/tr>\n<tr style=\"height: 13.50pt;\">\n<td style=\"height: 13.50pt;\" height=\"18\">Utilisation id\u00e9ale<\/td>\n<td>Bouteilles de sauce piquante, bouteilles de sauce barbecue, bouteilles en verre pour condiments<\/td>\n<\/tr>\n<\/tbody>\n<\/table>\n<h2>Succ\u00e8s\u00a0: Une gamme de produits phares pour une marque de sauce barbecue du Sud<\/h2>\n<p>Une marque de sauce barbecue du sud des \u00c9tats-Unis a choisi nos bouteilles en verre de 35 cl et a demand\u00e9 leur modification afin d&#039;y ajouter des becs verseurs anti-gouttes et des indicateurs de piquant s\u00e9rigraphi\u00e9s. Ces bouteilles personnalis\u00e9es ont eu un impact consid\u00e9rable\u00a0: les becs verseurs anti-gouttes ont r\u00e9duit de 25\u00a0% les r\u00e9clamations des consommateurs pour cause de d\u00e9versement, et le design distinctif de la bouteille est devenu un atout majeur pour la marque, augmentant sa notori\u00e9t\u00e9 de 35\u00a0%. Fort de ce succ\u00e8s, la marque a pass\u00e9 une commande suppl\u00e9mentaire de 750\u00a0000 bouteilles pour le lancement d&#039;une nouvelle gamme d&#039;ingr\u00e9dients secs et de sauces.<\/p>\n<h2>Options personnalis\u00e9es pour bouteille de sauce en verre<\/h2>\n<ul>\n<li><strong>Rayures d\u00e9coratives givr\u00e9es :<\/strong> Obtenez un aspect exquis et \u00e9l\u00e9gant en optant pour la gravure \u00e0 l&#039;acide afin de produire des rayures d\u00e9polies horizontales ou verticales sur votre verre transparent.<\/li>\n<li><strong>Col de bouteille en vitrail :<\/strong> Lors de la production, pr\u00e9voir un anneau en verre color\u00e9 autour du cou pour un effet visuel luxueux et unique, et pour l&#039;\u00e9limination de l&#039;\u00e9tiquetage.<\/li>\n<li><strong>Buse anti-goutte monobloc :<\/strong> Une pi\u00e8ce en plastique de pr\u00e9cision con\u00e7ue pour s&#039;ajuster parfaitement \u00e0 l&#039;ouverture de la bouteille, garantissant ainsi un versement propre et sans gouttes \u00e0 chaque fois.<\/li>\n<\/ul>","protected":false},"excerpt":{"rendered":"<p>Bouteilles \u00e0 sauce en verre r\u00e9sistant, de forme conique et munies de bouchons. Id\u00e9ales pour la personnalisation de votre sauce barbecue et de votre sauce piquante. Logo personnalis\u00e9 et livraison rapide disponibles.<\/p>","protected":false},"featured_media":23174,"template":"","meta":[],"product_brand":[],"product_cat":[129,123,122],"product_tag":[],"class_list":{"0":"post-23171","1":"product","2":"type-product","3":"status-publish","4":"has-post-thumbnail","6":"product_cat-hot-sauce-bottles","7":"product_cat-custom-glass-bottles","8":"product_cat-custom-glass-packaging","10":"first","11":"instock","12":"shipping-taxable","13":"product-type-simple"},"jetpack_sharing_enabled":true,"_links":{"self":[{"href":"https:\/\/yebodaglass.com\/fr\/wp-json\/wp\/v2\/product\/23171","targetHints":{"allow":["GET"]}}],"collection":[{"href":"https:\/\/yebodaglass.com\/fr\/wp-json\/wp\/v2\/product"}],"about":[{"href":"https:\/\/yebodaglass.com\/fr\/wp-json\/wp\/v2\/types\/product"}],"version-history":[{"count":5,"href":"https:\/\/yebodaglass.com\/fr\/wp-json\/wp\/v2\/product\/23171\/revisions"}],"predecessor-version":[{"id":25761,"href":"https:\/\/yebodaglass.com\/fr\/wp-json\/wp\/v2\/product\/23171\/revisions\/25761"}],"wp:featuredmedia":[{"embeddable":true,"href":"https:\/\/yebodaglass.com\/fr\/wp-json\/wp\/v2\/media\/23174"}],"wp:attachment":[{"href":"https:\/\/yebodaglass.com\/fr\/wp-json\/wp\/v2\/media?parent=23171"}],"wp:term":[{"taxonomy":"product_brand","embeddable":true,"href":"https:\/\/yebodaglass.com\/fr\/wp-json\/wp\/v2\/product_brand?post=23171"},{"taxonomy":"product_cat","embeddable":true,"href":"https:\/\/yebodaglass.com\/fr\/wp-json\/wp\/v2\/product_cat?post=23171"},{"taxonomy":"product_tag","embeddable":true,"href":"https:\/\/yebodaglass.com\/fr\/wp-json\/wp\/v2\/product_tag?post=23171"}],"curies":[{"name":"wp","href":"https:\/\/api.w.org\/{rel}","templated":true}]}}