{"id":23155,"date":"2025-11-04T10:53:15","date_gmt":"2025-11-04T02:53:15","guid":{"rendered":"https:\/\/yebodaglass.com\/?post_type=product&#038;p=23155"},"modified":"2026-03-25T11:24:10","modified_gmt":"2026-03-25T03:24:10","slug":"custom-clear-glass-hot-sauce-bottles-bulk","status":"publish","type":"product","link":"https:\/\/yebodaglass.com\/fr\/custom-clear-glass-hot-sauce-bottles-bulk\/","title":{"rendered":"Bouteilles de sauce piquante en verre transparent personnalis\u00e9es de 250 ml, 350 ml et 500 ml (vente en gros)"},"content":{"rendered":"<p>Ces bouteilles \u00e0 sauce pr\u00e9sentent une forme cylindrique arrondie et \u00e9pur\u00e9e, ainsi qu&#039;un col \u00e9lanc\u00e9. Elles sont en verre transparent, avec un col resserr\u00e9 et un bouchon \u00e0 vis noir, rouge ou dor\u00e9.<\/p>\n<h2>Caract\u00e9ristiques du produit<\/h2>\n<ul>\n<li><strong>Verre cylindrique haute transparence\u00a0:<\/strong> Le verre cylindrique transparent est parfaitement clair et met imm\u00e9diatement en valeur la couleur, la texture et la qualit\u00e9 du produit, augmentant ainsi son attrait visuel.<\/li>\n<li><strong>Plusieurs capuchons \u00e0 vis de couleurs diff\u00e9rentes disponibles\u00a0:<\/strong> Les bouchons \u00e0 vis sont disponibles en diff\u00e9rentes couleurs, telles que le noir, le rouge et l&#039;or, entre autres, afin de r\u00e9pondre aux exigences de personnalisation des emballages flexibles.<\/li>\n<li><strong>Conception \u00e9tanche et anti-fuite\u00a0:<\/strong> Le bouchon \u00e0 vis se clipse fermement sur le goulot de la bouteille, assurant une excellente \u00e9tanch\u00e9it\u00e9 et une longue dur\u00e9e de conservation du produit.<\/li>\n<\/ul>\n<h2 style=\"text-align: left;\">Sp\u00e9cifications cl\u00e9s<\/h2>\n<table class=\"aligncenter\" style=\"border-collapse: collapse; width: 388.52pt;\" border=\"0\" width=\"518\" cellspacing=\"0\" cellpadding=\"0\">\n<tbody>\n<tr style=\"height: 13.50pt;\">\n<td style=\"height: 13.50pt; width: 109.50pt;\" width=\"146\" height=\"18\">Fonctionnalit\u00e9<\/td>\n<td style=\"width: 279.00pt;\" width=\"372\">Sp\u00e9cification<\/td>\n<\/tr>\n<tr style=\"height: 13.50pt;\">\n<td style=\"height: 13.50pt;\" height=\"18\">Capacit\u00e9s<\/td>\n<td>250 ml (8 oz), 350 ml (12 oz), 500 ml (17 oz)<\/td>\n<\/tr>\n<tr style=\"height: 13.50pt;\">\n<td style=\"height: 13.50pt;\" height=\"18\">Dimensions (D\u00d7H)<\/td>\n<td>5,6 \u00d7 18,8 cm, 6,3 \u00d7 17,1 cm, 7,1 \u00d7 19,1 cm<\/td>\n<\/tr>\n<tr style=\"height: 13.50pt;\">\n<td style=\"height: 13.50pt;\" height=\"18\">Mat\u00e9riel<\/td>\n<td>Bi\u00e8re brune transparente de qualit\u00e9 alimentaire<\/td>\n<\/tr>\n<tr style=\"height: 13.50pt;\">\n<td style=\"height: 13.50pt;\" height=\"18\">Fermeture<\/td>\n<td>Bouchon \u00e0 vis noir, rouge ou dor\u00e9<\/td>\n<\/tr>\n<tr style=\"height: 13.50pt;\">\n<td style=\"height: 13.50pt;\" height=\"18\">Id\u00e9al pour<\/td>\n<td>Sauce piquante, sauce barbecue, vinaigrette, condiment<\/td>\n<\/tr>\n<tr style=\"height: 13.50pt;\">\n<td style=\"height: 13.50pt;\" height=\"18\">Utilisation id\u00e9ale<\/td>\n<td>Bouteilles de sauce, bouteilles de sauce piquante en vrac<\/td>\n<\/tr>\n<\/tbody>\n<\/table>\n<h2>Histoire \u00e0 succ\u00e8s<\/h2>\n<p>Une entreprise artisanale de condiments bas\u00e9e dans l&#039;Ohio a choisi de remplir nos bouteilles de sauce et de les faire s\u00e9rigraphier avec une \u00e9tiquette mate sp\u00e9cialement imprim\u00e9e et un bouchon r\u00e9sistant \u00e0 la chaleur doubl\u00e9 de silicone. Ces bouteilles personnalis\u00e9es ont rencontr\u00e9 un franc succ\u00e8s\u00a0: le verre transparent met parfaitement en valeur leurs sauces artisanales, ce qui, selon l&#039;entreprise, a augment\u00e9 leurs achats impulsifs sur les march\u00e9s de producteurs de 30\u00a0%. De plus, le joint du bouchon, sp\u00e9cialement con\u00e7u, assure une fermeture parfaite, emp\u00eache les fuites et r\u00e9duit les r\u00e9clamations clients de 25\u00a0%. Cette marque a connu un tel succ\u00e8s qu&#039;elle a command\u00e9 200\u00a0000 bouteilles suppl\u00e9mentaires de sa nouvelle gamme de sauces et dips.<\/p>\n<h2>Bouteilles de sauce piquante personnalisables<\/h2>\n<ul>\n<li>Bec verseur d\u00e9di\u00e9\u00a0: Ce mod\u00e8le est dot\u00e9 d\u2019un bouchon \u00e0 vis int\u00e9gr\u00e9 avec un bec verseur anti-goutte en plastique ou en acier inoxydable qui permet de verser la sauce facilement et avec pr\u00e9cision.<\/li>\n<li>Verre color\u00e9 r\u00e9sistant aux UV\u00a0: Il est fabriqu\u00e9 dans le m\u00eame cylindre que le verre ambr\u00e9 ou vert pour prot\u00e9ger les ingr\u00e9dients sensibles \u00e0 la lumi\u00e8re.<\/li>\n<li>Couleur du bouchon : Vous trouverez des couleurs de bouchon dans n&#039;importe quel nuancier Pantone pour qu&#039;elles correspondent parfaitement \u00e0 votre image de marque.<\/li>\n<\/ul>","protected":false},"excerpt":{"rendered":"<p>Bouteilles en verre transparent pour sauce piquante avec bouchons m\u00e9talliques color\u00e9s. Excellente \u00e9tanch\u00e9it\u00e9, id\u00e9ales pour cr\u00e9er votre propre marque de sauce. Commandez vos bouteilles en verre en gros et b\u00e9n\u00e9ficiez d&#039;une livraison rapide\u00a0!<\/p>","protected":false},"featured_media":23165,"template":"","meta":[],"product_brand":[],"product_cat":[129,123,122],"product_tag":[],"class_list":{"0":"post-23155","1":"product","2":"type-product","3":"status-publish","4":"has-post-thumbnail","6":"product_cat-hot-sauce-bottles","7":"product_cat-custom-glass-bottles","8":"product_cat-custom-glass-packaging","10":"first","11":"instock","12":"shipping-taxable","13":"product-type-simple"},"jetpack_sharing_enabled":true,"_links":{"self":[{"href":"https:\/\/yebodaglass.com\/fr\/wp-json\/wp\/v2\/product\/23155","targetHints":{"allow":["GET"]}}],"collection":[{"href":"https:\/\/yebodaglass.com\/fr\/wp-json\/wp\/v2\/product"}],"about":[{"href":"https:\/\/yebodaglass.com\/fr\/wp-json\/wp\/v2\/types\/product"}],"version-history":[{"count":5,"href":"https:\/\/yebodaglass.com\/fr\/wp-json\/wp\/v2\/product\/23155\/revisions"}],"predecessor-version":[{"id":25596,"href":"https:\/\/yebodaglass.com\/fr\/wp-json\/wp\/v2\/product\/23155\/revisions\/25596"}],"wp:featuredmedia":[{"embeddable":true,"href":"https:\/\/yebodaglass.com\/fr\/wp-json\/wp\/v2\/media\/23165"}],"wp:attachment":[{"href":"https:\/\/yebodaglass.com\/fr\/wp-json\/wp\/v2\/media?parent=23155"}],"wp:term":[{"taxonomy":"product_brand","embeddable":true,"href":"https:\/\/yebodaglass.com\/fr\/wp-json\/wp\/v2\/product_brand?post=23155"},{"taxonomy":"product_cat","embeddable":true,"href":"https:\/\/yebodaglass.com\/fr\/wp-json\/wp\/v2\/product_cat?post=23155"},{"taxonomy":"product_tag","embeddable":true,"href":"https:\/\/yebodaglass.com\/fr\/wp-json\/wp\/v2\/product_tag?post=23155"}],"curies":[{"name":"wp","href":"https:\/\/api.w.org\/{rel}","templated":true}]}}