{"id":23117,"date":"2025-11-03T16:34:01","date_gmt":"2025-11-03T08:34:01","guid":{"rendered":"https:\/\/yebodaglass.com\/?post_type=product&#038;p=23117"},"modified":"2026-04-09T14:09:19","modified_gmt":"2026-04-09T06:09:19","slug":"wholesale-round-glass-hot-sauce-bottles-sauce-container-supplier","status":"publish","type":"product","link":"https:\/\/yebodaglass.com\/fr\/wholesale-round-glass-hot-sauce-bottles-sauce-container-supplier\/","title":{"rendered":"Bouteilles rondes en verre pour sauce piquante, en gros\u00a0: 100\u00a0ml, 150\u00a0ml et 200\u00a0ml"},"content":{"rendered":"<p>Nos bouteilles rondes en verre pour sauce piquante sont dot\u00e9es d&#039;un corps fin en verre transparent et d&#039;un bouchon en plastique. Elles sont disponibles en trois contenances\u00a0: 100\u00a0ml, 150\u00a0ml et 200\u00a0ml. Leur forme ronde classique les rend id\u00e9ales pour le conditionnement d&#039;une grande vari\u00e9t\u00e9 de condiments.<\/p>\n<h2>Sp\u00e9cifications cl\u00e9s<\/h2>\n<table style=\"border-collapse: collapse; width: 80%; margin-left: auto; margin-right: auto;\" border=\"0\" width=\"818\" cellspacing=\"0\" cellpadding=\"0\">\n<tbody>\n<tr style=\"height: 13.50pt;\">\n<td style=\"height: 13.50pt; width: 141.75pt;\" width=\"189\" height=\"18\">Fonctionnalit\u00e9<\/td>\n<td style=\"width: 471.75pt;\" width=\"629\">Sp\u00e9cification<\/td>\n<\/tr>\n<tr style=\"height: 48.00pt;\">\n<td style=\"height: 48.00pt;\" height=\"64\">Capacit\u00e9<\/td>\n<td class=\"et2\" style=\"width: 471.75pt;\" width=\"629\">100 ml \/ 3 oz (40 \u00d7 151 mm)<br \/>\n150 ml \/ 5 oz (4,8 \u00d7 17,2 cm)<br \/>\n250 ml \/ 8 oz (5,5 \u00d7 19,8 cm)<\/td>\n<\/tr>\n<tr style=\"height: 13.50pt;\">\n<td style=\"height: 13.50pt;\" height=\"18\">Mat\u00e9riel<\/td>\n<td>Verre sodocalcique, bouchon en plastique, bouchon int\u00e9rieur en plastique, film r\u00e9tractable en plastique<\/td>\n<\/tr>\n<tr style=\"height: 13.50pt;\">\n<td style=\"height: 13.50pt;\" height=\"18\">Options de fermeture<\/td>\n<td>personnalisable<\/td>\n<\/tr>\n<tr style=\"height: 13.50pt;\">\n<td style=\"height: 13.50pt;\" height=\"18\">Utilisations<\/td>\n<td>Sauce piquante, condiments, sauce soja, p\u00e2te de s\u00e9same, vinaigrette, vinaigre, piment, ketchup, etc.<\/td>\n<\/tr>\n<tr style=\"height: 13.50pt;\">\n<td style=\"height: 13.50pt;\" height=\"18\">Option de personnalisation<\/td>\n<td>Finition de surface, logo, forme, capacit\u00e9, couvercle, emballage.<\/td>\n<\/tr>\n<\/tbody>\n<\/table>\n<h2>\u00c9tude de cas<\/h2>\n<p>Une entreprise agroalimentaire mexicaine sp\u00e9cialis\u00e9e dans la production de sauces recherchait un emballage \u00e0 la hauteur de son processus de fabrication m\u00e9ticuleux. Elle a finalement opt\u00e9 pour nos bouteilles en verre de 150 ml pour sauce piquante, appr\u00e9ci\u00e9es pour leur contenance. Elle a personnalis\u00e9 les bouteilles avec des \u00e9tiquettes autocollantes. La premi\u00e8re commande, modeste (seulement 3\u00a0000 unit\u00e9s), a donn\u00e9 des r\u00e9sultats exceptionnels\u00a0: les ventes en rayon ont progress\u00e9 de 32\u00a0% et la robustesse du verre a permis de r\u00e9duire de 40\u00a0% le nombre de bouteilles cass\u00e9es. Aujourd\u2019hui, l\u2019entreprise passe des commandes group\u00e9es de plus de 50\u00a0000 bouteilles chaque trimestre, faisant de la bouteille de sauce un \u00e9l\u00e9ment essentiel de sa strat\u00e9gie de marque.<\/p>","protected":false},"excerpt":{"rendered":"<p>Bouteilles rondes en verre personnalis\u00e9es pour sauces piquantes. Options personnalis\u00e9es et commandes en gros pour les marques et les grossistes de sauces. Livraison rapide et \u00e9chantillons gratuits.<\/p>","protected":false},"featured_media":25676,"template":"","meta":[],"product_brand":[],"product_cat":[129,123,122,80,20],"product_tag":[],"class_list":{"0":"post-23117","1":"product","2":"type-product","3":"status-publish","4":"has-post-thumbnail","6":"product_cat-hot-sauce-bottles","7":"product_cat-custom-glass-bottles","8":"product_cat-custom-glass-packaging","9":"product_cat-glass-bottles","10":"product_cat-glass-containers","12":"first","13":"instock","14":"shipping-taxable","15":"product-type-simple"},"jetpack_sharing_enabled":true,"_links":{"self":[{"href":"https:\/\/yebodaglass.com\/fr\/wp-json\/wp\/v2\/product\/23117","targetHints":{"allow":["GET"]}}],"collection":[{"href":"https:\/\/yebodaglass.com\/fr\/wp-json\/wp\/v2\/product"}],"about":[{"href":"https:\/\/yebodaglass.com\/fr\/wp-json\/wp\/v2\/types\/product"}],"version-history":[{"count":5,"href":"https:\/\/yebodaglass.com\/fr\/wp-json\/wp\/v2\/product\/23117\/revisions"}],"predecessor-version":[{"id":25685,"href":"https:\/\/yebodaglass.com\/fr\/wp-json\/wp\/v2\/product\/23117\/revisions\/25685"}],"wp:featuredmedia":[{"embeddable":true,"href":"https:\/\/yebodaglass.com\/fr\/wp-json\/wp\/v2\/media\/25676"}],"wp:attachment":[{"href":"https:\/\/yebodaglass.com\/fr\/wp-json\/wp\/v2\/media?parent=23117"}],"wp:term":[{"taxonomy":"product_brand","embeddable":true,"href":"https:\/\/yebodaglass.com\/fr\/wp-json\/wp\/v2\/product_brand?post=23117"},{"taxonomy":"product_cat","embeddable":true,"href":"https:\/\/yebodaglass.com\/fr\/wp-json\/wp\/v2\/product_cat?post=23117"},{"taxonomy":"product_tag","embeddable":true,"href":"https:\/\/yebodaglass.com\/fr\/wp-json\/wp\/v2\/product_tag?post=23117"}],"curies":[{"name":"wp","href":"https:\/\/api.w.org\/{rel}","templated":true}]}}