{"id":23116,"date":"2025-11-03T17:08:09","date_gmt":"2025-11-03T09:08:09","guid":{"rendered":"https:\/\/yebodaglass.com\/?post_type=product&#038;p=23116"},"modified":"2025-11-03T17:52:02","modified_gmt":"2025-11-03T09:52:02","slug":"5oz-round-empty-spice-jars-with-metal-lids-for-kitchen-storage-wholesale","status":"publish","type":"product","link":"https:\/\/yebodaglass.com\/fr\/5oz-round-empty-spice-jars-with-metal-lids-for-kitchen-storage-wholesale\/","title":{"rendered":"Pots \u00e0 \u00e9pices ronds vides de 142 g (5 oz) avec couvercles m\u00e9talliques pour le rangement en cuisine (vente en gros)"},"content":{"rendered":"<p>Vous en avez assez des pots \u00e0 \u00e9pices qui fuient ou qui alt\u00e8rent leurs saveurs\u00a0? Nous fabriquons des pots \u00e0 \u00e9pices vides aux courbes arrondies classiques\u00a0: fini les d\u00e9bordements dans vos tiroirs de cuisine\u00a0! Pour les commandes en gros, b\u00e9n\u00e9ficiez d\u2019une finition personnalis\u00e9e \u00e0 l\u2019image de votre marque.<\/p>\n<h2>Caract\u00e9ristiques du produit<\/h2>\n<p><strong>Courbes arrondies classiques<\/strong><\/p>\n<p>La poign\u00e9e ergonomique est parfaitement adapt\u00e9e \u00e0 votre main\u00a0: vous ne laisserez plus tomber les pots \u00e0 \u00e9pices vides.<\/p>\n<p><strong>Couvercle m\u00e9tallique s\u00e9curis\u00e9<\/strong><\/p>\n<p>Un emballage herm\u00e9tique pr\u00e9serve la fra\u00eecheur du produit : fini le sucre qui s&#039;humidifie ou le poivre qui perd son ar\u00f4me.<\/p>\n<p><strong>Acc\u00e8s \u00e0 large ouverture<\/strong><\/p>\n<p>Faites-le sans en mettre partout si vous voulez saler, sucrer ou poivrer\u00a0: n\u2019importe quelle cuill\u00e8re ou louche fera l\u2019affaire.<\/p>\n<h2>Sp\u00e9cifications cl\u00e9s<\/h2>\n<table style=\"border-collapse: collapse; width: 80%; margin-left: auto; margin-right: auto;\" border=\"0\" width=\"144\" cellspacing=\"0\" cellpadding=\"0\">\n<tbody>\n<tr style=\"height: 13.50pt;\">\n<td style=\"height: 13.5pt; width: 54pt; text-align: center;\" width=\"72\" height=\"18\">Capacit\u00e9<\/td>\n<td style=\"width: 54pt; text-align: center;\" width=\"72\">150 ml \/ 5 oz<\/td>\n<\/tr>\n<tr style=\"height: 13.50pt;\">\n<td style=\"height: 13.5pt; text-align: center;\" height=\"18\">Mat\u00e9riel<\/td>\n<td style=\"text-align: center;\">Verre + M\u00e9tal (Couvercles)<\/td>\n<\/tr>\n<tr style=\"height: 13.50pt;\">\n<td style=\"height: 13.5pt; text-align: center;\" height=\"18\">Options de couleur<\/td>\n<td style=\"text-align: center;\">Transparent (personnalisable)<\/td>\n<\/tr>\n<tr style=\"height: 13.50pt;\">\n<td style=\"height: 13.5pt; text-align: center;\" height=\"18\">Traitement de surface<\/td>\n<td style=\"text-align: center;\">S\u00e9rigraphie, d\u00e9poli, d\u00e9calcomanie, a\u00e9rosol de couleur<\/td>\n<\/tr>\n<\/tbody>\n<\/table>\n<h2>Histoire \u00e0 succ\u00e8s<\/h2>\n<p>Une entreprise canadienne d&#039;\u00e9pices haut de gamme nous a contact\u00e9s pour personnaliser des pots \u00e0 \u00e9pices en verre transparent avec d&#039;\u00e9l\u00e9gants couvercles m\u00e9talliques\u00a0: la solution id\u00e9ale pour mettre en valeur la fra\u00eecheur de leurs produits tout en garantissant une fermeture herm\u00e9tique. Afin de respecter leur identit\u00e9 visuelle, nous avons \u00e9galement personnalis\u00e9 les pots \u00e0 \u00e9pices avec un logo grav\u00e9 au laser et un couvercle argent\u00e9 mat.<\/p>\n<p>Suite \u00e0 l&#039;introduction du nouvel emballage, le client a communiqu\u00e9 une augmentation de 25 % de ses ventes au d\u00e9tail, confirmant ainsi la pertinence de cet emballage pour les magasins comme pour les cuisines domestiques.<\/p>\n<h2>Votre guide de personnalisation<\/h2>\n<ol>\n<li><strong>Les bouchons des bouteilles peuvent \u00eatre chang\u00e9s\u00a0:<\/strong> Il existe des bouchons en m\u00e9tal (acier inoxydable ou alliage d&#039;aluminium) et en plastique, et pour rendre la marque plus attrayante, les m\u00e9thodes suivantes sont possibles : on peut \u00e9lectroplaquer, pulv\u00e9riser ou brosser la finition.<\/li>\n<li><strong>Aspect du gicleur :<\/strong> Des bouchons saupoudreurs ou \u00e0 clapet personnalis\u00e9s peuvent \u00eatre s\u00e9lectionn\u00e9s pour correspondre aux diff\u00e9rents types d&#039;\u00e9pices (par exemple, poudre de chili, s\u00e9same, sel) pour un contr\u00f4le simple du dosage.<\/li>\n<li><strong>Marquage des bouteilles\u00a0:<\/strong> Les logos de marque ou les \u00e9tiquettes de type \u00e9pices peuvent \u00eatre r\u00e9alis\u00e9s par les moyens suivants\u00a0: s\u00e9rigraphie, marquage \u00e0 chaud ou \u00e9tiquetage.<\/li>\n<\/ol>","protected":false},"excerpt":{"rendered":"<p>Pots \u00e0 \u00e9pices vides et durables en verre transparent avec couvercles m\u00e9talliques, parfaits pour conserver le sel, le poivre, les herbes et les \u00e9pices de cuisine.<\/p>","protected":false},"featured_media":23118,"template":"","meta":[],"product_brand":[],"product_cat":[20,128,83],"product_tag":[],"class_list":{"0":"post-23116","1":"product","2":"type-product","3":"status-publish","4":"has-post-thumbnail","6":"product_cat-glass-containers","7":"product_cat-spice-jars","8":"product_cat-glass-jars","10":"first","11":"instock","12":"shipping-taxable","13":"product-type-simple"},"jetpack_sharing_enabled":true,"_links":{"self":[{"href":"https:\/\/yebodaglass.com\/fr\/wp-json\/wp\/v2\/product\/23116","targetHints":{"allow":["GET"]}}],"collection":[{"href":"https:\/\/yebodaglass.com\/fr\/wp-json\/wp\/v2\/product"}],"about":[{"href":"https:\/\/yebodaglass.com\/fr\/wp-json\/wp\/v2\/types\/product"}],"version-history":[{"count":5,"href":"https:\/\/yebodaglass.com\/fr\/wp-json\/wp\/v2\/product\/23116\/revisions"}],"predecessor-version":[{"id":23141,"href":"https:\/\/yebodaglass.com\/fr\/wp-json\/wp\/v2\/product\/23116\/revisions\/23141"}],"wp:featuredmedia":[{"embeddable":true,"href":"https:\/\/yebodaglass.com\/fr\/wp-json\/wp\/v2\/media\/23118"}],"wp:attachment":[{"href":"https:\/\/yebodaglass.com\/fr\/wp-json\/wp\/v2\/media?parent=23116"}],"wp:term":[{"taxonomy":"product_brand","embeddable":true,"href":"https:\/\/yebodaglass.com\/fr\/wp-json\/wp\/v2\/product_brand?post=23116"},{"taxonomy":"product_cat","embeddable":true,"href":"https:\/\/yebodaglass.com\/fr\/wp-json\/wp\/v2\/product_cat?post=23116"},{"taxonomy":"product_tag","embeddable":true,"href":"https:\/\/yebodaglass.com\/fr\/wp-json\/wp\/v2\/product_tag?post=23116"}],"curies":[{"name":"wp","href":"https:\/\/api.w.org\/{rel}","templated":true}]}}