{"id":23100,"date":"2025-11-03T16:08:07","date_gmt":"2025-11-03T08:08:07","guid":{"rendered":"https:\/\/yebodaglass.com\/?post_type=product&#038;p=23100"},"modified":"2025-11-03T16:08:09","modified_gmt":"2025-11-03T08:08:09","slug":"glass-spice-jar-with-shaker-lid-bulk-for-kitchen","status":"publish","type":"product","link":"https:\/\/yebodaglass.com\/fr\/glass-spice-jar-with-shaker-lid-bulk-for-kitchen\/","title":{"rendered":"Pot \u00e0 \u00e9pices en verre de 283 ml avec couvercle saupoudreur, id\u00e9al pour la cuisine.\u00a0"},"content":{"rendered":"<p>Nous fabriquons des pots \u00e0 \u00e9pices transparents avec une rayure verticale facile \u00e0 prendre en main\u00a0: fini le d\u00e9sordre en cuisine\u00a0! Ces bo\u00eetes de rangement pour \u00e9pices donneront \u00e0 votre garde-manger une touche tendance. Pour toute commande en gros, des options personnalis\u00e9es sont disponibles pour s&#039;harmoniser avec votre marque.<\/p>\n<h2>Caract\u00e9ristiques du produit<\/h2>\n<p><strong>Poign\u00e9e \u00e0 rayures verticales<\/strong><\/p>\n<p>Les nervures rendent les pots \u00e0 \u00e9pices en verre non seulement agr\u00e9ables \u00e0 tenir, mais aussi \u00e9l\u00e9gants\u00a0; vos pots \u00e0 \u00e9pices en verre donneront l\u2019impression d\u2019avoir un produit haut de gamme entre les mains.<\/p>\n<p><strong>Couvercle shaker en acier inoxydable<\/strong><\/p>\n<p>Ce sont les petits trous r\u00e9alis\u00e9s avec pr\u00e9cision qui permettent de contr\u00f4ler le dosage\u00a0: fini le surdosage de sel et le gaspillage d\u2019\u00e9pices.<\/p>\n<p><strong>Clart\u00e9 cristalline<\/strong><\/p>\n<p>C\u2019est la transparence du verre qui permet au client de voir chaque grain \u2013 c\u2019est pourquoi il fait imm\u00e9diatement confiance \u00e0 vos contenants \u00e0 \u00e9pices.<\/p>\n<h2>Sp\u00e9cifications cl\u00e9s<\/h2>\n<table style=\"border-collapse: collapse; width: 80%; margin-left: auto; margin-right: auto;\" border=\"0\" width=\"144\" cellspacing=\"0\" cellpadding=\"0\">\n<tbody>\n<tr style=\"height: 13.50pt;\">\n<td style=\"height: 13.5pt; width: 54pt; text-align: center;\" width=\"72\" height=\"18\">Capacit\u00e9<\/td>\n<td style=\"width: 54pt; text-align: center;\" width=\"72\">330 ml \/ 10 oz<\/td>\n<\/tr>\n<tr style=\"height: 13.50pt;\">\n<td style=\"height: 13.5pt; text-align: center;\" height=\"18\">Taille (cm)<\/td>\n<td style=\"text-align: center;\">7.5&#215;13.5<\/td>\n<\/tr>\n<tr style=\"height: 13.50pt;\">\n<td style=\"height: 13.5pt; text-align: center;\" height=\"18\">Mat\u00e9riel<\/td>\n<td style=\"text-align: center;\">Verre + M\u00e9tal (Couvercles)<\/td>\n<\/tr>\n<tr style=\"height: 13.50pt;\">\n<td style=\"height: 13.5pt; text-align: center;\" height=\"18\">Options de couleur<\/td>\n<td style=\"text-align: center;\">Transparent (personnalisable)<\/td>\n<\/tr>\n<tr style=\"height: 13.50pt;\">\n<td style=\"height: 13.5pt; text-align: center;\" height=\"18\">Usage<\/td>\n<td style=\"text-align: center;\">Sucre, sel, assaisonnement<\/td>\n<\/tr>\n<tr style=\"height: 13.50pt;\">\n<td style=\"height: 13.5pt; text-align: center;\" height=\"18\">Personnalisation<\/td>\n<td style=\"text-align: center;\">Conception du couvercle, couleur, logo (en relief, autocollant, etc.)<\/td>\n<\/tr>\n<\/tbody>\n<\/table>\n<h2>Cas de r\u00e9ussite<\/h2>\n<p>Nous avons collabor\u00e9 avec une entreprise canadienne de restauration dans le cadre de son projet de modernisation de sa gamme de produits de rangement pour \u00e9pices, gr\u00e2ce \u00e0 l&#039;int\u00e9gration de notre collection de pots \u00e0 \u00e9pices en verre. Ces pots sur mesure, dot\u00e9s de charni\u00e8res en m\u00e9tal bross\u00e9 et de logos de marque grav\u00e9s au laser, conf\u00e8rent \u00e0 leurs ustensiles de cuisine une allure plus moderne et professionnelle. La transparence du verre permet aux chefs de trouver facilement les \u00e9pices qu&#039;ils contiennent, et leur construction robuste garantit une utilisation durable dans les cuisines professionnelles, un environnement \u00e0 forte fr\u00e9quentation.<\/p>\n<p>Suite au lancement du nouveau pot \u00e0 \u00e9pices en verre, l&#039;entreprise a enregistr\u00e9 une augmentation de 26 % des commandes gr\u00e2ce \u00e0 son toucher agr\u00e9able.<\/p>\n<h2>Votre guide de personnalisation<\/h2>\n<ol>\n<li><strong>Couvercles r\u00e9glables :<\/strong> Vous pouvez choisir entre l&#039;acier inoxydable, l&#039;alliage d&#039;aluminium ou le plastique pour les mod\u00e8les \u00e0 plusieurs trous, \u00e0 un seul trou ou \u00e0 visser, afin de vous adapter \u00e0 diff\u00e9rents d\u00e9bits de condiments.<\/li>\n<li><strong>Marques et impressions :<\/strong> Les logos de marque, les noms de condiments ou les \u00e9tiquettes imperm\u00e9ables peuvent \u00eatre imprim\u00e9s par s\u00e9rigraphie sur le pot \u00e0 \u00e9pices en verre afin de faciliter la reconnaissance du produit et de valoriser l&#039;image de marque.<\/li>\n<li><strong>Options d&#039;emballage pour coffret cadeau\u00a0:<\/strong> Il existe des coffrets cadeaux multi-bouteilles sur mesure, parfaits pour un ensemble d&#039;ustensiles de cuisine de luxe ou une campagne de cadeaux pour les f\u00eates.<\/li>\n<\/ol>","protected":false},"excerpt":{"rendered":"<p>D\u00e9couvrez notre bocal \u00e0 \u00e9pices en verre\u00a0: id\u00e9al pour conserver sel, poivre ou herbes aromatiques. Verre r\u00e9sistant et couvercle saupoudreur pour un assaisonnement facile et propre.<\/p>","protected":false},"featured_media":23101,"template":"","meta":[],"product_brand":[],"product_cat":[83,128,20],"product_tag":[],"class_list":{"0":"post-23100","1":"product","2":"type-product","3":"status-publish","4":"has-post-thumbnail","6":"product_cat-glass-jars","7":"product_cat-spice-jars","8":"product_cat-glass-containers","10":"first","11":"instock","12":"shipping-taxable","13":"product-type-simple"},"jetpack_sharing_enabled":true,"_links":{"self":[{"href":"https:\/\/yebodaglass.com\/fr\/wp-json\/wp\/v2\/product\/23100","targetHints":{"allow":["GET"]}}],"collection":[{"href":"https:\/\/yebodaglass.com\/fr\/wp-json\/wp\/v2\/product"}],"about":[{"href":"https:\/\/yebodaglass.com\/fr\/wp-json\/wp\/v2\/types\/product"}],"version-history":[{"count":3,"href":"https:\/\/yebodaglass.com\/fr\/wp-json\/wp\/v2\/product\/23100\/revisions"}],"predecessor-version":[{"id":23113,"href":"https:\/\/yebodaglass.com\/fr\/wp-json\/wp\/v2\/product\/23100\/revisions\/23113"}],"wp:featuredmedia":[{"embeddable":true,"href":"https:\/\/yebodaglass.com\/fr\/wp-json\/wp\/v2\/media\/23101"}],"wp:attachment":[{"href":"https:\/\/yebodaglass.com\/fr\/wp-json\/wp\/v2\/media?parent=23100"}],"wp:term":[{"taxonomy":"product_brand","embeddable":true,"href":"https:\/\/yebodaglass.com\/fr\/wp-json\/wp\/v2\/product_brand?post=23100"},{"taxonomy":"product_cat","embeddable":true,"href":"https:\/\/yebodaglass.com\/fr\/wp-json\/wp\/v2\/product_cat?post=23100"},{"taxonomy":"product_tag","embeddable":true,"href":"https:\/\/yebodaglass.com\/fr\/wp-json\/wp\/v2\/product_tag?post=23100"}],"curies":[{"name":"wp","href":"https:\/\/api.w.org\/{rel}","templated":true}]}}