{"id":23091,"date":"2025-11-03T16:20:39","date_gmt":"2025-11-03T08:20:39","guid":{"rendered":"https:\/\/yebodaglass.com\/?post_type=product&#038;p=23091"},"modified":"2025-11-03T17:29:17","modified_gmt":"2025-11-03T09:29:17","slug":"wholesale-clear-glass-hot-sauce-bottles-with-lids","status":"publish","type":"product","link":"https:\/\/yebodaglass.com\/fr\/wholesale-clear-glass-hot-sauce-bottles-with-lids\/","title":{"rendered":"Bouteilles de sauce piquante en verre transparent avec couvercles, en gros\u00a0: 250\u00a0ml, 350\u00a0ml et 500\u00a0ml"},"content":{"rendered":"<p>Le design \u00e9pur\u00e9 de cette bouteille de sauce piquante pr\u00e9sente un corps l\u00e9g\u00e8rement conique qui se prolonge harmonieusement jusqu&#039;\u00e0 un col court et \u00e9pais. De mani\u00e8re g\u00e9n\u00e9rale, son design simple et pratique en verre transparent permet d&#039;en voir le contenu sans avoir besoin de l&#039;ouvrir.<\/p>\n<h2>Caract\u00e9ristiques du produit<\/h2>\n<ul>\n<li><strong>Mat\u00e9riau en verre transparent :<\/strong> Le r\u00e9cipient en verre transparent permet aux utilisateurs de visualiser la couleur de la sauce et de d\u00e9terminer la quantit\u00e9 restante sans avoir \u00e0 ouvrir la bouteille.<\/li>\n<li><strong>Conception de conteneur mince :<\/strong> Avec sa silhouette \u00e9lanc\u00e9e et ses courbes douces, la bouteille est con\u00e7ue pour \u00eatre facile \u00e0 transporter et \u00e0 ranger, rendant ainsi l&#039;exp\u00e9rience utilisateur plus confortable et pratique.<\/li>\n<li><strong>Concept minimaliste :<\/strong> Un r\u00e9cipient transparent associ\u00e9 \u00e0 un couvercle monochrome offre un aspect soign\u00e9 et lumineux, qui peut \u00eatre agenc\u00e9 de multiples fa\u00e7ons et qui est tr\u00e8s fonctionnel.<\/li>\n<\/ul>\n<h2 style=\"text-align: left;\">Sp\u00e9cifications cl\u00e9s<\/h2>\n<table class=\"aligncenter\" style=\"border-collapse: collapse; width: 471.02pt;\" border=\"0\" width=\"628\" cellspacing=\"0\" cellpadding=\"0\">\n<tbody>\n<tr style=\"height: 13.50pt;\">\n<td style=\"height: 13.50pt; width: 111.75pt;\" width=\"149\" height=\"18\">Fonctionnalit\u00e9<\/td>\n<td style=\"width: 359.25pt;\" width=\"479\">Sp\u00e9cification<\/td>\n<\/tr>\n<tr style=\"height: 13.50pt;\">\n<td style=\"height: 13.50pt;\" height=\"18\">Capacit\u00e9<\/td>\n<td>250 ml (8 oz), 350 ml (12 oz), 500 ml (17 oz)<\/td>\n<\/tr>\n<tr style=\"height: 13.50pt;\">\n<td style=\"height: 13.50pt;\" height=\"18\">Dimensions<\/td>\n<td>5,5 \u00d7 17,8 cm, 6,1 \u00d7 19,6 cm, 6,9 \u00d7 21,4 cm<\/td>\n<\/tr>\n<tr style=\"height: 13.50pt;\">\n<td style=\"height: 13.50pt;\" height=\"18\">Forme<\/td>\n<td>Cylindrique avec une conicit\u00e9 douce<\/td>\n<\/tr>\n<tr style=\"height: 13.50pt;\">\n<td style=\"height: 13.50pt;\" height=\"18\">Mat\u00e9riel<\/td>\n<td>Verre transparent, compatible avec fermeture en plastique\/m\u00e9tal<\/td>\n<\/tr>\n<tr style=\"height: 13.50pt;\">\n<td style=\"height: 13.50pt;\" height=\"18\">Options de fermeture<\/td>\n<td>Casquettes jaunes, blanches, rouges, noires (personnalisables)<\/td>\n<\/tr>\n<tr style=\"height: 13.50pt;\">\n<td style=\"height: 13.50pt;\" height=\"18\">Id\u00e9al pour<\/td>\n<td>marques de sauce barbecue, vinaigrette, sirop, vinaigre et condiments<\/td>\n<\/tr>\n<tr style=\"height: 13.50pt;\">\n<td style=\"height: 13.50pt;\" height=\"18\">Utilisation id\u00e9ale<\/td>\n<td>bouteille de sauce piquante, bouteille en verre, bouteilles en verre pour condiments<\/td>\n<\/tr>\n<\/tbody>\n<\/table>\n<h2>\u00c9tude de cas r\u00e9elle\u00a0: Comment une marque a atteint une certaine envergure<\/h2>\n<p>Une jeune entreprise artisanale de condiments, sp\u00e9cialis\u00e9e dans la production de sauces chili \u00e0 base de vinaigre en petites quantit\u00e9s, recherchait une bouteille fiable et \u00e9conomique pour son expansion vers une cha\u00eene de distribution nationale. L&#039;achat en gros de 2\u00a0500 bouteilles de sauce transparentes de 500 ml, avec bouchon rouge et logo de la marque, a constitu\u00e9 leur premier pas vers un succ\u00e8s fulgurant. Les r\u00e9sultats ont \u00e9t\u00e9 concluants. D\u00e8s le d\u00e9part, les bouteilles en verre transparent et les bouchons color\u00e9s ont consid\u00e9rablement boost\u00e9 les ventes\u00a0: une marque de sauce piquante a ainsi constat\u00e9 une augmentation de 38\u00a0% de ses ventes en ligne, accompagn\u00e9e d&#039;une r\u00e9duction de 29\u00a0% du gaspillage gr\u00e2ce \u00e0 un syst\u00e8me de versement facile qui minimise les gouttes et les d\u00e9versements. Forte de cette exp\u00e9rience, l&#039;entreprise a pass\u00e9 une nouvelle commande de 300\u00a0000 bouteilles. Aujourd&#039;hui, elle consid\u00e8re cette bouteille comme son emballage de pr\u00e9dilection, r\u00e9pondant \u00e0 ses exigences en mati\u00e8re de transport et de satisfaction client.<\/p>\n<h2>Personnalisation des bouteilles de sauce en verre<\/h2>\n<ul>\n<li>Verre d\u00e9poli\u00a0: Apportez une touche de luxe gr\u00e2ce au verre translucide d\u00e9poli \u00e0 l\u2019acide pour une apparence \u00e9l\u00e9gante et sophistiqu\u00e9e.<\/li>\n<li>Impression de logo de marque\u00a0: Renforcez votre marque en imprimant le logo ou le design de votre entreprise directement sur le verre pour un souvenir imp\u00e9rissable.<\/li>\n<li>Verre color\u00e9\u00a0: Choisissez le verre ambr\u00e9 ou vert pour prot\u00e9ger la sauce de la lumi\u00e8re et mettre en valeur la qualit\u00e9 du produit en rayon.<\/li>\n<li>Couleurs personnalis\u00e9es des casquettes\u00a0: Utilisez les couleurs embl\u00e9matiques de vos casquettes \u2014 comme le blanc traditionnel ou le rouge vif \u2014 pour diff\u00e9rencier votre marque et faciliter son identification rapide.<\/li>\n<li>Options de mat\u00e9riau de doublure\u00a0: Choisissez la doublure appropri\u00e9e (par exemple, en PVC expans\u00e9) pour obtenir un r\u00e9cipient herm\u00e9tique adapt\u00e9 \u00e0 l\u2019acidit\u00e9 et \u00e0 la teneur en huile de votre sauce.<\/li>\n<\/ul>","protected":false},"excerpt":{"rendered":"<p>Bouteilles transparentes pour sauce piquante, en verre lisse avec bouchon herm\u00e9tique. Id\u00e9ales pour les sauces piquantes et les condiments. Prix d&#039;usine, commandes en gros, livraison rapide\u00a0!<\/p>","protected":false},"featured_media":23107,"template":"","meta":[],"product_brand":[],"product_cat":[20,129,80],"product_tag":[],"class_list":{"0":"post-23091","1":"product","2":"type-product","3":"status-publish","4":"has-post-thumbnail","6":"product_cat-glass-containers","7":"product_cat-hot-sauce-bottles","8":"product_cat-glass-bottles","10":"first","11":"instock","12":"shipping-taxable","13":"product-type-simple"},"jetpack_sharing_enabled":true,"_links":{"self":[{"href":"https:\/\/yebodaglass.com\/fr\/wp-json\/wp\/v2\/product\/23091","targetHints":{"allow":["GET"]}}],"collection":[{"href":"https:\/\/yebodaglass.com\/fr\/wp-json\/wp\/v2\/product"}],"about":[{"href":"https:\/\/yebodaglass.com\/fr\/wp-json\/wp\/v2\/types\/product"}],"version-history":[{"count":3,"href":"https:\/\/yebodaglass.com\/fr\/wp-json\/wp\/v2\/product\/23091\/revisions"}],"predecessor-version":[{"id":23134,"href":"https:\/\/yebodaglass.com\/fr\/wp-json\/wp\/v2\/product\/23091\/revisions\/23134"}],"wp:featuredmedia":[{"embeddable":true,"href":"https:\/\/yebodaglass.com\/fr\/wp-json\/wp\/v2\/media\/23107"}],"wp:attachment":[{"href":"https:\/\/yebodaglass.com\/fr\/wp-json\/wp\/v2\/media?parent=23091"}],"wp:term":[{"taxonomy":"product_brand","embeddable":true,"href":"https:\/\/yebodaglass.com\/fr\/wp-json\/wp\/v2\/product_brand?post=23091"},{"taxonomy":"product_cat","embeddable":true,"href":"https:\/\/yebodaglass.com\/fr\/wp-json\/wp\/v2\/product_cat?post=23091"},{"taxonomy":"product_tag","embeddable":true,"href":"https:\/\/yebodaglass.com\/fr\/wp-json\/wp\/v2\/product_tag?post=23091"}],"curies":[{"name":"wp","href":"https:\/\/api.w.org\/{rel}","templated":true}]}}