{"id":23047,"date":"2025-10-31T16:59:40","date_gmt":"2025-10-31T08:59:40","guid":{"rendered":"https:\/\/yebodaglass.com\/?post_type=product&#038;p=23047"},"modified":"2025-11-04T11:51:58","modified_gmt":"2025-11-04T03:51:58","slug":"5oz-custom-square-glass-yogurt-jars-with-lids-wholesale","status":"publish","type":"product","link":"https:\/\/yebodaglass.com\/fr\/5oz-custom-square-glass-yogurt-jars-with-lids-wholesale\/","title":{"rendered":"Pots \u00e0 yaourt carr\u00e9s en verre personnalis\u00e9s de 150 ml (5 oz) avec couvercles, vente en gros"},"content":{"rendered":"<p>Vous en avez assez des pots \u00e0 yaourt en verre avec couvercles qui s&#039;effritent ou prennent trop de place\u00a0? Nous cr\u00e9ons de petits pots \u00e0 yaourt en verre au design carr\u00e9 et \u00e9l\u00e9gant\u00a0: fini les \u00e9tag\u00e8res encombr\u00e9es\u00a0! Ces pots \u00e0 lait en verre donnent une allure haut de gamme \u00e0 vos yaourts et acc\u00e9l\u00e8rent leurs ventes. Pour les commandes en gros, nous proposons des couleurs personnalis\u00e9es qui s&#039;accordent parfaitement \u00e0 l&#039;image de votre marque.<\/p>\n<h2>Caract\u00e9ristiques du produit<\/h2>\n<p><strong>Empilable de forme carr\u00e9e<\/strong><\/p>\n<p>Id\u00e9al pour les espaces de rangement limit\u00e9s : vos petits pots de yaourt en verre trouveront facilement leur place dans n&#039;importe quelle cuisine.<\/p>\n<p><strong>Couvercles color\u00e9s herm\u00e9tiques<\/strong><\/p>\n<p>Bouchons en plastique rouge, jaune et vert, sans fuite \u2013 z\u00e9ro d\u00e9g\u00e2t, que le plaisir du yaourt.<\/p>\n<p><strong>Clart\u00e9 cristalline<\/strong><\/p>\n<p>Le verre le plus transparent r\u00e9v\u00e8le chaque tourbillon \u2013 les acheteurs sont tellement convaincus que vos pots en verre avec couvercles pour yaourt sont leur premier choix.<\/p>\n<h2>Sp\u00e9cifications cl\u00e9s<\/h2>\n<table style=\"border-collapse: collapse; width: 80%; margin-right: auto; margin-left: auto;\" border=\"0\" width=\"360\" cellspacing=\"0\" cellpadding=\"0\">\n<tbody>\n<tr style=\"height: 13.50pt;\">\n<td style=\"height: 13.5pt; width: 54pt; text-align: center;\" width=\"72\" height=\"18\">Capacit\u00e9<\/td>\n<td style=\"width: 54pt; text-align: center;\" width=\"72\">Dimensions<\/td>\n<td style=\"width: 54pt; text-align: center;\" width=\"72\">Forme<\/td>\n<td style=\"width: 54pt; text-align: center;\" width=\"72\">Mat\u00e9riel<\/td>\n<td style=\"width: 54pt; text-align: center;\" width=\"72\">Couleur<\/td>\n<\/tr>\n<tr style=\"height: 13.50pt;\">\n<td style=\"height: 13.5pt; text-align: center;\" height=\"18\">150 ml \/ 5 oz<\/td>\n<td style=\"text-align: center;\">5,7 x 7,7 x 7,3 cm<\/td>\n<td style=\"text-align: center;\">Carr\u00e9<\/td>\n<td style=\"text-align: center;\">Verre<\/td>\n<td style=\"text-align: center;\">Transparent, personnalisable<\/td>\n<\/tr>\n<\/tbody>\n<\/table>\n<h2>Cas de r\u00e9ussite<\/h2>\n<p>Nous avons collabor\u00e9 avec une marque canadienne de desserts pour cr\u00e9er ces pots de yaourt color\u00e9s en verre avec couvercle. Afin de mettre en valeur sa gamme de produits, la marque a attribu\u00e9 \u00e0 chaque saveur \u2013 mangue, fraise et vanille \u2013 une douce couleur pastel. Les couvercles herm\u00e9tiques en plastique pr\u00e9servent la fra\u00eecheur du yaourt et sont pratiques \u00e0 utiliser, tandis que les pots carr\u00e9s sont parfaits pour la pr\u00e9sentation en rayon et le conditionnement.<\/p>\n<p>Apr\u00e8s le lancement du produit, le taux de rachat de la marque a augment\u00e9 de 28 %.<\/p>\n<h2>Votre guide de personnalisation<\/h2>\n<ol>\n<li><strong>Couvercles opaques :<\/strong>Proposez des couvercles rouges pour les fraises et bleus pour les myrtilles sur les pots en verre contenant des couvercles pour les yaourts. Dites aux clients\u00a0: \u00ab\u00a0Des saveurs de toutes les couleurs\u00a0!\u00a0\u00bb<\/li>\n<li><strong>Coffrets \u00ab Duo Lait \u00bb :<\/strong>Emballez de petits pots de yaourt en verre avec une cuill\u00e8re assortie \u2013 id\u00e9al pour les coffrets cadeaux.<\/li>\n<\/ol>","protected":false},"excerpt":{"rendered":"<p>Ces pots \u00e0 yaourt en verre color\u00e9 avec couvercles sont parfaits pour les desserts maison et la conservation. Des pots \u00e0 yaourt r\u00e9sistants, avec couvercles, pour un usage quotidien et professionnel.<\/p>","protected":false},"featured_media":23048,"template":"","meta":[],"product_brand":[],"product_cat":[130,124,122],"product_tag":[],"class_list":{"0":"post-23047","1":"product","2":"type-product","3":"status-publish","4":"has-post-thumbnail","6":"product_cat-glass-yogurt-jars","7":"product_cat-custom-glass-jars","8":"product_cat-custom-glass-packaging","10":"first","11":"instock","12":"shipping-taxable","13":"product-type-simple"},"jetpack_sharing_enabled":true,"_links":{"self":[{"href":"https:\/\/yebodaglass.com\/fr\/wp-json\/wp\/v2\/product\/23047","targetHints":{"allow":["GET"]}}],"collection":[{"href":"https:\/\/yebodaglass.com\/fr\/wp-json\/wp\/v2\/product"}],"about":[{"href":"https:\/\/yebodaglass.com\/fr\/wp-json\/wp\/v2\/types\/product"}],"version-history":[{"count":5,"href":"https:\/\/yebodaglass.com\/fr\/wp-json\/wp\/v2\/product\/23047\/revisions"}],"predecessor-version":[{"id":23069,"href":"https:\/\/yebodaglass.com\/fr\/wp-json\/wp\/v2\/product\/23047\/revisions\/23069"}],"wp:featuredmedia":[{"embeddable":true,"href":"https:\/\/yebodaglass.com\/fr\/wp-json\/wp\/v2\/media\/23048"}],"wp:attachment":[{"href":"https:\/\/yebodaglass.com\/fr\/wp-json\/wp\/v2\/media?parent=23047"}],"wp:term":[{"taxonomy":"product_brand","embeddable":true,"href":"https:\/\/yebodaglass.com\/fr\/wp-json\/wp\/v2\/product_brand?post=23047"},{"taxonomy":"product_cat","embeddable":true,"href":"https:\/\/yebodaglass.com\/fr\/wp-json\/wp\/v2\/product_cat?post=23047"},{"taxonomy":"product_tag","embeddable":true,"href":"https:\/\/yebodaglass.com\/fr\/wp-json\/wp\/v2\/product_tag?post=23047"}],"curies":[{"name":"wp","href":"https:\/\/api.w.org\/{rel}","templated":true}]}}