{"id":23019,"date":"2025-10-30T17:28:53","date_gmt":"2025-10-30T09:28:53","guid":{"rendered":"https:\/\/yebodaglass.com\/?post_type=product&#038;p=23019"},"modified":"2026-03-11T14:15:02","modified_gmt":"2026-03-11T06:15:02","slug":"clear-glass-yogurt-jars-with-lids-wholesale","status":"publish","type":"product","link":"https:\/\/yebodaglass.com\/fr\/clear-glass-yogurt-jars-with-lids-wholesale\/","title":{"rendered":"Pots de yaourt en verre transparent de 40 ml \u00e0 500 ml avec couvercles, vente en gros"},"content":{"rendered":"<p>Ce sont des pots \u00e0 yaourt en verre avec couvercle, \u00e0 fond ondul\u00e9, en verre lisse et transparent, et dot\u00e9s d&#039;un couvercle \u00e0 vis en m\u00e9tal rouge vif. Ils existent en diff\u00e9rentes tailles.<\/p>\n<h2>Caract\u00e9ristiques du produit<\/h2>\n<ul>\n<li><strong>Bas ondul\u00e9 fonctionnel :<\/strong> Le fond ondul\u00e9 am\u00e9liore la prise en main et emp\u00eache le pot de glisser sur les surfaces lisses.<\/li>\n<li><strong>Couvercle en m\u00e9tal rouge vif :<\/strong> Le bouchon \u00e0 vis est d&#039;un rouge vif, ce qui assure une excellente \u00e9tanch\u00e9it\u00e9, et il est facilement rep\u00e9rable gr\u00e2ce \u00e0 sa couleur.<\/li>\n<li><strong>Verre de qualit\u00e9 alimentaire\u00a0:<\/strong> Ces bocaux sont fabriqu\u00e9s en verre transparent de haute qualit\u00e9 et sont aptes au contact alimentaire.<\/li>\n<\/ul>\n<h2>Sp\u00e9cifications cl\u00e9s<\/h2>\n<table style=\"border-collapse: collapse; width: 80%; margin-left: auto; margin-right: auto;\" border=\"0\" width=\"216\" cellspacing=\"0\" cellpadding=\"0\">\n<tbody>\n<tr style=\"height: 13.50pt;\">\n<td style=\"height: 13.5pt; width: 54pt; text-align: center;\" width=\"72\" height=\"18\">Capacit\u00e9 (ml)<\/td>\n<td style=\"width: 54pt; text-align: center;\" width=\"72\">Taille (cm)<\/td>\n<td style=\"width: 54pt; text-align: center;\" width=\"72\">Options personnalis\u00e9es<\/td>\n<\/tr>\n<tr style=\"height: 13.50pt;\">\n<td style=\"height: 13.5pt; text-align: center;\" align=\"right\" height=\"18\">40<\/td>\n<td style=\"text-align: center;\">4.9&#215;4.9<\/td>\n<td class=\"et2\" style=\"text-align: center;\" rowspan=\"7\">Logo, \u00e9tiquette, couvercle<\/td>\n<\/tr>\n<tr style=\"height: 13.50pt;\">\n<td style=\"height: 13.5pt; text-align: center;\" align=\"right\" height=\"18\">75<\/td>\n<td style=\"text-align: center;\">5.5&#215;5.9<\/td>\n<\/tr>\n<tr style=\"height: 13.50pt;\">\n<td style=\"height: 13.5pt; text-align: center;\" align=\"right\" height=\"18\">100<\/td>\n<td style=\"text-align: center;\">6.3&#215;6.9<\/td>\n<\/tr>\n<tr style=\"height: 13.50pt;\">\n<td style=\"height: 13.5pt; text-align: center;\" align=\"right\" height=\"18\">200<\/td>\n<td style=\"text-align: center;\">7.5&#215;7.6<\/td>\n<\/tr>\n<tr style=\"height: 13.50pt;\">\n<td style=\"height: 13.5pt; text-align: center;\" align=\"right\" height=\"18\">280<\/td>\n<td style=\"text-align: center;\">8.7&#215;8.4<\/td>\n<\/tr>\n<tr style=\"height: 13.50pt;\">\n<td style=\"height: 13.5pt; text-align: center;\" align=\"right\" height=\"18\">380<\/td>\n<td style=\"text-align: center;\">9.3&#215;9.3<\/td>\n<\/tr>\n<tr style=\"height: 13.50pt;\">\n<td style=\"height: 13.5pt; text-align: center;\" align=\"right\" height=\"18\">500<\/td>\n<td style=\"text-align: center;\">9.8&#215;10.5<\/td>\n<\/tr>\n<\/tbody>\n<\/table>\n<h2>Histoire \u00e0 succ\u00e8s : L&#039;histoire d&#039;une laiterie artisanale du Midwest<\/h2>\n<p>Nos pots de yaourt en verre avec couvercles ont \u00e9t\u00e9 choisis par une laiterie artisanale familiale du Wisconsin. Ils se sont appropri\u00e9 les couvercles rouges et y ont s\u00e9rigraphi\u00e9 leur marque. Gr\u00e2ce \u00e0 leur fermeture herm\u00e9tique, les couvercles m\u00e9talliques rouges prolongeaient la dur\u00e9e de conservation du produit de 15 %. Les pots en verre donnaient au yaourt une apparence plus onctueuse, ce qui permettait aux clients de le constater facilement et a entra\u00een\u00e9 une hausse de 25 % des achats impulsifs. Forts de ce succ\u00e8s, ils ont par la suite pass\u00e9 une nouvelle commande de 200\u00a0000 pots.<\/p>\n<h2>Recommandations de personnalisation pour les pots de yaourt avec couvercles<\/h2>\n<ul>\n<li>Couleurs de couvercle personnalis\u00e9es\u00a0: En plus d\u2019une gamme de couleurs de couvercles \u00e0 visser en m\u00e9tal de base (par exemple, noir, blanc, or, bleu), nous pouvons appliquer les couleurs de votre marque sur demande, ou cr\u00e9er une diff\u00e9rence de couleur entre les saveurs.<\/li>\n<li>Texture de fond personnalis\u00e9e\u00a0: remplacez la texture ondul\u00e9e par une texture antid\u00e9rapante d\u2019une autre vari\u00e9t\u00e9, notamment une grille g\u00e9om\u00e9trique ou de petits points.<\/li>\n<li>Marquages \u200b\u200bd&#039;\u00e9tiquetage\u00a0: Pour faciliter l&#039;utilisation du bocal, ajoutez des marques de mesure permanentes en relief ou imprim\u00e9es (ml ou onces) sur le c\u00f4t\u00e9 du bocal.<\/li>\n<\/ul>","protected":false},"excerpt":{"rendered":"<p>Pots \u00e0 yaourt en verre de qualit\u00e9 sup\u00e9rieure avec couvercles \u00e0 vis en m\u00e9tal rouge et fond textur\u00e9. Pots \u00e0 yaourt polyvalents, adapt\u00e9s \u00e0 un usage alimentaire et cosm\u00e9tique. Livraison rapide.<\/p>","protected":false},"featured_media":23020,"template":"","meta":[],"product_brand":[],"product_cat":[124,122,130],"product_tag":[],"class_list":{"0":"post-23019","1":"product","2":"type-product","3":"status-publish","4":"has-post-thumbnail","6":"product_cat-custom-glass-jars","7":"product_cat-custom-glass-packaging","8":"product_cat-glass-yogurt-jars","10":"first","11":"instock","12":"shipping-taxable","13":"product-type-simple"},"jetpack_sharing_enabled":true,"_links":{"self":[{"href":"https:\/\/yebodaglass.com\/fr\/wp-json\/wp\/v2\/product\/23019","targetHints":{"allow":["GET"]}}],"collection":[{"href":"https:\/\/yebodaglass.com\/fr\/wp-json\/wp\/v2\/product"}],"about":[{"href":"https:\/\/yebodaglass.com\/fr\/wp-json\/wp\/v2\/types\/product"}],"version-history":[{"count":5,"href":"https:\/\/yebodaglass.com\/fr\/wp-json\/wp\/v2\/product\/23019\/revisions"}],"predecessor-version":[{"id":25360,"href":"https:\/\/yebodaglass.com\/fr\/wp-json\/wp\/v2\/product\/23019\/revisions\/25360"}],"wp:featuredmedia":[{"embeddable":true,"href":"https:\/\/yebodaglass.com\/fr\/wp-json\/wp\/v2\/media\/23020"}],"wp:attachment":[{"href":"https:\/\/yebodaglass.com\/fr\/wp-json\/wp\/v2\/media?parent=23019"}],"wp:term":[{"taxonomy":"product_brand","embeddable":true,"href":"https:\/\/yebodaglass.com\/fr\/wp-json\/wp\/v2\/product_brand?post=23019"},{"taxonomy":"product_cat","embeddable":true,"href":"https:\/\/yebodaglass.com\/fr\/wp-json\/wp\/v2\/product_cat?post=23019"},{"taxonomy":"product_tag","embeddable":true,"href":"https:\/\/yebodaglass.com\/fr\/wp-json\/wp\/v2\/product_tag?post=23019"}],"curies":[{"name":"wp","href":"https:\/\/api.w.org\/{rel}","templated":true}]}}