{"id":23010,"date":"2025-10-30T16:02:10","date_gmt":"2025-10-30T08:02:10","guid":{"rendered":"https:\/\/yebodaglass.com\/?post_type=product&#038;p=23010"},"modified":"2025-11-04T11:53:22","modified_gmt":"2025-11-04T03:53:22","slug":"custom-eggshell-shaped-cute-yogurt-glass-jars-with-lids-bulk","status":"publish","type":"product","link":"https:\/\/yebodaglass.com\/fr\/custom-eggshell-shaped-cute-yogurt-glass-jars-with-lids-bulk\/","title":{"rendered":"Pots de yaourt en verre mignons en forme de coquille d&#039;\u0153uf de 225 g avec couvercles (vente en gros)"},"content":{"rendered":"<p>Vous en avez assez des pots de yaourt en verre avec des couvercles ternes ou qui fuient\u00a0? Nous cr\u00e9ons de jolis pots de yaourt au charme coquille d&#039;\u0153uf\u00a0: fini les emballages plats\u00a0! Ces pots en verre transforment votre yaourt en un incontournable. Pour les commandes en gros, b\u00e9n\u00e9ficiez de designs personnalis\u00e9s \u00e0 l&#039;image de votre marque.<\/p>\n<h2>Caract\u00e9ristiques du produit<\/h2>\n<p><strong>Design unique en coquille d&#039;\u0153uf<\/strong><\/p>\n<p>La forme arrondie et mignonne du produit s&#039;inspire des nervures naturelles d&#039;une coquille d&#039;\u0153uf et lui donne un aspect artisanal, ce qui est agr\u00e9able \u00e0 l&#039;\u0153il du consommateur.<\/p>\n<p><strong>Applications multifonctionnelles<\/strong><\/p>\n<p>Ce type de contenant est \u00e9galement id\u00e9al pour l&#039;emballage de produits alimentaires de luxe tels que les yaourts, les puddings, les mousses, les gel\u00e9es, les desserts et les p\u00e2tisseries.<\/p>\n<p><strong>Personnalisation personnalis\u00e9e disponible<\/strong><\/p>\n<p>L&#039;identit\u00e9 de marque peut \u00eatre rendue unique par l&#039;ajout d&#039;un logo imprim\u00e9 par s\u00e9rigraphie, \u00e9tiquetage, peinture au pistolet, d\u00e9polissage ou \u00e9lectroplacage, selon les exigences de la marque.<\/p>\n<h2>Sp\u00e9cifications cl\u00e9s<\/h2>\n<table style=\"border-collapse: collapse; width: 80%; margin-left: auto; margin-right: auto;\" border=\"0\" width=\"288\" cellspacing=\"0\" cellpadding=\"0\">\n<tbody>\n<tr style=\"height: 13.50pt;\">\n<td style=\"height: 13.5pt; width: 54pt; text-align: center;\" width=\"72\" height=\"18\">Capacit\u00e9<\/td>\n<td style=\"width: 54pt; text-align: center;\" width=\"72\">Taille (cm)<\/td>\n<td style=\"width: 54pt; text-align: center;\" width=\"72\">Forme<\/td>\n<td style=\"width: 54pt; text-align: center;\" width=\"72\">Mat\u00e9riel<\/td>\n<\/tr>\n<tr style=\"height: 13.50pt;\">\n<td style=\"height: 13.5pt; text-align: center;\" height=\"18\">225 g<\/td>\n<td style=\"text-align: center;\">6.2&#215;8.2<\/td>\n<td style=\"text-align: center;\">Coquille d&#039;\u0153uf<\/td>\n<td style=\"text-align: center;\">Verre<\/td>\n<\/tr>\n<\/tbody>\n<\/table>\n<h2>Cas de r\u00e9ussite<\/h2>\n<p>Nous avons collabor\u00e9 avec une marque laiti\u00e8re australienne pour cr\u00e9er d&#039;adorables pots de yaourt en forme d&#039;\u0153uf. Ces pots arborent un logo minimaliste en feuille d&#039;or en relief, une d\u00e9licate attention qui leur conf\u00e8re une touche d&#039;\u00e9l\u00e9gance.<\/p>\n<p>D\u00e8s la sortie du produit, les gens s&#039;exclamaient que les pots de yaourt \u00e9taient \u00ab trop mignons pour \u00eatre jet\u00e9s \u00bb. Les ventes en ligne ont augment\u00e9 de 40 % en seulement six semaines.<\/p>\n<h2>Votre guide de personnalisation<\/h2>\n<ol>\n<li><strong>Options de capacit\u00e9 :<\/strong> Les besoins en desserts, yaourts ou cadeaux peuvent \u00eatre adapt\u00e9s gr\u00e2ce aux diff\u00e9rentes options de capacit\u00e9 personnalisables.<\/li>\n<li><strong>Emballage du coffret :<\/strong> L&#039;emballage, associ\u00e9 \u00e0 des bo\u00eetes en carton, des couvercles en bambou ou des ensembles de cuill\u00e8res, peut \u00eatre utilis\u00e9 pour cr\u00e9er des ensembles cadeaux de qualit\u00e9, adapt\u00e9s aux ventes de fin d&#039;ann\u00e9e ou aux circuits de distribution haut de gamme.<\/li>\n<\/ol>","protected":false},"excerpt":{"rendered":"<p>Nos pots \u00e0 yaourt en verre en forme de coquille d&#039;\u0153uf avec couvercles, des pots \u00e0 yaourt mignons au design unique, parfaits pour les desserts haut de gamme, les puddings ou les yaourts artisanaux.<\/p>","protected":false},"featured_media":23011,"template":"","meta":[],"product_brand":[],"product_cat":[124,122,130],"product_tag":[],"class_list":{"0":"post-23010","1":"product","2":"type-product","3":"status-publish","4":"has-post-thumbnail","6":"product_cat-custom-glass-jars","7":"product_cat-custom-glass-packaging","8":"product_cat-glass-yogurt-jars","10":"first","11":"instock","12":"shipping-taxable","13":"product-type-simple"},"jetpack_sharing_enabled":true,"_links":{"self":[{"href":"https:\/\/yebodaglass.com\/fr\/wp-json\/wp\/v2\/product\/23010","targetHints":{"allow":["GET"]}}],"collection":[{"href":"https:\/\/yebodaglass.com\/fr\/wp-json\/wp\/v2\/product"}],"about":[{"href":"https:\/\/yebodaglass.com\/fr\/wp-json\/wp\/v2\/types\/product"}],"version-history":[{"count":5,"href":"https:\/\/yebodaglass.com\/fr\/wp-json\/wp\/v2\/product\/23010\/revisions"}],"predecessor-version":[{"id":23029,"href":"https:\/\/yebodaglass.com\/fr\/wp-json\/wp\/v2\/product\/23010\/revisions\/23029"}],"wp:featuredmedia":[{"embeddable":true,"href":"https:\/\/yebodaglass.com\/fr\/wp-json\/wp\/v2\/media\/23011"}],"wp:attachment":[{"href":"https:\/\/yebodaglass.com\/fr\/wp-json\/wp\/v2\/media?parent=23010"}],"wp:term":[{"taxonomy":"product_brand","embeddable":true,"href":"https:\/\/yebodaglass.com\/fr\/wp-json\/wp\/v2\/product_brand?post=23010"},{"taxonomy":"product_cat","embeddable":true,"href":"https:\/\/yebodaglass.com\/fr\/wp-json\/wp\/v2\/product_cat?post=23010"},{"taxonomy":"product_tag","embeddable":true,"href":"https:\/\/yebodaglass.com\/fr\/wp-json\/wp\/v2\/product_tag?post=23010"}],"curies":[{"name":"wp","href":"https:\/\/api.w.org\/{rel}","templated":true}]}}