{"id":23001,"date":"2025-10-30T14:56:21","date_gmt":"2025-10-30T06:56:21","guid":{"rendered":"https:\/\/yebodaglass.com\/?post_type=product&#038;p=23001"},"modified":"2026-04-10T09:32:58","modified_gmt":"2026-04-10T01:32:58","slug":"round-ribbed-glass-jars-for-yogurt-with-metal-lids-wholesale","status":"publish","type":"product","link":"https:\/\/yebodaglass.com\/fr\/round-ribbed-glass-jars-for-yogurt-with-metal-lids-wholesale\/","title":{"rendered":"Pots en verre c\u00f4tel\u00e9 ronds de 150 ml \u00e0 380 ml pour yaourt, avec couvercles m\u00e9talliques (vente en gros)"},"content":{"rendered":"<p>Ces pots en verre pour yaourt sont ronds et pleins, avec une surface lisse et une fine texture c\u00f4tel\u00e9e verticale, et ils sont dot\u00e9s de couvercles en m\u00e9tal rouge glamour ou en or magnifique ; ce sont donc des pots de yaourt parfaits que les grossistes de yaourts de haute qualit\u00e9 devraient utiliser.<\/p>\n<h2>Caract\u00e9ristiques du produit<\/h2>\n<ul>\n<li><strong>Forme ronde et pleine :<\/strong> Cette forme est la forme traditionnelle, ronde, plus confortable \u00e0 utiliser et offrant le plus d&#039;espace int\u00e9rieur.<\/li>\n<li><strong>Texture \u00e0 c\u00f4tes verticales :<\/strong> Les d\u00e9coupes ornementales sur le bord apportent un int\u00e9r\u00eat esth\u00e9tique, une meilleure prise en main et de l\u00e9gers reflets de lumi\u00e8re.<\/li>\n<li><strong>Choix de couvercles m\u00e9talliques\u00a0:<\/strong> Les couvercles rouge vif et or lui conf\u00e8rent un style \u00e0 la fois moderne et \u00e9l\u00e9gant, et un luxe vintage.<\/li>\n<\/ul>\n<h2>Sp\u00e9cifications cl\u00e9s<\/h2>\n<table style=\"border-collapse: collapse; width: 80%; margin-left: auto; margin-right: auto;\" border=\"0\" width=\"288\" cellspacing=\"0\" cellpadding=\"0\">\n<tbody>\n<tr style=\"height: 13.50pt;\">\n<td style=\"height: 13.5pt; width: 54pt; text-align: center;\" width=\"72\" height=\"18\">Capacit\u00e9 (ml)<\/td>\n<td style=\"width: 54pt; text-align: center;\" width=\"72\">Dimensions (cm)<\/td>\n<td style=\"width: 54pt; text-align: center;\" width=\"72\">Forme<\/td>\n<td style=\"width: 54pt; text-align: center;\" width=\"72\">Mat\u00e9riel<\/td>\n<\/tr>\n<tr style=\"height: 13.50pt;\">\n<td style=\"height: 13.5pt; text-align: center;\" align=\"right\" height=\"18\">150<\/td>\n<td style=\"text-align: center;\">7.3*6.9<\/td>\n<td class=\"et2\" style=\"text-align: center;\" rowspan=\"4\">Rond<\/td>\n<td class=\"et2\" style=\"text-align: center;\" rowspan=\"4\">Verre<\/td>\n<\/tr>\n<tr style=\"height: 13.50pt;\">\n<td style=\"height: 13.5pt; text-align: center;\" align=\"right\" height=\"18\">200<\/td>\n<td style=\"text-align: center;\">8.1*7.5<\/td>\n<\/tr>\n<tr style=\"height: 13.50pt;\">\n<td style=\"height: 13.5pt; text-align: center;\" align=\"right\" height=\"18\">280<\/td>\n<td style=\"text-align: center;\">8.9*8.0<\/td>\n<\/tr>\n<tr style=\"height: 13.50pt;\">\n<td style=\"height: 13.5pt; text-align: center;\" align=\"right\" height=\"18\">380<\/td>\n<td style=\"text-align: center;\">9.7*9.0<\/td>\n<\/tr>\n<\/tbody>\n<\/table>\n<h2>Cas de r\u00e9ussite<\/h2>\n<p>Nos pots en verre pour yaourt ont \u00e9t\u00e9 choisis par une marque de produits biologiques de l&#039;Oregon pour le conditionnement de ses yaourts. Des pots en verre vert clair ont \u00e9t\u00e9 personnalis\u00e9s. Les r\u00e9sultats de cet emballage haut de gamme ont \u00e9t\u00e9 imm\u00e9diats et significatifs\u00a0: le verre vert sp\u00e9cial offre une l\u00e9g\u00e8re protection contre les UV, prolongeant ainsi la dur\u00e9e de conservation optimale du yaourt de 10\u00a0%. Le design r\u00e9utilisable et esth\u00e9tique des pots a g\u00e9n\u00e9r\u00e9 une augmentation de 25\u00a0% des achats r\u00e9p\u00e9t\u00e9s, et les photos des magnifiques pots en verre ont permis \u00e0 la marque de gagner plus de 5\u00a0000 nouveaux abonn\u00e9s. Forts de ces excellents r\u00e9sultats, ils ont pass\u00e9 une nouvelle commande de 100\u00a0000 pots.<\/p>\n<h2>Recommandations de personnalisation pour les pots de yaourt en verre en gros<\/h2>\n<ul>\n<li>Marquage en relief\u00a0: Un petit logo ou motif en relief peut \u00eatre ajout\u00e9 sur le dessus du couvercle m\u00e9tallique pour donner \u00e0 la marque une image discr\u00e8te mais haut de gamme.<\/li>\n<li>Diff\u00e9rentes textures de bonnet : Choisissez une texture diff\u00e9rente pour le bonnet vertical : spirale, diamant ou vague.<\/li>\n<li>Dimensionnement\u00a0: Proposez diff\u00e9rentes tailles, toutes avec le m\u00eame design attrayant, comme des petits pots de 113\u00a0g et des grands formats familiaux de 473\u00a0g.<\/li>\n<\/ul>","protected":false},"excerpt":{"rendered":"<p>Bocaux \u00e0 yaourt en verre personnalis\u00e9s avec texture en relief et couvercles en m\u00e9tal. Vente en gros de bocaux \u00e0 yaourt en verre r\u00e9sistant, prix direct usine pour les achats en gros. Livraison rapide.<\/p>","protected":false},"featured_media":23005,"template":"","meta":[],"product_brand":[],"product_cat":[130,124,122],"product_tag":[],"class_list":{"0":"post-23001","1":"product","2":"type-product","3":"status-publish","4":"has-post-thumbnail","6":"product_cat-glass-yogurt-jars","7":"product_cat-custom-glass-jars","8":"product_cat-custom-glass-packaging","10":"first","11":"instock","12":"shipping-taxable","13":"product-type-simple"},"jetpack_sharing_enabled":true,"_links":{"self":[{"href":"https:\/\/yebodaglass.com\/fr\/wp-json\/wp\/v2\/product\/23001","targetHints":{"allow":["GET"]}}],"collection":[{"href":"https:\/\/yebodaglass.com\/fr\/wp-json\/wp\/v2\/product"}],"about":[{"href":"https:\/\/yebodaglass.com\/fr\/wp-json\/wp\/v2\/types\/product"}],"version-history":[{"count":5,"href":"https:\/\/yebodaglass.com\/fr\/wp-json\/wp\/v2\/product\/23001\/revisions"}],"predecessor-version":[{"id":25371,"href":"https:\/\/yebodaglass.com\/fr\/wp-json\/wp\/v2\/product\/23001\/revisions\/25371"}],"wp:featuredmedia":[{"embeddable":true,"href":"https:\/\/yebodaglass.com\/fr\/wp-json\/wp\/v2\/media\/23005"}],"wp:attachment":[{"href":"https:\/\/yebodaglass.com\/fr\/wp-json\/wp\/v2\/media?parent=23001"}],"wp:term":[{"taxonomy":"product_brand","embeddable":true,"href":"https:\/\/yebodaglass.com\/fr\/wp-json\/wp\/v2\/product_brand?post=23001"},{"taxonomy":"product_cat","embeddable":true,"href":"https:\/\/yebodaglass.com\/fr\/wp-json\/wp\/v2\/product_cat?post=23001"},{"taxonomy":"product_tag","embeddable":true,"href":"https:\/\/yebodaglass.com\/fr\/wp-json\/wp\/v2\/product_tag?post=23001"}],"curies":[{"name":"wp","href":"https:\/\/api.w.org\/{rel}","templated":true}]}}