{"id":22838,"date":"2025-10-28T16:48:47","date_gmt":"2025-10-28T08:48:47","guid":{"rendered":"https:\/\/yebodaglass.com\/?post_type=product&#038;p=22838"},"modified":"2026-03-13T11:43:52","modified_gmt":"2026-03-13T03:43:52","slug":"pots-de-miel-en-verre-hexagonaux-avec-couvercles-vente-en-gros","status":"publish","type":"product","link":"https:\/\/yebodaglass.com\/fr\/pots-de-miel-en-verre-hexagonaux-avec-couvercles-vente-en-gros\/","title":{"rendered":"Pots \u00e0 miel hexagonaux en verre, uniques, avec couvercles, 375 ml et 750 ml, en gros"},"content":{"rendered":"<p>Ce pot \u00e0 miel hexagonal en verre arbore un design hexagonal traditionnel. Les couleurs \u00e9clatantes du miel, des confitures et des conserves se refl\u00e8tent parfaitement dans le verre transparent. Son couvercle \u00e0 vis robuste et sa base stable garantissent \u00e0 la fois praticit\u00e9 et esth\u00e9tique.<\/p>\n<h2>Caract\u00e9ristiques du produit<\/h2>\n<ul>\n<li><strong>Hexagone identique :<\/strong> La structure hexagonale en nid d&#039;abeille de ce produit l&#039;emp\u00eache de rouler et assure une bonne adh\u00e9rence.<\/li>\n<li><strong>Verre cristallin :<\/strong> Le verre transparent offre aux clients une vision pr\u00e9cise de la qualit\u00e9 du produit, leur permettant ainsi d&#039;en voir tout le contenu.<\/li>\n<li><strong>Fond plat et robuste :<\/strong> Son fond \u00e9pais et plat permettra de poser le bocal sur n&#039;importe quelle surface et de le maintenir stable m\u00eame lorsqu&#039;il est plein.<\/li>\n<\/ul>\n<h2 style=\"text-align: left;\">Sp\u00e9cifications cl\u00e9s<\/h2>\n<table class=\"aligncenter\" style=\"border-collapse: collapse; width: 459.77pt;\" border=\"0\" width=\"613\" cellspacing=\"0\" cellpadding=\"0\">\n<tbody>\n<tr style=\"height: 13.50pt;\">\n<td style=\"height: 13.50pt; width: 99.75pt;\" width=\"133\" height=\"18\">Fonctionnalit\u00e9<\/td>\n<td style=\"width: 360.00pt;\" width=\"480\">Sp\u00e9cification<\/td>\n<\/tr>\n<tr style=\"height: 13.50pt;\">\n<td style=\"height: 13.50pt;\" height=\"18\">Capacit\u00e9<\/td>\n<td>375 ml, 750 ml<\/td>\n<\/tr>\n<tr style=\"height: 13.50pt;\">\n<td style=\"height: 13.50pt;\" height=\"18\">Forme<\/td>\n<td>Prisme hexagonal, panneaux plats<\/td>\n<\/tr>\n<tr style=\"height: 13.50pt;\">\n<td style=\"height: 13.50pt;\" height=\"18\">Dimensions<\/td>\n<td>7,2 \u00d7 12,5 cm, 8,2 \u00d7 17 cm<\/td>\n<\/tr>\n<tr style=\"height: 13.50pt;\">\n<td style=\"height: 13.50pt;\" height=\"18\">Mat\u00e9riel<\/td>\n<td>Verre transparent, couvercle \u00e0 vis en m\u00e9tal<\/td>\n<\/tr>\n<tr style=\"height: 13.50pt;\">\n<td style=\"height: 13.50pt;\" height=\"18\">Options de couvercle<\/td>\n<td>Or, jaune, argent, noir (personnalisable)<\/td>\n<\/tr>\n<tr style=\"height: 13.50pt;\">\n<td style=\"height: 13.50pt;\" height=\"18\">Id\u00e9al pour<\/td>\n<td>Miel, confiture, coffrets cadeaux<\/td>\n<\/tr>\n<tr style=\"height: 13.50pt;\">\n<td style=\"height: 13.50pt;\" height=\"18\">Utilisation id\u00e9ale<\/td>\n<td>Bocaux \u00e0 confiture originaux, pots \u00e0 miel hexagonaux en verre, pots \u00e0 miel cadeaux<\/td>\n<\/tr>\n<\/tbody>\n<\/table>\n<h2>T\u00e9moignage de r\u00e9ussite\u00a0: Commande personnalis\u00e9e d\u2019une coop\u00e9rative apicole du Midwest<\/h2>\n<p>Une coop\u00e9rative apicole de l&#039;Iowa a choisi notre pot \u00e0 miel hexagonal en verre et l&#039;a personnalis\u00e9 avec un couvercle en m\u00e9tal orn\u00e9 d&#039;un logo d&#039;abeille et un verre ambr\u00e9 clair. Ces choix de personnalisation ont apport\u00e9 des avantages consid\u00e9rables\u00a0: le verre ambr\u00e9 offre une protection contre les UV, les enqu\u00eates aupr\u00e8s des clients ont r\u00e9v\u00e9l\u00e9 une augmentation de 25\u00a0% des ventes de miel gr\u00e2ce \u00e0 sa fra\u00eecheur, et la forme personnalis\u00e9e et l&#039;aspect haut de gamme du pot ont contribu\u00e9 \u00e0 une hausse de 30\u00a0%. Tr\u00e8s satisfait de cette collaboration, le client a command\u00e9 500\u00a0000 pots suppl\u00e9mentaires au printemps suivant, lors de la r\u00e9colte du miel et du lancement de sa nouvelle gamme de confitures.<\/p>\n<h2>Recommandation de personnalisation : Pots \u00e0 confiture uniques<\/h2>\n<ul>\n<li>Gaufrage ou gravure\u00a0: Des motifs personnalis\u00e9s en relief, des noms de fermes ou des logos peuvent \u00eatre gaufr\u00e9s ou grav\u00e9s sur le verre pour cr\u00e9er une identit\u00e9 de marque sup\u00e9rieure et permanente.<\/li>\n<li>Mat\u00e9riaux multifonctionnels pour les casquettes\u00a0: Nous proposons des casquettes en diff\u00e9rents mat\u00e9riaux, notamment en bambou durable, en m\u00e9tal ou en c\u00e9ramique, offrant un toucher luxueux.<\/li>\n<li>Marqueurs de graduation\u00a0: Graduation en relief (onces, grammes)\u00a0: une petite marque sur le bord du bocal en verre afin qu\u2019elle soit facilement accessible m\u00eame lorsque le produit est vide.<\/li>\n<\/ul>","protected":false},"excerpt":{"rendered":"<p>Pot \u00e0 miel hexagonal en verre transparent de qualit\u00e9 sup\u00e9rieure, mettant en valeur la couleur du miel. Pots \u00e0 confiture pratiques avec couvercles herm\u00e9tiques pour la conservation des aliments. Livraison rapide.<\/p>","protected":false},"featured_media":22842,"template":"","meta":[],"product_brand":[],"product_cat":[122,124,127],"product_tag":[],"class_list":{"0":"post-22838","1":"product","2":"type-product","3":"status-publish","4":"has-post-thumbnail","6":"product_cat-custom-glass-packaging","7":"product_cat-custom-glass-jars","8":"product_cat-glass-honey-jars","10":"first","11":"instock","12":"shipping-taxable","13":"product-type-simple"},"jetpack_sharing_enabled":true,"_links":{"self":[{"href":"https:\/\/yebodaglass.com\/fr\/wp-json\/wp\/v2\/product\/22838","targetHints":{"allow":["GET"]}}],"collection":[{"href":"https:\/\/yebodaglass.com\/fr\/wp-json\/wp\/v2\/product"}],"about":[{"href":"https:\/\/yebodaglass.com\/fr\/wp-json\/wp\/v2\/types\/product"}],"version-history":[{"count":5,"href":"https:\/\/yebodaglass.com\/fr\/wp-json\/wp\/v2\/product\/22838\/revisions"}],"predecessor-version":[{"id":25433,"href":"https:\/\/yebodaglass.com\/fr\/wp-json\/wp\/v2\/product\/22838\/revisions\/25433"}],"wp:featuredmedia":[{"embeddable":true,"href":"https:\/\/yebodaglass.com\/fr\/wp-json\/wp\/v2\/media\/22842"}],"wp:attachment":[{"href":"https:\/\/yebodaglass.com\/fr\/wp-json\/wp\/v2\/media?parent=22838"}],"wp:term":[{"taxonomy":"product_brand","embeddable":true,"href":"https:\/\/yebodaglass.com\/fr\/wp-json\/wp\/v2\/product_brand?post=22838"},{"taxonomy":"product_cat","embeddable":true,"href":"https:\/\/yebodaglass.com\/fr\/wp-json\/wp\/v2\/product_cat?post=22838"},{"taxonomy":"product_tag","embeddable":true,"href":"https:\/\/yebodaglass.com\/fr\/wp-json\/wp\/v2\/product_tag?post=22838"}],"curies":[{"name":"wp","href":"https:\/\/api.w.org\/{rel}","templated":true}]}}