{"id":22829,"date":"2025-10-28T15:40:26","date_gmt":"2025-10-28T07:40:26","guid":{"rendered":"https:\/\/yebodaglass.com\/?post_type=product&#038;p=22829"},"modified":"2026-03-13T14:26:48","modified_gmt":"2026-03-13T06:26:48","slug":"clear-cylindrical-little-glass-honey-vials-bulk","status":"publish","type":"product","link":"https:\/\/yebodaglass.com\/fr\/clear-cylindrical-little-glass-honey-vials-bulk\/","title":{"rendered":"Petits flacons cylindriques en verre transparent pour miel, 40 ml, 75 ml et 100 ml, en vrac"},"content":{"rendered":"<p>Ces flacons \u00e0 miel sont con\u00e7us avec un corps cylindrique en verre transparent et un fond \u00e9pais et arrondi pour une stabilit\u00e9 et une durabilit\u00e9 optimales. Leurs bouchons \u00e0 vis dor\u00e9s ou argent\u00e9s, petits et \u00e9l\u00e9gants, sont parfaits pour conserver de petites quantit\u00e9s de miel, de confiture ou d&#039;\u00e9chantillons.<\/p>\n<h2>Caract\u00e9ristiques du produit<\/h2>\n<ul>\n<li><strong>Bouteilles cylindriques minces :<\/strong> Il s&#039;agit d&#039;un fond lest\u00e9, d&#039;un design fin et moderne, qui ne prend pas beaucoup de place.<\/li>\n<li><strong>Haute transparence :<\/strong> Ce verre transparent met parfaitement en valeur la couleur et la consistance du miel. Il s\u00e9duira les acheteurs soucieux de l&#039;esth\u00e9tique.<\/li>\n<li><strong>Portable et compact :<\/strong> Le flacon est de conception compacte et est parfait pour les voyages, les essais, les \u00e9v\u00e9nements ou m\u00eame comme cadeau.<\/li>\n<\/ul>\n<h2 style=\"text-align: left;\">Sp\u00e9cifications cl\u00e9s<\/h2>\n<table class=\"aligncenter\" style=\"border-collapse: collapse; width: 454.52pt;\" border=\"0\" width=\"606\" cellspacing=\"0\" cellpadding=\"0\">\n<tbody>\n<tr style=\"height: 13.50pt;\">\n<td style=\"height: 13.50pt; width: 96.75pt;\" width=\"129\" height=\"18\">Fonctionnalit\u00e9<\/td>\n<td style=\"width: 357.75pt;\" width=\"477\">Sp\u00e9cification<\/td>\n<\/tr>\n<tr style=\"height: 13.50pt;\">\n<td style=\"height: 13.50pt;\" height=\"18\">Capacit\u00e9<\/td>\n<td>40 ml, 75 ml, 100 ml<\/td>\n<\/tr>\n<tr style=\"height: 13.50pt;\">\n<td style=\"height: 13.50pt;\" height=\"18\">Forme<\/td>\n<td>Cylindre droit, diam\u00e8tre uniforme<\/td>\n<\/tr>\n<tr style=\"height: 13.50pt;\">\n<td style=\"height: 13.50pt;\" height=\"18\">Dimensions<\/td>\n<td>4\u00d78,5 cm \u00e0 4\u00d715 cm<\/td>\n<\/tr>\n<tr style=\"height: 13.50pt;\">\n<td style=\"height: 13.50pt;\" height=\"18\">Mat\u00e9riel<\/td>\n<td>Verre transparent, couvercle \u00e0 vis en m\u00e9tal<\/td>\n<\/tr>\n<tr style=\"height: 13.50pt;\">\n<td style=\"height: 13.50pt;\" height=\"18\">Options de couvercle<\/td>\n<td>Or, argent, rose (couleurs personnalis\u00e9es disponibles)<\/td>\n<\/tr>\n<tr style=\"height: 13.50pt;\">\n<td style=\"height: 13.50pt;\" height=\"18\">Id\u00e9al pour<\/td>\n<td>Miel, kits d&#039;\u00e9chantillons, coffrets cadeaux<\/td>\n<\/tr>\n<tr style=\"height: 13.50pt;\">\n<td style=\"height: 13.50pt;\" height=\"18\">Utilisation id\u00e9ale<\/td>\n<td>Flacons de miel, petits pots de miel, pots de miel en gros<\/td>\n<\/tr>\n<\/tbody>\n<\/table>\n<h2>Cas de r\u00e9ussite : Une commande personnalis\u00e9e dans une miellerie sp\u00e9cialis\u00e9e en Californie<\/h2>\n<p>L&#039;une des mielleries sp\u00e9cialis\u00e9es de Sonoma a choisi nos flacons de miel et les a fait personnaliser avec des motifs d&#039;abeilles grav\u00e9s au laser sur le verre et des couvercles noir mat. Cet emballage sur mesure a eu un impact consid\u00e9rable\u00a0: les flacons personnalis\u00e9s et \u00e0 l&#039;effigie de la marque sont devenus des cadeaux de mariage ou d&#039;entreprise tr\u00e8s pris\u00e9s, ce qui a permis \u00e0 cette activit\u00e9 de cro\u00eetre de 40\u00a0%. Gr\u00e2ce \u00e0 leur excellente \u00e9tanch\u00e9it\u00e9 et \u00e0 leur petite taille, ces flacons sont parfaits pour la pr\u00e9sentation d&#039;\u00e9chantillons sur les march\u00e9s de producteurs. L&#039;entreprise a ainsi constat\u00e9 une augmentation de 25\u00a0% de ses ventes de bouteilles grand format sur ses stands. Forte de ces excellents r\u00e9sultats, elle a pass\u00e9 une nouvelle commande de 100\u00a0000 petits flacons afin de cr\u00e9er un nouveau coffret de d\u00e9gustation \u00ab\u00a0Voyage au Miel\u00a0\u00bb.<\/p>\n<h2>Suggestions de personnalisation pour les bouteilles de miel<\/h2>\n<ul>\n<li><strong>\u00c9tiquette du col :<\/strong> Incorporez un anneau de marque au goulot de la bouteille pour lui donner une apparence intemporelle et \u00e9l\u00e9gante.<\/li>\n<li><strong>Impression s\u00e9rigraphique :<\/strong> Utilisez une m\u00e9thode d&#039;impression pour apposer visuellement votre marque directement sur le verre, pour une identit\u00e9 de marque claire et durable sur le support transparent.<\/li>\n<li><strong>Verre color\u00e9 :<\/strong> Servez votre miel dans un verre ambr\u00e9 ou bleu cobalt pour vous d\u00e9marquer et le prot\u00e9ger de la lumi\u00e8re.<\/li>\n<\/ul>","protected":false},"excerpt":{"rendered":"<p>Flacons \u00e0 miel en verre transparent avec couvercles \u00e0 vis en m\u00e9tal. \u00c9l\u00e9gants petits pots \u00e0 miel, parfaits pour les \u00e9chantillons de miel, le sirop et les emballages cadeaux. \u00c9chantillons gratuits.<\/p>","protected":false},"featured_media":22833,"template":"","meta":[],"product_brand":[],"product_cat":[122,124,127],"product_tag":[],"class_list":{"0":"post-22829","1":"product","2":"type-product","3":"status-publish","4":"has-post-thumbnail","6":"product_cat-custom-glass-packaging","7":"product_cat-custom-glass-jars","8":"product_cat-glass-honey-jars","10":"first","11":"instock","12":"shipping-taxable","13":"product-type-simple"},"jetpack_sharing_enabled":true,"_links":{"self":[{"href":"https:\/\/yebodaglass.com\/fr\/wp-json\/wp\/v2\/product\/22829","targetHints":{"allow":["GET"]}}],"collection":[{"href":"https:\/\/yebodaglass.com\/fr\/wp-json\/wp\/v2\/product"}],"about":[{"href":"https:\/\/yebodaglass.com\/fr\/wp-json\/wp\/v2\/types\/product"}],"version-history":[{"count":5,"href":"https:\/\/yebodaglass.com\/fr\/wp-json\/wp\/v2\/product\/22829\/revisions"}],"predecessor-version":[{"id":25440,"href":"https:\/\/yebodaglass.com\/fr\/wp-json\/wp\/v2\/product\/22829\/revisions\/25440"}],"wp:featuredmedia":[{"embeddable":true,"href":"https:\/\/yebodaglass.com\/fr\/wp-json\/wp\/v2\/media\/22833"}],"wp:attachment":[{"href":"https:\/\/yebodaglass.com\/fr\/wp-json\/wp\/v2\/media?parent=22829"}],"wp:term":[{"taxonomy":"product_brand","embeddable":true,"href":"https:\/\/yebodaglass.com\/fr\/wp-json\/wp\/v2\/product_brand?post=22829"},{"taxonomy":"product_cat","embeddable":true,"href":"https:\/\/yebodaglass.com\/fr\/wp-json\/wp\/v2\/product_cat?post=22829"},{"taxonomy":"product_tag","embeddable":true,"href":"https:\/\/yebodaglass.com\/fr\/wp-json\/wp\/v2\/product_tag?post=22829"}],"curies":[{"name":"wp","href":"https:\/\/api.w.org\/{rel}","templated":true}]}}