{"id":22818,"date":"2025-10-28T14:27:36","date_gmt":"2025-10-28T06:27:36","guid":{"rendered":"https:\/\/yebodaglass.com\/?post_type=product&#038;p=22818"},"modified":"2026-03-16T14:36:06","modified_gmt":"2026-03-16T06:36:06","slug":"bulk-glass-honey-storage-containers-with-embossed-patterns","status":"publish","type":"product","link":"https:\/\/yebodaglass.com\/fr\/bulk-glass-honey-storage-containers-with-embossed-patterns\/","title":{"rendered":"Pots de conservation en verre pour miel en vrac, d\u00e9cor\u00e9s de motifs en relief, 250 ml, 500 ml, 750 ml"},"content":{"rendered":"<p>Ces pots \u00e0 miel carr\u00e9s, au design unique et aux coins arrondis, sont orn\u00e9s de motifs de fruits en relief et fabriqu\u00e9s en verre transparent. Leurs couvercles en m\u00e9tal dor\u00e9 ou argent\u00e9 assurent une excellente \u00e9tanch\u00e9it\u00e9 et un empilage stable.<\/p>\n<h2>Caract\u00e9ristiques du produit<\/h2>\n<ul>\n<li><strong>Bouteille d\u00e9corative en relief :<\/strong> Le corps de la bouteille sera orn\u00e9 de motifs de textes et de fruits en relief, ce qui am\u00e9liorera l&#039;attrait visuel et le c\u00f4t\u00e9 naturel du produit, sans impression superflue.<\/li>\n<li><strong>Bouteille carr\u00e9e en relief :<\/strong> Le flacon carr\u00e9 orn\u00e9 de motifs en relief conf\u00e8re au produit une apparence soign\u00e9e et \u00e9l\u00e9gante, facilitant ainsi sa reconnaissance et embellissant son emballage.<\/li>\n<li><strong>S\u00fbr et durable :<\/strong> Sa construction robuste en verre et son bouchon bien ajust\u00e9 en font un r\u00e9cipient de conservation du miel durable et fiable, permettant ainsi de transporter le miel en toute s\u00e9curit\u00e9 et de le conserver frais pendant longtemps.<\/li>\n<\/ul>\n<h2 style=\"text-align: left;\">Sp\u00e9cifications cl\u00e9s<\/h2>\n<table class=\"aligncenter\" style=\"border-collapse: collapse; width: 414.77pt;\" border=\"0\" width=\"553\" cellspacing=\"0\" cellpadding=\"0\">\n<tbody>\n<tr style=\"height: 13.50pt;\">\n<td style=\"height: 13.50pt; width: 96.75pt;\" width=\"129\" height=\"18\">Fonctionnalit\u00e9<\/td>\n<td style=\"width: 318.00pt;\" width=\"424\">Sp\u00e9cification<\/td>\n<\/tr>\n<tr style=\"height: 13.50pt;\">\n<td style=\"height: 13.50pt;\" height=\"18\">Capacit\u00e9<\/td>\n<td>250 ml, 500 ml, 750 ml<\/td>\n<\/tr>\n<tr style=\"height: 13.50pt;\">\n<td style=\"height: 13.50pt;\" height=\"18\">Forme<\/td>\n<td>Carr\u00e9 \u00e0 panneaux en relief<\/td>\n<\/tr>\n<tr style=\"height: 13.50pt;\">\n<td style=\"height: 13.50pt;\" height=\"18\">Dimensions<\/td>\n<td>8\u00d78,3 cm \u00e0 10\u00d713,3 cm<\/td>\n<\/tr>\n<tr style=\"height: 13.50pt;\">\n<td style=\"height: 13.50pt;\" height=\"18\">Mat\u00e9riel<\/td>\n<td>Verre transparent, couvercle \u00e0 vis en m\u00e9tal<\/td>\n<\/tr>\n<tr style=\"height: 13.50pt;\">\n<td style=\"height: 13.50pt;\" height=\"18\">Options de couvercle<\/td>\n<td>Or, argent, jaune (couleurs personnalis\u00e9es disponibles)<\/td>\n<\/tr>\n<tr style=\"height: 13.50pt;\">\n<td style=\"height: 13.50pt;\" height=\"18\">Id\u00e9al pour<\/td>\n<td>Miel, coffrets cadeaux, emballages de vente au d\u00e9tail<\/td>\n<\/tr>\n<tr style=\"height: 13.50pt;\">\n<td style=\"height: 13.50pt;\" height=\"18\">Utilisation id\u00e9ale<\/td>\n<td>r\u00e9cipient de conservation du miel, d\u00e9corations cadeaux en forme de miel<\/td>\n<\/tr>\n<\/tbody>\n<\/table>\n<h2>R\u00e9ussite : Refonte de l&#039;image d&#039;une entreprise apicole<\/h2>\n<p>Une marque de produits apicoles, d\u00e9j\u00e0 bien \u00e9tablie localement mais pr\u00e9sentant un fort potentiel de croissance, notamment pour son miel brut non filtr\u00e9, \u00e9tait confront\u00e9e \u00e0 une stagnation de ses ventes. Si leurs pots de miel de 250 ml se vendaient bien, l&#039;absence d&#039;un emballage haut de gamme adapt\u00e9 \u00e0 la vente en gros les a contraints \u00e0 relancer leurs pots de miel carr\u00e9s en verre gaufr\u00e9 de 500 ml. Ces nouveaux pots ont transform\u00e9 le march\u00e9 de mani\u00e8re spectaculaire. Ainsi, leurs ventes de coffrets cadeaux en ligne ont bondi de 45 % d\u00e8s le premier trimestre suivant leur relancement. Dans leurs commentaires, les clients appr\u00e9cient particuli\u00e8rement \u00ab la beaut\u00e9 et le raffinement des pots \u00e0 miel \u00bb. Selon le propri\u00e9taire, le motif gaufr\u00e9 unique est devenu leur marque de fabrique et constitue, de ce fait, l&#039;\u00e9l\u00e9ment le plus reconnaissable de leurs produits. Ce succ\u00e8s a engendr\u00e9 quatre commandes cons\u00e9cutives, et la marque a enrichi sa gamme de produits avec des pots \u00e0 miel en verre de 750 ml avec couvercle. Depuis, elle a conclu un partenariat de distribution en gros, assurant un flux de ventes r\u00e9gulier de plus de 500\u00a0000 unit\u00e9s par an.<\/p>\n<h2>Recommandations de personnalisation des bocaux en verre<\/h2>\n<ul>\n<li><strong>Logo en relief :<\/strong> Apposez votre logo sur le verre par gravure afin d&#039;accentuer l&#039;effet de gaufrage et de pr\u00e9senter visuellement une identit\u00e9 de marque haut de gamme et tactile.<\/li>\n<li><strong>Panneau d\u00e9coratif d\u00e9poli :<\/strong> La finition d\u00e9polie de la surface plane du pot carr\u00e9 permet non seulement de bien le tenir, mais cr\u00e9e \u00e9galement un effet bicolore plus \u00e9l\u00e9gant et sophistiqu\u00e9.<\/li>\n<li><strong>Options de verre color\u00e9\u00a0:<\/strong> Par exemple, vous pouvez choisir du verre ambr\u00e9 ou bleu cobalt si vous souhaitez un look radicalement diff\u00e9rent tout en b\u00e9n\u00e9ficiant des propri\u00e9t\u00e9s occultantes.<\/li>\n<li><strong>Texture de surface :<\/strong> Diff\u00e9rentes textures en relief peuvent \u00eatre utilis\u00e9es sur des pots de diff\u00e9rentes tailles, ce qui permet d&#039;obtenir une option coh\u00e9rente et distincte pour votre gamme de produits.<\/li>\n<\/ul>","protected":false},"excerpt":{"rendered":"<p>Pots \u00e0 miel en verre transparent avec couvercles \u00e0 motifs en relief et bouchons m\u00e9talliques s\u00e9curis\u00e9s. Emballage pratique pour la vente au d\u00e9tail. Livraison rapide.<\/p>","protected":false},"featured_media":22823,"template":"","meta":[],"product_brand":[],"product_cat":[122,124,127],"product_tag":[],"class_list":{"0":"post-22818","1":"product","2":"type-product","3":"status-publish","4":"has-post-thumbnail","6":"product_cat-custom-glass-packaging","7":"product_cat-custom-glass-jars","8":"product_cat-glass-honey-jars","10":"first","11":"instock","12":"shipping-taxable","13":"product-type-simple"},"jetpack_sharing_enabled":true,"_links":{"self":[{"href":"https:\/\/yebodaglass.com\/fr\/wp-json\/wp\/v2\/product\/22818","targetHints":{"allow":["GET"]}}],"collection":[{"href":"https:\/\/yebodaglass.com\/fr\/wp-json\/wp\/v2\/product"}],"about":[{"href":"https:\/\/yebodaglass.com\/fr\/wp-json\/wp\/v2\/types\/product"}],"version-history":[{"count":5,"href":"https:\/\/yebodaglass.com\/fr\/wp-json\/wp\/v2\/product\/22818\/revisions"}],"predecessor-version":[{"id":25454,"href":"https:\/\/yebodaglass.com\/fr\/wp-json\/wp\/v2\/product\/22818\/revisions\/25454"}],"wp:featuredmedia":[{"embeddable":true,"href":"https:\/\/yebodaglass.com\/fr\/wp-json\/wp\/v2\/media\/22823"}],"wp:attachment":[{"href":"https:\/\/yebodaglass.com\/fr\/wp-json\/wp\/v2\/media?parent=22818"}],"wp:term":[{"taxonomy":"product_brand","embeddable":true,"href":"https:\/\/yebodaglass.com\/fr\/wp-json\/wp\/v2\/product_brand?post=22818"},{"taxonomy":"product_cat","embeddable":true,"href":"https:\/\/yebodaglass.com\/fr\/wp-json\/wp\/v2\/product_cat?post=22818"},{"taxonomy":"product_tag","embeddable":true,"href":"https:\/\/yebodaglass.com\/fr\/wp-json\/wp\/v2\/product_tag?post=22818"}],"curies":[{"name":"wp","href":"https:\/\/api.w.org\/{rel}","templated":true}]}}