{"id":22807,"date":"2025-10-28T13:24:01","date_gmt":"2025-10-28T05:24:01","guid":{"rendered":"https:\/\/yebodaglass.com\/?post_type=product&#038;p=22807"},"modified":"2025-10-28T17:47:21","modified_gmt":"2025-10-28T09:47:21","slug":"wholesale-transparent-little-jam-jars-for-canning","status":"publish","type":"product","link":"https:\/\/yebodaglass.com\/fr\/wholesale-transparent-little-jam-jars-for-canning\/","title":{"rendered":"Petits pots \u00e0 confiture transparents en gros pour la mise en conserve, 20 ml, 35 ml, 60 ml, 75 ml"},"content":{"rendered":"<p>Ces petits pots \u00e0 confiture pour la mise en conserve se composent d&#039;un corps cylindrique en verre transparent et d&#039;un couvercle dor\u00e9 tendance, disponibles en plusieurs tailles, qui non seulement mettent en valeur l&#039;\u00e9clat dor\u00e9 du miel, mais repr\u00e9sentent \u00e9galement un design minimaliste et luxueux.<\/p>\n<h2>Caract\u00e9ristiques du produit<\/h2>\n<ul>\n<li><strong>Clart\u00e9 cristalline :<\/strong> La qualit\u00e9 et la couleur des produits sont tr\u00e8s bien mises en valeur par le verre cristallin, cr\u00e9ant ainsi une excellente premi\u00e8re impression.<\/li>\n<li><strong>Protection scell\u00e9e et s\u00e9curis\u00e9e :<\/strong> Le bouchon herm\u00e9tique pr\u00e9serve la fra\u00eecheur du contenu et emp\u00eache les fuites pendant le transport et le stockage, ce qui est tr\u00e8s important pour vos produits apicoles.<\/li>\n<li><strong>Empilable :<\/strong> La forme cylindrique standard de ces bocaux en verre permet un empilage sans probl\u00e8me, ce qui permet de gagner de la place aussi bien dans les entrep\u00f4ts que lors du transport.<\/li>\n<\/ul>\n<h2 style=\"text-align: left;\">Sp\u00e9cifications cl\u00e9s<\/h2>\n<table class=\"aligncenter\" style=\"border-collapse: collapse; width: 414.77pt;\" border=\"0\" width=\"553\" cellspacing=\"0\" cellpadding=\"0\">\n<tbody>\n<tr style=\"height: 13.50pt;\">\n<td style=\"height: 13.50pt; width: 96.75pt;\" width=\"129\" height=\"18\">Fonctionnalit\u00e9<\/td>\n<td style=\"width: 318.00pt;\" width=\"424\">Sp\u00e9cification<\/td>\n<\/tr>\n<tr style=\"height: 13.50pt;\">\n<td style=\"height: 13.50pt;\" height=\"18\">Capacit\u00e9<\/td>\n<td>20 ml, 35 ml, 60 ml, 75 ml<\/td>\n<\/tr>\n<tr style=\"height: 13.50pt;\">\n<td style=\"height: 13.50pt;\" height=\"18\">Forme<\/td>\n<td>Cylindrique \u00e0 \u00e9paules arrondies<\/td>\n<\/tr>\n<tr style=\"height: 13.50pt;\">\n<td style=\"height: 13.50pt;\" height=\"18\">Dimensions<\/td>\n<td>4,3 \u00d7 4,2 cm \u00e0 5 \u00d7 6,4 cm<\/td>\n<\/tr>\n<tr style=\"height: 13.50pt;\">\n<td style=\"height: 13.50pt;\" height=\"18\">Mat\u00e9riel<\/td>\n<td>Verre transparent, couvercle \u00e0 vis en m\u00e9tal<\/td>\n<\/tr>\n<tr style=\"height: 13.50pt;\">\n<td style=\"height: 13.50pt;\" height=\"18\">Options de couvercle<\/td>\n<td>Or, argent, rouge, rose (couleurs personnalis\u00e9es disponibles)<\/td>\n<\/tr>\n<tr style=\"height: 13.50pt;\">\n<td style=\"height: 13.50pt;\" height=\"18\">Id\u00e9al pour<\/td>\n<td>Miel, mini-confitures, kits d&#039;\u00e9chantillons<\/td>\n<\/tr>\n<tr style=\"height: 13.50pt;\">\n<td style=\"height: 13.50pt;\" height=\"18\">Utilisation id\u00e9ale<\/td>\n<td>Petits pots de confiture, pots de confiture, pots de miel en gros<\/td>\n<\/tr>\n<\/tbody>\n<\/table>\n<h2>T\u00e9moignage de r\u00e9ussite\u00a0: Comment des pots de miel haut de gamme ont contribu\u00e9 \u00e0 la croissance d\u2019une marque<\/h2>\n<p>Cette marque de miel, d\u00e9sormais pr\u00e9sente \u00e0 l&#039;\u00e9chelle r\u00e9gionale, rencontrait des difficult\u00e9s pour sa ligne d&#039;embouteillage, car elle utilisait des pots de tailles diverses provenant de diff\u00e9rents fournisseurs. Outre les probl\u00e8mes rencontr\u00e9s sur sa ligne de production, cela a nui \u00e0 son image de marque. Elle a donc d\u00e9cid\u00e9 de s&#039;approvisionner en pots de miel ronds en verre de 60 ml aupr\u00e8s de notre soci\u00e9t\u00e9 pour son produit phare. L&#039;uniformisation des pots a permis d&#039;accro\u00eetre la cadence de la ligne d&#039;embouteillage de 15 % presque instantan\u00e9ment, am\u00e9liorant ainsi consid\u00e9rablement son efficacit\u00e9.<\/p>\n<p>Cependant, ce sont les retours clients qui ont v\u00e9ritablement port\u00e9 leurs fruits. Leurs ventes de box par abonnement ont progress\u00e9 de 25 % en six mois, et les abonn\u00e9s ont notamment soulign\u00e9 l&#039;aspect professionnel et haut de gamme du nouvel emballage comme principal facteur de leur abonnement. Ces excellents retours ont g\u00e9n\u00e9r\u00e9 trois commandes cons\u00e9cutives. Aujourd&#039;hui, ils donnent l&#039;exemple en utilisant nos contenants pour tous leurs pots et bouteilles de miel. Les commandes en gros, totalisant plus de 200\u00a0000 unit\u00e9s par trimestre, sont d\u00e9sormais leur norme.<\/p>\n<h2>Recommandations de bocaux en verre personnalis\u00e9s<\/h2>\n<ul>\n<li><strong>Couleur de la casquette de marque\u00a0:<\/strong> Pourquoi ne pas choisir une couleur de casquette personnalis\u00e9e qui corresponde \u00e0 votre marque\u00a0? L\u2019or serait un excellent choix pour une impression haut de gamme.<\/li>\n<li><strong>Impression s\u00e9rigraphique sur verre :<\/strong> Apposez votre signature sur le verre gr\u00e2ce \u00e0 une impression pour une reconnaissance de marque durable et r\u00e9sistante.<\/li>\n<li><strong>D\u00e9coration en verre d\u00e9poli :<\/strong> Appliquez une bande ou un motif givr\u00e9 autour du pot pour un look \u00e9l\u00e9gant, une prise en main confortable et un produit \u00e0 facettes tendance.<\/li>\n<li><strong>Options de verre color\u00e9\u00a0:<\/strong> Pourquoi ne pas utiliser du verre ambr\u00e9 clair ou bleu pour vos produits qui doivent \u00eatre prot\u00e9g\u00e9s de la lumi\u00e8re ?<\/li>\n<\/ul>","protected":false},"excerpt":{"rendered":"<p>\u00c9l\u00e9gants petits pots \u00e0 confiture avec couvercles \u00e0 vis dor\u00e9s. R\u00e9sistants et de qualit\u00e9 alimentaire, ils sont parfaits pour le miel et la confiture. Livraison rapide et \u00e9chantillons gratuits disponibles.<\/p>","protected":false},"featured_media":22812,"template":"","meta":[],"product_brand":[],"product_cat":[122,124,127],"product_tag":[],"class_list":{"0":"post-22807","1":"product","2":"type-product","3":"status-publish","4":"has-post-thumbnail","6":"product_cat-custom-glass-packaging","7":"product_cat-custom-glass-jars","8":"product_cat-glass-honey-jars","10":"first","11":"instock","12":"shipping-taxable","13":"product-type-simple"},"jetpack_sharing_enabled":true,"_links":{"self":[{"href":"https:\/\/yebodaglass.com\/fr\/wp-json\/wp\/v2\/product\/22807","targetHints":{"allow":["GET"]}}],"collection":[{"href":"https:\/\/yebodaglass.com\/fr\/wp-json\/wp\/v2\/product"}],"about":[{"href":"https:\/\/yebodaglass.com\/fr\/wp-json\/wp\/v2\/types\/product"}],"version-history":[{"count":5,"href":"https:\/\/yebodaglass.com\/fr\/wp-json\/wp\/v2\/product\/22807\/revisions"}],"predecessor-version":[{"id":22853,"href":"https:\/\/yebodaglass.com\/fr\/wp-json\/wp\/v2\/product\/22807\/revisions\/22853"}],"wp:featuredmedia":[{"embeddable":true,"href":"https:\/\/yebodaglass.com\/fr\/wp-json\/wp\/v2\/media\/22812"}],"wp:attachment":[{"href":"https:\/\/yebodaglass.com\/fr\/wp-json\/wp\/v2\/media?parent=22807"}],"wp:term":[{"taxonomy":"product_brand","embeddable":true,"href":"https:\/\/yebodaglass.com\/fr\/wp-json\/wp\/v2\/product_brand?post=22807"},{"taxonomy":"product_cat","embeddable":true,"href":"https:\/\/yebodaglass.com\/fr\/wp-json\/wp\/v2\/product_cat?post=22807"},{"taxonomy":"product_tag","embeddable":true,"href":"https:\/\/yebodaglass.com\/fr\/wp-json\/wp\/v2\/product_tag?post=22807"}],"curies":[{"name":"wp","href":"https:\/\/api.w.org\/{rel}","templated":true}]}}