{"id":22798,"date":"2025-10-28T10:15:09","date_gmt":"2025-10-28T02:15:09","guid":{"rendered":"https:\/\/yebodaglass.com\/?post_type=product&#038;p=22798"},"modified":"2025-10-28T13:38:10","modified_gmt":"2025-10-28T05:38:10","slug":"wholesale-small-glass-jam-jars-with-flame-texture-design-50ml-75ml-100ml","status":"publish","type":"product","link":"https:\/\/yebodaglass.com\/fr\/wholesale-small-glass-jam-jars-with-flame-texture-design-50ml-75ml-100ml\/","title":{"rendered":"Pots \u00e0 confiture en verre de petite taille, en gros, avec motif flamme, 50 ml, 75 ml et 100 ml"},"content":{"rendered":"<p>Le verre transparent orn\u00e9 de motifs \u00e0 la flamme et la forme resserr\u00e9e de ces petits pots \u00e0 confiture en font un v\u00e9ritable plaisir pour les yeux. Propos\u00e9s avec des couvercles rouges ou dor\u00e9s et disponibles en diff\u00e9rentes tailles, ils symbolisent la puret\u00e9 et subliment la beaut\u00e9 d&#039;un miel onctueux et dor\u00e9 gr\u00e2ce \u00e0 leur design artistique et raffin\u00e9.<\/p>\n<h2>Caract\u00e9ristiques du produit<\/h2>\n<ul>\n<li><strong>Verre transparent :<\/strong> Mettez en valeur la couleur et la qualit\u00e9 de votre miel en utilisant des pots en verre de haute qualit\u00e9, r\u00e9sistants au ternissement pendant longtemps.<\/li>\n<li><strong>Bouteille conique stylis\u00e9e \u00e0 motif de feu :<\/strong> Le flacon est con\u00e7u sur le th\u00e8me du feu et pr\u00e9sente une forme harmonieuse qui d\u00e9gage une impression d&#039;originalit\u00e9 et de cr\u00e9ativit\u00e9, laissant une impression durable non seulement du produit, mais aussi gr\u00e2ce \u00e0 ses valeurs esth\u00e9tiques.<\/li>\n<li><strong>Plusieurs sp\u00e9cifications sont possibles\u00a0:<\/strong> Ces bouteilles sont produites en plusieurs tailles, en fonction de leurs usages, allant de la consommation quotidienne dans les foyers \u00e0 l&#039;emballage de cadeaux.<\/li>\n<\/ul>\n<h2 style=\"text-align: left;\">Sp\u00e9cifications cl\u00e9s<\/h2>\n<table class=\"aligncenter\" style=\"border-collapse: collapse; width: 383.27pt;\" border=\"0\" width=\"511\" cellspacing=\"0\" cellpadding=\"0\">\n<tbody>\n<tr style=\"height: 13.50pt;\">\n<td style=\"height: 13.50pt; width: 85.50pt;\" width=\"114\" height=\"18\">Fonctionnalit\u00e9<\/td>\n<td style=\"width: 297.75pt;\" width=\"397\">Sp\u00e9cification<\/td>\n<\/tr>\n<tr style=\"height: 13.50pt;\">\n<td style=\"height: 13.50pt;\" height=\"18\">Capacit\u00e9<\/td>\n<td>50 ml, 75 ml, 100 ml<\/td>\n<\/tr>\n<tr style=\"height: 13.50pt;\">\n<td style=\"height: 13.50pt;\" height=\"18\">Dimensions<\/td>\n<td>4,9 \u00d7 6,8 cm \u00e0 6,2 \u00d7 8,6 cm<\/td>\n<\/tr>\n<tr style=\"height: 13.50pt;\">\n<td style=\"height: 13.50pt;\" height=\"18\">Mat\u00e9riel<\/td>\n<td>Verre transparent, couvercle \u00e0 vis en m\u00e9tal<\/td>\n<\/tr>\n<tr style=\"height: 13.50pt;\">\n<td style=\"height: 13.50pt;\" height=\"18\">Options de couvercle<\/td>\n<td>Rouge, or, noir, argent (personnalisation possible)<\/td>\n<\/tr>\n<tr style=\"height: 13.50pt;\">\n<td style=\"height: 13.50pt;\" height=\"18\">Id\u00e9al pour<\/td>\n<td>Miel, mini-confitures, coffrets cadeaux<\/td>\n<\/tr>\n<tr style=\"height: 13.50pt;\">\n<td style=\"height: 13.50pt;\" height=\"18\">Utilisation id\u00e9ale<\/td>\n<td>Petits pots \u00e0 confiture en verre, pots \u00e0 confiture<\/td>\n<\/tr>\n<\/tbody>\n<\/table>\n<h2>Succ\u00e8s\u00a0: L\u2019apiculture se renforce<\/h2>\n<p>Une entreprise familiale d&#039;apiculture, productrice de miel brut d&#039;origine unique, utilisait des pots de confiture classiques. Leur emballage \u00e9tait correct, mais ne refl\u00e9tait pas vraiment la qualit\u00e9 de leur produit. Le changement a \u00e9t\u00e9 radical lorsqu&#039;ils ont d\u00e9cid\u00e9 d&#039;abandonner leurs pots standards et d&#039;opter pour nos petits pots de confiture personnalis\u00e9s de 100 ml avec couvercle. Leurs ventes en ligne ont augment\u00e9 de 30 % en seulement six mois, notamment gr\u00e2ce aux retours clients qui soulignent la \u00ab beaut\u00e9 et la qualit\u00e9 \u00bb des pots. Le taux de r\u00e9achat a \u00e9galement progress\u00e9 de 60 %. Ainsi, une l\u00e9g\u00e8re augmentation de prix permet non seulement d&#039;accro\u00eetre le profit unitaire, mais aussi d&#039;embellir l&#039;exp\u00e9rience de d\u00e9ballage. De plus, le client a d\u00e9j\u00e0 pass\u00e9 trois commandes de 100\u00a0000 unit\u00e9s, ce qui explique pourquoi il a progressivement transform\u00e9 sa commande initiale en gros en un partenariat de vente en gros trimestriel stable pour ses pots de miel les plus populaires.<\/p>\n<h2>Conseils de personnalisation pour petits pots \u00e0 confiture en verre<\/h2>\n<ul>\n<li><strong>S\u00e9rigraphie :<\/strong> L&#039;une des meilleures, sinon la meilleure, m\u00e9thodes d&#039;impression de votre logo ou de vos illustrations est la s\u00e9rigraphie, que vous devriez envisager d&#039;appliquer \u00e0 l&#039;int\u00e9rieur du verre miel pour obtenir un aspect luxueux et durable.<\/li>\n<li><strong>Verre color\u00e9 :<\/strong> Pour une exp\u00e9rience totalement diff\u00e9rente, pourquoi ne pas utiliser des pots en verre ambr\u00e9 ou vert pour votre miel, qui seront ainsi prot\u00e9g\u00e9s de la lumi\u00e8re ?<\/li>\n<li><strong>Couleurs de couvercle personnalis\u00e9es\u00a0:<\/strong> Si votre marque poss\u00e8de une identit\u00e9 de couleur sp\u00e9cifique (comme l&#039;or, le rouge ou le noir), pourquoi ne pas opter pour l&#039;une de ces couleurs pour vos paupi\u00e8res parmi la palette propos\u00e9e ?<\/li>\n<\/ul>","protected":false},"excerpt":{"rendered":"<p>\u00c9l\u00e9gants petits pots \u00e0 confiture en verre \u00e0 motif flamme et couvercles en m\u00e9tal. Id\u00e9aux pour la confiture ou le miel. Vente directe d&#039;usine, livraison rapide, \u00e9chantillons gratuits.<\/p>","protected":false},"featured_media":22801,"template":"","meta":[],"product_brand":[],"product_cat":[122,124,127],"product_tag":[],"class_list":{"0":"post-22798","1":"product","2":"type-product","3":"status-publish","4":"has-post-thumbnail","6":"product_cat-custom-glass-packaging","7":"product_cat-custom-glass-jars","8":"product_cat-glass-honey-jars","10":"first","11":"instock","12":"shipping-taxable","13":"product-type-simple"},"jetpack_sharing_enabled":true,"_links":{"self":[{"href":"https:\/\/yebodaglass.com\/fr\/wp-json\/wp\/v2\/product\/22798","targetHints":{"allow":["GET"]}}],"collection":[{"href":"https:\/\/yebodaglass.com\/fr\/wp-json\/wp\/v2\/product"}],"about":[{"href":"https:\/\/yebodaglass.com\/fr\/wp-json\/wp\/v2\/types\/product"}],"version-history":[{"count":5,"href":"https:\/\/yebodaglass.com\/fr\/wp-json\/wp\/v2\/product\/22798\/revisions"}],"predecessor-version":[{"id":22809,"href":"https:\/\/yebodaglass.com\/fr\/wp-json\/wp\/v2\/product\/22798\/revisions\/22809"}],"wp:featuredmedia":[{"embeddable":true,"href":"https:\/\/yebodaglass.com\/fr\/wp-json\/wp\/v2\/media\/22801"}],"wp:attachment":[{"href":"https:\/\/yebodaglass.com\/fr\/wp-json\/wp\/v2\/media?parent=22798"}],"wp:term":[{"taxonomy":"product_brand","embeddable":true,"href":"https:\/\/yebodaglass.com\/fr\/wp-json\/wp\/v2\/product_brand?post=22798"},{"taxonomy":"product_cat","embeddable":true,"href":"https:\/\/yebodaglass.com\/fr\/wp-json\/wp\/v2\/product_cat?post=22798"},{"taxonomy":"product_tag","embeddable":true,"href":"https:\/\/yebodaglass.com\/fr\/wp-json\/wp\/v2\/product_tag?post=22798"}],"curies":[{"name":"wp","href":"https:\/\/api.w.org\/{rel}","templated":true}]}}