{"id":22757,"date":"2025-10-27T15:59:54","date_gmt":"2025-10-27T07:59:54","guid":{"rendered":"https:\/\/yebodaglass.com\/?post_type=product&#038;p=22757"},"modified":"2026-04-14T09:35:09","modified_gmt":"2026-04-14T01:35:09","slug":"bulk-empty-jam-pots-for-honey-or-fruit-spread","status":"publish","type":"product","link":"https:\/\/yebodaglass.com\/fr\/bulk-empty-jam-pots-for-honey-or-fruit-spread\/","title":{"rendered":"Pots \u00e0 confiture vides en gros pour miel ou p\u00e2te \u00e0 tartiner aux fruits 50 ml \u2013 380 ml"},"content":{"rendered":"<p>Ces pots \u00e0 confiture vides, en verre transparent c\u00f4tel\u00e9, arborent un joli couvercle \u00e0 carreaux rouges et blancs. Ils existent en six tailles.<\/p>\n<h2>Caract\u00e9ristiques du produit<\/h2>\n<ul>\n<li><strong>M\u00eame couvercle \u00e0 carreaux :<\/strong> Le couvercle en tissu \u00e0 carreaux rouges et blancs standard est une d\u00e9coration tr\u00e8s mignonne, rustique et facilement identifiable.<\/li>\n<li><strong>Nervures verticales :<\/strong> L&#039;ajout de nervures verticales transforme un simple pot en un objet au design textur\u00e9 cr\u00e9atif, embellissant ainsi l&#039;aspect visuel du produit et le rendant plus reconnaissable.<\/li>\n<li><strong>Diff\u00e9rentes tailles disponibles :<\/strong> Nous proposons un assortiment de tailles afin que vous puissiez choisir le pot de miel qui correspond le mieux \u00e0 vos besoins.<\/li>\n<\/ul>\n<h2 style=\"text-align: left;\">Sp\u00e9cifications cl\u00e9s<\/h2>\n<table class=\"aligncenter\" style=\"border-collapse: collapse; width: 406.52pt;\" border=\"0\" width=\"542\" cellspacing=\"0\" cellpadding=\"0\">\n<tbody>\n<tr style=\"height: 13.50pt;\">\n<td style=\"height: 13.50pt; width: 90.00pt;\" width=\"120\" height=\"18\">Fonctionnalit\u00e9<\/td>\n<td style=\"width: 316.50pt;\" width=\"422\">Sp\u00e9cification<\/td>\n<\/tr>\n<tr style=\"height: 13.50pt;\">\n<td style=\"height: 13.50pt;\" height=\"18\">Capacit\u00e9<\/td>\n<td>50 ml, 100 ml, 150 ml, 200 ml, 250 ml, 380 ml<\/td>\n<\/tr>\n<tr style=\"height: 13.50pt;\">\n<td style=\"height: 13.50pt;\" height=\"18\">Forme<\/td>\n<td>Cylindrique<\/td>\n<\/tr>\n<tr style=\"height: 13.50pt;\">\n<td style=\"height: 13.50pt;\" height=\"18\">Dimensions<\/td>\n<td>3,95 \u00d7 5,3 cm \u00e0 8,7 \u00d7 11,3 cm<\/td>\n<\/tr>\n<tr style=\"height: 13.50pt;\">\n<td style=\"height: 13.50pt;\" height=\"18\">Type de cou<\/td>\n<td>Ouverture large (diam\u00e8tre int\u00e9rieur de 3,5 cm \u00e0 7 cm)<\/td>\n<\/tr>\n<tr style=\"height: 13.50pt;\">\n<td style=\"height: 13.50pt;\" height=\"18\">Mat\u00e9riel<\/td>\n<td>Verre transparent, couvercle \u00e0 joint en tissu<\/td>\n<\/tr>\n<tr style=\"height: 13.50pt;\">\n<td style=\"height: 13.50pt;\" height=\"18\">Options de couvercle<\/td>\n<td>Carreaux rouges et blancs, couleurs unies (personnalisation possible)<\/td>\n<\/tr>\n<tr style=\"height: 13.50pt;\">\n<td style=\"height: 13.50pt;\" height=\"18\">Id\u00e9al pour<\/td>\n<td>Miel, confitures, conserves, coffrets cadeaux<\/td>\n<\/tr>\n<tr style=\"height: 13.50pt;\">\n<td style=\"height: 13.50pt;\" height=\"18\">Utilisation id\u00e9ale<\/td>\n<td>pots \u00e0 confiture, pots \u00e0 confiture vides en gros<\/td>\n<\/tr>\n<\/tbody>\n<\/table>\n<h2>Histoire \u00e0 succ\u00e8s<\/h2>\n<p>Un fabricant britannique de confitures a achet\u00e9 nos pots vides et a command\u00e9 des pots uniques en verre ambr\u00e9 de qualit\u00e9 alimentaire. Leur design sur mesure a rencontr\u00e9 un franc succ\u00e8s\u00a0: ces pots sp\u00e9ciaux sont devenus leur marque de fabrique et une enqu\u00eate aupr\u00e8s des consommateurs a r\u00e9v\u00e9l\u00e9 que 85\u00a0% d\u2019entre eux pouvaient identifier la marque rien qu\u2019\u00e0 leur pot. Le verre ambr\u00e9 offre une l\u00e9g\u00e8re protection contre la lumi\u00e8re, ce qui, selon le fabricant, a permis d\u2019augmenter la dur\u00e9e de conservation de sa confiture fragile de 10\u00a0%. Fort de ce succ\u00e8s, il a command\u00e9 45\u00a0000 pots suppl\u00e9mentaires en vue du lancement d\u2019un nouveau programme d\u2019exportation vers les march\u00e9s am\u00e9ricain et asiatique.<\/p>\n<h2>Suggestions de personnalisation pour les pots de confiture vides<\/h2>\n<ul>\n<li><strong>Logo en relief sur le couvercle\u00a0:<\/strong> Un d\u00e9tail \u00e9l\u00e9gant et luxueux peut \u00eatre obtenu gr\u00e2ce \u00e0 un magnifique logo en relief sur le bord du couvercle.<\/li>\n<li><strong>Couleur du verre :<\/strong> Optez pour du verre ambr\u00e9 ou vert pour prot\u00e9ger les produits sensibles \u00e0 la lumi\u00e8re et, en m\u00eame temps, donner un aspect exclusif \u00e0 vos \u00e9tag\u00e8res.<\/li>\n<li><strong>Capacit\u00e9 personnalis\u00e9e\u00a0:<\/strong> Contactez-nous pour personnaliser la capacit\u00e9 qui conviendra le mieux \u00e0 votre entreprise, en fonction du poids ou du prix de vos produits.<\/li>\n<\/ul>","protected":false},"excerpt":{"rendered":"<p>Pots \u00e0 confiture vintage en verre \u00e0 rayures verticales. Id\u00e9aux pour le miel, la confiture ou les emballages cadeaux. Profitez de remises sur les commandes en gros, d&#039;une livraison rapide et d&#039;\u00e9chantillons gratuits.<\/p>","protected":false},"featured_media":25456,"template":"","meta":[],"product_brand":[],"product_cat":[127,124,122],"product_tag":[],"class_list":{"0":"post-22757","1":"product","2":"type-product","3":"status-publish","4":"has-post-thumbnail","6":"product_cat-glass-honey-jars","7":"product_cat-custom-glass-jars","8":"product_cat-custom-glass-packaging","10":"first","11":"instock","12":"shipping-taxable","13":"product-type-simple"},"jetpack_sharing_enabled":true,"_links":{"self":[{"href":"https:\/\/yebodaglass.com\/fr\/wp-json\/wp\/v2\/product\/22757","targetHints":{"allow":["GET"]}}],"collection":[{"href":"https:\/\/yebodaglass.com\/fr\/wp-json\/wp\/v2\/product"}],"about":[{"href":"https:\/\/yebodaglass.com\/fr\/wp-json\/wp\/v2\/types\/product"}],"version-history":[{"count":5,"href":"https:\/\/yebodaglass.com\/fr\/wp-json\/wp\/v2\/product\/22757\/revisions"}],"predecessor-version":[{"id":25771,"href":"https:\/\/yebodaglass.com\/fr\/wp-json\/wp\/v2\/product\/22757\/revisions\/25771"}],"wp:featuredmedia":[{"embeddable":true,"href":"https:\/\/yebodaglass.com\/fr\/wp-json\/wp\/v2\/media\/25456"}],"wp:attachment":[{"href":"https:\/\/yebodaglass.com\/fr\/wp-json\/wp\/v2\/media?parent=22757"}],"wp:term":[{"taxonomy":"product_brand","embeddable":true,"href":"https:\/\/yebodaglass.com\/fr\/wp-json\/wp\/v2\/product_brand?post=22757"},{"taxonomy":"product_cat","embeddable":true,"href":"https:\/\/yebodaglass.com\/fr\/wp-json\/wp\/v2\/product_cat?post=22757"},{"taxonomy":"product_tag","embeddable":true,"href":"https:\/\/yebodaglass.com\/fr\/wp-json\/wp\/v2\/product_tag?post=22757"}],"curies":[{"name":"wp","href":"https:\/\/api.w.org\/{rel}","templated":true}]}}