{"id":22751,"date":"2025-10-27T14:15:12","date_gmt":"2025-10-27T06:15:12","guid":{"rendered":"https:\/\/yebodaglass.com\/?post_type=product&#038;p=22751"},"modified":"2025-10-27T17:32:57","modified_gmt":"2025-10-27T09:32:57","slug":"bulk-75ml-clear-glass-honey-bottle-with-waist-design","status":"publish","type":"product","link":"https:\/\/yebodaglass.com\/fr\/bulk-75ml-clear-glass-honey-bottle-with-waist-design\/","title":{"rendered":"Bouteille de miel en verre transparent de 75 ml en vrac avec design de taille"},"content":{"rendered":"<p>Ces petites bouteilles de miel sont faites de bouteilles en verre \u00e0 haute transparence avec une conception ajust\u00e9e \u00e0 la taille et des couvercles dor\u00e9s. La conception simple et \u00e9l\u00e9gante rend le produit agr\u00e9able \u00e0 l'\u0153il.<\/p>\n<h2>Caract\u00e9ristiques du produit<\/h2>\n<ul>\n<li><strong>Verre transparent :<\/strong> La transparence du verre rend le contenu visible et son contr\u00f4le de qualit\u00e9 facile, ainsi, l'identification et l'inspection ne n\u00e9cessitent aucun effort.<\/li>\n<li><strong>Conception de bouteille mince\u00a0:<\/strong> En utilisant la conception de bouteille mince, les fabricants ont obtenu un aspect \u00e9l\u00e9gant et styl\u00e9 qui non seulement embellit le produit, mais facilite \u00e9galement sa promotion.<\/li>\n<li><strong>Taille compacte\u00a0:<\/strong> La taille compacte de la bouteille en fait un article pratique qui peut \u00eatre emport\u00e9 lors de voyages, utilis\u00e9 lors de d\u00e9gustations ou d'autres occasions o\u00f9 le besoin de petites quantit\u00e9s se fait sentir.<\/li>\n<\/ul>\n<h2 style=\"text-align: left;\">Sp\u00e9cifications cl\u00e9s<\/h2>\n<table class=\"aligncenter\" style=\"border-collapse: collapse; width: 453.02pt;\" border=\"0\" width=\"604\" cellspacing=\"0\" cellpadding=\"0\">\n<tbody>\n<tr style=\"height: 13.50pt;\">\n<td style=\"height: 13.50pt; width: 92.25pt;\" width=\"123\" height=\"18\">Fonctionnalit\u00e9<\/td>\n<td style=\"width: 360.75pt;\" width=\"481\">Sp\u00e9cification<\/td>\n<\/tr>\n<tr style=\"height: 13.50pt;\">\n<td style=\"height: 13.50pt;\" height=\"18\">Capacit\u00e9<\/td>\n<td>75 ml<\/td>\n<\/tr>\n<tr style=\"height: 13.50pt;\">\n<td style=\"height: 13.50pt;\" height=\"18\">Forme<\/td>\n<td>Sablier (taill\u00e9)<\/td>\n<\/tr>\n<tr style=\"height: 13.50pt;\">\n<td style=\"height: 13.50pt;\" height=\"18\">Dimensions<\/td>\n<td>4.5\u00d711.2cm<\/td>\n<\/tr>\n<tr style=\"height: 13.50pt;\">\n<td style=\"height: 13.50pt;\" height=\"18\">Mat\u00e9riel<\/td>\n<td>Verre transparent, couvercle \u00e0 vis en m\u00e9tal<\/td>\n<\/tr>\n<tr style=\"height: 13.50pt;\">\n<td style=\"height: 13.50pt;\" height=\"18\">Options de couvercle<\/td>\n<td>Or, argent, noir (personnalis\u00e9 disponible)<\/td>\n<\/tr>\n<tr style=\"height: 13.50pt;\">\n<td style=\"height: 13.50pt;\" height=\"18\">Id\u00e9al pour<\/td>\n<td>\u00c9chantillons de miel, coffrets cadeaux, formats voyage, gammes gourmandes<\/td>\n<\/tr>\n<tr style=\"height: 13.50pt;\">\n<td style=\"height: 13.50pt;\" height=\"18\">Utilisation id\u00e9ale<\/td>\n<td>Petites bouteilles de miel, bouteilles de miel, pots de miel en gros<\/td>\n<\/tr>\n<\/tbody>\n<\/table>\n<h2>R\u00e9ussite\u00a0: stimuler les ventes de cadeaux haut de gamme<\/h2>\n<p>Un d\u00e9taillant d'aliments sp\u00e9cialis\u00e9s souhaitait une bouteille distinctive pour ses coffrets cadeaux de luxe pour les f\u00eates. Ils \u00e9taient \u00e0 la recherche d'un emballage qui combinerait les \u00e9l\u00e9ments de luxe et d'abordabilit\u00e9. Ils ont opt\u00e9 pour notre bouteille de miel mince de 75 ml \u00e0 bouchon dor\u00e9 et ont pass\u00e9 une premi\u00e8re commande de 5\u00a0000\u00a0pi\u00e8ces. Les r\u00e9sultats ont \u00e9t\u00e9 prometteurs. Pour commencer, la taille effil\u00e9e et le bouchon dor\u00e9 ont rehauss\u00e9 la valeur per\u00e7ue\u00a0: une marque de miel artisanal a constat\u00e9 une augmentation de 421\u00a0TP3T des ventes de coffrets cadeaux. De plus, la bouteille en verre robuste a permis de r\u00e9duire de 501\u00a0TP3T les dommages li\u00e9s \u00e0 l'exp\u00e9dition, par rapport \u00e0 l'utilisation de la bouteille en plastique pr\u00e9c\u00e9dente. Cette r\u00e9alisation a incit\u00e9 le d\u00e9taillant \u00e0 passer jusqu'\u00e0 200\u00a0000\u00a0commandes de renouvellement pour une promotion de la Saint-Valentin, ainsi qu'\u00e0 s'engager \u00e0 continuer d'utiliser la bouteille comme article cadeau de base, ce qui a entra\u00een\u00e9 une augmentation de 1501\u00a0TP3T d'une ann\u00e9e sur l'autre des activit\u00e9s de cadeaux de miel de l'entreprise.<\/p>\n<h2>Suggestions d'emballage en verre personnalis\u00e9<\/h2>\n<ul>\n<li><strong>Capacit\u00e9 grav\u00e9e au laser sur la base\u00a0:<\/strong> Gravez \u00ab\u00a075\u00a0ml\u00a0\u00bb au bas. A l'air soign\u00e9. Facilite le remplissage par lots.<\/li>\n<li><strong>Transparence du verre\u00a0:<\/strong> Choisissez un verre l\u00e9g\u00e8rement teint\u00e9, comme le gris fum\u00e9 clair, pour donner \u00e0 l'article un aspect moderne et se d\u00e9marquer de la foule.<\/li>\n<li><strong>Accent de couleur\u00a0:<\/strong> Un \u00e9mail de couleur, en une tr\u00e8s fine couche, peut \u00eatre utilis\u00e9 pour recouvrir la taille ou le col de la bouteille, cr\u00e9ant ainsi un type de signature unique.<\/li>\n<li><strong>S\u00e9rigraphie :<\/strong> Utilisez l'une des couleurs m\u00e9talliques (or, argent) ou vives de votre logo et imprimez-la directement sur le verre pour une identit\u00e9 de marque durable.<\/li>\n<\/ul>","protected":false},"excerpt":{"rendered":"<p>Premium waist-shaped glass small honey bottles for distinctive branding. Ideal for honey producers and wholesalers with bulk discounts and fast delivery.<\/p>","protected":false},"featured_media":22755,"template":"","meta":[],"product_brand":[],"product_cat":[122,124,127],"product_tag":[],"class_list":{"0":"post-22751","1":"product","2":"type-product","3":"status-publish","4":"has-post-thumbnail","6":"product_cat-custom-glass-packaging","7":"product_cat-custom-glass-jars","8":"product_cat-glass-honey-jars","10":"first","11":"instock","12":"shipping-taxable","13":"product-type-simple"},"jetpack_sharing_enabled":true,"_links":{"self":[{"href":"https:\/\/yebodaglass.com\/fr\/wp-json\/wp\/v2\/product\/22751","targetHints":{"allow":["GET"]}}],"collection":[{"href":"https:\/\/yebodaglass.com\/fr\/wp-json\/wp\/v2\/product"}],"about":[{"href":"https:\/\/yebodaglass.com\/fr\/wp-json\/wp\/v2\/types\/product"}],"version-history":[{"count":3,"href":"https:\/\/yebodaglass.com\/fr\/wp-json\/wp\/v2\/product\/22751\/revisions"}],"predecessor-version":[{"id":22769,"href":"https:\/\/yebodaglass.com\/fr\/wp-json\/wp\/v2\/product\/22751\/revisions\/22769"}],"wp:featuredmedia":[{"embeddable":true,"href":"https:\/\/yebodaglass.com\/fr\/wp-json\/wp\/v2\/media\/22755"}],"wp:attachment":[{"href":"https:\/\/yebodaglass.com\/fr\/wp-json\/wp\/v2\/media?parent=22751"}],"wp:term":[{"taxonomy":"product_brand","embeddable":true,"href":"https:\/\/yebodaglass.com\/fr\/wp-json\/wp\/v2\/product_brand?post=22751"},{"taxonomy":"product_cat","embeddable":true,"href":"https:\/\/yebodaglass.com\/fr\/wp-json\/wp\/v2\/product_cat?post=22751"},{"taxonomy":"product_tag","embeddable":true,"href":"https:\/\/yebodaglass.com\/fr\/wp-json\/wp\/v2\/product_tag?post=22751"}],"curies":[{"name":"wp","href":"https:\/\/api.w.org\/{rel}","templated":true}]}}