{"id":22744,"date":"2025-10-27T13:12:16","date_gmt":"2025-10-27T05:12:16","guid":{"rendered":"https:\/\/yebodaglass.com\/?post_type=product&#038;p=22744"},"modified":"2026-04-10T13:30:20","modified_gmt":"2026-04-10T05:30:20","slug":"wholesale-unique-honeycomb-glass-jars-for-honey-storage","status":"publish","type":"product","link":"https:\/\/yebodaglass.com\/fr\/produit\/wholesale-unique-honeycomb-glass-jars-for-honey-storage\/","title":{"rendered":"Bocaux en verre alv\u00e9ol\u00e9s uniques pour la conservation du miel, en gros, 175 ml, 380 ml et 750 ml."},"content":{"rendered":"<p>Ce bocal en verre alv\u00e9ol\u00e9, de forme ovale, pr\u00e9sente des motifs ondul\u00e9s horizontaux \u00e9voquant un nid d&#039;abeilles. Fabriqu\u00e9 en verre d&#039;une transparence cristalline, il met parfaitement en valeur le miel ou la confiture qu&#039;il contient.<\/p>\n<h2>Caract\u00e9ristiques du produit<\/h2>\n<ul>\n<li><strong>Texture en nid d&#039;abeille horizontal :<\/strong> Le design du pot pr\u00e9sente des rainures horizontales profondes qui cr\u00e9ent un motif en nid d&#039;abeille, offrant \u00e0 la fois un attrait esth\u00e9tique et une prise en main efficace.<\/li>\n<li><strong>Options de capuchons m\u00e9talliques \u00e9clatants :<\/strong> Choisissez un bouchon \u00e0 vis en m\u00e9tal noir classique ou un rouge \u00e9clatant pour d\u00e9finir l&#039;image de votre marque en rayon.<\/li>\n<li><strong>Trois tailles d\u00e9coratives :<\/strong> La conception des pots, disponibles en petit, moyen et grand format, permet \u00e0 l&#039;entreprise de proposer toutes les tailles de produits, allant des coffrets d\u00e9couverte aux portions familiales.<\/li>\n<\/ul>\n<h2 style=\"text-align: left;\">Sp\u00e9cifications cl\u00e9s<\/h2>\n<table class=\"aligncenter\" style=\"border-collapse: collapse; width: 453.02pt;\" border=\"0\" width=\"604\" cellspacing=\"0\" cellpadding=\"0\">\n<tbody>\n<tr style=\"height: 13.50pt;\">\n<td style=\"height: 13.50pt; width: 92.25pt;\" width=\"123\" height=\"18\">Fonctionnalit\u00e9<\/td>\n<td style=\"width: 360.75pt;\" width=\"481\">Sp\u00e9cification<\/td>\n<\/tr>\n<tr style=\"height: 13.50pt;\">\n<td style=\"height: 13.50pt;\" height=\"18\">Capacit\u00e9<\/td>\n<td>175 ml, 380 ml, 750 ml<\/td>\n<\/tr>\n<tr style=\"height: 13.50pt;\">\n<td style=\"height: 13.50pt;\" height=\"18\">Dimensions<\/td>\n<td>6,4 \u00d7 9,5 cm \u00e0 10,2 \u00d7 14,6 cm<\/td>\n<\/tr>\n<tr style=\"height: 13.50pt;\">\n<td style=\"height: 13.50pt;\" height=\"18\">Type de cou<\/td>\n<td>Ouverture large (42 mm \u00e0 58 mm)<\/td>\n<\/tr>\n<tr style=\"height: 13.50pt;\">\n<td style=\"height: 13.50pt;\" height=\"18\">Mat\u00e9riel<\/td>\n<td>Verre transparent, couvercle \u00e0 visser en PP<\/td>\n<\/tr>\n<tr style=\"height: 13.50pt;\">\n<td style=\"height: 13.50pt;\" height=\"18\">Options de couvercle<\/td>\n<td>Noir, rouge (couleurs personnalis\u00e9es disponibles)<\/td>\n<\/tr>\n<tr style=\"height: 13.50pt;\">\n<td style=\"height: 13.50pt;\" height=\"18\">Id\u00e9al pour<\/td>\n<td>Miel, confitures, coffrets cadeaux, produits gourmands<\/td>\n<\/tr>\n<tr style=\"height: 13.50pt;\">\n<td style=\"height: 13.50pt;\" height=\"18\">Utilisation id\u00e9ale<\/td>\n<td>Pots \u00e0 miel en verre alv\u00e9ol\u00e9, pots \u00e0 miel uniques, pots \u00e0 miel en vrac<\/td>\n<\/tr>\n<\/tbody>\n<\/table>\n<h2>Succ\u00e8s : Le lancement d&#039;une marque de miel artisanal du Midwest<\/h2>\n<p>Une marque de miel artisanal du Midwest a choisi nos pots de miel distinctifs car elle souhaitait cr\u00e9er un emballage personnalis\u00e9 gr\u00e2ce \u00e0 des couvercles en m\u00e9tal noir mat sur lesquels elle a imprim\u00e9 son logo d&#039;abeille par s\u00e9rigraphie. Le succ\u00e8s imm\u00e9diat de ces pots a entra\u00een\u00e9 une augmentation de 250 % de l&#039;engagement sur les r\u00e9seaux sociaux et de 40 % du chiffre d&#039;affaires en magasin d\u00e8s le premier trimestre. Fort de ce succ\u00e8s, la marque a pass\u00e9 une nouvelle commande de 380\u00a0000 pots pour le lancement d&#039;une nouvelle gamme de miels cr\u00e9meux aromatis\u00e9s et de coffrets cadeaux.<\/p>\n<h2>Recommandations de personnalisation d&#039;emballage en verre<\/h2>\n<ul>\n<li><strong>Mat\u00e9riau du couvercle :<\/strong> On peut obtenir une grande vari\u00e9t\u00e9 de textures en choisissant des couvercles en plastique brillants, mats ou m\u00eame imitant le grain du bois.<\/li>\n<li><strong>Clart\u00e9 du verre :<\/strong> C\u2019est g\u00e9n\u00e9ralement du verre clair qui est utilis\u00e9 ; cependant, nous proposons de l\u00e9g\u00e8res teintes comme l\u2019ambre ou le vert pour un rendu unique.<\/li>\n<li><strong>Remplissage couleur :<\/strong> Si vous recherchez un r\u00e9sultat plus esth\u00e9tique, nous pouvons le faire en remplissant le motif en nid d&#039;abeille en creux avec un \u00e9mail color\u00e9 permanent.<\/li>\n<li><strong>Capacit\u00e9 personnalis\u00e9e\u00a0:<\/strong> Que faire si la taille souhait\u00e9e n&#039;est pas r\u00e9pertori\u00e9e\u00a0? Nous pouvons adapter la capacit\u00e9 \u00e0 votre produit.<\/li>\n<\/ul>","protected":false},"excerpt":{"rendered":"<p>Bocal \u00e9l\u00e9gant en verre alv\u00e9ol\u00e9 \u00e0 la texture c\u00f4tel\u00e9e et \u00e0 la transparence exceptionnelle. Pots \u00e0 miel uniques, parfaits pour conserver le miel, le sirop ou la confiture. \u00c9chantillons gratuits disponibles.<\/p>","protected":false},"featured_media":22746,"template":"","meta":[],"product_brand":[],"product_cat":[127,124,122],"product_tag":[],"class_list":{"0":"post-22744","1":"product","2":"type-product","3":"status-publish","4":"has-post-thumbnail","6":"product_cat-glass-honey-jars","7":"product_cat-custom-glass-jars","8":"product_cat-custom-glass-packaging","10":"first","11":"instock","12":"shipping-taxable","13":"product-type-simple"},"jetpack_sharing_enabled":true,"_links":{"self":[{"href":"https:\/\/yebodaglass.com\/fr\/wp-json\/wp\/v2\/product\/22744","targetHints":{"allow":["GET"]}}],"collection":[{"href":"https:\/\/yebodaglass.com\/fr\/wp-json\/wp\/v2\/product"}],"about":[{"href":"https:\/\/yebodaglass.com\/fr\/wp-json\/wp\/v2\/types\/product"}],"version-history":[{"count":5,"href":"https:\/\/yebodaglass.com\/fr\/wp-json\/wp\/v2\/product\/22744\/revisions"}],"predecessor-version":[{"id":25730,"href":"https:\/\/yebodaglass.com\/fr\/wp-json\/wp\/v2\/product\/22744\/revisions\/25730"}],"wp:featuredmedia":[{"embeddable":true,"href":"https:\/\/yebodaglass.com\/fr\/wp-json\/wp\/v2\/media\/22746"}],"wp:attachment":[{"href":"https:\/\/yebodaglass.com\/fr\/wp-json\/wp\/v2\/media?parent=22744"}],"wp:term":[{"taxonomy":"product_brand","embeddable":true,"href":"https:\/\/yebodaglass.com\/fr\/wp-json\/wp\/v2\/product_brand?post=22744"},{"taxonomy":"product_cat","embeddable":true,"href":"https:\/\/yebodaglass.com\/fr\/wp-json\/wp\/v2\/product_cat?post=22744"},{"taxonomy":"product_tag","embeddable":true,"href":"https:\/\/yebodaglass.com\/fr\/wp-json\/wp\/v2\/product_tag?post=22744"}],"curies":[{"name":"wp","href":"https:\/\/api.w.org\/{rel}","templated":true}]}}