{"id":22714,"date":"2025-10-24T17:22:39","date_gmt":"2025-10-24T09:22:39","guid":{"rendered":"https:\/\/yebodaglass.com\/?post_type=product&#038;p=22714"},"modified":"2025-10-27T13:13:23","modified_gmt":"2025-10-27T05:13:23","slug":"wholesale-glass-hexagon-honey-jars-with-dipper","status":"publish","type":"product","link":"https:\/\/yebodaglass.com\/fr\/wholesale-glass-hexagon-honey-jars-with-dipper\/","title":{"rendered":"Bocaux \u00e0 miel hexagonaux en verre avec cuill\u00e8re doseuse, en gros, 100 ml, 220 ml et 380 ml"},"content":{"rendered":"<p>Ces pots \u00e0 miel hexagonaux sont parfaits\u00a0: disponibles en diff\u00e9rentes tailles, ils sont compos\u00e9s d\u2019un corps en verre hexagonal transparent, d\u2019un couvercle en bois naturel et d\u2019une cuill\u00e8re \u00e0 miel int\u00e9gr\u00e9e. Outre leur capacit\u00e9 \u00e0 mettre en valeur le miel, ils allient un design g\u00e9om\u00e9trique \u00e0 une \u00e9l\u00e9gance sobre et pratique.<\/p>\n<h2>Caract\u00e9ristiques du produit<\/h2>\n<ul>\n<li><strong>Bouteille hexagonale :<\/strong> Sa forme hexagonale r\u00e9guli\u00e8re, avec son charme g\u00e9om\u00e9trique, s&#039;accorde bien avec les aspects naturels du miel et contribue \u00e0 renforcer son identit\u00e9 visuelle.<\/li>\n<li><strong>Conception int\u00e9gr\u00e9e\u00a0:<\/strong> Par ailleurs, les pots contiennent \u00e9galement un b\u00e2tonnet \u00e0 miel en bois qui s&#039;accorde parfaitement avec le couvercle en bois, offrant ainsi un aspect naturel et harmonieux.<\/li>\n<li><strong>Verre transparent :<\/strong> De plus, le verre transparent offre une vue compl\u00e8te de la quantit\u00e9 et de la qualit\u00e9 du miel, facilitant ainsi le remplissage.<\/li>\n<\/ul>\n<h2 style=\"text-align: left;\">Sp\u00e9cifications cl\u00e9s<\/h2>\n<table style=\"border-collapse: collapse; margin-left: auto; margin-right: auto; width: 453.02pt;\" border=\"0\" width=\"604\" cellspacing=\"0\" cellpadding=\"0\">\n<tbody>\n<tr style=\"height: 13.50pt;\">\n<td style=\"height: 13.50pt; width: 92.25pt;\" width=\"123\" height=\"18\">Fonctionnalit\u00e9<\/td>\n<td style=\"width: 360.75pt;\" width=\"481\">Sp\u00e9cification<\/td>\n<\/tr>\n<tr style=\"height: 13.50pt;\">\n<td style=\"height: 13.50pt;\" height=\"18\">Capacit\u00e9<\/td>\n<td>100 ml, 220 ml, 380 ml<\/td>\n<\/tr>\n<tr style=\"height: 13.50pt;\">\n<td style=\"height: 13.50pt;\" height=\"18\">Forme<\/td>\n<td>Hexagonal (\u00e0 six c\u00f4t\u00e9s)<\/td>\n<\/tr>\n<tr style=\"height: 13.50pt;\">\n<td style=\"height: 13.50pt;\" height=\"18\">Dimensions<\/td>\n<td>7,7 \u00d7 8,3 cm \u00e0 11,7 \u00d7 12,1 cm<\/td>\n<\/tr>\n<tr style=\"height: 13.50pt;\">\n<td style=\"height: 13.50pt;\" height=\"18\">Mat\u00e9riel<\/td>\n<td>Verre transparent, couvercle et cuill\u00e8re en bois massif<\/td>\n<\/tr>\n<tr style=\"height: 13.50pt;\">\n<td style=\"height: 13.50pt;\" height=\"18\">Options de couvercle<\/td>\n<td>Bois naturel (teinture personnalis\u00e9e disponible)<\/td>\n<\/tr>\n<tr style=\"height: 13.50pt;\">\n<td style=\"height: 13.50pt;\" height=\"18\">Id\u00e9al pour<\/td>\n<td>Miel, coffrets cadeaux, gammes de produits gastronomiques<\/td>\n<\/tr>\n<tr style=\"height: 13.50pt;\">\n<td style=\"height: 13.50pt;\" height=\"18\">Utilisation id\u00e9ale<\/td>\n<td>Pots \u00e0 miel hexagonaux avec cuill\u00e8re doseuse, gammes artisanales<\/td>\n<\/tr>\n<\/tbody>\n<\/table>\n<h2>\u00c9tude de cas : Croissance d&#039;une coop\u00e9rative apicole<\/h2>\n<p>Une coop\u00e9rative apicole renomm\u00e9e, \u00e0 la recherche d&#039;un contenant \u00e0 miel en verre parfait qui mette en valeur la fra\u00eecheur de son miel, a choisi notre pot \u00e0 miel en verre de 380 ml avec cuill\u00e8re doseuse pour sa durabilit\u00e9 et son esth\u00e9tique. Leurs ventes ont bondi de 25 % au cours des six premiers mois de l&#039;ann\u00e9e suivant l&#039;adoption de notre produit, cette hausse \u00e9tant principalement due au design \u00e9l\u00e9gant des pots qui les a distingu\u00e9s sur les march\u00e9s. De plus, la facilit\u00e9 d&#039;utilisation de la cuill\u00e8re fournie avec le pot a suscit\u00e9 des retours clients tr\u00e8s positifs, g\u00e9n\u00e9rant ainsi une augmentation de 75 % de la fid\u00e9lit\u00e9 de la client\u00e8le. Satisfaite de la qualit\u00e9 du produit et de l&#039;efficacit\u00e9 du processus de commande en gros, la coop\u00e9rative a pass\u00e9 trois nouvelles commandes de 150\u00a0000 pots chacune, faisant ainsi du pot un \u00e9l\u00e9ment incontournable de son emballage.<\/p>\n<h2>Recommandations de personnalisation pour les pots de miel<\/h2>\n<ul>\n<li><strong>Marquage du couvercle\u00a0:<\/strong> Le couvercle en bois du bocal peut \u00eatre marqu\u00e9 du logo de votre entreprise par marquage \u00e0 chaud ou gravure laser.<\/li>\n<li><strong>Cuill\u00e8re personnalis\u00e9e :<\/strong> Personnalisez le b\u00e2tonnet de miel en le peignant aux couleurs de votre marque ou en y apposant une petite \u00e9tiquette \u00e0 votre nom.<\/li>\n<li><strong>Verre d\u00e9poli:<\/strong> L&#039;un des atouts de ce produit sera son aspect chic et l\u00e9g\u00e8rement \u00e9clair\u00e9, conf\u00e9r\u00e9 au verre hexagonal par une finition d\u00e9polie qui accentue sa forme.<\/li>\n<li><strong>Capacit\u00e9 personnalis\u00e9e\u00a0:<\/strong> Si vous souhaitez une certaine taille, nous pouvons organiser une r\u00e9union avec vous afin de d\u00e9terminer le volume qui correspondra le mieux aux besoins de votre entreprise.<\/li>\n<\/ul>\n<p>Vous souhaitez anticiper\u00a0? Contactez-nous d\u00e8s aujourd\u2019hui pour discuter de vos besoins en pots de miel en gros et b\u00e9n\u00e9ficier d\u2019un tarif pr\u00e9f\u00e9rentiel. Nous vous aiderons \u00e0 trouver l\u2019emballage id\u00e9al pour votre miel.<\/p>","protected":false},"excerpt":{"rendered":"<p>Pots \u00e0 miel hexagonaux d\u00e9coratifs en verre avec couvercles en bois et cuill\u00e8res \u00e0 miel. Id\u00e9aux pour le conditionnement du miel, les coffrets cadeaux et les commandes en gros. \u00c9chantillon gratuit.<\/p>","protected":false},"featured_media":22736,"template":"","meta":[],"product_brand":[],"product_cat":[122,124,127],"product_tag":[],"class_list":{"0":"post-22714","1":"product","2":"type-product","3":"status-publish","4":"has-post-thumbnail","6":"product_cat-custom-glass-packaging","7":"product_cat-custom-glass-jars","8":"product_cat-glass-honey-jars","10":"first","11":"instock","12":"shipping-taxable","13":"product-type-simple"},"jetpack_sharing_enabled":true,"_links":{"self":[{"href":"https:\/\/yebodaglass.com\/fr\/wp-json\/wp\/v2\/product\/22714","targetHints":{"allow":["GET"]}}],"collection":[{"href":"https:\/\/yebodaglass.com\/fr\/wp-json\/wp\/v2\/product"}],"about":[{"href":"https:\/\/yebodaglass.com\/fr\/wp-json\/wp\/v2\/types\/product"}],"version-history":[{"count":5,"href":"https:\/\/yebodaglass.com\/fr\/wp-json\/wp\/v2\/product\/22714\/revisions"}],"predecessor-version":[{"id":22745,"href":"https:\/\/yebodaglass.com\/fr\/wp-json\/wp\/v2\/product\/22714\/revisions\/22745"}],"wp:featuredmedia":[{"embeddable":true,"href":"https:\/\/yebodaglass.com\/fr\/wp-json\/wp\/v2\/media\/22736"}],"wp:attachment":[{"href":"https:\/\/yebodaglass.com\/fr\/wp-json\/wp\/v2\/media?parent=22714"}],"wp:term":[{"taxonomy":"product_brand","embeddable":true,"href":"https:\/\/yebodaglass.com\/fr\/wp-json\/wp\/v2\/product_brand?post=22714"},{"taxonomy":"product_cat","embeddable":true,"href":"https:\/\/yebodaglass.com\/fr\/wp-json\/wp\/v2\/product_cat?post=22714"},{"taxonomy":"product_tag","embeddable":true,"href":"https:\/\/yebodaglass.com\/fr\/wp-json\/wp\/v2\/product_tag?post=22714"}],"curies":[{"name":"wp","href":"https:\/\/api.w.org\/{rel}","templated":true}]}}