{"id":22702,"date":"2025-10-24T15:45:33","date_gmt":"2025-10-24T07:45:33","guid":{"rendered":"https:\/\/yebodaglass.com\/?post_type=product&#038;p=22702"},"modified":"2025-10-24T17:20:26","modified_gmt":"2025-10-24T09:20:26","slug":"bulk-round-honey-jars-with-lids-and-vertical-stripes","status":"publish","type":"product","link":"https:\/\/yebodaglass.com\/fr\/bulk-round-honey-jars-with-lids-and-vertical-stripes\/","title":{"rendered":"Bocaux de miel ronds en vrac avec couvercles et rayures verticales 150 ml 200 ml 280 ml 380 ml"},"content":{"rendered":"<p>Ces pots \u00e0 miel avec couvercles sont en verre transparent, orn\u00e9s de rayures verticales. Les couvercles sont disponibles en or rose, rouge ou or. Outre leur capacit\u00e9 \u00e0 mettre en valeur le miel, dont la couleur varie du dor\u00e9 \u00e0 l&#039;ambre, ces pots d\u00e9gagent un charme sophistiqu\u00e9 et \u00e9l\u00e9gant gr\u00e2ce \u00e0 leurs diff\u00e9rentes tailles.<\/p>\n<h2>Caract\u00e9ristiques du produit<\/h2>\n<ul>\n<li><strong>Verre transparent :<\/strong> Gr\u00e2ce \u00e0 sa transparence, le niveau de miel, son \u00e9tat et m\u00eame son type sont visibles d&#039;un seul coup d&#039;\u0153il, ce qui facilite grandement le remplissage et l&#039;identification.<\/li>\n<li><strong>Bouteille \u00e0 rayures verticales :<\/strong> Un magnifique motif \u00e0 rayures verticales textur\u00e9es est artistiquement r\u00e9parti sur la bouteille, ce qui non seulement rehausse le design, mais rend \u00e9galement la bouteille plus visible.<\/li>\n<li><strong>Tailles diverses :<\/strong> Une vaste gamme de tailles est disponible, vous permettant de s\u00e9lectionner la bouteille la plus adapt\u00e9e \u00e0 votre usage ou \u00e0 l&#039;occasion.<\/li>\n<\/ul>\n<h2 style=\"text-align: left;\">Sp\u00e9cifications cl\u00e9s<\/h2>\n<table class=\"aligncenter\" style=\"border-collapse: collapse; width: 412.52pt;\" border=\"0\" width=\"550\" cellspacing=\"0\" cellpadding=\"0\">\n<tbody>\n<tr style=\"height: 13.50pt;\">\n<td style=\"height: 13.50pt; width: 90.00pt;\" width=\"120\" height=\"18\">Fonctionnalit\u00e9<\/td>\n<td style=\"width: 322.50pt;\" width=\"430\">Sp\u00e9cification<\/td>\n<\/tr>\n<tr style=\"height: 13.50pt;\">\n<td style=\"height: 13.50pt;\" height=\"18\">Capacit\u00e9<\/td>\n<td>150 ml, 200 ml, 280 ml, 380 ml<\/td>\n<\/tr>\n<tr style=\"height: 13.50pt;\">\n<td style=\"height: 13.50pt;\" height=\"18\">Forme<\/td>\n<td>Rond avec des ar\u00eates verticales<\/td>\n<\/tr>\n<tr style=\"height: 13.50pt;\">\n<td style=\"height: 13.50pt;\" height=\"18\">Dimensions<\/td>\n<td>6,1 \u00d7 7,4 cm \u00e0 8,5 \u00d7 9,7 cm<\/td>\n<\/tr>\n<tr style=\"height: 13.50pt;\">\n<td style=\"height: 13.50pt;\" height=\"18\">Mat\u00e9riel<\/td>\n<td>Verre transparent, couvercle \u00e0 visser en PP<\/td>\n<\/tr>\n<tr style=\"height: 13.50pt;\">\n<td style=\"height: 13.50pt;\" height=\"18\">Options de couvercle<\/td>\n<td>Or rose, rouge, or (couleurs personnalis\u00e9es disponibles)<\/td>\n<\/tr>\n<tr style=\"height: 13.50pt;\">\n<td style=\"height: 13.50pt;\" height=\"18\">Utilisation id\u00e9ale<\/td>\n<td>Pots de miel avec couvercles, pots \u00e0 miel, pots de miel en vrac<\/td>\n<\/tr>\n<\/tbody>\n<\/table>\n<h2>\u00c9tude de cas : Notori\u00e9t\u00e9 de la marque et ventes am\u00e9lior\u00e9es<\/h2>\n<p>Cette entreprise apicole familiale proposait un excellent produit, mais un emballage peu attractif. Leurs pots de confiture ronds et simples peinaient \u00e0 se vendre. Ils ont donc d\u00e9cid\u00e9 d&#039;essayer nos pots de miel \u00e0 rayures verticales de 280 ml, en passant une premi\u00e8re commande de 3\u00a0000 unit\u00e9s. Les r\u00e9sultats ont \u00e9t\u00e9 imm\u00e9diats. Le design distinctif \u00e0 rayures verticales et le couvercle en m\u00e9tal ont permis d&#039;augmenter les ventes de 25\u00a0%, et l&#039;entreprise a \u00e9galement d\u00e9croch\u00e9 une place dans deux box d&#039;abonnement de produits gourmands. Le nombre de clients fid\u00e8les a augment\u00e9 de 78\u00a0%. Depuis, ils passent des commandes r\u00e9guli\u00e8res, d&#039;o\u00f9 l&#039;achat trimestriel de 100\u00a0000 pots et le r\u00e9cent lancement d&#039;un format d&#039;essai de 150 ml.<\/p>\n<h2>Recommandations de bocaux en verre personnalis\u00e9s<\/h2>\n<ul>\n<li><strong>Profondeur et largeur de la rainure\u00a0:<\/strong> Ajustez la largeur des rainures ou la distance entre les cr\u00eates pour faire ressortir plus ou moins la texture.<\/li>\n<li><strong>Verre color\u00e9 :<\/strong> Une couleur subtile, par exemple un ambre clair, peut \u00eatre utilis\u00e9e non seulement pour donner au miel une apparence plus chaude, mais aussi pour le prot\u00e9ger des rayons UV.<\/li>\n<li><strong>Forme de base personnalis\u00e9e :<\/strong> Modifiez la base pour lui donner une forme l\u00e9g\u00e8rement hexagonale ou carr\u00e9e, mais conservez les rainures arrondies pour plus d&#039;homog\u00e9n\u00e9it\u00e9.<\/li>\n<\/ul>\n<p>Et si vous pouviez donner une nouvelle dimension \u00e0 votre marque\u00a0? Contactez-nous pour recevoir un devis de pots \u00e0 miel en gros et imaginez les possibilit\u00e9s infinies offertes par nos emballages en verre personnalis\u00e9s.<\/p>","protected":false},"excerpt":{"rendered":"<p>\u00c9l\u00e9gants pots \u00e0 miel avec couvercles \u00e0 texture c\u00f4tel\u00e9e verticale. Id\u00e9aux pour le miel, la confiture ou le conditionnement alimentaire, disponibles en gros et personnalisables \u00e0 votre marque.<\/p>","protected":false},"featured_media":22705,"template":"","meta":[],"product_brand":[],"product_cat":[122,124,127],"product_tag":[],"class_list":{"0":"post-22702","1":"product","2":"type-product","3":"status-publish","4":"has-post-thumbnail","6":"product_cat-custom-glass-packaging","7":"product_cat-custom-glass-jars","8":"product_cat-glass-honey-jars","10":"first","11":"instock","12":"shipping-taxable","13":"product-type-simple"},"jetpack_sharing_enabled":true,"_links":{"self":[{"href":"https:\/\/yebodaglass.com\/fr\/wp-json\/wp\/v2\/product\/22702","targetHints":{"allow":["GET"]}}],"collection":[{"href":"https:\/\/yebodaglass.com\/fr\/wp-json\/wp\/v2\/product"}],"about":[{"href":"https:\/\/yebodaglass.com\/fr\/wp-json\/wp\/v2\/types\/product"}],"version-history":[{"count":5,"href":"https:\/\/yebodaglass.com\/fr\/wp-json\/wp\/v2\/product\/22702\/revisions"}],"predecessor-version":[{"id":22712,"href":"https:\/\/yebodaglass.com\/fr\/wp-json\/wp\/v2\/product\/22702\/revisions\/22712"}],"wp:featuredmedia":[{"embeddable":true,"href":"https:\/\/yebodaglass.com\/fr\/wp-json\/wp\/v2\/media\/22705"}],"wp:attachment":[{"href":"https:\/\/yebodaglass.com\/fr\/wp-json\/wp\/v2\/media?parent=22702"}],"wp:term":[{"taxonomy":"product_brand","embeddable":true,"href":"https:\/\/yebodaglass.com\/fr\/wp-json\/wp\/v2\/product_brand?post=22702"},{"taxonomy":"product_cat","embeddable":true,"href":"https:\/\/yebodaglass.com\/fr\/wp-json\/wp\/v2\/product_cat?post=22702"},{"taxonomy":"product_tag","embeddable":true,"href":"https:\/\/yebodaglass.com\/fr\/wp-json\/wp\/v2\/product_tag?post=22702"}],"curies":[{"name":"wp","href":"https:\/\/api.w.org\/{rel}","templated":true}]}}