{"id":22695,"date":"2025-10-24T14:50:28","date_gmt":"2025-10-24T06:50:28","guid":{"rendered":"https:\/\/yebodaglass.com\/?post_type=product&#038;p=22695"},"modified":"2026-04-09T15:59:51","modified_gmt":"2026-04-09T07:59:51","slug":"glass-jars-with-lids-wholesale-round-honey-jars-bulk","status":"publish","type":"product","link":"https:\/\/yebodaglass.com\/fr\/glass-jars-with-lids-wholesale-round-honey-jars-bulk\/","title":{"rendered":"Bocaux en verre avec couvercles en gros | Pots \u00e0 miel ronds de 180 ml, 360 ml, 500 ml et 720 ml en vrac"},"content":{"rendered":"<p>Ces bocaux en verre avec couvercle arborent un design moderne. Fabriqu\u00e9s en verre, ils offrent une pr\u00e9sentation tr\u00e8s professionnelle en rayon. Leur conception les rend id\u00e9aux pour le conditionnement de divers produits. Miel, gel\u00e9e, sirop, sauce, bougies\u2026 ces bocaux sont parfaits pour toutes sortes d&#039;articles. Leur large ouverture facilite le remplissage, la conservation et l&#039;utilisation des produits. C&#039;est pourquoi les marques, des plus grandes aux plus petites, appr\u00e9cient ces bocaux.<\/p>\n<h2>Caract\u00e9ristiques principales<\/h2>\n<ol>\n<li><strong>Verre alimentaire durable<\/strong>Fabriqu\u00e9s en verre sodocalcique de haute blancheur, tous nos pots \u00e0 miel ronds sont durables, r\u00e9utilisables et sans danger pour la conservation des aliments et une utilisation \u00e0 long terme.<\/li>\n<li><strong>Fermeture s\u00e9curis\u00e9e pour une fra\u00eecheur optimale<\/strong>Le couvercle \u00e0 vis, associ\u00e9 \u00e0 des joints auto-adh\u00e9sifs ou en aluminium, assure une excellente \u00e9tanch\u00e9it\u00e9, id\u00e9ale pour les pots de miel, de sirop et de sauce, sans risque de fuite.<\/li>\n<li><strong>Pr\u00eat \u00e0 \u00eatre personnalis\u00e9 pour le branding<\/strong>En tant que fabricant professionnel, nous proposons des options de personnalisation compl\u00e8tes, notamment l&#039;impression, le rev\u00eatement, la gravure et l&#039;\u00e9tiquetage, pour soutenir la croissance de votre entreprise dans le secteur du miel en gros et au-del\u00e0.<\/li>\n<\/ol>\n<h2>Sp\u00e9cifications cl\u00e9s<\/h2>\n<table style=\"border-collapse: collapse; width: 80%; margin-left: auto; margin-right: auto;\" border=\"0\" width=\"590\" cellspacing=\"0\" cellpadding=\"0\">\n<tbody>\n<tr style=\"height: 13.50pt;\">\n<td style=\"height: 13.50pt; width: 90.00pt;\" width=\"120\" height=\"18\">Fonctionnalit\u00e9<\/td>\n<td style=\"width: 352.50pt;\" width=\"470\">Sp\u00e9cification<\/td>\n<\/tr>\n<tr style=\"height: 13.50pt;\">\n<td style=\"height: 13.50pt;\" height=\"18\">Capacit\u00e9<\/td>\n<td>180 ml, 360 ml, 500 ml, 720 ml<\/td>\n<\/tr>\n<tr style=\"height: 13.50pt;\">\n<td style=\"height: 13.50pt;\" height=\"18\">Forme<\/td>\n<td>Rond (cylindrique)<\/td>\n<\/tr>\n<tr style=\"height: 13.50pt;\">\n<td style=\"height: 13.50pt;\" height=\"18\">M\u00e9thode de scellement<\/td>\n<td>Couvercle \u00e0 vis<\/td>\n<\/tr>\n<tr style=\"height: 13.50pt;\">\n<td style=\"height: 13.50pt;\" height=\"18\">Mat\u00e9riel<\/td>\n<td>Verre sodocalcique \u00e0 haute blancheur<\/td>\n<\/tr>\n<tr style=\"height: 13.50pt;\">\n<td style=\"height: 13.50pt;\" height=\"18\">Options de couvercle<\/td>\n<td>Couvercle en plastique noir, couvercle en plastique dor\u00e9, couvercle en aluminium anodis\u00e9 argent, couvercle en aluminium anodis\u00e9 or, couvercle en plastique imitation bois<\/td>\n<\/tr>\n<tr style=\"height: 13.50pt;\">\n<td style=\"height: 13.50pt;\" height=\"18\">Doublures<\/td>\n<td>Rev\u00eatements auto-adh\u00e9sifs, rev\u00eatements en feuille d&#039;aluminium<\/td>\n<\/tr>\n<tr style=\"height: 13.50pt;\">\n<td style=\"height: 13.50pt;\" height=\"18\">Utilisations<\/td>\n<td>Miel, confitures, c\u00e9r\u00e9ales, p\u00e9pites de chocolat, boissons, poudres, etc.<\/td>\n<\/tr>\n<\/tbody>\n<\/table>\n<h2>\u00c9tude de cas commerciale<\/h2>\n<p>Une marque allemande de miel artisanal haut de gamme, sp\u00e9cialis\u00e9e dans les produits apicoles biologiques, nous a contact\u00e9s suite \u00e0 des probl\u00e8mes d&#039;\u00e9tanch\u00e9it\u00e9 persistants avec les contenants en verre de son pr\u00e9c\u00e9dent fournisseur. Leurs anciens pots et bouteilles de miel fuyaient fr\u00e9quemment pendant le transport, ce qui affectait la qualit\u00e9 du produit et la confiance des clients.<\/p>\n<p>Puis ils ont commenc\u00e9 \u00e0 utiliser nos bocaux en verre avec couvercles.<\/p>\n<p>Ils ont choisi des pots en verre de 180 ml et 360 ml avec couvercles dor\u00e9s et doublures en aluminium pour pr\u00e9server la fra\u00eecheur du miel. Nous les avons \u00e9galement aid\u00e9s \u00e0 cr\u00e9er des \u00e9tiquettes personnalis\u00e9es pour le verre et le couvercle afin d&#039;embellir l&#039;emballage en rayon.<\/p>\n<p>Suite \u00e0 une augmentation de 35 % de leurs ventes, ils ach\u00e8tent chaque trimestre une grande quantit\u00e9 de bocaux chez nous. Ils ont commenc\u00e9 avec 10\u00a0000 bocaux et en ach\u00e8tent d\u00e9sormais plus de 80\u00a0000 par an. Nous avons conclu un accord avec eux afin de leur proposer un prix avantageux compte tenu des volumes d&#039;achat.<\/p>\n<h2>Conseils de personnalisation pour les acheteurs professionnels<\/h2>\n<ol>\n<li><strong>Pour les marques de miel et d&#039;apiculture<\/strong>Utilisez des couvercles dor\u00e9s ou imitation bois avec des logos en relief pour cr\u00e9er une gamme de pots \u00e0 miel en verre haut de gamme destin\u00e9e aux march\u00e9s artisanaux et biologiques.<\/li>\n<li><strong>Pour les marques de produits alimentaires et de sauces<\/strong>Combinez des bocaux en verre \u00e0 large ouverture avec des doublures en aluminium pour un emballage \u00e9tanche des sauces et des sirops, disponibles en vrac dans nos bocaux en verre.<\/li>\n<li><strong>Pour les gammes de produits multiples<\/strong>: Standardisez le design \u00e0 c\u00f4t\u00e9s droits sur diff\u00e9rentes capacit\u00e9s (180 ml \u00e0 720 ml) pour unifier votre emballage tout en r\u00e9duisant la complexit\u00e9 de l&#039;approvisionnement en verre en gros.<\/li>\n<\/ol>","protected":false},"excerpt":{"rendered":"<p>180ml \u2013 720ml Durable glass jars with lids and round honey jars for wholesale. Ideal for honey, sauce, and storage with custom options and bulk pricing.<\/p>","protected":false},"featured_media":22696,"template":"","meta":[],"product_brand":[],"product_cat":[137,124,122],"product_tag":[],"class_list":{"0":"post-22695","1":"product","2":"type-product","3":"status-publish","4":"has-post-thumbnail","6":"product_cat-glass-jars-with-lids","7":"product_cat-custom-glass-jars","8":"product_cat-custom-glass-packaging","10":"first","11":"instock","12":"shipping-taxable","13":"product-type-simple"},"jetpack_sharing_enabled":true,"_links":{"self":[{"href":"https:\/\/yebodaglass.com\/fr\/wp-json\/wp\/v2\/product\/22695","targetHints":{"allow":["GET"]}}],"collection":[{"href":"https:\/\/yebodaglass.com\/fr\/wp-json\/wp\/v2\/product"}],"about":[{"href":"https:\/\/yebodaglass.com\/fr\/wp-json\/wp\/v2\/types\/product"}],"version-history":[{"count":5,"href":"https:\/\/yebodaglass.com\/fr\/wp-json\/wp\/v2\/product\/22695\/revisions"}],"predecessor-version":[{"id":25704,"href":"https:\/\/yebodaglass.com\/fr\/wp-json\/wp\/v2\/product\/22695\/revisions\/25704"}],"wp:featuredmedia":[{"embeddable":true,"href":"https:\/\/yebodaglass.com\/fr\/wp-json\/wp\/v2\/media\/22696"}],"wp:attachment":[{"href":"https:\/\/yebodaglass.com\/fr\/wp-json\/wp\/v2\/media?parent=22695"}],"wp:term":[{"taxonomy":"product_brand","embeddable":true,"href":"https:\/\/yebodaglass.com\/fr\/wp-json\/wp\/v2\/product_brand?post=22695"},{"taxonomy":"product_cat","embeddable":true,"href":"https:\/\/yebodaglass.com\/fr\/wp-json\/wp\/v2\/product_cat?post=22695"},{"taxonomy":"product_tag","embeddable":true,"href":"https:\/\/yebodaglass.com\/fr\/wp-json\/wp\/v2\/product_tag?post=22695"}],"curies":[{"name":"wp","href":"https:\/\/api.w.org\/{rel}","templated":true}]}}