{"id":22689,"date":"2025-10-24T14:26:22","date_gmt":"2025-10-24T06:26:22","guid":{"rendered":"https:\/\/yebodaglass.com\/?post_type=product&#038;p=22689"},"modified":"2026-04-10T11:31:20","modified_gmt":"2026-04-10T03:31:20","slug":"wholesale-oval-hexagonal-honey-jam-jars-500ml-1000ml","status":"publish","type":"product","link":"https:\/\/yebodaglass.com\/fr\/wholesale-oval-hexagonal-honey-jam-jars-500ml-1000ml\/","title":{"rendered":"Pots \u00e0 confiture ovales hexagonaux en gros, 500 ml et 1000 ml"},"content":{"rendered":"<p>Ces pots hexagonaux \u00e0 confiture de miel pr\u00e9sentent un design attrayant, compos\u00e9 d&#039;une forme parfaitement ronde et de six bords verticaux distincts. Le r\u00e9cipient en verre ultra-transparent est muni d&#039;un couvercle \u00e0 vis en m\u00e9tal dor\u00e9 assurant une fermeture \u00e9tanche.<\/p>\n<h2>Caract\u00e9ristiques du produit<\/h2>\n<ul>\n<li><strong>Forme de bouteille hexagonale :<\/strong> Le design rond en forme de tambour avec des facettes hexagonales embellit non seulement la bouteille, mais renforce \u00e9galement sa structure.<\/li>\n<li><strong>Bouchon \u00e0 vis dor\u00e9 :<\/strong> Le bouchon \u00e0 vis en m\u00e9tal dor\u00e9 assure une \u00e9tanch\u00e9it\u00e9 parfaite, emp\u00eachant ainsi efficacement l&#039;humidit\u00e9 et les fuites.<\/li>\n<li><strong>Deux tailles disponibles :<\/strong> Le produit se d\u00e9cline en deux tailles diff\u00e9rentes, pouvant \u00eatre utilis\u00e9es pour un usage domestique, \u00e0 des fins commerciales et comme mat\u00e9riau d&#039;emballage cadeau.<\/li>\n<\/ul>\n<h2 style=\"text-align: left;\">Sp\u00e9cifications cl\u00e9s<\/h2>\n<table class=\"aligncenter\" style=\"border-collapse: collapse; width: 328.52pt;\" border=\"0\" width=\"438\" cellspacing=\"0\" cellpadding=\"0\">\n<tbody>\n<tr style=\"height: 13.50pt;\">\n<td style=\"height: 13.50pt; width: 90.00pt;\" width=\"120\" height=\"18\">Fonctionnalit\u00e9<\/td>\n<td style=\"width: 238.50pt;\" width=\"318\">Sp\u00e9cification<\/td>\n<\/tr>\n<tr style=\"height: 13.50pt;\">\n<td style=\"height: 13.50pt;\" height=\"18\">Capacit\u00e9<\/td>\n<td>500 ml, 1000 ml<\/td>\n<\/tr>\n<tr style=\"height: 13.50pt;\">\n<td style=\"height: 13.50pt;\" height=\"18\">Forme<\/td>\n<td>Hexagonal<\/td>\n<\/tr>\n<tr style=\"height: 13.50pt;\">\n<td style=\"height: 13.50pt;\" height=\"18\">Dimensions<\/td>\n<td>8,8 \u00d7 12,5 cm, 10,6 \u00d7 15,7 cm<\/td>\n<\/tr>\n<tr style=\"height: 13.50pt;\">\n<td style=\"height: 13.50pt;\" height=\"18\">Mat\u00e9riel<\/td>\n<td>Verre transparent, couvercle \u00e0 vis en PP dor\u00e9<\/td>\n<\/tr>\n<tr style=\"height: 13.50pt;\">\n<td style=\"height: 13.50pt;\" height=\"18\">Options de couvercle<\/td>\n<td>Or (couleurs personnalis\u00e9es disponibles)<\/td>\n<\/tr>\n<tr style=\"height: 13.50pt;\">\n<td style=\"height: 13.50pt;\" height=\"18\">Utilisation id\u00e9ale<\/td>\n<td>Pot \u00e0 confiture hexagonal, pots \u00e0 miel<\/td>\n<\/tr>\n<\/tbody>\n<\/table>\n<h2>Histoire \u00e0 succ\u00e8s<\/h2>\n<p>Un fabricant de miel de Manuka a choisi nos pots \u00e0 confiture hexagonaux, qu&#039;il a personnalis\u00e9s avec un motif maori et des couvercles en or rose. Le r\u00e9sultat de cette personnalisation a \u00e9t\u00e9 impressionnant\u00a0: le motif en relief et la qualit\u00e9 per\u00e7ue ont permis d&#039;augmenter le prix de leur miel UMF 20+ de 15\u00a0%, et l&#039;emballage distinctif a \u00e9galement contribu\u00e9 \u00e0 une hausse de 25\u00a0% de leurs ventes directes sur leur site, les clients l&#039;appr\u00e9ciant comme cadeau. Fort de ce succ\u00e8s, le fabricant a command\u00e9 400\u00a0000 pots de miel suppl\u00e9mentaires au trimestre suivant.<\/p>\n<h2>Recommandations de personnalisation des pots de confiture<\/h2>\n<ul>\n<li><strong>Couleur du verre :<\/strong> Bien que nous utilisions principalement du verre transparent, nous pouvons \u00e9galement proposer des couleurs ambr\u00e9es ou vertes pour les mat\u00e9riaux sensibles \u00e0 la lumi\u00e8re.<\/li>\n<li><strong>Personnalisation du couvercle\u00a0:<\/strong> Gr\u00e2ce \u00e0 des couvercles sur mesure dot\u00e9s de joints sp\u00e9cialement con\u00e7us pour une \u00e9tanch\u00e9it\u00e9 parfaite, nous pouvons garantir une conservation optimale de vos produits.<\/li>\n<li><strong>En relief :<\/strong> Vous pouvez faire apposer votre logo ou tout motif complexe en relief directement sur le verre, de mani\u00e8re \u00e0 ce qu&#039;il soit perceptible au toucher et cr\u00e9e une impression de luxe et d&#039;\u00e9l\u00e9gance.<\/li>\n<li><strong>S\u00e9rigraphie :<\/strong> Un logo de marque permanent en c\u00e9ramique (de n&#039;importe quelle couleur) en verre peut recevoir l&#039;encre directement dessus, ce qui cr\u00e9e une bouteille brillante et durable.<\/li>\n<\/ul>","protected":false},"excerpt":{"rendered":"<p>\u00c9l\u00e9gants pots ovales hexagonaux pour miel et confiture, avec couvercles dor\u00e9s. Leur conception en verre transparent est id\u00e9ale pour le conditionnement du miel et des confitures. Disponibles en gros et avec \u00e9tiquetage personnalis\u00e9.<\/p>","protected":false},"featured_media":25722,"template":"","meta":[],"product_brand":[],"product_cat":[127,124,122],"product_tag":[],"class_list":{"0":"post-22689","1":"product","2":"type-product","3":"status-publish","4":"has-post-thumbnail","6":"product_cat-glass-honey-jars","7":"product_cat-custom-glass-jars","8":"product_cat-custom-glass-packaging","10":"first","11":"instock","12":"shipping-taxable","13":"product-type-simple"},"jetpack_sharing_enabled":true,"_links":{"self":[{"href":"https:\/\/yebodaglass.com\/fr\/wp-json\/wp\/v2\/product\/22689","targetHints":{"allow":["GET"]}}],"collection":[{"href":"https:\/\/yebodaglass.com\/fr\/wp-json\/wp\/v2\/product"}],"about":[{"href":"https:\/\/yebodaglass.com\/fr\/wp-json\/wp\/v2\/types\/product"}],"version-history":[{"count":5,"href":"https:\/\/yebodaglass.com\/fr\/wp-json\/wp\/v2\/product\/22689\/revisions"}],"predecessor-version":[{"id":25724,"href":"https:\/\/yebodaglass.com\/fr\/wp-json\/wp\/v2\/product\/22689\/revisions\/25724"}],"wp:featuredmedia":[{"embeddable":true,"href":"https:\/\/yebodaglass.com\/fr\/wp-json\/wp\/v2\/media\/25722"}],"wp:attachment":[{"href":"https:\/\/yebodaglass.com\/fr\/wp-json\/wp\/v2\/media?parent=22689"}],"wp:term":[{"taxonomy":"product_brand","embeddable":true,"href":"https:\/\/yebodaglass.com\/fr\/wp-json\/wp\/v2\/product_brand?post=22689"},{"taxonomy":"product_cat","embeddable":true,"href":"https:\/\/yebodaglass.com\/fr\/wp-json\/wp\/v2\/product_cat?post=22689"},{"taxonomy":"product_tag","embeddable":true,"href":"https:\/\/yebodaglass.com\/fr\/wp-json\/wp\/v2\/product_tag?post=22689"}],"curies":[{"name":"wp","href":"https:\/\/api.w.org\/{rel}","templated":true}]}}