{"id":22669,"date":"2025-10-24T13:02:11","date_gmt":"2025-10-24T05:02:11","guid":{"rendered":"https:\/\/yebodaglass.com\/?post_type=product&#038;p=22669"},"modified":"2026-04-10T13:09:23","modified_gmt":"2026-04-10T05:09:23","slug":"wholesale-clear-square-jam-jars-for-canning","status":"publish","type":"product","link":"https:\/\/yebodaglass.com\/fr\/wholesale-clear-square-jam-jars-for-canning\/","title":{"rendered":"Bocaux \u00e0 confiture carr\u00e9s transparents en gros pour la mise en conserve, 100 ml \u00e0 500 ml"},"content":{"rendered":"<p>Ces pots \u00e0 confiture carr\u00e9s sont fabriqu\u00e9s en verre transparent et pr\u00e9sentent un design lisse et \u00e9pur\u00e9. Ils sont dot\u00e9s d&#039;\u00e9l\u00e9gants couvercles en m\u00e9tal dor\u00e9 ou argent\u00e9. Gr\u00e2ce \u00e0 leur excellente \u00e9tanch\u00e9it\u00e9, ils sont parfaits pour le stockage en vrac, la mise en conserve maison et le conditionnement de produits artisanaux.<\/p>\n<h2>Caract\u00e9ristiques du produit<\/h2>\n<ul>\n<li><strong>Conception simple d&#039;une bouteille carr\u00e9e aux coins arrondis\u00a0:<\/strong> Le design de la bouteille pr\u00e9sente une forme carr\u00e9e aux coins arrondis, ce qui permet de la tenir facilement et de l&#039;utiliser pour le rangement dans la cuisine et l&#039;emballage de cadeaux.<\/li>\n<li><strong>Deux bouchons de fermeture de couleur disponibles\u00a0:<\/strong> Le syst\u00e8me comprend deux bouchons m\u00e9talliques que les clients peuvent visser sur leurs contenants pour obtenir une fermeture s\u00e9curis\u00e9e qui prot\u00e8ge contre l&#039;humidit\u00e9 et les fuites.<\/li>\n<li><strong>Plusieurs capacit\u00e9s disponibles\u00a0:<\/strong> Propose diff\u00e9rentes options de format que les clients peuvent utiliser pour la consommation \u00e0 domicile, les besoins d&#039;embouteillage commerciaux, la distribution d&#039;\u00e9chantillons et l&#039;emballage cadeau.<\/li>\n<\/ul>\n<h2 style=\"text-align: left;\">Sp\u00e9cifications cl\u00e9s<\/h2>\n<table class=\"aligncenter\" style=\"border-collapse: collapse; width: 453.02pt;\" border=\"0\" width=\"604\" cellspacing=\"0\" cellpadding=\"0\">\n<tbody>\n<tr style=\"height: 13.50pt;\">\n<td style=\"height: 13.50pt; width: 90.00pt;\" width=\"120\" height=\"18\">Fonctionnalit\u00e9<\/td>\n<td style=\"width: 363.00pt;\" width=\"484\">Sp\u00e9cification<\/td>\n<\/tr>\n<tr style=\"height: 13.50pt;\">\n<td style=\"height: 13.50pt;\" height=\"18\">Capacit\u00e9<\/td>\n<td>100 ml, 200 ml, 280 ml, 380 ml, 500 ml<\/td>\n<\/tr>\n<tr style=\"height: 13.50pt;\">\n<td style=\"height: 13.50pt;\" height=\"18\">Forme<\/td>\n<td>Carr\u00e9<\/td>\n<\/tr>\n<tr style=\"height: 13.50pt;\">\n<td style=\"height: 13.50pt;\" height=\"18\">Dimensions<\/td>\n<td>5,8 \u00d7 7,5 cm \u00e0 7,8 \u00d7 13,5 cm<\/td>\n<\/tr>\n<tr style=\"height: 13.50pt;\">\n<td style=\"height: 13.50pt;\" height=\"18\">Mat\u00e9riel<\/td>\n<td>Verre transparent, couvercle en PP argent\u00e9\/dor\u00e9<\/td>\n<\/tr>\n<tr style=\"height: 13.50pt;\">\n<td style=\"height: 13.50pt;\" height=\"18\">Options de couvercle<\/td>\n<td>Argent, or (couleurs personnalis\u00e9es disponibles)<\/td>\n<\/tr>\n<tr style=\"height: 13.50pt;\">\n<td style=\"height: 13.50pt;\" height=\"18\">Id\u00e9al pour<\/td>\n<td>Miel, confitures de fruits, conserves<\/td>\n<\/tr>\n<tr style=\"height: 13.50pt;\">\n<td style=\"height: 13.50pt;\" height=\"18\">Utilisation id\u00e9ale<\/td>\n<td>Bocaux \u00e0 confiture carr\u00e9s, pots \u00e0 miel pour conserves, r\u00e9cipients \u00e0 miel<\/td>\n<\/tr>\n<\/tbody>\n<\/table>\n<h2>Histoire \u00e0 succ\u00e8s<\/h2>\n<p>Nos pots \u00e0 confiture carr\u00e9s de taille moyenne, parfaits pour la mise en conserve, et leurs couvercles argent\u00e9s orn\u00e9s d&#039;un motif de baies en relief, ont \u00e9t\u00e9 choisis par une ferme biologique de l&#039;\u00c9tat de Washington. Le r\u00e9sultat de ces cr\u00e9ations sur mesure a \u00e9t\u00e9 exceptionnel\u00a0: les pots carr\u00e9s leur ont permis d&#039;accro\u00eetre de 20\u00a0% l&#039;efficacit\u00e9 de leur ligne de conditionnement, et leur aspect raffin\u00e9 et personnalis\u00e9 leur a valu un contrat avec la gamme premium d&#039;une cha\u00eene de supermarch\u00e9s nationale, ce qui leur permettra d&#039;\u00eatre distribu\u00e9s dans 500\u00a0magasins. Forts de ce succ\u00e8s, ils ont command\u00e9 200\u00a0000\u00a0pots suppl\u00e9mentaires pour leur nouvelle gamme de confitures artisanales, pr\u00e9vue pour la saison des r\u00e9coltes d&#039;\u00e9t\u00e9.<\/p>\n<h2>Recommandations de personnalisation pour les bocaux \u00e0 confiture<\/h2>\n<ul>\n<li>Panneaux d&#039;\u00e9tiquettes d\u00e9polies personnalis\u00e9s\u00a0: Pr\u00e9voir des rectangles d\u00e9polis uniformes sur une ou deux faces des pots carr\u00e9s afin qu&#039;ils adh\u00e8rent bien \u00e0 l&#039;\u00e9tiquette et \u00e9vitent les taches.<\/li>\n<li>Design du couvercle en relief\u00a0: Choisissez un logo en relief personnalis\u00e9, le nom de votre ferme ou un motif de fruits\/l\u00e9gumes pour orner le dessus du couvercle m\u00e9tallique et lui donner un aspect \u00e9l\u00e9gant.<\/li>\n<li>Choix de rev\u00eatement pour les couvercles\u00a0: Il existe des couvercles qui peuvent \u00eatre rev\u00eatus de divers mat\u00e9riaux (par exemple, du plastisol sans BPA, sans PVC) lorsqu\u2019il y a beaucoup d\u2019aliments acides ou gras.<\/li>\n<li>Texture antid\u00e9rapante\u00a0: Ajoutez une l\u00e9g\u00e8re texture verticale ou une finition givr\u00e9e sur les c\u00f4t\u00e9s des pots carr\u00e9s pour une meilleure prise en main.<\/li>\n<\/ul>","protected":false},"excerpt":{"rendered":"<p>Bocaux \u00e0 confiture carr\u00e9s en verre transparent avec couvercles argent\u00e9s ou dor\u00e9s. Id\u00e9aux pour le miel, les confitures ou les sauces. Vente directe d&#039;usine et remises pour les grossistes.<\/p>","protected":false},"featured_media":25726,"template":"","meta":[],"product_brand":[],"product_cat":[127,124,122],"product_tag":[],"class_list":{"0":"post-22669","1":"product","2":"type-product","3":"status-publish","4":"has-post-thumbnail","6":"product_cat-glass-honey-jars","7":"product_cat-custom-glass-jars","8":"product_cat-custom-glass-packaging","10":"first","11":"instock","12":"shipping-taxable","13":"product-type-simple"},"jetpack_sharing_enabled":true,"_links":{"self":[{"href":"https:\/\/yebodaglass.com\/fr\/wp-json\/wp\/v2\/product\/22669","targetHints":{"allow":["GET"]}}],"collection":[{"href":"https:\/\/yebodaglass.com\/fr\/wp-json\/wp\/v2\/product"}],"about":[{"href":"https:\/\/yebodaglass.com\/fr\/wp-json\/wp\/v2\/types\/product"}],"version-history":[{"count":5,"href":"https:\/\/yebodaglass.com\/fr\/wp-json\/wp\/v2\/product\/22669\/revisions"}],"predecessor-version":[{"id":25728,"href":"https:\/\/yebodaglass.com\/fr\/wp-json\/wp\/v2\/product\/22669\/revisions\/25728"}],"wp:featuredmedia":[{"embeddable":true,"href":"https:\/\/yebodaglass.com\/fr\/wp-json\/wp\/v2\/media\/25726"}],"wp:attachment":[{"href":"https:\/\/yebodaglass.com\/fr\/wp-json\/wp\/v2\/media?parent=22669"}],"wp:term":[{"taxonomy":"product_brand","embeddable":true,"href":"https:\/\/yebodaglass.com\/fr\/wp-json\/wp\/v2\/product_brand?post=22669"},{"taxonomy":"product_cat","embeddable":true,"href":"https:\/\/yebodaglass.com\/fr\/wp-json\/wp\/v2\/product_cat?post=22669"},{"taxonomy":"product_tag","embeddable":true,"href":"https:\/\/yebodaglass.com\/fr\/wp-json\/wp\/v2\/product_tag?post=22669"}],"curies":[{"name":"wp","href":"https:\/\/api.w.org\/{rel}","templated":true}]}}