{"id":22577,"date":"2025-10-22T13:09:13","date_gmt":"2025-10-22T05:09:13","guid":{"rendered":"https:\/\/yebodaglass.com\/?post_type=product&#038;p=22577"},"modified":"2025-11-04T11:54:26","modified_gmt":"2025-11-04T03:54:26","slug":"little-yogurt-bottles-banana-milk-glass-bottles-supplier","status":"publish","type":"product","link":"https:\/\/yebodaglass.com\/fr\/little-yogurt-bottles-banana-milk-glass-bottles-supplier\/","title":{"rendered":"Bouteilles de yaourt Planet Little de 100 \u00e0 200 ml \u2013 Coupe \u00e0 dessert"},"content":{"rendered":"<p>Vous en avez assez des emballages laitiers ordinaires et qui fuient\u00a0? Nous cr\u00e9ons de jolis petits pots de yaourt orn\u00e9s de sph\u00e8res \u00e9toil\u00e9es\u00a0: fini les emballages ennuyeux\u00a0! Ces bouteilles en verre au lait de banane transforment le rangement en un moment de plaisir. Pour toute commande en gros, nous proposons des bouteilles en verre personnalis\u00e9es, parfaitement assorties \u00e0 l\u2019image de votre marque.<\/p>\n<h2>Caract\u00e9ristiques du produit<\/h2>\n<p><strong>Caract\u00e9ristiques de conception<\/strong><\/p>\n<p>Le design original, rond et \u00e9voquant une plan\u00e8te de cet objet lui conf\u00e8re un aspect tridimensionnel unique ; il peut ainsi servir \u00e0 la fois de r\u00e9cipient \u00e0 dessert et d&#039;objet d\u00e9coratif.<\/p>\n<p><strong>Qualit\u00e9 des mat\u00e9riaux<\/strong><\/p>\n<p>Fabriqu\u00e9 en verre alimentaire hautement transparent, il est exempt de plomb, inodore et r\u00e9sistant \u00e0 la chaleur et au froid ; il peut donc \u00eatre utilis\u00e9 sans danger au r\u00e9frig\u00e9rateur, st\u00e9rilis\u00e9 et lav\u00e9 et r\u00e9utilis\u00e9 \u00e0 plusieurs reprises.<\/p>\n<p><strong>Performance fonctionnelle<\/strong><\/p>\n<p>Gr\u00e2ce \u00e0 sa large ouverture, le remplissage et le service sont faciles, tout comme l&#039;\u00e9tanch\u00e9it\u00e9. De plus, si vous disposez de diff\u00e9rents types de couvercles (en aluminium ou en plastique), vous pouvez les utiliser pour \u00e9viter les fuites et conserver la fra\u00eecheur du produit. C&#039;est donc un outil id\u00e9al aussi bien pour la maison que pour un usage professionnel.<\/p>\n<h2>Sp\u00e9cifications cl\u00e9s<\/h2>\n<table style=\"border-collapse: collapse; width: 80%; margin-left: auto; margin-right: auto;\" border=\"0\" width=\"288\" cellspacing=\"0\" cellpadding=\"0\">\n<tbody>\n<tr style=\"height: 13.50pt;\">\n<td style=\"height: 13.5pt; width: 54pt; text-align: center;\" width=\"72\" height=\"18\">Mod\u00e8le<\/td>\n<td style=\"width: 54pt; text-align: center;\" width=\"72\">Capacit\u00e9 (ml)<\/td>\n<td style=\"width: 54pt; text-align: center;\" width=\"72\">Taille (cm)<\/td>\n<td style=\"width: 54pt; text-align: center;\" width=\"72\">Forme<\/td>\n<\/tr>\n<tr style=\"height: 13.50pt;\">\n<td style=\"height: 13.5pt; text-align: center;\" align=\"right\" height=\"18\">64010045<\/td>\n<td style=\"text-align: center;\" align=\"right\">100<\/td>\n<td style=\"text-align: center;\">6.9&#215;6.2<\/td>\n<td class=\"et2\" style=\"text-align: center;\" rowspan=\"2\">Coupe sph\u00e9rique<\/td>\n<\/tr>\n<tr style=\"height: 13.50pt;\">\n<td style=\"height: 13.5pt; text-align: center;\" align=\"right\" height=\"18\">64020046<\/td>\n<td style=\"text-align: center;\" align=\"right\">200<\/td>\n<td style=\"text-align: center;\">7.9&#215;7.3<\/td>\n<\/tr>\n<\/tbody>\n<\/table>\n<h2>Cas de r\u00e9ussite<\/h2>\n<p>Nous avons re\u00e7u une commande d&#039;une petite fabrique de yaourts en Cor\u00e9e du Sud pour la production de verrines en forme de plan\u00e8te, destin\u00e9es \u00e0 enrichir leur gamme de desserts. Le fond incurv\u00e9 unique de ces verrines attire imm\u00e9diatement le regard des consommateurs en rayon, conf\u00e9rant ainsi \u00e0 la marque de yaourts et de mousses une image \u00e0 la fois ludique, luxueuse et artisanale.<\/p>\n<p>De plus, la marque a modifi\u00e9 le design du couvercle en aluminium argent\u00e9 pour une \u00e9tanch\u00e9it\u00e9 parfaite et l&#039;a orn\u00e9 d&#039;un motif floral, en accord avec son image de marque \u00ab\u00a0naturelle et fra\u00eeche\u00a0\u00bb. Ce nouvel emballage am\u00e9liore non seulement l&#039;esth\u00e9tique du produit, mais aussi sa conservation pendant le transport.<\/p>\n<p>Le produit a connu une augmentation de 45 % de ses ventes au d\u00e9tail et s&#039;est \u00e9tendu \u00e0 plusieurs caf\u00e9s et p\u00e2tisseries haut de gamme trois mois apr\u00e8s son lancement.<\/p>\n<h2>Votre guide de personnalisation<\/h2>\n<ol>\n<li><strong>Bouchons et joints personnalis\u00e9s\u00a0:<\/strong>Vous avez le choix parmi de nombreux types de bouchons\u00a0: m\u00e9talliques, en plastique ou inviolables, disponibles en diff\u00e9rentes couleurs (argent, or, blanc, etc.). De plus, l\u2019impression d\u2019un logo ou d\u2019un motif rend le produit plus pratique et attire l\u2019attention des clients gr\u00e2ce \u00e0 une meilleure reconnaissance visuelle.<\/li>\n<li><strong>Surface et design personnalis\u00e9s\u00a0:<\/strong>Nous pouvons r\u00e9aliser une ou plusieurs de ces t\u00e2ches : givrage, marquage \u00e0 chaud, peinture au pistolet ou application de d\u00e9calcomanies pour ajouter le message de la marque ou la texture de la bouteille, pour un emballage plus tendance et plus attrayant.<\/li>\n<\/ol>","protected":false},"excerpt":{"rendered":"<p>Ces petites bouteilles de yaourt personnalis\u00e9es en forme de plan\u00e8te sont parfaites pour le lait \u00e0 la banane, les desserts et les cr\u00e8mes anglaises. Durables et r\u00e9utilisables, elles sont id\u00e9ales pour les marques d&#039;emballage alimentaire.<\/p>","protected":false},"featured_media":22595,"template":"","meta":[],"product_brand":[],"product_cat":[124,122,130],"product_tag":[],"class_list":{"0":"post-22577","1":"product","2":"type-product","3":"status-publish","4":"has-post-thumbnail","6":"product_cat-custom-glass-jars","7":"product_cat-custom-glass-packaging","8":"product_cat-glass-yogurt-jars","10":"first","11":"instock","12":"shipping-taxable","13":"product-type-simple"},"jetpack_sharing_enabled":true,"_links":{"self":[{"href":"https:\/\/yebodaglass.com\/fr\/wp-json\/wp\/v2\/product\/22577","targetHints":{"allow":["GET"]}}],"collection":[{"href":"https:\/\/yebodaglass.com\/fr\/wp-json\/wp\/v2\/product"}],"about":[{"href":"https:\/\/yebodaglass.com\/fr\/wp-json\/wp\/v2\/types\/product"}],"version-history":[{"count":5,"href":"https:\/\/yebodaglass.com\/fr\/wp-json\/wp\/v2\/product\/22577\/revisions"}],"predecessor-version":[{"id":22613,"href":"https:\/\/yebodaglass.com\/fr\/wp-json\/wp\/v2\/product\/22577\/revisions\/22613"}],"wp:featuredmedia":[{"embeddable":true,"href":"https:\/\/yebodaglass.com\/fr\/wp-json\/wp\/v2\/media\/22595"}],"wp:attachment":[{"href":"https:\/\/yebodaglass.com\/fr\/wp-json\/wp\/v2\/media?parent=22577"}],"wp:term":[{"taxonomy":"product_brand","embeddable":true,"href":"https:\/\/yebodaglass.com\/fr\/wp-json\/wp\/v2\/product_brand?post=22577"},{"taxonomy":"product_cat","embeddable":true,"href":"https:\/\/yebodaglass.com\/fr\/wp-json\/wp\/v2\/product_cat?post=22577"},{"taxonomy":"product_tag","embeddable":true,"href":"https:\/\/yebodaglass.com\/fr\/wp-json\/wp\/v2\/product_tag?post=22577"}],"curies":[{"name":"wp","href":"https:\/\/api.w.org\/{rel}","templated":true}]}}