{"id":22567,"date":"2025-10-22T10:39:21","date_gmt":"2025-10-22T02:39:21","guid":{"rendered":"https:\/\/yebodaglass.com\/?post_type=product&#038;p=22567"},"modified":"2025-11-04T11:54:40","modified_gmt":"2025-11-04T03:54:40","slug":"round-glass-yogurt-milk-bottle-small-dessert-jars-bulk","status":"publish","type":"product","link":"https:\/\/yebodaglass.com\/fr\/round-glass-yogurt-milk-bottle-small-dessert-jars-bulk\/","title":{"rendered":"Bouteille ronde en verre pour yaourt et lait (100 \u00e0 300 ml) \u2013 Petits pots \u00e0 dessert en vrac"},"content":{"rendered":"<article class=\"text-token-text-primary w-full focus:outline-none [--shadow-height:45px] has-data-writing-block:pointer-events-none has-data-writing-block:-mt-(--shadow-height) has-data-writing-block:pt-(--shadow-height) [&amp;:has([data-writing-block])&gt;*]:pointer-events-auto [content-visibility:auto] supports-[content-visibility:auto]:[contain-intrinsic-size:auto_100lvh] scroll-mt-[calc(var(--header-height)+min(200px,max(70px,20svh)))]\" dir=\"auto\" tabindex=\"-1\" data-turn-id=\"request-68f5dfe9-a6a4-8332-b080-aa3dc157db0d-1\" data-testid=\"conversation-turn-42\" data-scroll-anchor=\"true\" data-turn=\"assistant\">Vous en avez assez des emballages laitiers ternes ou qui fuient\u00a0? Nous cr\u00e9ons des bouteilles de lait et de yaourt au charme irr\u00e9sistible, avec des formes arrondies\u00a0: fini les d\u00e9g\u00e2ts\u00a0! Ces petites bouteilles en verre transforment le simple stockage en un v\u00e9ritable plaisir pour les yeux. Pour les commandes en gros, nous proposons des bouteilles en verre personnalis\u00e9es, \u00e0 l\u2019image de votre vision.<\/p>\n<h2>Caract\u00e9ristiques du produit<\/h2>\n<p><strong>Charme rond<\/strong><\/p>\n<p>Leurs courbes douces sont agr\u00e9ables au toucher \u2014 vos petites bouteilles de lait en verre rendent chaque gorg\u00e9e agr\u00e9able.<\/p>\n<p><strong>Du plaisir \u00e0 profusion<\/strong><\/p>\n<p>Remplissage et dosage faciles \u2013 fini les d\u00e9versements gr\u00e2ce \u00e0 la conception de la bouteille de yaourt.<\/p>\n<p><strong>Clart\u00e9 cristalline<\/strong><\/p>\n<p>Le verre haute transparence r\u00e9v\u00e8le chaque tourbillon du lait \u2013 les clients font imm\u00e9diatement confiance \u00e0 vos petites bouteilles de lait en verre.<\/p>\n<h2>Sp\u00e9cifications cl\u00e9s<\/h2>\n<table style=\"border-collapse: collapse; width: 80%; margin-right: auto; margin-left: auto;\" border=\"0\" width=\"288\" cellspacing=\"0\" cellpadding=\"0\">\n<tbody>\n<tr style=\"height: 13.50pt;\">\n<td style=\"height: 13.5pt; width: 54pt; text-align: center;\" width=\"72\" height=\"18\">Mod\u00e8le<\/td>\n<td style=\"width: 54pt; text-align: center;\" width=\"72\">Capacit\u00e9 (ml)<\/td>\n<td style=\"width: 54pt; text-align: center;\" width=\"72\">Taille (cm)<\/td>\n<td style=\"width: 54pt; text-align: center;\" width=\"72\">Forme<\/td>\n<\/tr>\n<tr style=\"height: 13.50pt;\">\n<td style=\"height: 13.5pt; text-align: center;\" align=\"right\" height=\"18\">64010042<\/td>\n<td style=\"text-align: center;\" align=\"right\">100<\/td>\n<td style=\"text-align: center;\">6.4&#215;6.5<\/td>\n<td class=\"et2\" style=\"text-align: center;\" rowspan=\"3\">Renflement rond<\/td>\n<\/tr>\n<tr style=\"height: 13.50pt;\">\n<td style=\"height: 13.5pt; text-align: center;\" align=\"right\" height=\"18\">64020043<\/td>\n<td style=\"text-align: center;\" align=\"right\">200<\/td>\n<td style=\"text-align: center;\">7.3&#215;7.2<\/td>\n<\/tr>\n<tr style=\"height: 13.50pt;\">\n<td style=\"height: 13.5pt; text-align: center;\" align=\"right\" height=\"18\">64030044<\/td>\n<td style=\"text-align: center;\" align=\"right\">300<\/td>\n<td style=\"text-align: center;\">8.3&#215;8.6<\/td>\n<\/tr>\n<\/tbody>\n<\/table>\n<h2>Cas de r\u00e9ussite<\/h2>\n<p>Un atelier de desserts nous a contact\u00e9s pour la cr\u00e9ation d&#039;une bouteille de yaourt en verre \u00e0 large ouverture, sp\u00e9cialement con\u00e7ue pour leurs cr\u00e9ations. Chaque bouteille de 200 ml est dot\u00e9e d&#039;une large ouverture facilitant le remplissage et le dosage, et sa forme arrondie lui conf\u00e8re un aspect artisanal qui s&#039;accorde parfaitement avec le concept haut de gamme de leurs desserts.<\/p>\n<p>Outre son bouchon en aluminium herm\u00e9tique, la bouteille est \u00e9galement fournie avec un couvercle cuill\u00e8re pour plus de fra\u00eecheur et de praticit\u00e9. Son \u00e9l\u00e9gant flacon en verre est id\u00e9al pour pr\u00e9senter ce dessert.<\/p>\n<p>Deux mois seulement apr\u00e8s l&#039;introduction du nouvel emballage, les plaintes concernant les probl\u00e8mes d&#039;\u00e9tanch\u00e9it\u00e9 ont diminu\u00e9 de 85 % et le volume des commandes en gros des distributeurs a augment\u00e9 de 60 %.<\/p>\n<h2>Votre guide de personnalisation<\/h2>\n<ol>\n<li><strong>Solutions personnalis\u00e9es pour couvercles et \u00e9tiquettes\u00a0:<\/strong>Vous pouvez choisir les couvercles parmi des bouchons m\u00e9talliques \u00e0 visser, des couvercles en bois ou des couvercles en plastique \u00e0 clipser, puis apposer votre logo par gaufrage, s\u00e9rigraphie ou \u00e9tiquetage pour une reconnaissance de marque visuellement attrayante.<\/li>\n<li><strong>Personnalisation de la teinte et du mat\u00e9riau\u00a0:<\/strong>Vous pouvez personnaliser le verre en version transparente, ambr\u00e9e ou d\u00e9polie pour l&#039;assortir au style de votre produit, ou choisir une teinte d\u00e9grad\u00e9e pour que vos cr\u00e8mes desserts et yaourts \u00e0 \u00e9tages soient visuellement attrayants et captivants sur les \u00e9tag\u00e8res.<\/li>\n<\/ol>\n<\/article>","protected":false},"excerpt":{"rendered":"<p>Bouteilles rondes en verre pour yaourt, lait et cr\u00e8me dessert, id\u00e9ales pour les yaourts, les cr\u00e8mes dessert ou les confitures. R\u00e9utilisables, r\u00e9sistantes et personnalisables pour l&#039;emballage de desserts.<\/p>","protected":false},"featured_media":22571,"template":"","meta":[],"product_brand":[],"product_cat":[124,122,130],"product_tag":[],"class_list":{"0":"post-22567","1":"product","2":"type-product","3":"status-publish","4":"has-post-thumbnail","6":"product_cat-custom-glass-jars","7":"product_cat-custom-glass-packaging","8":"product_cat-glass-yogurt-jars","10":"first","11":"instock","12":"shipping-taxable","13":"product-type-simple"},"jetpack_sharing_enabled":true,"_links":{"self":[{"href":"https:\/\/yebodaglass.com\/fr\/wp-json\/wp\/v2\/product\/22567","targetHints":{"allow":["GET"]}}],"collection":[{"href":"https:\/\/yebodaglass.com\/fr\/wp-json\/wp\/v2\/product"}],"about":[{"href":"https:\/\/yebodaglass.com\/fr\/wp-json\/wp\/v2\/types\/product"}],"version-history":[{"count":5,"href":"https:\/\/yebodaglass.com\/fr\/wp-json\/wp\/v2\/product\/22567\/revisions"}],"predecessor-version":[{"id":22610,"href":"https:\/\/yebodaglass.com\/fr\/wp-json\/wp\/v2\/product\/22567\/revisions\/22610"}],"wp:featuredmedia":[{"embeddable":true,"href":"https:\/\/yebodaglass.com\/fr\/wp-json\/wp\/v2\/media\/22571"}],"wp:attachment":[{"href":"https:\/\/yebodaglass.com\/fr\/wp-json\/wp\/v2\/media?parent=22567"}],"wp:term":[{"taxonomy":"product_brand","embeddable":true,"href":"https:\/\/yebodaglass.com\/fr\/wp-json\/wp\/v2\/product_brand?post=22567"},{"taxonomy":"product_cat","embeddable":true,"href":"https:\/\/yebodaglass.com\/fr\/wp-json\/wp\/v2\/product_cat?post=22567"},{"taxonomy":"product_tag","embeddable":true,"href":"https:\/\/yebodaglass.com\/fr\/wp-json\/wp\/v2\/product_tag?post=22567"}],"curies":[{"name":"wp","href":"https:\/\/api.w.org\/{rel}","templated":true}]}}