{"id":22553,"date":"2025-10-21T17:17:58","date_gmt":"2025-10-21T09:17:58","guid":{"rendered":"https:\/\/yebodaglass.com\/?post_type=product&#038;p=22553"},"modified":"2025-11-04T11:54:58","modified_gmt":"2025-11-04T03:54:58","slug":"custom-glass-milk-bottles-bulk-pudding-container","status":"publish","type":"product","link":"https:\/\/yebodaglass.com\/fr\/custom-glass-milk-bottles-bulk-pudding-container\/","title":{"rendered":"Bouteilles de lait carr\u00e9es en verre personnalis\u00e9es en vrac \u2013 Contenants r\u00e9utilisables pour puddings et boissons de 100 \u00e0 350 ml"},"content":{"rendered":"<p>Vous en avez assez des emballages laitiers discrets\u00a0? Nous cr\u00e9ons des bouteilles de lait en verre personnalis\u00e9es au design carr\u00e9\u00a0: fini les emballages ternes\u00a0! Ces bouteilles de lait en verre, disponibles en gros, transforment le simple stockage en un atout marketing. Commandez en gros et recevez des bouteilles en verre personnalis\u00e9es, parfaitement adapt\u00e9es \u00e0 votre vision.<\/p>\n<h2>Caract\u00e9ristiques du produit<\/h2>\n<p><strong>Caract\u00e9ristiques de conception<\/strong><\/p>\n<p>La bouteille, de forme carr\u00e9e et verticale, pr\u00e9sente des lignes g\u00e9om\u00e9triques simples et \u00e9pur\u00e9es, ainsi qu&#039;une silhouette harmonieuse, ce qui en fait un produit tendance et attrayant. Son bouchon en forme de couronne assure une fermeture confortable, la rendant ainsi adapt\u00e9e aussi bien aux environnements commerciaux que domestiques.<\/p>\n<p><strong>Qualit\u00e9 des mat\u00e9riaux<\/strong><\/p>\n<p>Fabriqu\u00e9 en verre alimentaire haute transparence sans plomb, ce r\u00e9cipient est inodore et r\u00e9siste parfaitement aux temp\u00e9ratures extr\u00eames. Il constitue ainsi une solution id\u00e9ale pour conserver la fra\u00eecheur et les saveurs des boissons et des desserts.<\/p>\n<p><strong>Performance fonctionnelle<\/strong><\/p>\n<p>Cette bouteille \u00e9paisse et \u00e9tanche est con\u00e7ue pour de multiples usages et constitue donc une excellente solution pour pr\u00e9server la fra\u00eecheur des aliments. Gr\u00e2ce \u00e0 sa forme carr\u00e9e, elle peut \u00eatre rang\u00e9e sur une \u00e9tag\u00e8re et empil\u00e9e les unes sur les autres, ce qui assure une meilleure stabilit\u00e9 lors du transport.<\/p>\n<p><strong>Options de personnalisation<\/strong><\/p>\n<p>En modifiant la contenance, en apposant un logo, en \u00e9tiquetant la bouteille et en choisissant un bouchon (en aluminium, en plastique ou inviolable), on peut facilement g\u00e9n\u00e9rer une image de marque diff\u00e9rente des autres.<\/p>\n<h2>Sp\u00e9cifications cl\u00e9s<\/h2>\n<table style=\"border-collapse: collapse; width: 80%; margin-left: auto; margin-right: auto;\" border=\"0\" width=\"288\" cellspacing=\"0\" cellpadding=\"0\">\n<tbody>\n<tr style=\"height: 13.50pt;\">\n<td style=\"height: 13.5pt; width: 54pt; text-align: center;\" width=\"72\" height=\"18\">Mod\u00e8le<\/td>\n<td style=\"width: 54pt; text-align: center;\" width=\"72\">Capacit\u00e9 (ml)<\/td>\n<td style=\"width: 54pt; text-align: center;\" width=\"72\">Taille (cm)<\/td>\n<td style=\"width: 54pt; text-align: center;\" width=\"72\">Forme<\/td>\n<\/tr>\n<tr style=\"height: 13.50pt;\">\n<td style=\"height: 13.5pt; text-align: center;\" align=\"right\" height=\"18\">64010040<\/td>\n<td style=\"text-align: center;\" align=\"right\">100<\/td>\n<td style=\"text-align: center;\">5,0 \u00d7 5,0 \u00d7 9,6<\/td>\n<td class=\"et2\" style=\"text-align: center;\" rowspan=\"2\">Carr\u00e9<\/td>\n<\/tr>\n<tr style=\"height: 13.50pt;\">\n<td style=\"height: 13.5pt; text-align: center;\" align=\"right\" height=\"18\">64035041<\/td>\n<td style=\"text-align: center;\" align=\"right\">350<\/td>\n<td style=\"text-align: center;\">6,0\u00d76,0x16,1<\/td>\n<\/tr>\n<\/tbody>\n<\/table>\n<h2>Histoire \u00e0 succ\u00e8s<\/h2>\n<p>Afin de moderniser son image, une marque laiti\u00e8re a entrepris une refonte de ses emballages et s&#039;est associ\u00e9e \u00e0 nous pour la production d&#039;une bouteille de lait carr\u00e9e en verre sur mesure. Outre son aspect tendance et attrayant gr\u00e2ce \u00e0 sa forme carr\u00e9e, la bouteille optimise \u00e9galement l&#039;espace de stockage et de pr\u00e9sentation, tant dans les r\u00e9frig\u00e9rateurs des points de vente que dans les caisses de livraison. La transparence exceptionnelle du verre pr\u00e9serve la qualit\u00e9 optimale du lait.<\/p>\n<p>Apr\u00e8s le changement d&#039;emballage, la laiterie a signal\u00e9 d\u00e8s le premier mois une r\u00e9duction de 75 % des plaintes concernant les d\u00e9versements de lait et une augmentation de 65 % des commandes en gros.<\/p>\n<h2>Votre guide de personnalisation<\/h2>\n<ol>\n<li><strong>Configuration sur mesure du bouchon et du joint :<\/strong>Il existe de nombreux mat\u00e9riaux et styles de casquettes, comme le m\u00e9tal, le plastique ou les mod\u00e8les antivol. Imprim\u00e9e avec le logo ou un motif de votre marque, la casquette peut devenir un \u00e9l\u00e9ment familier de l&#039;identit\u00e9 visuelle de votre entreprise et en rehausser la qualit\u00e9 globale.<\/li>\n<li><strong>Apparence et identit\u00e9 de marque personnalis\u00e9es\u00a0:<\/strong>Nous proposons la personnalisation de vos bouteilles par s\u00e9rigraphie, d\u00e9polissage, \u00e9tiquetage ou marquage \u00e0 chaud. Nous produisons du verre transparent, d\u00e9poli ou teint\u00e9, parfaitement adapt\u00e9 \u00e0 l&#039;image de votre marque et \u00e0 son positionnement sur le march\u00e9.<\/li>\n<\/ol>","protected":false},"excerpt":{"rendered":"<p>Bouteilles de lait carr\u00e9es en verre personnalis\u00e9es, disponibles en gros, id\u00e9ales pour le conditionnement de cr\u00e8mes desserts, de lait ou de jus. Durables, r\u00e9utilisables et personnalisables pour les marques haut de gamme.<\/p>","protected":false},"featured_media":22557,"template":"","meta":[],"product_brand":[],"product_cat":[123,122,131],"product_tag":[],"class_list":{"0":"post-22553","1":"product","2":"type-product","3":"status-publish","4":"has-post-thumbnail","6":"product_cat-custom-glass-bottles","7":"product_cat-custom-glass-packaging","8":"product_cat-glass-milk-bottles","10":"first","11":"instock","12":"shipping-taxable","13":"product-type-simple"},"jetpack_sharing_enabled":true,"_links":{"self":[{"href":"https:\/\/yebodaglass.com\/fr\/wp-json\/wp\/v2\/product\/22553","targetHints":{"allow":["GET"]}}],"collection":[{"href":"https:\/\/yebodaglass.com\/fr\/wp-json\/wp\/v2\/product"}],"about":[{"href":"https:\/\/yebodaglass.com\/fr\/wp-json\/wp\/v2\/types\/product"}],"version-history":[{"count":4,"href":"https:\/\/yebodaglass.com\/fr\/wp-json\/wp\/v2\/product\/22553\/revisions"}],"predecessor-version":[{"id":22561,"href":"https:\/\/yebodaglass.com\/fr\/wp-json\/wp\/v2\/product\/22553\/revisions\/22561"}],"wp:featuredmedia":[{"embeddable":true,"href":"https:\/\/yebodaglass.com\/fr\/wp-json\/wp\/v2\/media\/22557"}],"wp:attachment":[{"href":"https:\/\/yebodaglass.com\/fr\/wp-json\/wp\/v2\/media?parent=22553"}],"wp:term":[{"taxonomy":"product_brand","embeddable":true,"href":"https:\/\/yebodaglass.com\/fr\/wp-json\/wp\/v2\/product_brand?post=22553"},{"taxonomy":"product_cat","embeddable":true,"href":"https:\/\/yebodaglass.com\/fr\/wp-json\/wp\/v2\/product_cat?post=22553"},{"taxonomy":"product_tag","embeddable":true,"href":"https:\/\/yebodaglass.com\/fr\/wp-json\/wp\/v2\/product_tag?post=22553"}],"curies":[{"name":"wp","href":"https:\/\/api.w.org\/{rel}","templated":true}]}}