{"id":22539,"date":"2025-10-21T11:23:10","date_gmt":"2025-10-21T03:23:10","guid":{"rendered":"https:\/\/yebodaglass.com\/?post_type=product&#038;p=22539"},"modified":"2026-04-14T10:09:05","modified_gmt":"2026-04-14T02:09:05","slug":"wholesale-clear-hexagonal-jam-jars-280ml-380ml-500ml-730ml","status":"publish","type":"product","link":"https:\/\/yebodaglass.com\/fr\/wholesale-clear-hexagonal-jam-jars-280ml-380ml-500ml-730ml\/","title":{"rendered":"Bocaux \u00e0 confiture hexagonaux transparents en gros\u00a0: 280\u00a0ml, 380\u00a0ml, 500\u00a0ml, 730\u00a0ml"},"content":{"rendered":"<p>Ces pots \u00e0 confiture hexagonaux r\u00e9v\u00e8lent leur design \u00e0 travers une forme hexagonale parfaite, associ\u00e9e \u00e0 un mat\u00e9riau en verre transparent et \u00e0 un couvercle \u00e0 vis en m\u00e9tal noir assurant l&#039;\u00e9tanch\u00e9it\u00e9.<\/p>\n<h2>Caract\u00e9ristiques du produit<\/h2>\n<ul>\n<li><strong>Bouchon m\u00e9tallique noir de s\u00e9curit\u00e9 :<\/strong> Le bouchon \u00e0 vis en m\u00e9tal noir offre un haut degr\u00e9 de fiabilit\u00e9 et d&#039;int\u00e9grit\u00e9, tout en ajoutant une touche de modernit\u00e9 et de sobri\u00e9t\u00e9.<\/li>\n<li><strong>Conception hexagonale efficace\u00a0:<\/strong> La conception hexagonale permet un empilement compact, ce qui permet de gagner de la place, et forme une structure anti-roulis robuste.<\/li>\n<li><strong>Diff\u00e9rentes tailles disponibles :<\/strong> En proposant des conteneurs de diff\u00e9rentes tailles, chacun peut choisir celui qui convient le mieux \u00e0 ses besoins de stockage.<\/li>\n<\/ul>\n<h2 style=\"text-align: left;\">Sp\u00e9cifications cl\u00e9s<\/h2>\n<table class=\"aligncenter\" style=\"border-collapse: collapse; width: 327.02pt;\" border=\"0\" width=\"436\" cellspacing=\"0\" cellpadding=\"0\">\n<tbody>\n<tr style=\"height: 13.50pt;\">\n<td style=\"height: 13.50pt; width: 90.00pt;\" width=\"120\" height=\"18\">Fonctionnalit\u00e9<\/td>\n<td style=\"width: 237.00pt;\" width=\"316\">Sp\u00e9cification<\/td>\n<\/tr>\n<tr style=\"height: 13.50pt;\">\n<td style=\"height: 13.50pt;\" height=\"18\">Capacit\u00e9<\/td>\n<td>280 ml, 380 ml, 500 ml, 730 ml<\/td>\n<\/tr>\n<tr style=\"height: 13.50pt;\">\n<td style=\"height: 13.50pt;\" height=\"18\">Forme<\/td>\n<td>Hexagonal<\/td>\n<\/tr>\n<tr style=\"height: 13.50pt;\">\n<td style=\"height: 13.50pt;\" height=\"18\">Dimensions<\/td>\n<td>5,8 \u00d7 10,0 cm \u00e0 7,5 \u00d7 12,2 cm<\/td>\n<\/tr>\n<tr style=\"height: 13.50pt;\">\n<td style=\"height: 13.50pt;\" height=\"18\">Mat\u00e9riel<\/td>\n<td>Verre transparent, couvercle \u00e0 vis en PP noir<\/td>\n<\/tr>\n<tr style=\"height: 13.50pt;\">\n<td style=\"height: 13.50pt;\" height=\"18\">Options de couvercle<\/td>\n<td>Noir (couleurs personnalis\u00e9es disponibles)<\/td>\n<\/tr>\n<tr style=\"height: 13.50pt;\">\n<td style=\"height: 13.50pt;\" height=\"18\">Id\u00e9al pour<\/td>\n<td>Miel brut, m\u00e9langes infus\u00e9s, coffrets cadeaux<\/td>\n<\/tr>\n<tr style=\"height: 13.50pt;\">\n<td style=\"height: 13.50pt;\" height=\"18\">Utilisation id\u00e9ale<\/td>\n<td>Pots \u00e0 confiture hexagonaux, pots \u00e0 miel<\/td>\n<\/tr>\n<\/tbody>\n<\/table>\n<h2>Succ\u00e8s\u00a0: La gamme premium d\u2019une marque \u00e9cossaise de miel artisanal<\/h2>\n<p>Nos pots \u00e0 confiture hexagonaux ont \u00e9t\u00e9 choisis par un apiculteur \u00e9cossais qui a fait r\u00e9aliser un motif alv\u00e9ol\u00e9 dor\u00e9 s\u00e9rigraphi\u00e9 sur mesure pour le couvercle. Gr\u00e2ce \u00e0 ce design unique, le produit s&#039;est d\u00e9marqu\u00e9 dans les rayons des \u00e9piceries fines, augmentant ses ventes de 40 %. La forme g\u00e9om\u00e9trique offrait 30 % de surface d&#039;impression suppl\u00e9mentaire pour l&#039;\u00e9tiquette par rapport aux pots ronds. Le succ\u00e8s rencontr\u00e9 par la marque a entra\u00een\u00e9 une commande suppl\u00e9mentaire de 280\u00a0000 pots \u00e0 confiture, n\u00e9cessaires au lancement de sa nouvelle gamme de produits \u00e0 base de miel en nid d&#039;abeille et de sirops aromatis\u00e9s.<\/p>\n<h2>Recommandations de personnalisation des contenants \u00e0 miel<\/h2>\n<ul>\n<li>Gravure sur verre personnalis\u00e9e\u00a0: des motifs, logos ou caract\u00e9ristiques r\u00e9gionales peuvent \u00eatre grav\u00e9s au laser sur le panneau de verre afin de donner \u00e0 l\u2019entreprise une identit\u00e9 de marque unique et de qualit\u00e9.<\/li>\n<li>Couleurs et finitions de couvercle : Plusieurs options de couleurs et de finitions de couvercle sont disponibles (or, bronze, acier bross\u00e9 ou blanc).<\/li>\n<li>Collier en cuir ou en corde\u00a0: Le pot acquiert un aspect rustique et artisanal gr\u00e2ce \u00e0 l\u2019ajout d\u2019une lani\u00e8re de cuir ou de corde qui sert de d\u00e9coration suppl\u00e9mentaire autour du cou du pot.<\/li>\n<\/ul>","protected":false},"excerpt":{"rendered":"<p>Bocaux \u00e0 confiture hexagonaux r\u00e9sistants, transparents et herm\u00e9tiques. Pratiques pour la vente au d\u00e9tail, les cadeaux et le stockage du miel en vrac. Livraison rapide.<\/p>","protected":false},"featured_media":22649,"template":"","meta":[],"product_brand":[],"product_cat":[127,124,122],"product_tag":[],"class_list":{"0":"post-22539","1":"product","2":"type-product","3":"status-publish","4":"has-post-thumbnail","6":"product_cat-glass-honey-jars","7":"product_cat-custom-glass-jars","8":"product_cat-custom-glass-packaging","10":"first","11":"instock","12":"shipping-taxable","13":"product-type-simple"},"jetpack_sharing_enabled":true,"_links":{"self":[{"href":"https:\/\/yebodaglass.com\/fr\/wp-json\/wp\/v2\/product\/22539","targetHints":{"allow":["GET"]}}],"collection":[{"href":"https:\/\/yebodaglass.com\/fr\/wp-json\/wp\/v2\/product"}],"about":[{"href":"https:\/\/yebodaglass.com\/fr\/wp-json\/wp\/v2\/types\/product"}],"version-history":[{"count":5,"href":"https:\/\/yebodaglass.com\/fr\/wp-json\/wp\/v2\/product\/22539\/revisions"}],"predecessor-version":[{"id":25772,"href":"https:\/\/yebodaglass.com\/fr\/wp-json\/wp\/v2\/product\/22539\/revisions\/25772"}],"wp:featuredmedia":[{"embeddable":true,"href":"https:\/\/yebodaglass.com\/fr\/wp-json\/wp\/v2\/media\/22649"}],"wp:attachment":[{"href":"https:\/\/yebodaglass.com\/fr\/wp-json\/wp\/v2\/media?parent=22539"}],"wp:term":[{"taxonomy":"product_brand","embeddable":true,"href":"https:\/\/yebodaglass.com\/fr\/wp-json\/wp\/v2\/product_brand?post=22539"},{"taxonomy":"product_cat","embeddable":true,"href":"https:\/\/yebodaglass.com\/fr\/wp-json\/wp\/v2\/product_cat?post=22539"},{"taxonomy":"product_tag","embeddable":true,"href":"https:\/\/yebodaglass.com\/fr\/wp-json\/wp\/v2\/product_tag?post=22539"}],"curies":[{"name":"wp","href":"https:\/\/api.w.org\/{rel}","templated":true}]}}