{"id":22531,"date":"2025-10-21T11:32:49","date_gmt":"2025-10-21T03:32:49","guid":{"rendered":"https:\/\/yebodaglass.com\/?post_type=product&#038;p=22531"},"modified":"2025-11-04T11:55:47","modified_gmt":"2025-11-04T03:55:47","slug":"custom-heart-glass-yogurt-bottles-for-romantic-dessert-bulk","status":"publish","type":"product","link":"https:\/\/yebodaglass.com\/fr\/custom-heart-glass-yogurt-bottles-for-romantic-dessert-bulk\/","title":{"rendered":"Bouteilles de yaourt en verre \u00e0 double c\u0153ur de 100 ml, 150 ml et 250 ml pour dessert"},"content":{"rendered":"<div class=\"text-base my-auto mx-auto pb-10 [--thread-content-margin:--spacing(4)] thread-sm:[--thread-content-margin:--spacing(6)] thread-lg:[--thread-content-margin:--spacing(16)] px-(--thread-content-margin)\">\n<div class=\"[--thread-content-max-width:40rem] thread-lg:[--thread-content-max-width:48rem] mx-auto max-w-(--thread-content-max-width) flex-1 group\/turn-messages focus-visible:outline-hidden relative flex w-full min-w-0 flex-col agent-turn\" tabindex=\"-1\">\n<div class=\"flex max-w-full flex-col grow\">\n<div class=\"min-h-8 text-message relative flex w-full flex-col items-end gap-2 text-start break-words whitespace-normal [.text-message+&amp;]:mt-1\" dir=\"auto\" data-message-author-role=\"assistant\" data-message-id=\"8d18012a-fb48-4b95-868b-4e577d237289\" data-message-model-slug=\"gpt-5\">\n<div class=\"flex w-full flex-col gap-1 empty:hidden first:pt-[1px]\">\n<div class=\"markdown prose dark:prose-invert w-full break-words light markdown-new-styling\">\n<p>Vous en avez assez des emballages laitiers ordinaires\u00a0? Nous cr\u00e9ons des bouteilles de yaourt en verre en forme de c\u0153ur\u00a0: fini les emballages ternes\u00a0! Ces bouteilles transforment le simple rangement en une histoire romantique. Pour toute commande en gros, recevez des bouteilles de yaourt en verre personnalis\u00e9es, assorties \u00e0 la couleur de votre marque.<\/p>\n<h2>Caract\u00e9ristiques du produit<\/h2>\n<p><strong>Charme en forme de c\u0153ur<\/strong><\/p>\n<p>Un motif en relief \u00e0 double c\u0153ur \u2013 vos bouteilles de yaourt en verre vous s\u00e9duiront au premier regard.<\/p>\n<p><strong>Sceau de s\u00e9curit\u00e9<\/strong><\/p>\n<p>Col l\u00e9g\u00e8rement \u00e9vas\u00e9 \u2013 pr\u00e9serve la fra\u00eecheur et emp\u00eache les fuites pendant le transport.<\/p>\n<p><strong>Limpide comme du cristal<\/strong><\/p>\n<p>Le verre hautement transparent r\u00e9v\u00e8le instantan\u00e9ment la qualit\u00e9, gagnant ainsi la confiance des clients.<\/p>\n<p><strong>La magie de l&#039;amour personnalis\u00e9e<\/strong><\/p>\n<p>Imprimez votre logo sur les bouteilles de yaourt en verre \u2013 rendez votre produit plus m\u00e9morable.<\/p>\n<h2>Sp\u00e9cifications cl\u00e9s<\/h2>\n<table style=\"border-collapse: collapse; width: 80%; margin-left: auto; margin-right: auto;\" border=\"0\" width=\"288\" cellspacing=\"0\" cellpadding=\"0\">\n<tbody>\n<tr style=\"height: 13.50pt;\">\n<td style=\"height: 13.5pt; width: 54pt; text-align: center;\" width=\"72\" height=\"18\">Mod\u00e8le<\/td>\n<td style=\"width: 54pt; text-align: center;\" width=\"72\">Capacit\u00e9 (ml)<\/td>\n<td style=\"width: 54pt; text-align: center;\" width=\"72\">Taille (cm)<\/td>\n<td style=\"width: 54pt; text-align: center;\" width=\"72\">Mod\u00e8le<\/td>\n<\/tr>\n<tr style=\"height: 13.50pt;\">\n<td style=\"height: 13.5pt; text-align: center;\" align=\"right\" height=\"18\">64010035<\/td>\n<td style=\"text-align: center;\" align=\"right\">100<\/td>\n<td style=\"text-align: center;\">6.2&#215;6.7<\/td>\n<td class=\"et2\" style=\"text-align: center;\" rowspan=\"3\">Double c\u0153ur<\/td>\n<\/tr>\n<tr style=\"height: 13.50pt;\">\n<td style=\"height: 13.5pt; text-align: center;\" align=\"right\" height=\"18\">64015036<\/td>\n<td style=\"text-align: center;\" align=\"right\">150<\/td>\n<td style=\"text-align: center;\">6.3&#215;7.9<\/td>\n<\/tr>\n<tr style=\"height: 13.50pt;\">\n<td style=\"height: 13.5pt; text-align: center;\" align=\"right\" height=\"18\">64025037<\/td>\n<td style=\"text-align: center;\" align=\"right\">250<\/td>\n<td style=\"text-align: center;\">7.0&#215;9.6<\/td>\n<\/tr>\n<\/tbody>\n<\/table>\n<h2>Cas de r\u00e9ussite<\/h2>\n<p>Nous avons \u00e9t\u00e9 contact\u00e9s par une marque europ\u00e9enne de yaourts pour la cr\u00e9ation de bouteilles en verre personnalis\u00e9es de 200 ml. Orn\u00e9es d&#039;un c\u0153ur en relief et ferm\u00e9es par un bouchon en aluminium, ces bouteilles offrent un aspect artisanal et charmant, tout en \u00e9tant tr\u00e8s attrayantes pour les consommateurs des rayons frais des commerces.<\/p>\n<p>Nous avons opt\u00e9 pour une finition mate sur les bouchons afin de les assortir aux saveurs\u00a0: rose pour la fraise, bleu clair pour la myrtille et beige pour la vanille. Outre son \u00e9paisseur et sa qualit\u00e9 alimentaire, le verre contribue \u00e0 pr\u00e9server la fra\u00eecheur du produit et conf\u00e8re aux bouteilles un poids plus important, renfor\u00e7ant ainsi l\u2019image de marque d\u2019un produit \u00ab\u00a0souciant et \u00e9labor\u00e9\u00a0\u00bb.<\/p>\n<p>Ainsi, suite au changement d&#039;emballage, les r\u00e9clamations des clients ont diminu\u00e9 de 60 % et les commandes en gros ont augment\u00e9 de 50 %.<\/p>\n<h2>Votre guide de personnalisation<\/h2>\n<ol>\n<li><strong>Gravure personnalis\u00e9e\u00a0:<\/strong>Ajoutez des noms, des dates ou de courts messages personnalis\u00e9s sur le bocal pour les mariages ou les collections de cadeaux.<\/li>\n<li><strong>Options de couvercle personnalis\u00e9es\u00a0:<\/strong>Choisissez parmi des couvercles en li\u00e8ge, en bambou ou en m\u00e9tal color\u00e9 pour les assortir \u00e0 diff\u00e9rents th\u00e8mes ou styles de marque.<\/li>\n<\/ol>\n<\/div>\n<\/div>\n<\/div>\n<\/div>\n<\/div>\n<\/div>","protected":false},"excerpt":{"rendered":"<p>Charmants pots \u00e0 yaourt en verre \u00e0 double c\u0153ur, parfaits pour les desserts, les confitures ou les bougies. Des bocaux en verre romantiques, id\u00e9aux pour offrir ou pour les occasions sp\u00e9ciales.<\/p>","protected":false},"featured_media":22536,"template":"","meta":[],"product_brand":[],"product_cat":[124,122,130],"product_tag":[],"class_list":{"0":"post-22531","1":"product","2":"type-product","3":"status-publish","4":"has-post-thumbnail","6":"product_cat-custom-glass-jars","7":"product_cat-custom-glass-packaging","8":"product_cat-glass-yogurt-jars","10":"first","11":"instock","12":"shipping-taxable","13":"product-type-simple"},"jetpack_sharing_enabled":true,"_links":{"self":[{"href":"https:\/\/yebodaglass.com\/fr\/wp-json\/wp\/v2\/product\/22531","targetHints":{"allow":["GET"]}}],"collection":[{"href":"https:\/\/yebodaglass.com\/fr\/wp-json\/wp\/v2\/product"}],"about":[{"href":"https:\/\/yebodaglass.com\/fr\/wp-json\/wp\/v2\/types\/product"}],"version-history":[{"count":6,"href":"https:\/\/yebodaglass.com\/fr\/wp-json\/wp\/v2\/product\/22531\/revisions"}],"predecessor-version":[{"id":22563,"href":"https:\/\/yebodaglass.com\/fr\/wp-json\/wp\/v2\/product\/22531\/revisions\/22563"}],"wp:featuredmedia":[{"embeddable":true,"href":"https:\/\/yebodaglass.com\/fr\/wp-json\/wp\/v2\/media\/22536"}],"wp:attachment":[{"href":"https:\/\/yebodaglass.com\/fr\/wp-json\/wp\/v2\/media?parent=22531"}],"wp:term":[{"taxonomy":"product_brand","embeddable":true,"href":"https:\/\/yebodaglass.com\/fr\/wp-json\/wp\/v2\/product_brand?post=22531"},{"taxonomy":"product_cat","embeddable":true,"href":"https:\/\/yebodaglass.com\/fr\/wp-json\/wp\/v2\/product_cat?post=22531"},{"taxonomy":"product_tag","embeddable":true,"href":"https:\/\/yebodaglass.com\/fr\/wp-json\/wp\/v2\/product_tag?post=22531"}],"curies":[{"name":"wp","href":"https:\/\/api.w.org\/{rel}","templated":true}]}}