{"id":22511,"date":"2025-10-21T10:29:18","date_gmt":"2025-10-21T02:29:18","guid":{"rendered":"https:\/\/yebodaglass.com\/?post_type=product&#038;p=22511"},"modified":"2025-11-28T15:58:15","modified_gmt":"2025-11-28T07:58:15","slug":"mini-transparent-glass-yogurt-bottles-wholesale-dessert-container","status":"publish","type":"product","link":"https:\/\/yebodaglass.com\/fr\/mini-transparent-glass-yogurt-bottles-wholesale-dessert-container\/","title":{"rendered":"Mini bouteilles de yaourt en verre transparent en gros \u2013 R\u00e9cipients pour desserts 100 \u00e0 200 ml"},"content":{"rendered":"<div class=\"text-base my-auto mx-auto pb-10 [--thread-content-margin:--spacing(4)] thread-sm:[--thread-content-margin:--spacing(6)] thread-lg:[--thread-content-margin:--spacing(16)] px-(--thread-content-margin)\">\n<div class=\"[--thread-content-max-width:40rem] thread-lg:[--thread-content-max-width:48rem] mx-auto max-w-(--thread-content-max-width) flex-1 group\/turn-messages focus-visible:outline-hidden relative flex w-full min-w-0 flex-col agent-turn\" tabindex=\"-1\">\n<div class=\"flex max-w-full flex-col grow\">\n<div class=\"min-h-8 text-message relative flex w-full flex-col items-end gap-2 text-start break-words whitespace-normal [.text-message+&amp;]:mt-1\" dir=\"auto\" data-message-author-role=\"assistant\" data-message-id=\"26beda35-2f10-4dda-a7c4-c139e3bf47ff\" data-message-model-slug=\"gpt-5\">\n<div class=\"flex w-full flex-col gap-1 empty:hidden first:pt-[1px]\">\n<div class=\"markdown prose dark:prose-invert w-full break-words light markdown-new-styling\">\n<p>Vous en avez assez des emballages laitiers qui fuient ou alt\u00e8rent la fra\u00eecheur\u00a0? Nous cr\u00e9ons des bouteilles de lait en verre avec couvercle, id\u00e9ales pour vos desserts\u00a0: fini les cuill\u00e8res qui d\u00e9bordent\u00a0! Ces bouteilles de lait en verre transforment un emballage gourmand en gage de confiance. Pour toute commande en gros, nous proposons des bouteilles en verre personnalis\u00e9es, parfaitement assorties \u00e0 l&#039;image de votre marque.<\/p>\n<h2>Caract\u00e9ristiques du produit<\/h2>\n<p><strong>Design \u00e9l\u00e9gant \u00e0 volants<\/strong><\/p>\n<p>Les nervures verticales conf\u00e8rent \u00e0 la surface une qualit\u00e9 tactile et rendent le verre visuellement plus attrayant.<\/p>\n<p><strong>Composant en verre robuste<\/strong><\/p>\n<p>On utilise un verre d&#039;\u00e9paisseur importante et de haute qualit\u00e9, ce qui conf\u00e8re au produit une grande durabilit\u00e9.<\/p>\n<p><strong>Multifonctionnel<\/strong><\/p>\n<p>Id\u00e9al pour les puddings, les yaourts, les cr\u00e8mes glac\u00e9es, ou m\u00eame pour la fabrication de bougies.<\/p>\n<p><strong>R\u00e9utilisable et \u00e9cologique<\/strong><\/p>\n<p>Ce produit est id\u00e9al pour un mode de vie \u00e9cologique car il est simple \u00e0 entretenir dans des conditions d&#039;hygi\u00e8ne optimales.<\/p>\n<h2>Sp\u00e9cifications cl\u00e9s<\/h2>\n<table style=\"border-collapse: collapse; width: 80%; margin-left: auto; margin-right: auto;\" border=\"0\" width=\"288\" cellspacing=\"0\" cellpadding=\"0\">\n<tbody>\n<tr style=\"height: 13.50pt;\">\n<td style=\"height: 13.5pt; width: 54pt; text-align: center;\" width=\"72\" height=\"18\">Mod\u00e8le<\/td>\n<td style=\"width: 54pt; text-align: center;\" width=\"72\">Capacit\u00e9 (ml)<\/td>\n<td style=\"width: 54pt; text-align: center;\" width=\"72\">Taille (cm)<\/td>\n<td style=\"width: 54pt; text-align: center;\" width=\"72\">Mod\u00e8le<\/td>\n<\/tr>\n<tr style=\"height: 13.50pt;\">\n<td style=\"height: 13.5pt; text-align: center;\" align=\"right\" height=\"18\">64010031<\/td>\n<td style=\"text-align: center;\" align=\"right\">100<\/td>\n<td style=\"text-align: center;\">6.8&#215;6.7<\/td>\n<td class=\"et2\" style=\"text-align: center;\" rowspan=\"4\">Verticale<\/td>\n<\/tr>\n<tr style=\"height: 13.50pt;\">\n<td style=\"height: 13.5pt; text-align: center;\" align=\"right\" height=\"18\">64013032<\/td>\n<td style=\"text-align: center;\" align=\"right\">130<\/td>\n<td style=\"text-align: center;\">6.6&#215;7.4<\/td>\n<\/tr>\n<tr style=\"height: 13.50pt;\">\n<td style=\"height: 13.5pt; text-align: center;\" align=\"right\" height=\"18\">64015033<\/td>\n<td style=\"text-align: center;\" align=\"right\">150<\/td>\n<td style=\"text-align: center;\">6.4&#215;7.7<\/td>\n<\/tr>\n<tr style=\"height: 13.50pt;\">\n<td style=\"height: 13.5pt; text-align: center;\" align=\"right\" height=\"18\">64020034<\/td>\n<td style=\"text-align: center;\" align=\"right\">200<\/td>\n<td style=\"text-align: center;\">7.2&#215;7.5<\/td>\n<\/tr>\n<\/tbody>\n<\/table>\n<h2>Cas de r\u00e9ussite<\/h2>\n<p>Une usine de desserts europ\u00e9enne recherchait un emballage haut de gamme pour sa nouvelle gamme de panna cotta. Elle a opt\u00e9 pour nos bouteilles de yaourt en verre de 130 ml, personnalis\u00e9es et munies de bouchons en aluminium herm\u00e9tiques. Ce design met en valeur la texture onctueuse du dessert tout en garantissant sa fra\u00eecheur pendant le transport. Des nervures verticales en verre conf\u00e8rent \u00e0 la bouteille une allure raffin\u00e9e et artisanale, tandis qu&#039;un gaufrage personnalis\u00e9 sur l&#039;\u00e9paule met \u00e9l\u00e9gamment en valeur le logo de la marque.<\/p>\n<p>R\u00e9sultat\u00a0? Les commandes en gros ont augment\u00e9 de 50\u00a0% et la gamme de panna cotta est rapidement devenue un best-seller d\u00e8s le premier mois de son lancement.<\/p>\n<h2>Votre guide de personnalisation<\/h2>\n<ol>\n<li><strong>Groupes \u00ab Palette Dessert \u00bb : <\/strong>Ajoutez des bandes pastel sur le flacon de pudding (par exemple, \u00ab Vert menthe \u00bb). Dites aux clients : \u00ab Un dessert frais, un plaisir frais. \u00bb<\/li>\n<li><strong>Options de couvercle et d&#039;emballage\u00a0: <\/strong>Personnalisez vos emballages avec des couvercles en m\u00e9tal, en bambou ou en li\u00e8ge et des emballages cadeaux de marque pour les adapter aux diff\u00e9rents styles de march\u00e9.<\/li>\n<\/ol>\n<\/div>\n<\/div>\n<\/div>\n<\/div>\n<\/div>\n<\/div>","protected":false},"excerpt":{"rendered":"<p>Bouteilles de yaourt en verre transparent en gros, id\u00e9ales pour les desserts, les yaourts ou les bougies. Bocaux en verre r\u00e9sistants et r\u00e9utilisables, parfaits pour l&#039;emballage en verre.<\/p>","protected":false},"featured_media":22518,"template":"","meta":[],"product_brand":[],"product_cat":[124,122,130],"product_tag":[],"class_list":{"0":"post-22511","1":"product","2":"type-product","3":"status-publish","4":"has-post-thumbnail","6":"product_cat-custom-glass-jars","7":"product_cat-custom-glass-packaging","8":"product_cat-glass-yogurt-jars","10":"first","11":"instock","12":"shipping-taxable","13":"product-type-simple"},"jetpack_sharing_enabled":true,"_links":{"self":[{"href":"https:\/\/yebodaglass.com\/fr\/wp-json\/wp\/v2\/product\/22511","targetHints":{"allow":["GET"]}}],"collection":[{"href":"https:\/\/yebodaglass.com\/fr\/wp-json\/wp\/v2\/product"}],"about":[{"href":"https:\/\/yebodaglass.com\/fr\/wp-json\/wp\/v2\/types\/product"}],"version-history":[{"count":5,"href":"https:\/\/yebodaglass.com\/fr\/wp-json\/wp\/v2\/product\/22511\/revisions"}],"predecessor-version":[{"id":24186,"href":"https:\/\/yebodaglass.com\/fr\/wp-json\/wp\/v2\/product\/22511\/revisions\/24186"}],"wp:featuredmedia":[{"embeddable":true,"href":"https:\/\/yebodaglass.com\/fr\/wp-json\/wp\/v2\/media\/22518"}],"wp:attachment":[{"href":"https:\/\/yebodaglass.com\/fr\/wp-json\/wp\/v2\/media?parent=22511"}],"wp:term":[{"taxonomy":"product_brand","embeddable":true,"href":"https:\/\/yebodaglass.com\/fr\/wp-json\/wp\/v2\/product_brand?post=22511"},{"taxonomy":"product_cat","embeddable":true,"href":"https:\/\/yebodaglass.com\/fr\/wp-json\/wp\/v2\/product_cat?post=22511"},{"taxonomy":"product_tag","embeddable":true,"href":"https:\/\/yebodaglass.com\/fr\/wp-json\/wp\/v2\/product_tag?post=22511"}],"curies":[{"name":"wp","href":"https:\/\/api.w.org\/{rel}","templated":true}]}}