{"id":22500,"date":"2025-10-20T17:37:27","date_gmt":"2025-10-20T09:37:27","guid":{"rendered":"https:\/\/yebodaglass.com\/?post_type=product&#038;p=22500"},"modified":"2025-11-28T15:58:10","modified_gmt":"2025-11-28T07:58:10","slug":"pudding-glass-bottles-with-plastic-lids-bulk-custom-cute-yogurt-jars","status":"publish","type":"product","link":"https:\/\/yebodaglass.com\/fr\/pudding-glass-bottles-with-plastic-lids-bulk-custom-cute-yogurt-jars\/","title":{"rendered":"Bouteilles rondes en verre pour pudding \u2013 Pots de yaourt de 100 \u00e0 200 ml avec couvercles en plastique"},"content":{"rendered":"<p>Vous en avez assez des emballages laitiers qui fuient ou alt\u00e8rent la fra\u00eecheur\u00a0? Nous cr\u00e9ons des bouteilles en verre avec couvercle pour vos puddings\u00a0: fini les doseuses qui coulent\u00a0! Nos bouteilles en verre transforment vos emballages gourmands en sources de confiance. Commandez en gros et personnalisez vos bouteilles \u00e0 pudding pour qu&#039;elles refl\u00e8tent parfaitement l&#039;image de votre marque.<\/p>\n<h2>Caract\u00e9ristiques du produit<\/h2>\n<p><strong>Merveille \u00e0 grande bouche<\/strong><\/p>\n<p>Servir vos desserts devient un jeu d&#039;enfant gr\u00e2ce \u00e0 votre bouteille en verre \u00e0 pudding.<\/p>\n<p><strong>Clart\u00e9 cristalline<\/strong><\/p>\n<p>Le verre \u00e0 haute transparence r\u00e9v\u00e8le instantan\u00e9ment la couleur et la texture\u00a0: les clients font confiance \u00e0 votre bouteille de lait en verre avec couvercle au premier coup d\u2019\u0153il.<\/p>\n<p><strong>Douce magie personnalis\u00e9e<\/strong><\/p>\n<p>Apposez votre logo sur le flacon en verre \u00e0 pudding avec couvercle.<\/p>\n<h2>Sp\u00e9cifications cl\u00e9s<\/h2>\n<table style=\"border-collapse: collapse; width: 80%; margin-left: auto; margin-right: auto;\" border=\"0\" width=\"360\" cellspacing=\"0\" cellpadding=\"0\">\n<tbody>\n<tr style=\"height: 13.50pt;\">\n<td style=\"height: 13.5pt; width: 54pt; text-align: center;\" width=\"72\" height=\"18\">Mod\u00e8le<\/td>\n<td style=\"width: 54pt; text-align: center;\" width=\"72\">Capacit\u00e9 (ml)<\/td>\n<td style=\"width: 54pt; text-align: center;\" width=\"72\">Taille (cm)<\/td>\n<td style=\"width: 54pt; text-align: center;\" width=\"72\">Type de cou<\/td>\n<td style=\"width: 54pt; text-align: center;\" width=\"72\">Forme<\/td>\n<\/tr>\n<tr style=\"height: 13.50pt;\">\n<td style=\"height: 13.5pt; text-align: center;\" align=\"right\" height=\"18\">64015026<\/td>\n<td style=\"text-align: center;\" align=\"right\">150<\/td>\n<td style=\"text-align: center;\">6.5&#215;7.0<\/td>\n<td class=\"et2\" style=\"text-align: center;\" rowspan=\"2\">Bouche large<\/td>\n<td class=\"et2\" style=\"text-align: center;\" rowspan=\"5\">Rond<\/td>\n<\/tr>\n<tr style=\"height: 13.50pt;\">\n<td style=\"height: 13.5pt; text-align: center;\" align=\"right\" height=\"18\">64020027<\/td>\n<td style=\"text-align: center;\" align=\"right\">200<\/td>\n<td style=\"text-align: center;\">7.1&#215;7.7<\/td>\n<\/tr>\n<tr style=\"height: 13.50pt;\">\n<td style=\"height: 13.5pt; text-align: center;\" align=\"right\" height=\"18\">64010028<\/td>\n<td style=\"text-align: center;\" align=\"right\">100<\/td>\n<td style=\"text-align: center;\">5.5&#215;7.5<\/td>\n<td class=\"et2\" style=\"text-align: center;\" rowspan=\"3\">Col de cygne<\/td>\n<\/tr>\n<tr style=\"height: 13.50pt;\">\n<td style=\"height: 13.5pt; text-align: center;\" align=\"right\" height=\"18\">64015029<\/td>\n<td style=\"text-align: center;\" align=\"right\">150<\/td>\n<td style=\"text-align: center;\">6.5&#215;8.3<\/td>\n<\/tr>\n<tr style=\"height: 13.50pt;\">\n<td style=\"height: 13.5pt; text-align: center;\" align=\"right\" height=\"18\">64020030<\/td>\n<td style=\"text-align: center;\" align=\"right\">200<\/td>\n<td style=\"text-align: center;\">6.8&#215;8.5<\/td>\n<\/tr>\n<\/tbody>\n<\/table>\n<h2>Cas de r\u00e9ussite<\/h2>\n<p>Nous avons \u00e9t\u00e9 contact\u00e9s par une c\u00e9l\u00e8bre boutique sud-cor\u00e9enne de puddings artisanaux pour concevoir un emballage \u00e9l\u00e9gant et fonctionnel en verre. La bouteille de lait en verre sur mesure, d&#039;une contenance de 150 ml, est dot\u00e9e d&#039;une large ouverture et d&#039;un bouchon herm\u00e9tique qui met en valeur la texture onctueuse et d\u00e9licate du pudding. La large ouverture facilite le pr\u00e9l\u00e8vement, tandis que le bouchon \u00e0 vis avec joint en silicone garantit un transport sans fuite. Afin de souligner l&#039;aspect artisanal et fait maison, la marque a \u00e9galement opt\u00e9 pour une \u00e9tiquette simple en papier kraft et un ruban.<\/p>\n<p>Au moment o\u00f9 l&#039;emballage a \u00e9t\u00e9 modifi\u00e9, les plaintes concernant les d\u00e9versements avaient diminu\u00e9 de 80 % et les commandes en gros avaient augment\u00e9 de 50 % en l&#039;espace de quelques semaines.<\/p>\n<h2>Votre guide de personnalisation<\/h2>\n<ol>\n<li><strong>Groupes \u00ab Palette Dessert \u00bb : <\/strong>Ajoutez des bandes pastel sur le flacon de pudding (par exemple, \u00ab Vert menthe \u00bb). Dites aux clients : \u00ab Un dessert frais, un plaisir frais. \u00bb<\/li>\n<li><strong>Coffrets \u00ab Mini Lait \u00bb : <\/strong>Cr\u00e9ez des \u00ab packs pinte et quart \u00bb avec deux bouteilles de 100 ml et une de 200 ml, parfaits pour vos besoins en bouteilles de lait en verre d&#039;une pinte.<\/li>\n<\/ol>","protected":false},"excerpt":{"rendered":"<p>Jolis petits pots ronds en verre avec couvercles en plastique, parfaits pour les desserts, les yaourts et les cr\u00e8mes dessert. R\u00e9sistants, transparents et id\u00e9aux pour l&#039;emballage et la conservation.<\/p>","protected":false},"featured_media":22503,"template":"","meta":[],"product_brand":[],"product_cat":[124,122,130],"product_tag":[],"class_list":{"0":"post-22500","1":"product","2":"type-product","3":"status-publish","4":"has-post-thumbnail","6":"product_cat-custom-glass-jars","7":"product_cat-custom-glass-packaging","8":"product_cat-glass-yogurt-jars","10":"first","11":"instock","12":"shipping-taxable","13":"product-type-simple"},"jetpack_sharing_enabled":true,"_links":{"self":[{"href":"https:\/\/yebodaglass.com\/fr\/wp-json\/wp\/v2\/product\/22500","targetHints":{"allow":["GET"]}}],"collection":[{"href":"https:\/\/yebodaglass.com\/fr\/wp-json\/wp\/v2\/product"}],"about":[{"href":"https:\/\/yebodaglass.com\/fr\/wp-json\/wp\/v2\/types\/product"}],"version-history":[{"count":6,"href":"https:\/\/yebodaglass.com\/fr\/wp-json\/wp\/v2\/product\/22500\/revisions"}],"predecessor-version":[{"id":24185,"href":"https:\/\/yebodaglass.com\/fr\/wp-json\/wp\/v2\/product\/22500\/revisions\/24185"}],"wp:featuredmedia":[{"embeddable":true,"href":"https:\/\/yebodaglass.com\/fr\/wp-json\/wp\/v2\/media\/22503"}],"wp:attachment":[{"href":"https:\/\/yebodaglass.com\/fr\/wp-json\/wp\/v2\/media?parent=22500"}],"wp:term":[{"taxonomy":"product_brand","embeddable":true,"href":"https:\/\/yebodaglass.com\/fr\/wp-json\/wp\/v2\/product_brand?post=22500"},{"taxonomy":"product_cat","embeddable":true,"href":"https:\/\/yebodaglass.com\/fr\/wp-json\/wp\/v2\/product_cat?post=22500"},{"taxonomy":"product_tag","embeddable":true,"href":"https:\/\/yebodaglass.com\/fr\/wp-json\/wp\/v2\/product_tag?post=22500"}],"curies":[{"name":"wp","href":"https:\/\/api.w.org\/{rel}","templated":true}]}}